{"id":3642,"date":"2025-09-04T10:43:39","date_gmt":"2025-09-04T10:43:39","guid":{"rendered":"https:\/\/galaxybicycle.com\/?post_type=product&#038;p=3642"},"modified":"2026-01-09T09:59:27","modified_gmt":"2026-01-09T09:59:27","slug":"pixar-space1","status":"publish","type":"product","link":"https:\/\/galaxybicycle.com\/fr\/product\/pixar-space1\/","title":{"rendered":"Pixar Space1 V\u00e9lo \u00e9lectrique 48V20AH 500W | Long Range Fat Tire E-Bike"},"content":{"rendered":"<p><iframe loading=\"lazy\" title=\"Galaxy Bicycle : vid\u00e9o d&#039;unboxing avec les textes space1\" src=\"https:\/\/www.youtube.com\/embed\/7WPvXyqlPlc\" width=\"1840\" height=\"1035\" frameborder=\"0\" allowfullscreen=\"allowfullscreen\"><span data-mce-type=\"bookmark\" style=\"display: inline-block; width: 0px; overflow: hidden; line-height: 0;\" class=\"mce_SELRES_start\"><\/span><\/iframe><br \/>\n<iframe loading=\"lazy\" title=\"V\u00e9lo Galaxy : Vid\u00e9o de d\u00e9verrouillage de la vitesse avec textes space1\" src=\"https:\/\/www.youtube.com\/embed\/pScJ5QD14Wk\" width=\"1840\" height=\"1035\" frameborder=\"0\" allowfullscreen=\"allowfullscreen\"><\/iframe><\/p>\n<h2>Pixar Space1 v\u00e9lo \u00e9lectrique Aper\u00e7u<\/h2>\n<p>Le <strong>Pixar Space1 V\u00e9lo \u00e9lectrique<\/strong> offre des performances puissantes et un confort tout au long de la journ\u00e9e pour les rues de la ville, les collines escarp\u00e9es et les sentiers hors route. Aliment\u00e9 par un <strong>Batterie lithium-ion 48V 20Ah EVE<\/strong> et un <strong>Moteur moyeu arri\u00e8re CZJB 48V 500W<\/strong>, Il offre une acc\u00e9l\u00e9ration en douceur et une autonomie fiable. Les <strong>26\u2033 \u00d7 4\u2033 Pneus larges Chaoyang<\/strong> jumel\u00e9 \u00e0 un <strong>fourche avant \u00e0 suspension r\u00e9glable<\/strong> assurent la stabilit\u00e9 et l'absorption des chocs sur tous les terrains.<\/p>\n<p>Atteindre des vitesses allant jusqu'\u00e0 <strong>25 km\/h<\/strong> (limite de p\u00e9dalage, r\u00e9glable jusqu'\u00e0 32 km\/h) et d\u00e9placement <strong>60-100 km<\/strong> avec une seule charge. Les <strong>Transmission Shimano \u00e0 7 vitesses<\/strong>, <strong>Assistance au p\u00e9dalage \u00e0 5 niveaux<\/strong>, <strong>\u00c9cran multifonctions LCD<\/strong>et <strong>freins \u00e0 disque m\u00e9caniques avec rotors de 180 mm<\/strong> permettent un contr\u00f4le pr\u00e9cis et un arr\u00eat en toute confiance. Construit sur un <strong>cadre en acier de haute qualit\u00e9<\/strong> avec <strong>IP54<\/strong> r\u00e9sistance \u00e0 l'eau et un <strong>Capacit\u00e9 de charge de 120 kg<\/strong>, Le Space1 est pr\u00eat pour une utilisation quotidienne par tous les temps.<\/p>\n<h3>Pourquoi choisir le Pixar Space1 ?<\/h3>\n<ul>\n<li><strong>Batterie \u00e0 longue port\u00e9e :<\/strong> Jusqu'\u00e0 100 km par charge avec le pack lithium-ion 48V 20Ah EVE amovible (class\u00e9 IP65).<\/li>\n<li><strong>Moteur puissant :<\/strong> Le moteur sans balais CZJB 48V 500W du moyeu arri\u00e8re permet de franchir des pentes de 15\u00b0.<\/li>\n<li><strong>Tout-terrain Confort :<\/strong> Pneus larges 26\u2033 \u00d7 4\u2033 Chaoyang r\u00e9sistants \u00e0 la crevaison et suspension avant r\u00e9glable.<\/li>\n<li><strong>Engrenages polyvalents :<\/strong> Shimano 7 vitesses avec 5 niveaux de PAS et acc\u00e9l\u00e9rateur rotatif.<\/li>\n<li><strong>S\u00fbr et visible :<\/strong> Freins \u00e0 disque m\u00e9caniques avec coupure de courant, phares et feux arri\u00e8re \u00e0 LED int\u00e9gr\u00e9s, sonnette.<\/li>\n<li><strong>Construction robuste :<\/strong> Cadre en acier de haute qualit\u00e9, charge maximale de 120 kg, poids net de 31,7 kg.<\/li>\n<li><strong>Caract\u00e9ristiques intelligentes :<\/strong> \u00c9cran LCD avec port de charge Type-C, mode d'assistance \u00e0 la marche (6 km\/h), roue avant et tige de selle \u00e0 fixation rapide.<\/li>\n<\/ul>\n<h3>Sp\u00e9cifications<\/h3>\n<table>\n<tbody>\n<tr>\n<td colspan=\"3\">Pixar Space1 Electric Bike - Param\u00e8tres du produit (March\u00e9 europ\u00e9en)<\/td>\n<\/tr>\n<tr>\n<td>\/<\/td>\n<td>Param\u00e8tres<\/td>\n<td>Valeur<\/td>\n<\/tr>\n<tr>\n<td rowspan=\"14\">Sp\u00e9cifications g\u00e9n\u00e9rales<\/td>\n<td>Gamme<\/td>\n<td>60-100 km<\/td>\n<\/tr>\n<tr>\n<td>Vitesse maximale<\/td>\n<td>25 km\/h (limite p\u00e9dale, r\u00e9glable jusqu'\u00e0 32 km\/h)<\/td>\n<\/tr>\n<tr>\n<td>Dimensions<\/td>\n<td>205 \u00d7 72 \u00d7 115 cm (L \u00d7 L \u00d7 H)<\/td>\n<\/tr>\n<tr>\n<td>Capacit\u00e9 de charge maximale<\/td>\n<td>120 kg<\/td>\n<\/tr>\n<tr>\n<td>Poids net<\/td>\n<td>31,7 kg<\/td>\n<\/tr>\n<tr>\n<td>Poids brut<\/td>\n<td>41,3 kg<\/td>\n<\/tr>\n<tr>\n<td>Dimensions de l'emballage<\/td>\n<td>165 \u00d7 28 \u00d7 84 cm<\/td>\n<\/tr>\n<tr>\n<td>Qt\u00e9 par conteneur 1\u00d740HQ<\/td>\n<td>150 pi\u00e8ces<\/td>\n<\/tr>\n<tr>\n<td>Hauteur recommand\u00e9e pour le cavalier<\/td>\n<td>155-190 cm<\/td>\n<\/tr>\n<tr>\n<td>Options de couleurs<\/td>\n<td>Noir et gris<\/td>\n<\/tr>\n<tr>\n<td>Pliable<\/td>\n<td>Non<\/td>\n<\/tr>\n<tr>\n<td>Indice IP<\/td>\n<td>IP54<\/td>\n<\/tr>\n<tr>\n<td>Temp\u00e9rature de fonctionnement<\/td>\n<td>De -10\u00b0C \u00e0 +45\u00b0C<\/td>\n<\/tr>\n<tr>\n<td>Cat\u00e9gorie de v\u00e9lo<\/td>\n<td>Fat Tire Mountain\/All-Terrain<\/td>\n<\/tr>\n<tr>\n<td rowspan=\"7\">Syst\u00e8me de batterie<\/td>\n<td>Capacit\u00e9 et type de batterie<\/td>\n<td>48V 20Ah Lithium-ion (cellules EVE)<\/td>\n<\/tr>\n<tr>\n<td>Poids de la batterie<\/td>\n<td>3 kg<\/td>\n<\/tr>\n<tr>\n<td>Batterie amovible<\/td>\n<td>Oui<\/td>\n<\/tr>\n<tr>\n<td>Batterie Indice de protection IP<\/td>\n<td>IP65<\/td>\n<\/tr>\n<tr>\n<td>Certification des batteries<\/td>\n<td>Conforme \u00e0 la norme EN 62133<\/td>\n<\/tr>\n<tr>\n<td>Temps de charge<\/td>\n<td>6.8 h<\/td>\n<\/tr>\n<tr>\n<td>Chargeur<\/td>\n<td>Chargeur intelligent 54,6V 3A<\/td>\n<\/tr>\n<tr>\n<td rowspan=\"4\">Moteur et syst\u00e8me d'entra\u00eenement<\/td>\n<td>Type de moteur<\/td>\n<td>Moteur sans balai \u00e0 moyeu arri\u00e8re<\/td>\n<\/tr>\n<tr>\n<td>Marque du moteur<\/td>\n<td>CZJB<\/td>\n<\/tr>\n<tr>\n<td>Moteur<\/td>\n<td>Moteur \u00e0 moyeu arri\u00e8re \u00e0 grande vitesse 48V 500W<\/td>\n<\/tr>\n<tr>\n<td>Pente maximale de mont\u00e9e<\/td>\n<td>15\u00b0 (environ 27% grade)<\/td>\n<\/tr>\n<tr>\n<td rowspan=\"7\">Syst\u00e8me de contr\u00f4le<\/td>\n<td>Affichage<\/td>\n<td>\u00c9cran multifonctions LCD (mod\u00e8le G518)<\/td>\n<\/tr>\n<tr>\n<td>Niveaux d'assistance<\/td>\n<td>5 niveaux (0-5)<\/td>\n<\/tr>\n<tr>\n<td>Acc\u00e9l\u00e9rateur<\/td>\n<td>Acc\u00e9l\u00e9rateur rotatif (en r\u00e9serve dans une petite bo\u00eete)<\/td>\n<\/tr>\n<tr>\n<td>Capteurs<\/td>\n<td>Capteur de vitesse (12 aimants)<\/td>\n<\/tr>\n<tr>\n<td>Port de charge<\/td>\n<td>Type-C sur l'\u00e9cran<\/td>\n<\/tr>\n<tr>\n<td>Mode d'assistance \u00e0 la marche<\/td>\n<td>6 km\/h (maintenir la touche \u201c-\u201d enfonc\u00e9e)<\/td>\n<\/tr>\n<tr>\n<td>R\u00e9tro-\u00e9clairage<\/td>\n<td>Oui<\/td>\n<\/tr>\n<tr>\n<td rowspan=\"4\">Cadre et fourche<\/td>\n<td>Mat\u00e9riau du cadre<\/td>\n<td>Alliage d'aluminium<\/td>\n<\/tr>\n<tr>\n<td>Type de cadre<\/td>\n<td>Cadre Sport High-step<\/td>\n<\/tr>\n<tr>\n<td>Suspension avant<\/td>\n<td>Amortisseur r\u00e9glable<\/td>\n<\/tr>\n<tr>\n<td>Fourche avant<\/td>\n<td>Avec fourche suspendue<\/td>\n<\/tr>\n<tr>\n<td rowspan=\"6\">Transmission<\/td>\n<td>Cha\u00eene<\/td>\n<td>1\/2\u2033 \u00d7 3\/32\u2033 \u00d7 118L<\/td>\n<\/tr>\n<tr>\n<td>P\u00e9dalier<\/td>\n<td>52T \u00d7 170L, alliage<\/td>\n<\/tr>\n<tr>\n<td>Roue libre<\/td>\n<td>7 vitesses, 14-28T (filetage)<\/td>\n<\/tr>\n<tr>\n<td>D\u00e9railleur arri\u00e8re<\/td>\n<td>Shimano 7 vitesses (compatible avec 14-28T)<\/td>\n<\/tr>\n<tr>\n<td>D\u00e9railleur avant<\/td>\n<td>Aucun (plateau simple)<\/td>\n<\/tr>\n<tr>\n<td>Shifter (changement de vitesse)<\/td>\n<td>Shimano 7 vitesses<\/td>\n<\/tr>\n<tr>\n<td rowspan=\"5\">Roues et pneus<\/td>\n<td>Taille de la roue<\/td>\n<td>26\u2033 \u00d7 4\u2033<\/td>\n<\/tr>\n<tr>\n<td>Les rayons<\/td>\n<td>12G \u00d7 256 mm, conforme \u00e0 la norme EN 15194<\/td>\n<\/tr>\n<tr>\n<td>Marque du pneu<\/td>\n<td>Chaoyang<\/td>\n<\/tr>\n<tr>\n<td>Protection contre la perforation<\/td>\n<td>R\u00e9sistant \u00e0 la perforation<\/td>\n<\/tr>\n<tr>\n<td>Tube int\u00e9rieur<\/td>\n<td>26\u2033 \u00d7 4.0\u2033, valve A\/V 35 mm<\/td>\n<\/tr>\n<tr>\n<td rowspan=\"4\">Syst\u00e8me de freinage<\/td>\n<td>Type de frein<\/td>\n<td>Freins \u00e0 disque m\u00e9caniques (avant et arri\u00e8re)<\/td>\n<\/tr>\n<tr>\n<td>Freins<\/td>\n<td>Freins \u00e0 coupure de courant<\/td>\n<\/tr>\n<tr>\n<td>Rotors de frein<\/td>\n<td>180 mm (avant et arri\u00e8re)<\/td>\n<\/tr>\n<tr>\n<td>Leviers de frein<\/td>\n<td>Enti\u00e8rement en aluminium, profil bas avec coupe-moteur<\/td>\n<\/tr>\n<tr>\n<td rowspan=\"7\">Cockpit et composants<\/td>\n<td>Guidon<\/td>\n<td>Barre \u00e9l\u00e9vatrice en alliage d'aluminium, largeur 665 mm, pince 31,8 mm<\/td>\n<\/tr>\n<tr>\n<td>Tige<\/td>\n<td>Tige en aluminium<\/td>\n<\/tr>\n<tr>\n<td>Selle<\/td>\n<td>Selle confort (note : les sp\u00e9cifications indiquent des p\u00e9dales ; on suppose que la selle est pr\u00e9sente)<\/td>\n<\/tr>\n<tr>\n<td>Hauteur de la selle<\/td>\n<td>900-1000 mm<\/td>\n<\/tr>\n<tr>\n<td>Tige de selle<\/td>\n<td>Alliage d'aluminium de 30,4 mm, angle r\u00e9glable<\/td>\n<\/tr>\n<tr>\n<td>Lib\u00e9ration rapide<\/td>\n<td>Oui (roue avant et tige de selle)<\/td>\n<\/tr>\n<tr>\n<td>P\u00e9dales<\/td>\n<td>P\u00e9dales en alliage d'aluminium avec r\u00e9flecteurs<\/td>\n<\/tr>\n<tr>\n<td rowspan=\"3\">Eclairage et s\u00e9curit\u00e9<\/td>\n<td>Phare<\/td>\n<td>LED int\u00e9gr\u00e9e avec d\u00e9connexion \u00e9tanche<\/td>\n<\/tr>\n<tr>\n<td>Feu arri\u00e8re<\/td>\n<td>LED int\u00e9gr\u00e9e avec d\u00e9connexion \u00e9tanche<\/td>\n<\/tr>\n<tr>\n<td>Cloche\/Corne<\/td>\n<td>Cloche seulement<\/td>\n<\/tr>\n<tr>\n<td rowspan=\"5\">\u00c9quipement suppl\u00e9mentaire<\/td>\n<td>B\u00e9quille<\/td>\n<td>B\u00e9quille robuste en aluminium<\/td>\n<\/tr>\n<tr>\n<td>Garde-boue et garde-fous<\/td>\n<td>Non<\/td>\n<\/tr>\n<tr>\n<td>Porte-bagages arri\u00e8re<\/td>\n<td>Aucun<\/td>\n<\/tr>\n<tr>\n<td>Rayon avant<\/td>\n<td>Aucun<\/td>\n<\/tr>\n<tr>\n<td>Bo\u00eete \u00e0 outils incluse<\/td>\n<td>Oui (3\u00d7 cl\u00e9, 1\u00d7 tournevis, 5\u00d7 cl\u00e9 hexagonale)<\/td>\n<\/tr>\n<tr>\n<td rowspan=\"2\">Certification et conformit\u00e9<\/td>\n<td>Certifi\u00e9 EN 15194<\/td>\n<td>Oui<\/td>\n<\/tr>\n<tr>\n<td>Certification<\/td>\n<td>CE, EN 15194, UL2271<\/td>\n<\/tr>\n<tr>\n<td rowspan=\"3\">Garantie et assistance<\/td>\n<td>P\u00e9riode de garantie globale<\/td>\n<td>1 an limit\u00e9<\/td>\n<\/tr>\n<tr>\n<td>Garantie de la batterie<\/td>\n<td>1 an \u00e0 compter de l'achat<\/td>\n<\/tr>\n<tr>\n<td>Garantie du cadre<\/td>\n<td>2 ans<\/td>\n<\/tr>\n<tr>\n<td rowspan=\"2\">Assemblage et livraison<\/td>\n<td>Assemblage n\u00e9cessaire<\/td>\n<td>90% pr\u00e9-assembl\u00e9 (roue avant, p\u00e9dales, guidon)<\/td>\n<\/tr>\n<tr>\n<td>Instructions de montage<\/td>\n<td>Manuel multilingue inclus<\/td>\n<\/tr>\n<\/tbody>\n<\/table>\n<p><img loading=\"lazy\" decoding=\"async\" class=\"alignnone size-full wp-image-3669\" style=\"font-size: 16px;\" src=\"https:\/\/galaxybicycle.com\/wp-content\/uploads\/2025\/09\/Space-1_01-1.jpg\" alt=\"\" width=\"1823\" height=\"2560\" title=\"\" srcset=\"https:\/\/galaxybicycle.com\/wp-content\/uploads\/2025\/09\/Space-1_01-1.jpg 1823w, https:\/\/galaxybicycle.com\/wp-content\/uploads\/2025\/09\/Space-1_01-1-214x300.jpg 214w, https:\/\/galaxybicycle.com\/wp-content\/uploads\/2025\/09\/Space-1_01-1-729x1024.jpg 729w, https:\/\/galaxybicycle.com\/wp-content\/uploads\/2025\/09\/Space-1_01-1-768x1078.jpg 768w, https:\/\/galaxybicycle.com\/wp-content\/uploads\/2025\/09\/Space-1_01-1-1094x1536.jpg 1094w, https:\/\/galaxybicycle.com\/wp-content\/uploads\/2025\/09\/Space-1_01-1-1458x2048.jpg 1458w, https:\/\/galaxybicycle.com\/wp-content\/uploads\/2025\/09\/Space-1_01-1-9x12.jpg 9w, https:\/\/galaxybicycle.com\/wp-content\/uploads\/2025\/09\/Space-1_01-1-1000x1404.jpg 1000w\" sizes=\"auto, (max-width: 1823px) 100vw, 1823px\" \/> <img loading=\"lazy\" decoding=\"async\" class=\"alignnone size-full wp-image-3670\" style=\"font-size: 16px;\" src=\"https:\/\/galaxybicycle.com\/wp-content\/uploads\/2025\/09\/Space-1_02.jpg\" alt=\"\" width=\"1537\" height=\"2560\" title=\"\" srcset=\"https:\/\/galaxybicycle.com\/wp-content\/uploads\/2025\/09\/Space-1_02.jpg 1537w, https:\/\/galaxybicycle.com\/wp-content\/uploads\/2025\/09\/Space-1_02-180x300.jpg 180w, https:\/\/galaxybicycle.com\/wp-content\/uploads\/2025\/09\/Space-1_02-615x1024.jpg 615w, https:\/\/galaxybicycle.com\/wp-content\/uploads\/2025\/09\/Space-1_02-768x1279.jpg 768w, https:\/\/galaxybicycle.com\/wp-content\/uploads\/2025\/09\/Space-1_02-922x1536.jpg 922w, https:\/\/galaxybicycle.com\/wp-content\/uploads\/2025\/09\/Space-1_02-1230x2048.jpg 1230w, https:\/\/galaxybicycle.com\/wp-content\/uploads\/2025\/09\/Space-1_02-7x12.jpg 7w, https:\/\/galaxybicycle.com\/wp-content\/uploads\/2025\/09\/Space-1_02-1000x1666.jpg 1000w\" sizes=\"auto, (max-width: 1537px) 100vw, 1537px\" \/> <img loading=\"lazy\" decoding=\"async\" class=\"alignnone size-full wp-image-3671\" style=\"font-size: 16px;\" src=\"https:\/\/galaxybicycle.com\/wp-content\/uploads\/2025\/09\/Space-1_03.jpg\" alt=\"\" width=\"2560\" height=\"2485\" title=\"\" srcset=\"https:\/\/galaxybicycle.com\/wp-content\/uploads\/2025\/09\/Space-1_03.jpg 2560w, https:\/\/galaxybicycle.com\/wp-content\/uploads\/2025\/09\/Space-1_03-300x291.jpg 300w, https:\/\/galaxybicycle.com\/wp-content\/uploads\/2025\/09\/Space-1_03-1024x994.jpg 1024w, https:\/\/galaxybicycle.com\/wp-content\/uploads\/2025\/09\/Space-1_03-768x746.jpg 768w, https:\/\/galaxybicycle.com\/wp-content\/uploads\/2025\/09\/Space-1_03-1536x1491.jpg 1536w, https:\/\/galaxybicycle.com\/wp-content\/uploads\/2025\/09\/Space-1_03-2048x1988.jpg 2048w, https:\/\/galaxybicycle.com\/wp-content\/uploads\/2025\/09\/Space-1_03-12x12.jpg 12w, https:\/\/galaxybicycle.com\/wp-content\/uploads\/2025\/09\/Space-1_03-1000x971.jpg 1000w\" sizes=\"auto, (max-width: 2560px) 100vw, 2560px\" \/> <img loading=\"lazy\" decoding=\"async\" class=\"alignnone size-full wp-image-3672\" style=\"font-size: 16px;\" src=\"https:\/\/galaxybicycle.com\/wp-content\/uploads\/2025\/09\/Space-1_04.jpg\" alt=\"\" width=\"2560\" height=\"1886\" title=\"\" srcset=\"https:\/\/galaxybicycle.com\/wp-content\/uploads\/2025\/09\/Space-1_04.jpg 2560w, https:\/\/galaxybicycle.com\/wp-content\/uploads\/2025\/09\/Space-1_04-300x221.jpg 300w, https:\/\/galaxybicycle.com\/wp-content\/uploads\/2025\/09\/Space-1_04-1024x754.jpg 1024w, https:\/\/galaxybicycle.com\/wp-content\/uploads\/2025\/09\/Space-1_04-768x566.jpg 768w, https:\/\/galaxybicycle.com\/wp-content\/uploads\/2025\/09\/Space-1_04-1536x1132.jpg 1536w, https:\/\/galaxybicycle.com\/wp-content\/uploads\/2025\/09\/Space-1_04-2048x1509.jpg 2048w, https:\/\/galaxybicycle.com\/wp-content\/uploads\/2025\/09\/Space-1_04-16x12.jpg 16w, https:\/\/galaxybicycle.com\/wp-content\/uploads\/2025\/09\/Space-1_04-1000x737.jpg 1000w\" sizes=\"auto, (max-width: 2560px) 100vw, 2560px\" \/> <img loading=\"lazy\" decoding=\"async\" class=\"alignnone size-full wp-image-3673\" style=\"font-size: 16px;\" src=\"https:\/\/galaxybicycle.com\/wp-content\/uploads\/2025\/09\/Space-1_05.jpg\" alt=\"\" width=\"2471\" height=\"2560\" title=\"\" srcset=\"https:\/\/galaxybicycle.com\/wp-content\/uploads\/2025\/09\/Space-1_05.jpg 2471w, https:\/\/galaxybicycle.com\/wp-content\/uploads\/2025\/09\/Space-1_05-290x300.jpg 290w, https:\/\/galaxybicycle.com\/wp-content\/uploads\/2025\/09\/Space-1_05-988x1024.jpg 988w, https:\/\/galaxybicycle.com\/wp-content\/uploads\/2025\/09\/Space-1_05-768x796.jpg 768w, https:\/\/galaxybicycle.com\/wp-content\/uploads\/2025\/09\/Space-1_05-1483x1536.jpg 1483w, https:\/\/galaxybicycle.com\/wp-content\/uploads\/2025\/09\/Space-1_05-1977x2048.jpg 1977w, https:\/\/galaxybicycle.com\/wp-content\/uploads\/2025\/09\/Space-1_05-12x12.jpg 12w, https:\/\/galaxybicycle.com\/wp-content\/uploads\/2025\/09\/Space-1_05-1000x1036.jpg 1000w\" sizes=\"auto, (max-width: 2471px) 100vw, 2471px\" \/> <img loading=\"lazy\" decoding=\"async\" class=\"alignnone size-full wp-image-3674\" style=\"font-size: 16px;\" src=\"https:\/\/galaxybicycle.com\/wp-content\/uploads\/2025\/09\/Space-1_06.jpg\" alt=\"\" width=\"1461\" height=\"2560\" title=\"\" srcset=\"https:\/\/galaxybicycle.com\/wp-content\/uploads\/2025\/09\/Space-1_06.jpg 1461w, https:\/\/galaxybicycle.com\/wp-content\/uploads\/2025\/09\/Space-1_06-171x300.jpg 171w, https:\/\/galaxybicycle.com\/wp-content\/uploads\/2025\/09\/Space-1_06-584x1024.jpg 584w, https:\/\/galaxybicycle.com\/wp-content\/uploads\/2025\/09\/Space-1_06-768x1346.jpg 768w, https:\/\/galaxybicycle.com\/wp-content\/uploads\/2025\/09\/Space-1_06-877x1536.jpg 877w, https:\/\/galaxybicycle.com\/wp-content\/uploads\/2025\/09\/Space-1_06-1169x2048.jpg 1169w, https:\/\/galaxybicycle.com\/wp-content\/uploads\/2025\/09\/Space-1_06-7x12.jpg 7w, https:\/\/galaxybicycle.com\/wp-content\/uploads\/2025\/09\/Space-1_06-1000x1752.jpg 1000w\" sizes=\"auto, (max-width: 1461px) 100vw, 1461px\" \/> <img loading=\"lazy\" decoding=\"async\" class=\"alignnone size-full wp-image-3675\" style=\"font-size: 16px;\" src=\"https:\/\/galaxybicycle.com\/wp-content\/uploads\/2025\/09\/Space-1_07.jpg\" alt=\"\" width=\"2543\" height=\"2560\" title=\"\" srcset=\"https:\/\/galaxybicycle.com\/wp-content\/uploads\/2025\/09\/Space-1_07.jpg 2543w, https:\/\/galaxybicycle.com\/wp-content\/uploads\/2025\/09\/Space-1_07-298x300.jpg 298w, https:\/\/galaxybicycle.com\/wp-content\/uploads\/2025\/09\/Space-1_07-1017x1024.jpg 1017w, https:\/\/galaxybicycle.com\/wp-content\/uploads\/2025\/09\/Space-1_07-150x150.jpg 150w, https:\/\/galaxybicycle.com\/wp-content\/uploads\/2025\/09\/Space-1_07-768x773.jpg 768w, https:\/\/galaxybicycle.com\/wp-content\/uploads\/2025\/09\/Space-1_07-1526x1536.jpg 1526w, https:\/\/galaxybicycle.com\/wp-content\/uploads\/2025\/09\/Space-1_07-2034x2048.jpg 2034w, https:\/\/galaxybicycle.com\/wp-content\/uploads\/2025\/09\/Space-1_07-12x12.jpg 12w, https:\/\/galaxybicycle.com\/wp-content\/uploads\/2025\/09\/Space-1_07-1000x1007.jpg 1000w, https:\/\/galaxybicycle.com\/wp-content\/uploads\/2025\/09\/Space-1_07-100x100.jpg 100w\" sizes=\"auto, (max-width: 2543px) 100vw, 2543px\" \/> <img loading=\"lazy\" decoding=\"async\" class=\"alignnone size-full wp-image-3676\" style=\"font-size: 16px;\" src=\"https:\/\/galaxybicycle.com\/wp-content\/uploads\/2025\/09\/Space-1_08.jpg\" alt=\"\" width=\"2560\" height=\"1728\" title=\"\" srcset=\"https:\/\/galaxybicycle.com\/wp-content\/uploads\/2025\/09\/Space-1_08.jpg 2560w, https:\/\/galaxybicycle.com\/wp-content\/uploads\/2025\/09\/Space-1_08-300x203.jpg 300w, https:\/\/galaxybicycle.com\/wp-content\/uploads\/2025\/09\/Space-1_08-1024x691.jpg 1024w, https:\/\/galaxybicycle.com\/wp-content\/uploads\/2025\/09\/Space-1_08-768x518.jpg 768w, https:\/\/galaxybicycle.com\/wp-content\/uploads\/2025\/09\/Space-1_08-1536x1037.jpg 1536w, https:\/\/galaxybicycle.com\/wp-content\/uploads\/2025\/09\/Space-1_08-2048x1382.jpg 2048w, https:\/\/galaxybicycle.com\/wp-content\/uploads\/2025\/09\/Space-1_08-18x12.jpg 18w, https:\/\/galaxybicycle.com\/wp-content\/uploads\/2025\/09\/Space-1_08-1000x675.jpg 1000w\" sizes=\"auto, (max-width: 2560px) 100vw, 2560px\" \/><\/p>","protected":false},"excerpt":{"rendered":"<p>Pixar Space1 est un v\u00e9lo \u00e9lectrique puissant et \u00e9l\u00e9gant con\u00e7u pour l'aventure. Avec une batterie EVE de 48V20AH, un moteur haute vitesse de 500W et de gros pneus 26\u2033x4\u2033, il offre une autonomie de 100KM, une suspension souple et des vitesses Shimano \u00e0 7 rapports - parfait pour les trajets en ville, les sentiers et le plaisir du tout-terrain.<\/p>","protected":false},"featured_media":3647,"comment_status":"open","ping_status":"closed","template":"","meta":[],"product_brand":[36],"product_cat":[41,39],"product_tag":[],"class_list":{"0":"post-3642","1":"product","2":"type-product","3":"status-publish","4":"has-post-thumbnail","6":"product_brand-pixar","7":"product_cat-pixar-electric-bikes","8":"product_cat-uk-warehouse","10":"first","11":"instock","12":"shipping-taxable","13":"purchasable","14":"product-type-simple"},"_links":{"self":[{"href":"https:\/\/galaxybicycle.com\/fr\/wp-json\/wp\/v2\/product\/3642","targetHints":{"allow":["GET"]}}],"collection":[{"href":"https:\/\/galaxybicycle.com\/fr\/wp-json\/wp\/v2\/product"}],"about":[{"href":"https:\/\/galaxybicycle.com\/fr\/wp-json\/wp\/v2\/types\/product"}],"replies":[{"embeddable":true,"href":"https:\/\/galaxybicycle.com\/fr\/wp-json\/wp\/v2\/comments?post=3642"}],"wp:featuredmedia":[{"embeddable":true,"href":"https:\/\/galaxybicycle.com\/fr\/wp-json\/wp\/v2\/media\/3647"}],"wp:attachment":[{"href":"https:\/\/galaxybicycle.com\/fr\/wp-json\/wp\/v2\/media?parent=3642"}],"wp:term":[{"taxonomy":"product_brand","embeddable":true,"href":"https:\/\/galaxybicycle.com\/fr\/wp-json\/wp\/v2\/product_brand?post=3642"},{"taxonomy":"product_cat","embeddable":true,"href":"https:\/\/galaxybicycle.com\/fr\/wp-json\/wp\/v2\/product_cat?post=3642"},{"taxonomy":"product_tag","embeddable":true,"href":"https:\/\/galaxybicycle.com\/fr\/wp-json\/wp\/v2\/product_tag?post=3642"}],"curies":[{"name":"wp","href":"https:\/\/api.w.org\/{rel}","templated":true}]}}