{"id":3222,"date":"2025-09-02T05:48:42","date_gmt":"2025-09-02T05:48:42","guid":{"rendered":"https:\/\/galaxybicycle.com\/?post_type=product&#038;p=3222"},"modified":"2025-09-03T09:20:53","modified_gmt":"2025-09-03T09:20:53","slug":"galayx-c030e-ebike","status":"publish","type":"product","link":"https:\/\/galaxybicycle.com\/fr\/product\/galayx-c030e-ebike\/","title":{"rendered":"Velopro C030E V\u00e9lo \u00e9lectrique 36V 350W City &amp; Commuter E-Bike with Shimano 7-Speed"},"content":{"rendered":"<p><strong>Velopro C030E V\u00e9lo \u00e9lectrique<\/strong> est parfait pour les cyclistes \u00e0 la recherche de confort, de performances et de d\u00e9placements \u00e9cologiques. Qu'il s'agisse de se rendre au travail, de se d\u00e9placer en ville ou d'explorer des itin\u00e9raires pittoresques, ce v\u00e9lo \u00e9lectrique est \u00e9quip\u00e9 pour tout affronter. Son moteur \u00e0 grande vitesse de 36 V offre une acc\u00e9l\u00e9ration en douceur, tandis que la batterie DMEGC de 36 V10,4AH offre une autonomie de 40 \u00e0 50 km en une seule charge.<\/p>\n<p>Avec <strong>Changement de vitesse Shimano \u00e0 7 vitesses<\/strong>, Avec sa suspension avant et ses freins \u00e0 disque m\u00e9caniques, le Velopro C030E assure un contr\u00f4le fiable et une exp\u00e9rience de conduite s\u00fbre. L'\u00e9cran LCD vous informe de la vitesse, du niveau de la batterie et du mode de conduite, tandis que les feux avant et arri\u00e8re int\u00e9gr\u00e9s am\u00e9liorent la visibilit\u00e9 lors des sorties nocturnes. Con\u00e7u avec un cadre solide en alliage d'aluminium 6061, ce v\u00e9lo peut supporter jusqu'\u00e0 150 kg de charge utile, ce qui le rend durable pour une utilisation \u00e0 long terme.<\/p>\n<p>Que vous fassiez des trajets quotidiens ou que vous rouliez pour le plaisir, le Velopro C030E combine les \u00e9l\u00e9ments suivants <em>conception pratique, technologie moderne et confort<\/em>-Le tout dans un ensemble \u00e9l\u00e9gant.<\/p>\n<h3>Pourquoi choisir le Velopro C030E ?<\/h3>\n<ul>\n<li>Transport \u00e9cologique avec jusqu'\u00e0 <strong>Port\u00e9e de 50 km<\/strong> par charge<\/li>\n<li>Puissant <strong>Moteur de 350W<\/strong> pour une conduite souple et r\u00e9guli\u00e8re<\/li>\n<li><strong>Syst\u00e8me de transmission Shimano \u00e0 7 vitesses<\/strong> pour une flexibilit\u00e9 sur diff\u00e9rents terrains<\/li>\n<li>Suspension avant et <strong>freins \u00e0 disque m\u00e9caniques<\/strong> pour la s\u00e9curit\u00e9 et le confort<\/li>\n<li>\u00c9cran LCD avec donn\u00e9es de conduite en temps r\u00e9el<\/li>\n<li>Durable <strong>Cadre en alliage d'aluminium 6061<\/strong> avec une capacit\u00e9 de charge de 150 kg<\/li>\n<li>\u00c9quip\u00e9 de <strong>feux avant et arri\u00e8re, ailes et porte-bagages arri\u00e8re<\/strong><\/li>\n<li>Convient aux cavaliers dont la taille est comprise entre <strong>125-195 cm<\/strong><\/li>\n<\/ul>\n<h3>Sp\u00e9cifications<\/h3>\n<table border=\"1\" cellspacing=\"0\" cellpadding=\"6\">\n<tbody>\n<tr>\n<th>Cat\u00e9gorie<\/th>\n<th>Sp\u00e9cifications<\/th>\n<\/tr>\n<tr>\n<td>Batterie<\/td>\n<td>36V 10.4AH (Cellules DMEGC)<\/td>\n<\/tr>\n<tr>\n<td>Moteur<\/td>\n<td>Moteur haute vitesse 36V 350W<\/td>\n<\/tr>\n<tr>\n<td>Vitesse maximale<\/td>\n<td>25 KM\/H<\/td>\n<\/tr>\n<tr>\n<td>Gamme<\/td>\n<td>40-50 KM<\/td>\n<\/tr>\n<tr>\n<td>PAS<\/td>\n<td>3 modes de conduite<\/td>\n<\/tr>\n<tr>\n<td>Chargeur<\/td>\n<td>42V 2A<\/td>\n<\/tr>\n<tr>\n<td>Temps de charge<\/td>\n<td>5.2 Heures<\/td>\n<\/tr>\n<tr>\n<td>Affichage<\/td>\n<td>\u00c9cran LCD<\/td>\n<\/tr>\n<tr>\n<td>Lumi\u00e8res<\/td>\n<td>Feux avant et arri\u00e8re<\/td>\n<\/tr>\n<tr>\n<td>Cadre<\/td>\n<td>Alliage d'aluminium 6061<\/td>\n<\/tr>\n<tr>\n<td>Taille de la roue<\/td>\n<td>26\u2033 x 1.75\u2033<\/td>\n<\/tr>\n<tr>\n<td>Marque du pneu<\/td>\n<td>CST<\/td>\n<\/tr>\n<tr>\n<td>Poids net\/brut<\/td>\n<td>27 KG \/ 33 KG<\/td>\n<\/tr>\n<tr>\n<td>Capacit\u00e9 de charge utile<\/td>\n<td>150 KG<\/td>\n<\/tr>\n<tr>\n<td>Capacit\u00e9 de mont\u00e9e<\/td>\n<td>15\u00b0<\/td>\n<\/tr>\n<tr>\n<td>Syst\u00e8me d'engrenage<\/td>\n<td>Shimano 7 vitesses (volant 14-28T)<\/td>\n<\/tr>\n<tr>\n<td>Cha\u00eene<\/td>\n<td>1\/2\u2033 x 3\/8\u2033 x 116L<\/td>\n<\/tr>\n<tr>\n<td>P\u00e9dalier<\/td>\n<td>38T x 170L<\/td>\n<\/tr>\n<tr>\n<td>Freins<\/td>\n<td>Freins \u00e0 disques m\u00e9caniques (avant et arri\u00e8re)<\/td>\n<\/tr>\n<tr>\n<td>Fourche avant<\/td>\n<td>Fourche \u00e0 suspension<\/td>\n<\/tr>\n<tr>\n<td>P\u00e9dales<\/td>\n<td>P\u00e9dales en plastique<\/td>\n<\/tr>\n<tr>\n<td>D\u00e9fenses<\/td>\n<td>Avant et arri\u00e8re<\/td>\n<\/tr>\n<tr>\n<td>Cloche\/Corne<\/td>\n<td>Cloche m\u00e9canique<\/td>\n<\/tr>\n<tr>\n<td>Porte-bagages arri\u00e8re<\/td>\n<td>Oui<\/td>\n<\/tr>\n<tr>\n<td>Niveau d'\u00e9tanch\u00e9it\u00e9<\/td>\n<td>IP54<\/td>\n<\/tr>\n<tr>\n<td>Temp\u00e9rature de fonctionnement<\/td>\n<td>-10\u00b0C ~ 45\u00b0C<\/td>\n<\/tr>\n<tr>\n<td>Taille du cavalier<\/td>\n<td>125-195 cm<\/td>\n<\/tr>\n<tr>\n<td>Taille de l'emballage<\/td>\n<td>146 x 21 x 77 cm<\/td>\n<\/tr>\n<tr>\n<td>Capacit\u00e9 du conteneur<\/td>\n<td>240 s\u00e9ries \/ 40\u2019HQ, 96 s\u00e9ries \/ 20\u2019FT<\/td>\n<\/tr>\n<\/tbody>\n<\/table>","protected":false},"excerpt":{"rendered":"<p>Le Velopro C030E est un v\u00e9lo \u00e9lectrique fiable, \u00e9l\u00e9gant et adapt\u00e9 aux d\u00e9butants, con\u00e7u pour les trajets quotidiens en ville et les balades du week-end. Avec son moteur 36V350W, sa batterie DMEGC longue dur\u00e9e 36V10.4AH, son syst\u00e8me de transmission Shimano \u00e0 7 vitesses et son cadre en alliage d'aluminium durable, ce v\u00e9lo \u00e9lectrique est con\u00e7u pour rendre vos trajets plus fluides, plus rapides et plus amusants.<\/p>","protected":false},"featured_media":3223,"comment_status":"open","ping_status":"closed","template":"","meta":[],"product_brand":[],"product_cat":[15],"product_tag":[],"class_list":{"0":"post-3222","1":"product","2":"type-product","3":"status-publish","4":"has-post-thumbnail","6":"product_cat-galaxybicycle","8":"first","9":"instock","10":"shipping-taxable","11":"product-type-simple"},"_links":{"self":[{"href":"https:\/\/galaxybicycle.com\/fr\/wp-json\/wp\/v2\/product\/3222","targetHints":{"allow":["GET"]}}],"collection":[{"href":"https:\/\/galaxybicycle.com\/fr\/wp-json\/wp\/v2\/product"}],"about":[{"href":"https:\/\/galaxybicycle.com\/fr\/wp-json\/wp\/v2\/types\/product"}],"replies":[{"embeddable":true,"href":"https:\/\/galaxybicycle.com\/fr\/wp-json\/wp\/v2\/comments?post=3222"}],"wp:featuredmedia":[{"embeddable":true,"href":"https:\/\/galaxybicycle.com\/fr\/wp-json\/wp\/v2\/media\/3223"}],"wp:attachment":[{"href":"https:\/\/galaxybicycle.com\/fr\/wp-json\/wp\/v2\/media?parent=3222"}],"wp:term":[{"taxonomy":"product_brand","embeddable":true,"href":"https:\/\/galaxybicycle.com\/fr\/wp-json\/wp\/v2\/product_brand?post=3222"},{"taxonomy":"product_cat","embeddable":true,"href":"https:\/\/galaxybicycle.com\/fr\/wp-json\/wp\/v2\/product_cat?post=3222"},{"taxonomy":"product_tag","embeddable":true,"href":"https:\/\/galaxybicycle.com\/fr\/wp-json\/wp\/v2\/product_tag?post=3222"}],"curies":[{"name":"wp","href":"https:\/\/api.w.org\/{rel}","templated":true}]}}