{"id":3214,"date":"2025-09-02T05:35:47","date_gmt":"2025-09-02T05:35:47","guid":{"rendered":"https:\/\/galaxybicycle.com\/?post_type=product&#038;p=3214"},"modified":"2025-11-12T05:08:29","modified_gmt":"2025-11-12T05:08:29","slug":"tr300","status":"publish","type":"product","link":"https:\/\/galaxybicycle.com\/fr\/product\/tr300\/","title":{"rendered":"Velopro TR300 V\u00e9lo \u00e9lectrique pliant 48V 24Ah Dual Battery | 500W Mid-Drive Long Range E-Bike"},"content":{"rendered":"<p>Rencontrez les <strong>Velopro TR300 V\u00e9lo \u00e9lectrique pliant<\/strong>, La nouvelle g\u00e9n\u00e9ration de v\u00e9los \u00e9lectriques est polyvalente et fiable, con\u00e7ue pour les cyclistes qui recherchent \u00e0 la fois la praticit\u00e9 et la performance. Avec ses <strong>deux batteries 48V 24Ah<\/strong> et <strong>Moteur ANANDA 500W mid-drive<\/strong>, Ce v\u00e9lo \u00e9lectrique vous offre une puissance douce et une capacit\u00e9 \u00e0 parcourir de longues distances, atteignant jusqu'\u00e0 <strong>120KM par charge<\/strong>.<\/p>\n<p>Construit avec un <strong>cadre robuste en alliage d'aluminium 6061<\/strong> et <strong>Pneus 20\u2033x3.0\u2033 CST<\/strong>, Avec le TR300, les rues urbaines, les collines et les terrains l\u00e9g\u00e8rement hors route sont faciles \u00e0 g\u00e9rer. Le <strong>Freins \u00e0 disque hydrauliques Zoom<\/strong> et <strong>fourche suspendue<\/strong> assurent un contr\u00f4le et une s\u00e9curit\u00e9 maximums, tandis que les <strong>Syst\u00e8me de transmission Shimano \u00e0 7 vitesses<\/strong> assure une flexibilit\u00e9 pour toutes les randonn\u00e9es.<\/p>\n<p>La commodit\u00e9 est au c\u0153ur du TR300. Ses <strong>conception pliable<\/strong> Il est facile \u00e0 ranger ou \u00e0 transporter, tandis que des caract\u00e9ristiques pratiques telles qu'un <strong>panier arri\u00e8re<\/strong>, <strong>feux avant et arri\u00e8re<\/strong>, <strong>cloche m\u00e9canique<\/strong>et <strong>protection \u00e9tanche IP54<\/strong> Le v\u00e9hicule est id\u00e9al pour les d\u00e9placements quotidiens, le shopping ou les aventures du week-end.<\/p>\n<p>Que vous grimpiez des rues escarp\u00e9es, que vous fassiez des randonn\u00e9es sur de longues distances ou que vous le pliez simplement pour le ranger, le Velopro TR300 s'adapte \u00e0 votre style de vie. Con\u00e7u pour les cyclistes <strong>155-190cm de hauteur<\/strong> et capable de transporter jusqu'\u00e0 <strong>150KG<\/strong>, C'est un v\u00e9ritable m\u00e9lange de puissance, de confort et de commodit\u00e9.<\/p>\n<h3>Sp\u00e9cifications<\/h3>\n<table border=\"1\" cellspacing=\"0\" cellpadding=\"6\">\n<tbody>\n<tr>\n<th>Classification<\/th>\n<th>Sp\u00e9cifications<\/th>\n<th>Param\u00e8tres<\/th>\n<\/tr>\n<tr>\n<td>Batterie<\/td>\n<td>48V 24Ah (Batteries doubles)<\/td>\n<td>Cellules EVE<\/td>\n<\/tr>\n<tr>\n<td>Moteur<\/td>\n<td>Moteur ANANDA Mid-Drive<\/td>\n<td>48V 500W<\/td>\n<\/tr>\n<tr>\n<td>Vitesse maximale<\/td>\n<td>32KM\/H<\/td>\n<td>R\u00e9glable<\/td>\n<\/tr>\n<tr>\n<td>Gamme<\/td>\n<td colspan=\"2\">90-120KM<\/td>\n<\/tr>\n<tr>\n<td>PAS<\/td>\n<td colspan=\"2\">5 modes de conduite<\/td>\n<\/tr>\n<tr>\n<td>Chargeur<\/td>\n<td>54,6V 2A<\/td>\n<td>Temps de charge : 12 heures<\/td>\n<\/tr>\n<tr>\n<td>Acc\u00e9l\u00e9rateur<\/td>\n<td colspan=\"2\">Acc\u00e9l\u00e9rateur rotatif<\/td>\n<\/tr>\n<tr>\n<td>Affichage<\/td>\n<td colspan=\"2\">\u00c9cran LCD<\/td>\n<\/tr>\n<tr>\n<td>Freins<\/td>\n<td colspan=\"2\">ZOOM Frein \u00e0 disque hydraulique<\/td>\n<\/tr>\n<tr>\n<td>Transmission<\/td>\n<td colspan=\"2\">Shimano 7-Speed Shifter<\/td>\n<\/tr>\n<tr>\n<td>Cadre<\/td>\n<td colspan=\"2\">Alliage d'aluminium 6061<\/td>\n<\/tr>\n<tr>\n<td>Roues et pneus<\/td>\n<td colspan=\"2\">20\u2033x3.0\u2033 Pneus CST<\/td>\n<\/tr>\n<tr>\n<td>Suspension<\/td>\n<td colspan=\"2\">Suspension avant Fourche<\/td>\n<\/tr>\n<tr>\n<td>Poids<\/td>\n<td>Net : 47KG<\/td>\n<td>Brut : 55KG<\/td>\n<\/tr>\n<tr>\n<td>Charge utile<\/td>\n<td colspan=\"2\">150KG<\/td>\n<\/tr>\n<tr>\n<td>Capacit\u00e9 de mont\u00e9e<\/td>\n<td colspan=\"2\">15\u00b0<\/td>\n<\/tr>\n<tr>\n<td>Autres caract\u00e9ristiques<\/td>\n<td colspan=\"2\">Pliable, panier arri\u00e8re, cloche, garde-boue avant et arri\u00e8re, p\u00e9dales en aluminium<\/td>\n<\/tr>\n<tr>\n<td>Imperm\u00e9able \u00e0 l'eau<\/td>\n<td colspan=\"2\">IP54<\/td>\n<\/tr>\n<tr>\n<td>Hauteur du cavalier<\/td>\n<td colspan=\"2\">155-190cm<\/td>\n<\/tr>\n<\/tbody>\n<\/table>","protected":false},"excerpt":{"rendered":"<p>Le Velopro TR300 est un puissant v\u00e9lo \u00e9lectrique pliable con\u00e7u pour les citadins et les aventuriers. Dot\u00e9 de deux batteries 48V 24Ah, d'un moteur ANANDA de 500W, de freins \u00e0 disques hydrauliques et d'une autonomie de 120KM, ce v\u00e9lo \u00e9lectrique pliable offre robustesse, style et performances durables.<\/p>","protected":false},"featured_media":4120,"comment_status":"open","ping_status":"closed","template":"","meta":[],"product_brand":[],"product_cat":[38,29],"product_tag":[],"class_list":{"0":"post-3214","1":"product","2":"type-product","3":"status-publish","4":"has-post-thumbnail","6":"product_cat-velopro-electric-bikes","7":"product_cat-electric-tribike","9":"first","10":"instock","11":"shipping-taxable","12":"product-type-simple"},"_links":{"self":[{"href":"https:\/\/galaxybicycle.com\/fr\/wp-json\/wp\/v2\/product\/3214","targetHints":{"allow":["GET"]}}],"collection":[{"href":"https:\/\/galaxybicycle.com\/fr\/wp-json\/wp\/v2\/product"}],"about":[{"href":"https:\/\/galaxybicycle.com\/fr\/wp-json\/wp\/v2\/types\/product"}],"replies":[{"embeddable":true,"href":"https:\/\/galaxybicycle.com\/fr\/wp-json\/wp\/v2\/comments?post=3214"}],"wp:featuredmedia":[{"embeddable":true,"href":"https:\/\/galaxybicycle.com\/fr\/wp-json\/wp\/v2\/media\/4120"}],"wp:attachment":[{"href":"https:\/\/galaxybicycle.com\/fr\/wp-json\/wp\/v2\/media?parent=3214"}],"wp:term":[{"taxonomy":"product_brand","embeddable":true,"href":"https:\/\/galaxybicycle.com\/fr\/wp-json\/wp\/v2\/product_brand?post=3214"},{"taxonomy":"product_cat","embeddable":true,"href":"https:\/\/galaxybicycle.com\/fr\/wp-json\/wp\/v2\/product_cat?post=3214"},{"taxonomy":"product_tag","embeddable":true,"href":"https:\/\/galaxybicycle.com\/fr\/wp-json\/wp\/v2\/product_tag?post=3214"}],"curies":[{"name":"wp","href":"https:\/\/api.w.org\/{rel}","templated":true}]}}