{"id":2708,"date":"2025-08-18T03:52:27","date_gmt":"2025-08-18T03:52:27","guid":{"rendered":"http:\/\/galaxybicycle.com\/?post_type=product&#038;p=2708"},"modified":"2025-09-02T09:49:38","modified_gmt":"2025-09-02T09:49:38","slug":"rl200-2","status":"publish","type":"product","link":"https:\/\/galaxybicycle.com\/fr\/product\/rl200-2\/","title":{"rendered":"Galaxy RL200 Adult Road Bike | 21-Speed Shimano Alloy Frame Bicycle"},"content":{"rendered":"<p><strong>Galaxy RL200 v\u00e9lo de route adulte<\/strong> est un choix polyvalent et adapt\u00e9 aux d\u00e9butants pour les cyclistes qui souhaitent profiter \u00e0 la fois des trajets quotidiens et des aventures cyclistes du week-end. Son cadre en alliage 700C offre une construction l\u00e9g\u00e8re mais durable, tandis que le syst\u00e8me Shimano 21 vitesses assure des changements de vitesse en douceur sur diff\u00e9rents terrains. Que vous rouliez \u00e0 toute allure dans les rues de la ville ou que vous vous attaquiez \u00e0 de l\u00e9g\u00e8res collines, ce v\u00e9lo de route vous permet de rester confiant et \u00e0 l'aise.<\/p>\n<p>\u00c9quip\u00e9 de freins \u00e0 disque m\u00e9caniques, le RL200 offre une puissance de freinage fiable dans toutes les conditions m\u00e9t\u00e9orologiques. Les pneus Kenda K830 700C offrent adh\u00e9rence et stabilit\u00e9, tandis que le p\u00e9dalier en alliage Prowheel am\u00e9liore l'efficacit\u00e9 du p\u00e9dalage. Combinant confort, performance et durabilit\u00e9, le Galaxy RL200 est un v\u00e9lo de route id\u00e9al pour les adultes \u00e0 la recherche d'un bon rapport qualit\u00e9\/prix.<\/p>\n<h3>Caract\u00e9ristiques principales<\/h3>\n<ul>\n<li>Cadre l\u00e9ger en alliage 700C pour la vitesse et la durabilit\u00e9<\/li>\n<li>Syst\u00e8me de transmission Shimano \u00e0 21 vitesses pour une conduite souple et polyvalente<\/li>\n<li>Freins \u00e0 disque m\u00e9caniques fiables pour une grande puissance de freinage<\/li>\n<li>Pneus Kenda 700C x 32C pour la stabilit\u00e9 et le confort sur la route<\/li>\n<li>Fourche et moyeux en acier durable pour des performances durables<\/li>\n<\/ul>\n<h3>Sp\u00e9cifications<\/h3>\n<table border=\"1\" cellspacing=\"0\" cellpadding=\"6\">\n<tbody>\n<tr>\n<th>Sp\u00e9cifications<\/th>\n<th>D\u00e9tails<\/th>\n<\/tr>\n<tr>\n<td>Vitesse<\/td>\n<td>21 vitesses<\/td>\n<\/tr>\n<tr>\n<td>Cadre<\/td>\n<td>700C x 46.5cm Cadre en alliage<\/td>\n<\/tr>\n<tr>\n<td>Fourchette<\/td>\n<td>Fourchette en acier<\/td>\n<\/tr>\n<tr>\n<td>Syst\u00e8me d'engrenage<\/td>\n<td>Shimano STEF500 Shifter \/ FD-TZ510 Front Derailleur \/ RD-TZ500 Rear Derailleur<\/td>\n<\/tr>\n<tr>\n<td>Freins<\/td>\n<td>Frein \u00e0 disque m\u00e9canique<\/td>\n<\/tr>\n<tr>\n<td>Pneus<\/td>\n<td>Kenda K830 700C \u00d7 32C<\/td>\n<\/tr>\n<tr>\n<td>Moyeux<\/td>\n<td>Moyeu \u00e0 disque en acier<\/td>\n<\/tr>\n<tr>\n<td>Manivelle<\/td>\n<td>Manivelle Prowheel Alloy 28\/38\/48T<\/td>\n<\/tr>\n<tr>\n<td>Pignon de p\u00e9dalier<\/td>\n<td>Palier B.B Set<\/td>\n<\/tr>\n<\/tbody>\n<\/table>","protected":false},"excerpt":{"rendered":"<p>Faites l'exp\u00e9rience d'une vitesse fluide et d'une performance fiable avec le v\u00e9lo de route Galaxy RL200 pour adultes. Construit avec un cadre en alliage l\u00e9ger, un syst\u00e8me de transmission Shimano 21 vitesses et des freins \u00e0 disque m\u00e9caniques, ce v\u00e9lo est con\u00e7u pour les cyclistes qui recherchent le confort, le contr\u00f4le et l'efficacit\u00e9 \u00e0 chaque sortie.<\/p>","protected":false},"featured_media":2709,"comment_status":"open","ping_status":"closed","template":"","meta":[],"product_brand":[34],"product_cat":[15],"product_tag":[],"class_list":{"0":"post-2708","1":"product","2":"type-product","3":"status-publish","4":"has-post-thumbnail","6":"product_brand-galaxy","7":"product_cat-galaxybicycle","9":"first","10":"instock","11":"shipping-taxable","12":"product-type-simple"},"_links":{"self":[{"href":"https:\/\/galaxybicycle.com\/fr\/wp-json\/wp\/v2\/product\/2708","targetHints":{"allow":["GET"]}}],"collection":[{"href":"https:\/\/galaxybicycle.com\/fr\/wp-json\/wp\/v2\/product"}],"about":[{"href":"https:\/\/galaxybicycle.com\/fr\/wp-json\/wp\/v2\/types\/product"}],"replies":[{"embeddable":true,"href":"https:\/\/galaxybicycle.com\/fr\/wp-json\/wp\/v2\/comments?post=2708"}],"wp:featuredmedia":[{"embeddable":true,"href":"https:\/\/galaxybicycle.com\/fr\/wp-json\/wp\/v2\/media\/2709"}],"wp:attachment":[{"href":"https:\/\/galaxybicycle.com\/fr\/wp-json\/wp\/v2\/media?parent=2708"}],"wp:term":[{"taxonomy":"product_brand","embeddable":true,"href":"https:\/\/galaxybicycle.com\/fr\/wp-json\/wp\/v2\/product_brand?post=2708"},{"taxonomy":"product_cat","embeddable":true,"href":"https:\/\/galaxybicycle.com\/fr\/wp-json\/wp\/v2\/product_cat?post=2708"},{"taxonomy":"product_tag","embeddable":true,"href":"https:\/\/galaxybicycle.com\/fr\/wp-json\/wp\/v2\/product_tag?post=2708"}],"curies":[{"name":"wp","href":"https:\/\/api.w.org\/{rel}","templated":true}]}}