{"id":2698,"date":"2025-08-18T03:51:01","date_gmt":"2025-08-18T03:51:01","guid":{"rendered":"http:\/\/galaxybicycle.com\/?post_type=product&#038;p=2698"},"modified":"2025-09-02T09:51:49","modified_gmt":"2025-09-02T09:51:49","slug":"mt228","status":"publish","type":"product","link":"https:\/\/galaxybicycle.com\/fr\/product\/mt228\/","title":{"rendered":"Galaxy MT228 VTT Adulte - Cadre acier 21 vitesses - V\u00e9lo d'aventure"},"content":{"rendered":"<p><strong>Galaxy MT228 VTT Adulte<\/strong> est con\u00e7u pour les cyclistes qui recherchent un v\u00e9lo fiable et facile \u00e0 conduire pour les chemins de ville et les sentiers hors route. Son cadre solide en acier Hi-Ten 20\u2033x11\u2033 assure stabilit\u00e9 et durabilit\u00e9, tandis que le syst\u00e8me de vitesses \u00e0 21 rapports vous aide \u00e0 affronter les routes plates, les mont\u00e9es et les descentes avec facilit\u00e9. Que vous alliez \u00e0 l'\u00e9cole, que vous exploriez le quartier ou que vous vous amusiez en plein air le week-end, ce v\u00e9lo de montagne est un compagnon id\u00e9al pour les aventures de tous les jours.<\/p>\n<p>\u00c9quip\u00e9 d'un <strong>fourche suspendue \u00e0 couronne en acier<\/strong>, Le Galaxy MT228 absorbe les chocs et offre une conduite plus souple. Le <strong>freins \u00e0 disque m\u00e9caniques<\/strong> offrent une puissance de freinage fiable dans toutes les conditions m\u00e9t\u00e9orologiques, ce qui vous permet de voyager l'esprit tranquille. Avec de larges <strong>Pneus 20\u2033x2.125\u2033.<\/strong> et de solides moyeux en acier, ce v\u00e9lo offre une excellente adh\u00e9rence et un bon contr\u00f4le sur diff\u00e9rentes surfaces. Facile \u00e0 utiliser, adapt\u00e9 aux d\u00e9butants et construit pour durer, le Galaxy MT228 est un choix judicieux pour les cyclistes qui recherchent la valeur et la performance dans un m\u00eame ensemble.<\/p>\n<h2>Sp\u00e9cifications<\/h2>\n<table border=\"1\" cellspacing=\"0\" cellpadding=\"6\">\n<tbody>\n<tr>\n<th>Fonctionnalit\u00e9<\/th>\n<th>D\u00e9tails<\/th>\n<\/tr>\n<tr>\n<td>Vitesses<\/td>\n<td>21 vitesses<\/td>\n<\/tr>\n<tr>\n<td>Cadre<\/td>\n<td>20\u2033x11\u2033 Cadre en acier Hi-Ten<\/td>\n<\/tr>\n<tr>\n<td>Fourchette<\/td>\n<td>Fourche \u00e0 suspension \u00e0 couronne en acier<\/td>\n<\/tr>\n<tr>\n<td>Syst\u00e8me d'engrenage<\/td>\n<td>Changement de vitesse, d\u00e9railleur avant et arri\u00e8re chinois<\/td>\n<\/tr>\n<tr>\n<td>Syst\u00e8me de freinage<\/td>\n<td>Frein \u00e0 disque m\u00e9canique<\/td>\n<\/tr>\n<tr>\n<td>Pneus<\/td>\n<td>20\u2033x2.125\u2033 Pneus<\/td>\n<\/tr>\n<tr>\n<td>Moyeux<\/td>\n<td>Moyeu \u00e0 disque en acier<\/td>\n<\/tr>\n<tr>\n<td>Roue \u00e0 cha\u00eene<\/td>\n<td>Roue \u00e0 cha\u00eene en acier 24\/34\/42T<\/td>\n<\/tr>\n<tr>\n<td>Ensemble B.B.<\/td>\n<td>Neco Type normal<\/td>\n<\/tr>\n<\/tbody>\n<\/table>","protected":false},"excerpt":{"rendered":"<p>Passez \u00e0 la vitesse sup\u00e9rieure avec le v\u00e9lo de montagne Galaxy MT228 pour adultes. Construit avec un cadre durable en acier Hi-Ten, un syst\u00e8me de vitesses \u00e0 21 rapports et des freins \u00e0 disque fiables, ce v\u00e9lo est parfait pour les d\u00e9butants et les cyclistes de tous les jours qui recherchent le confort, le contr\u00f4le et le plaisir dans chaque aventure.<\/p>","protected":false},"featured_media":2699,"comment_status":"open","ping_status":"closed","template":"","meta":[],"product_brand":[34],"product_cat":[15],"product_tag":[],"class_list":{"0":"post-2698","1":"product","2":"type-product","3":"status-publish","4":"has-post-thumbnail","6":"product_brand-galaxy","7":"product_cat-galaxybicycle","9":"first","10":"instock","11":"shipping-taxable","12":"product-type-simple"},"_links":{"self":[{"href":"https:\/\/galaxybicycle.com\/fr\/wp-json\/wp\/v2\/product\/2698","targetHints":{"allow":["GET"]}}],"collection":[{"href":"https:\/\/galaxybicycle.com\/fr\/wp-json\/wp\/v2\/product"}],"about":[{"href":"https:\/\/galaxybicycle.com\/fr\/wp-json\/wp\/v2\/types\/product"}],"replies":[{"embeddable":true,"href":"https:\/\/galaxybicycle.com\/fr\/wp-json\/wp\/v2\/comments?post=2698"}],"wp:featuredmedia":[{"embeddable":true,"href":"https:\/\/galaxybicycle.com\/fr\/wp-json\/wp\/v2\/media\/2699"}],"wp:attachment":[{"href":"https:\/\/galaxybicycle.com\/fr\/wp-json\/wp\/v2\/media?parent=2698"}],"wp:term":[{"taxonomy":"product_brand","embeddable":true,"href":"https:\/\/galaxybicycle.com\/fr\/wp-json\/wp\/v2\/product_brand?post=2698"},{"taxonomy":"product_cat","embeddable":true,"href":"https:\/\/galaxybicycle.com\/fr\/wp-json\/wp\/v2\/product_cat?post=2698"},{"taxonomy":"product_tag","embeddable":true,"href":"https:\/\/galaxybicycle.com\/fr\/wp-json\/wp\/v2\/product_tag?post=2698"}],"curies":[{"name":"wp","href":"https:\/\/api.w.org\/{rel}","templated":true}]}}