{"id":2696,"date":"2025-08-18T03:50:42","date_gmt":"2025-08-18T03:50:42","guid":{"rendered":"http:\/\/galaxybicycle.com\/?post_type=product&#038;p=2696"},"modified":"2025-09-02T09:52:14","modified_gmt":"2025-09-02T09:52:14","slug":"t5","status":"publish","type":"product","link":"https:\/\/galaxybicycle.com\/fr\/product\/t5\/","title":{"rendered":"Galaxy T5 Adult Bicycle | 21 Speed Mountain Bike with Suspension &amp; Disc Brakes"},"content":{"rendered":"<p><strong>V\u00e9lo Galaxy T5 Adulte<\/strong> est con\u00e7u pour offrir confiance, confort et performance aux cyclistes. Que vous exploriez les sentiers de montagne, que vous vous d\u00e9placiez en ville ou que vous vous promeniez simplement le week-end, ce v\u00e9lo est con\u00e7u pour tout affronter. Avec ses <strong>Syst\u00e8me d'engrenage \u00e0 21 vitesses<\/strong> et la fourche suspendue, vous pouvez facilement changer de terrain et profiter d'une conduite plus souple sur les surfaces irr\u00e9guli\u00e8res.<\/p>\n<p>Le T5 est disponible en <strong>Dimensions des cadres 24\u201d et 26<\/strong>, Il s'adapte donc parfaitement aux diff\u00e9rents types de conducteurs. Ses <strong>syst\u00e8me de freinage m\u00e9canique \u00e0 disque<\/strong> offre une solide puissance de freinage dans toutes les conditions m\u00e9t\u00e9orologiques, tandis que la <strong>Pneus SEYOUN<\/strong> offrent une excellente adh\u00e9rence et une grande durabilit\u00e9. Des promenades d\u00e9contract\u00e9es aux aventures tout-terrain, le Galaxy T5 est votre compagnon de confiance pour tous vos d\u00e9placements.<\/p>\n<h3>Pourquoi choisir le Galaxy T5 ?<\/h3>\n<ul>\n<li><strong>Cadre en acier solide :<\/strong> Construit pour durer et r\u00e9sister \u00e0 une utilisation quotidienne.<\/li>\n<li><strong>Syst\u00e8me d'engrenage \u00e0 21 vitesses :<\/strong> Le changement de vitesse se fait en douceur, que ce soit en mont\u00e9e ou sur le plat.<\/li>\n<li><strong>Suspension Fourche :<\/strong> R\u00e9duit les chocs et am\u00e9liore le confort sur les terrains accident\u00e9s.<\/li>\n<li><strong>Freins \u00e0 disque m\u00e9caniques :<\/strong> Puissance de freinage fiable sur sol sec ou mouill\u00e9.<\/li>\n<li><strong>Pneus durables :<\/strong> Les pneus SEYOUN assurent l'adh\u00e9rence et la stabilit\u00e9 sur les routes et les sentiers.<\/li>\n<\/ul>\n<h3>Sp\u00e9cifications<\/h3>\n<table border=\"1\" cellspacing=\"0\" cellpadding=\"6\">\n<tbody>\n<tr>\n<th>Fonctionnalit\u00e9<\/th>\n<th>D\u00e9tails<\/th>\n<\/tr>\n<tr>\n<td>Vitesse<\/td>\n<td>21 Vitesse<\/td>\n<\/tr>\n<tr>\n<td>Cadre<\/td>\n<td>24\u2033*13\u2033 \/ 26\u2033*17\u2033 Cadre en acier<\/td>\n<\/tr>\n<tr>\n<td>Fourchette<\/td>\n<td>Fourche \u00e0 suspension \u00e0 couronne en acier<\/td>\n<\/tr>\n<tr>\n<td>Syst\u00e8me d'engrenage<\/td>\n<td>D\u00e9railleur chinois \/ Shimano EF41 Shift<\/td>\n<\/tr>\n<tr>\n<td>Syst\u00e8me de freinage<\/td>\n<td>Frein \u00e0 disque m\u00e9canique<\/td>\n<\/tr>\n<tr>\n<td>Pneus<\/td>\n<td>SEYOUN 24\u2033*2.125 \/ 26\u2033*2.125<\/td>\n<\/tr>\n<tr>\n<td>Moyeux<\/td>\n<td>Cassette Disque d'acier Moyeu<\/td>\n<\/tr>\n<tr>\n<td>Roue \u00e0 cha\u00eene<\/td>\n<td>Manivelle chinoise 24\/34\/42T(ED)*170L en acier<\/td>\n<\/tr>\n<tr>\n<td>B.B Set<\/td>\n<td>Palier B.B Set<\/td>\n<\/tr>\n<\/tbody>\n<\/table>","protected":false},"excerpt":{"rendered":"<p>Le v\u00e9lo Galaxy T5 pour adultes est con\u00e7u pour l'aventure et la conduite quotidienne. Dot\u00e9 d'un cadre en acier solide, d'un syst\u00e8me de vitesses \u00e0 21 rapports, de freins \u00e0 disque fiables et de pneus durables, ce v\u00e9lo est parfait pour les sentiers de montagne comme pour les routes de ville.<\/p>","protected":false},"featured_media":2697,"comment_status":"open","ping_status":"closed","template":"","meta":[],"product_brand":[34],"product_cat":[15],"product_tag":[],"class_list":{"0":"post-2696","1":"product","2":"type-product","3":"status-publish","4":"has-post-thumbnail","6":"product_brand-galaxy","7":"product_cat-galaxybicycle","9":"first","10":"instock","11":"shipping-taxable","12":"product-type-simple"},"_links":{"self":[{"href":"https:\/\/galaxybicycle.com\/fr\/wp-json\/wp\/v2\/product\/2696","targetHints":{"allow":["GET"]}}],"collection":[{"href":"https:\/\/galaxybicycle.com\/fr\/wp-json\/wp\/v2\/product"}],"about":[{"href":"https:\/\/galaxybicycle.com\/fr\/wp-json\/wp\/v2\/types\/product"}],"replies":[{"embeddable":true,"href":"https:\/\/galaxybicycle.com\/fr\/wp-json\/wp\/v2\/comments?post=2696"}],"wp:featuredmedia":[{"embeddable":true,"href":"https:\/\/galaxybicycle.com\/fr\/wp-json\/wp\/v2\/media\/2697"}],"wp:attachment":[{"href":"https:\/\/galaxybicycle.com\/fr\/wp-json\/wp\/v2\/media?parent=2696"}],"wp:term":[{"taxonomy":"product_brand","embeddable":true,"href":"https:\/\/galaxybicycle.com\/fr\/wp-json\/wp\/v2\/product_brand?post=2696"},{"taxonomy":"product_cat","embeddable":true,"href":"https:\/\/galaxybicycle.com\/fr\/wp-json\/wp\/v2\/product_cat?post=2696"},{"taxonomy":"product_tag","embeddable":true,"href":"https:\/\/galaxybicycle.com\/fr\/wp-json\/wp\/v2\/product_tag?post=2696"}],"curies":[{"name":"wp","href":"https:\/\/api.w.org\/{rel}","templated":true}]}}