{"id":2694,"date":"2025-08-18T03:50:25","date_gmt":"2025-08-18T03:50:25","guid":{"rendered":"http:\/\/galaxybicycle.com\/?post_type=product&#038;p=2694"},"modified":"2025-09-02T09:52:34","modified_gmt":"2025-09-02T09:52:34","slug":"a5-2","status":"publish","type":"product","link":"https:\/\/galaxybicycle.com\/fr\/product\/a5-2\/","title":{"rendered":"Galaxy A5 Adult Bicycle | 21-Speed Alloy Frame Mountain Bike"},"content":{"rendered":"<p>D\u00e9couvrez les <strong>Galaxy A5 Bicyclette Adulte<\/strong> - un v\u00e9lo polyvalent con\u00e7u pour vous offrir le meilleur de la force, de la vitesse et du style. Avec son cadre en alliage l\u00e9ger, ce v\u00e9lo est facile \u00e0 manier tout en restant suffisamment robuste pour les trajets quotidiens et les aventures en montagne.<\/p>\n<p>Le syst\u00e8me d'engrenage \u00e0 21 vitesses, aliment\u00e9 par une combinaison de <strong>Shimano EF41 shifters<\/strong> et un d\u00e9railleur durable, garantissent des changements de vitesse en douceur et sans effort, que vous montiez une c\u00f4te, rouliez sur des routes plates ou descendiez en toute confiance. Le <strong>freins \u00e0 disque m\u00e9caniques<\/strong> offrent une forte puissance de freinage, vous donnant s\u00e9curit\u00e9 et contr\u00f4le dans toutes les conditions m\u00e9t\u00e9orologiques.<\/p>\n<p>\u00c9quip\u00e9 de <strong>fourches suspendues \u00e0 couronne en acier<\/strong>, Le Galaxy A5 absorbe les chocs et les bosses, ce qui rend votre conduite plus confortable sur les terrains accident\u00e9s. Le Galaxy A5 <strong>Pneus Chaoyang<\/strong> offrent une adh\u00e9rence et une stabilit\u00e9 fiables, ce qui vous permet de rouler en toute s\u00e9r\u00e9nit\u00e9 sur diff\u00e9rentes surfaces.<\/p>\n<p>Que vous soyez un citadin, un explorateur du week-end ou que vous recherchiez un v\u00e9lo fiable pour tous les jours, le Galaxy A5 est con\u00e7u pour r\u00e9pondre \u00e0 vos besoins en termes de durabilit\u00e9, de confort et de performance.<\/p>\n<h2>Sp\u00e9cifications<\/h2>\n<table border=\"1\" cellspacing=\"0\" cellpadding=\"6\">\n<tbody>\n<tr>\n<th>Fonctionnalit\u00e9<\/th>\n<th>D\u00e9tails<\/th>\n<\/tr>\n<tr>\n<td>Cadre<\/td>\n<td>24\u2033\u00d713\u2033 \/ 26\u2033\u00d717\u2033 Cadre en alliage<\/td>\n<\/tr>\n<tr>\n<td>Vitesse<\/td>\n<td>21 vitesses<\/td>\n<\/tr>\n<tr>\n<td>Fourchette<\/td>\n<td>Fourche \u00e0 suspension \u00e0 couronne en acier<\/td>\n<\/tr>\n<tr>\n<td>Syst\u00e8me d'engrenage<\/td>\n<td>D\u00e9railleur chinois \/ Shimano EF41 Shift<\/td>\n<\/tr>\n<tr>\n<td>Syst\u00e8me de freinage<\/td>\n<td>Frein \u00e0 disque m\u00e9canique<\/td>\n<\/tr>\n<tr>\n<td>Pneus<\/td>\n<td>Chaoyang 24\u2033\u00d71.95 \/ 26\u2033\u00d71.95<\/td>\n<\/tr>\n<tr>\n<td>Moyeux<\/td>\n<td>Cassette Disque d'acier Moyeu<\/td>\n<\/tr>\n<tr>\n<td>Roue \u00e0 cha\u00eene<\/td>\n<td>HDL 24\/34\/42T (ED) \u00d7170L Manivelle en acier<\/td>\n<\/tr>\n<tr>\n<td>Ensemble B.B.<\/td>\n<td>Palier B.B. Set<\/td>\n<\/tr>\n<\/tbody>\n<\/table>","protected":false},"excerpt":{"rendered":"<p>Le Galaxy A5 est un v\u00e9lo adulte 21 vitesses durable et \u00e9l\u00e9gant, con\u00e7u avec un cadre en alliage l\u00e9ger, une fourche suspendue et des freins \u00e0 disque fiables. Parfait pour les trajets quotidiens et les sentiers aventureux, il offre confort, contr\u00f4le et performance \u00e0 un prix abordable.<\/p>","protected":false},"featured_media":2695,"comment_status":"open","ping_status":"closed","template":"","meta":[],"product_brand":[34],"product_cat":[15],"product_tag":[],"class_list":{"0":"post-2694","1":"product","2":"type-product","3":"status-publish","4":"has-post-thumbnail","6":"product_brand-galaxy","7":"product_cat-galaxybicycle","9":"first","10":"instock","11":"shipping-taxable","12":"product-type-simple"},"_links":{"self":[{"href":"https:\/\/galaxybicycle.com\/fr\/wp-json\/wp\/v2\/product\/2694","targetHints":{"allow":["GET"]}}],"collection":[{"href":"https:\/\/galaxybicycle.com\/fr\/wp-json\/wp\/v2\/product"}],"about":[{"href":"https:\/\/galaxybicycle.com\/fr\/wp-json\/wp\/v2\/types\/product"}],"replies":[{"embeddable":true,"href":"https:\/\/galaxybicycle.com\/fr\/wp-json\/wp\/v2\/comments?post=2694"}],"wp:featuredmedia":[{"embeddable":true,"href":"https:\/\/galaxybicycle.com\/fr\/wp-json\/wp\/v2\/media\/2695"}],"wp:attachment":[{"href":"https:\/\/galaxybicycle.com\/fr\/wp-json\/wp\/v2\/media?parent=2694"}],"wp:term":[{"taxonomy":"product_brand","embeddable":true,"href":"https:\/\/galaxybicycle.com\/fr\/wp-json\/wp\/v2\/product_brand?post=2694"},{"taxonomy":"product_cat","embeddable":true,"href":"https:\/\/galaxybicycle.com\/fr\/wp-json\/wp\/v2\/product_cat?post=2694"},{"taxonomy":"product_tag","embeddable":true,"href":"https:\/\/galaxybicycle.com\/fr\/wp-json\/wp\/v2\/product_tag?post=2694"}],"curies":[{"name":"wp","href":"https:\/\/api.w.org\/{rel}","templated":true}]}}