{"id":2687,"date":"2025-08-18T03:49:39","date_gmt":"2025-08-18T03:49:39","guid":{"rendered":"http:\/\/galaxybicycle.com\/?post_type=product&#038;p=2687"},"modified":"2025-09-02T09:55:42","modified_gmt":"2025-09-02T09:55:42","slug":"tl620","status":"publish","type":"product","link":"https:\/\/galaxybicycle.com\/fr\/product\/tl620\/","title":{"rendered":"Galaxy TL620 Adult Bicycle | 24 Speed Alloy Mountain Bike with Shimano Gears"},"content":{"rendered":"<p>Rencontrez les <strong>Galaxy TL620 V\u00e9lo adulte<\/strong>, Le v\u00e9lo est un m\u00e9lange parfait de performance et de fiabilit\u00e9 pour les cyclistes qui veulent une exp\u00e9rience de v\u00e9lo agr\u00e9able et sans heurts.<br \/>\n\u00c9quip\u00e9 d'un <strong>26\u2033x17\u2033 cadre en alliage<\/strong>, Ce v\u00e9lo est \u00e0 la fois solide et l\u00e9ger, ce qui le rend id\u00e9al pour les trajets quotidiens, le fitness et les sentiers hors route. Le <strong>Syst\u00e8me de transmission Shimano \u00e0 24 vitesses<\/strong> assure un d\u00e9raillage rapide et pr\u00e9cis, vous donnant la puissance n\u00e9cessaire pour affronter les mont\u00e9es, les plats et les descentes avec facilit\u00e9.<\/p>\n<p>Le <strong>Fourche suspendue \u00e0 couronne en alliage avec MLO<\/strong> absorbe les chocs sur les terrains accident\u00e9s, tandis que la <strong>freins \u00e0 disque m\u00e9caniques<\/strong> offrent une puissance de freinage constante dans toutes les conditions m\u00e9t\u00e9orologiques. Avec <strong>Pneus Kenda K935<\/strong> pour une meilleure adh\u00e9rence et <strong>P\u00e9dalier en alliage Prowheel<\/strong> pour plus d'efficacit\u00e9, le Galaxy TL620 est con\u00e7u pour offrir une conduite agr\u00e9able \u00e0 chaque fois.<\/p>\n<p>Que vous vous d\u00e9placiez en ville, que vous exploriez les routes de campagne ou que vous partiez \u00e0 l'aventure le week-end, le Galaxy TL620 est votre partenaire fiable. Il associe un design moderne, le confort et des fonctions pratiques pour une exp\u00e9rience de conduite amusante et confiante.<\/p>\n<h3>Sp\u00e9cifications<\/h3>\n<table border=\"1\" cellspacing=\"0\" cellpadding=\"6\">\n<tbody>\n<tr>\n<th>Fonctionnalit\u00e9<\/th>\n<th>D\u00e9tails<\/th>\n<\/tr>\n<tr>\n<td>Cadre<\/td>\n<td>26\u2033x17\u2033 Cadre en alliage<\/td>\n<\/tr>\n<tr>\n<td>Vitesse<\/td>\n<td>24 Vitesse<\/td>\n<\/tr>\n<tr>\n<td>Fourchette<\/td>\n<td>Fourche \u00e0 suspension Alloy Crown avec MLO<\/td>\n<\/tr>\n<tr>\n<td>Syst\u00e8me d'engrenage<\/td>\n<td>Shimano STEF500 Shift \/ FDTY500 D\u00e9railleur avant \/ RDTY300 D\u00e9railleur arri\u00e8re<\/td>\n<\/tr>\n<tr>\n<td>Freins<\/td>\n<td>Frein \u00e0 disque m\u00e9canique<\/td>\n<\/tr>\n<tr>\n<td>Pneus<\/td>\n<td>Pneus Kenda K935 26\u2033x1.5\u2033.<\/td>\n<\/tr>\n<tr>\n<td>Moyeux<\/td>\n<td>Moyeu \u00e0 roulements en acier<\/td>\n<\/tr>\n<tr>\n<td>Roue \u00e0 cha\u00eene<\/td>\n<td>Manivelle Prowheel 24\/34\/42T en alliage<\/td>\n<\/tr>\n<tr>\n<td>Ensemble B.B.<\/td>\n<td>Palier B.B. Set<\/td>\n<\/tr>\n<\/tbody>\n<\/table>","protected":false},"excerpt":{"rendered":"<p>Le Galaxy TL620 est un VTT adulte 24 vitesses polyvalent con\u00e7u avec un cadre en alliage l\u00e9ger, un syst\u00e8me de transmission Shimano et une fourche \u00e0 suspension r\u00e9active. Con\u00e7u pour les cyclistes de tous les jours et les amateurs d'aventure, il offre confort, durabilit\u00e9 et maniabilit\u00e9 sur tous les terrains.<\/p>","protected":false},"featured_media":2688,"comment_status":"open","ping_status":"closed","template":"","meta":[],"product_brand":[34],"product_cat":[15],"product_tag":[],"class_list":{"0":"post-2687","1":"product","2":"type-product","3":"status-publish","4":"has-post-thumbnail","6":"product_brand-galaxy","7":"product_cat-galaxybicycle","9":"first","10":"instock","11":"shipping-taxable","12":"product-type-simple"},"_links":{"self":[{"href":"https:\/\/galaxybicycle.com\/fr\/wp-json\/wp\/v2\/product\/2687","targetHints":{"allow":["GET"]}}],"collection":[{"href":"https:\/\/galaxybicycle.com\/fr\/wp-json\/wp\/v2\/product"}],"about":[{"href":"https:\/\/galaxybicycle.com\/fr\/wp-json\/wp\/v2\/types\/product"}],"replies":[{"embeddable":true,"href":"https:\/\/galaxybicycle.com\/fr\/wp-json\/wp\/v2\/comments?post=2687"}],"wp:featuredmedia":[{"embeddable":true,"href":"https:\/\/galaxybicycle.com\/fr\/wp-json\/wp\/v2\/media\/2688"}],"wp:attachment":[{"href":"https:\/\/galaxybicycle.com\/fr\/wp-json\/wp\/v2\/media?parent=2687"}],"wp:term":[{"taxonomy":"product_brand","embeddable":true,"href":"https:\/\/galaxybicycle.com\/fr\/wp-json\/wp\/v2\/product_brand?post=2687"},{"taxonomy":"product_cat","embeddable":true,"href":"https:\/\/galaxybicycle.com\/fr\/wp-json\/wp\/v2\/product_cat?post=2687"},{"taxonomy":"product_tag","embeddable":true,"href":"https:\/\/galaxybicycle.com\/fr\/wp-json\/wp\/v2\/product_tag?post=2687"}],"curies":[{"name":"wp","href":"https:\/\/api.w.org\/{rel}","templated":true}]}}