{"id":2681,"date":"2025-08-18T03:48:41","date_gmt":"2025-08-18T03:48:41","guid":{"rendered":"http:\/\/galaxybicycle.com\/?post_type=product&#038;p=2681"},"modified":"2025-09-02T09:57:29","modified_gmt":"2025-09-02T09:57:29","slug":"ml150l-2","status":"publish","type":"product","link":"https:\/\/galaxybicycle.com\/fr\/product\/ml150l-2\/","title":{"rendered":"Galaxy ML150L 21-Speed Adult Mountain Bike | 24\u2033 Alloy Frame with Disc Brakes"},"content":{"rendered":"<p>D\u00e9couvrez les <strong>Galaxy ML150L V\u00e9lo adulte<\/strong> - un v\u00e9lo de montagne bien \u00e9quilibr\u00e9 con\u00e7u pour les cyclistes qui appr\u00e9cient la force, la performance et le style. Avec son poids l\u00e9ger <strong>Cadre en alliage 24<\/strong> et fiable <strong>Syst\u00e8me de transmission Shimano \u00e0 21 vitesses<\/strong>, Ce v\u00e9lo offre des changements de vitesse en douceur et une excellente adaptabilit\u00e9 sur diff\u00e9rents terrains.<\/p>\n<p>Le <strong>fourche suspendue \u00e0 couronne en acier<\/strong> offre un confort suppl\u00e9mentaire sur les routes cahoteuses, tandis que la <strong>freins \u00e0 disque m\u00e9caniques<\/strong> offrent une grande puissance de freinage pour la s\u00e9curit\u00e9 et la confiance. \u00c9quip\u00e9 d'un syst\u00e8me <strong>Pneus Kenda 24\u2033.<\/strong>, La Galaxy ML150L assure une traction stable, que vous naviguiez dans les rues de la ville ou sur des sentiers l\u00e9gers.<\/p>\n<p>\u00c9l\u00e9gant, durable et facile \u00e0 manier, le Galaxy ML150L est un excellent choix pour les cyclistes adultes \u00e0 la recherche d'un v\u00e9lo polyvalent alliant qualit\u00e9 et prix abordable.<\/p>\n<h3>Sp\u00e9cifications<\/h3>\n<table border=\"1\" cellspacing=\"0\" cellpadding=\"6\">\n<tbody>\n<tr>\n<th>Fonctionnalit\u00e9<\/th>\n<th>D\u00e9tails<\/th>\n<\/tr>\n<tr>\n<td>Cadre<\/td>\n<td>24\u2033 x 13\u2033 Cadre en alliage<\/td>\n<\/tr>\n<tr>\n<td>Vitesse<\/td>\n<td>21 vitesses<\/td>\n<\/tr>\n<tr>\n<td>Fourchette<\/td>\n<td>Fourche \u00e0 suspension \u00e0 couronne en acier<\/td>\n<\/tr>\n<tr>\n<td>Syst\u00e8me d'engrenage<\/td>\n<td>Shimano STEF500 Shift \/ D\u00e9railleur arri\u00e8re RDTZ500 \/ D\u00e9railleur avant chinois<\/td>\n<\/tr>\n<tr>\n<td>Syst\u00e8me de freinage<\/td>\n<td>Frein \u00e0 disque m\u00e9canique<\/td>\n<\/tr>\n<tr>\n<td>Pneus<\/td>\n<td>Pneus Kenda K1187 24\u2033 x 1.95\u2033.<\/td>\n<\/tr>\n<tr>\n<td>Moyeux<\/td>\n<td>Moyeu \u00e0 disque en acier<\/td>\n<\/tr>\n<tr>\n<td>Roue \u00e0 cha\u00eene<\/td>\n<td>Manivelle HDL 24\/34\/42T en acier<\/td>\n<\/tr>\n<tr>\n<td>Pignon de p\u00e9dalier<\/td>\n<td>Palier B.B. Set<\/td>\n<\/tr>\n<\/tbody>\n<\/table>","protected":false},"excerpt":{"rendered":"<p>Le Galaxy ML150L est un VTT adulte polyvalent \u00e0 21 vitesses con\u00e7u pour le confort, le contr\u00f4le et l'aventure quotidienne. Construit avec un cadre en alliage 24\u2033 durable, un syst\u00e8me de vitesses Shimano fiable et des freins \u00e0 disque r\u00e9actifs, il est parfait pour les promenades en ville, les sentiers hors route et tout ce qui se trouve entre les deux.<\/p>","protected":false},"featured_media":2682,"comment_status":"open","ping_status":"closed","template":"","meta":[],"product_brand":[34],"product_cat":[15],"product_tag":[],"class_list":{"0":"post-2681","1":"product","2":"type-product","3":"status-publish","4":"has-post-thumbnail","6":"product_brand-galaxy","7":"product_cat-galaxybicycle","9":"first","10":"instock","11":"shipping-taxable","12":"product-type-simple"},"_links":{"self":[{"href":"https:\/\/galaxybicycle.com\/fr\/wp-json\/wp\/v2\/product\/2681","targetHints":{"allow":["GET"]}}],"collection":[{"href":"https:\/\/galaxybicycle.com\/fr\/wp-json\/wp\/v2\/product"}],"about":[{"href":"https:\/\/galaxybicycle.com\/fr\/wp-json\/wp\/v2\/types\/product"}],"replies":[{"embeddable":true,"href":"https:\/\/galaxybicycle.com\/fr\/wp-json\/wp\/v2\/comments?post=2681"}],"wp:featuredmedia":[{"embeddable":true,"href":"https:\/\/galaxybicycle.com\/fr\/wp-json\/wp\/v2\/media\/2682"}],"wp:attachment":[{"href":"https:\/\/galaxybicycle.com\/fr\/wp-json\/wp\/v2\/media?parent=2681"}],"wp:term":[{"taxonomy":"product_brand","embeddable":true,"href":"https:\/\/galaxybicycle.com\/fr\/wp-json\/wp\/v2\/product_brand?post=2681"},{"taxonomy":"product_cat","embeddable":true,"href":"https:\/\/galaxybicycle.com\/fr\/wp-json\/wp\/v2\/product_cat?post=2681"},{"taxonomy":"product_tag","embeddable":true,"href":"https:\/\/galaxybicycle.com\/fr\/wp-json\/wp\/v2\/product_tag?post=2681"}],"curies":[{"name":"wp","href":"https:\/\/api.w.org\/{rel}","templated":true}]}}