{"id":2679,"date":"2025-08-18T03:48:20","date_gmt":"2025-08-18T03:48:20","guid":{"rendered":"http:\/\/galaxybicycle.com\/?post_type=product&#038;p=2679"},"modified":"2025-09-02T09:57:48","modified_gmt":"2025-09-02T09:57:48","slug":"ml150t","status":"publish","type":"product","link":"https:\/\/galaxybicycle.com\/fr\/product\/ml150t\/","title":{"rendered":"Galaxy ML150T 21-Speed Adult Mountain Bike | 26\u2033 Alloy Frame, Shimano Gear System"},"content":{"rendered":"<p><strong>Galaxy ML150T VTT<\/strong> est con\u00e7u pour les cyclistes qui recherchent un m\u00e9lange de force, de style et de polyvalence. Que vous rouliez sur des sentiers de montagne, que vous vous promeniez dans votre quartier ou que vous fassiez la navette, ce v\u00e9lo offre des performances et un confort constants.<\/p>\n<p>\u00c9quip\u00e9 d'un <strong>26\u2033\u00d717\u2033 cadre en alliage<\/strong>, Il est \u00e0 la fois solide et l\u00e9ger, ce qui vous donne la stabilit\u00e9 dont vous avez besoin sur diff\u00e9rents terrains. Les <strong>Syst\u00e8me de transmission Shimano \u00e0 21 vitesses<\/strong> facilite le passage des vitesses en douceur, ce qui vous permet de grimper les c\u00f4tes ou de rouler sur les routes plates avec aisance.<\/p>\n<p>Son <strong>fourche suspendue \u00e0 couronne en acier<\/strong> absorbe les chocs pour une conduite plus souple, tandis que la <strong>freins \u00e0 disque m\u00e9caniques<\/strong> offrent une puissance de freinage fiable dans toutes les conditions m\u00e9t\u00e9orologiques. Durable <strong>Pneus Kenda 26\u2033\u00d71.95\u2033.<\/strong> offrent une traction et un contr\u00f4le excellents, et les moyeux \u00e0 disque en acier massif garantissent des performances durables.<\/p>\n<p>Le Galaxy ML150T est parfait pour les d\u00e9butants comme pour les pilotes exp\u00e9riment\u00e9s, combinant fonctionnalit\u00e9, s\u00e9curit\u00e9 et plaisir dans un ensemble \u00e9l\u00e9gant.<\/p>\n<h3>Sp\u00e9cifications<\/h3>\n<table border=\"1\" cellspacing=\"0\" cellpadding=\"6\">\n<tbody>\n<tr>\n<th>Fonctionnalit\u00e9<\/th>\n<th>D\u00e9tails<\/th>\n<\/tr>\n<tr>\n<td>Cadre<\/td>\n<td>26\u2033\u00d717\u2033 Cadre en alliage<\/td>\n<\/tr>\n<tr>\n<td>Vitesses<\/td>\n<td>21 Vitesse<\/td>\n<\/tr>\n<tr>\n<td>Fourchette<\/td>\n<td>Fourche \u00e0 suspension \u00e0 couronne en acier<\/td>\n<\/tr>\n<tr>\n<td>Syst\u00e8me d'engrenage<\/td>\n<td>Shimano STEF500 Shifters \/ RDTZ500 Rear Derailleur \/ Chinese Front Derailleur<\/td>\n<\/tr>\n<tr>\n<td>Syst\u00e8me de freinage<\/td>\n<td>Frein \u00e0 disque m\u00e9canique<\/td>\n<\/tr>\n<tr>\n<td>Pneus<\/td>\n<td>Pneus Kenda K1187 26\u2033\u00d71.95\u2033.<\/td>\n<\/tr>\n<tr>\n<td>Moyeux<\/td>\n<td>Moyeu \u00e0 disque en acier<\/td>\n<\/tr>\n<tr>\n<td>Roue \u00e0 cha\u00eene<\/td>\n<td>Manivelle HDL 24\/34\/42T en acier<\/td>\n<\/tr>\n<tr>\n<td>Ensemble B.B.<\/td>\n<td>Palier B.B. Set<\/td>\n<\/tr>\n<\/tbody>\n<\/table>\n<p><em>Partez \u00e0 la conqu\u00eate des sentiers et des routes avec le Galaxy ML150T, votre v\u00e9lo de montagne fiable, \u00e9l\u00e9gant et abordable.<\/em><\/p>","protected":false},"excerpt":{"rendered":"<p>Le v\u00e9lo de montagne Galaxy ML150T pour adultes est con\u00e7u pour l'aventure et la conduite quotidienne. Avec un cadre l\u00e9ger en alliage 26\u2033, un syst\u00e8me de transmission fiable Shimano 21 vitesses et des pneus Kenda durables, il offre un contr\u00f4le et des performances en douceur sur les sentiers, dans les rues de la ville et au-del\u00e0.<\/p>","protected":false},"featured_media":2680,"comment_status":"open","ping_status":"closed","template":"","meta":[],"product_brand":[34],"product_cat":[15],"product_tag":[],"class_list":{"0":"post-2679","1":"product","2":"type-product","3":"status-publish","4":"has-post-thumbnail","6":"product_brand-galaxy","7":"product_cat-galaxybicycle","9":"first","10":"instock","11":"shipping-taxable","12":"product-type-simple"},"_links":{"self":[{"href":"https:\/\/galaxybicycle.com\/fr\/wp-json\/wp\/v2\/product\/2679","targetHints":{"allow":["GET"]}}],"collection":[{"href":"https:\/\/galaxybicycle.com\/fr\/wp-json\/wp\/v2\/product"}],"about":[{"href":"https:\/\/galaxybicycle.com\/fr\/wp-json\/wp\/v2\/types\/product"}],"replies":[{"embeddable":true,"href":"https:\/\/galaxybicycle.com\/fr\/wp-json\/wp\/v2\/comments?post=2679"}],"wp:featuredmedia":[{"embeddable":true,"href":"https:\/\/galaxybicycle.com\/fr\/wp-json\/wp\/v2\/media\/2680"}],"wp:attachment":[{"href":"https:\/\/galaxybicycle.com\/fr\/wp-json\/wp\/v2\/media?parent=2679"}],"wp:term":[{"taxonomy":"product_brand","embeddable":true,"href":"https:\/\/galaxybicycle.com\/fr\/wp-json\/wp\/v2\/product_brand?post=2679"},{"taxonomy":"product_cat","embeddable":true,"href":"https:\/\/galaxybicycle.com\/fr\/wp-json\/wp\/v2\/product_cat?post=2679"},{"taxonomy":"product_tag","embeddable":true,"href":"https:\/\/galaxybicycle.com\/fr\/wp-json\/wp\/v2\/product_tag?post=2679"}],"curies":[{"name":"wp","href":"https:\/\/api.w.org\/{rel}","templated":true}]}}