{"id":2677,"date":"2025-08-18T03:48:00","date_gmt":"2025-08-18T03:48:00","guid":{"rendered":"http:\/\/galaxybicycle.com\/?post_type=product&#038;p=2677"},"modified":"2025-09-02T09:58:05","modified_gmt":"2025-09-02T09:58:05","slug":"ml150-2","status":"publish","type":"product","link":"https:\/\/galaxybicycle.com\/fr\/product\/ml150-2\/","title":{"rendered":"Galaxy ML150 Adult Mountain Bike | 21-Speed Shimano Alloy Frame Bicycle"},"content":{"rendered":"<p><strong>Galaxy ML150 V\u00e9lo adulte<\/strong> est votre porte d'entr\u00e9e vers l'aventure, la forme physique et le plaisir du v\u00e9lo au quotidien. Que vous rouliez dans les rues de la ville, sur les sentiers forestiers ou les chemins de montagne, ce v\u00e9lo combine <em>la force, la vitesse et la stabilit\u00e9<\/em> pour vous permettre de rouler en toute confiance.<\/p>\n<p>L\u00e9ger mais robuste, il est dot\u00e9 d'une <strong>cadre en alliage<\/strong> En plusieurs tailles (26\u2033\u00d717\u2033, 24\u2033\u00d713\u2033 et 22\u2033\u00d712\u2033), le ML150 est con\u00e7u pour s'adapter confortablement \u00e0 diff\u00e9rents cyclistes. Le ML150 est con\u00e7u pour s'adapter confortablement \u00e0 diff\u00e9rents cyclistes. <strong>Syst\u00e8me de transmission Shimano \u00e0 21 vitesses<\/strong> vous permet de changer de vitesse en douceur, ce qui facilite les mont\u00e9es et les routes plates. Ses <strong>freins \u00e0 disque m\u00e9caniques<\/strong> garantissent une puissance de freinage fiable par tous les temps, tandis que les <strong>fourche suspendue \u00e0 couronne en acier<\/strong> absorbe les chocs pour une conduite plus souple. \u00c9quip\u00e9 de <strong>Pneus Kenda et CST<\/strong>, Ce VTT s'accroche facilement \u00e0 la route et au sentier, vous offrant la traction et la stabilit\u00e9 dont vous avez besoin.<\/p>\n<p>Que vous soyez un d\u00e9butant d\u00e9couvrant le v\u00e9lo pour la premi\u00e8re fois ou un cycliste exp\u00e9riment\u00e9 \u00e0 la recherche d'un v\u00e9lo rentable et polyvalent, le Galaxy ML150 offre un bon \u00e9quilibre entre performance, durabilit\u00e9 et confort.<\/p>\n<h3>Sp\u00e9cifications<\/h3>\n<table border=\"1\" cellspacing=\"0\" cellpadding=\"6\">\n<tbody>\n<tr>\n<th>Fonctionnalit\u00e9<\/th>\n<th>D\u00e9tails<\/th>\n<\/tr>\n<tr>\n<td>Vitesses<\/td>\n<td>21 vitesses<\/td>\n<\/tr>\n<tr>\n<td>Cadre<\/td>\n<td>26\u2033\u00d717\u2033 \/ 24\u2033\u00d713\u2033 \/ 22\u2033\u00d712\u2033 Cadre en alliage<\/td>\n<\/tr>\n<tr>\n<td>Fourchette<\/td>\n<td>Fourche \u00e0 suspension \u00e0 couronne en acier<\/td>\n<\/tr>\n<tr>\n<td>Syst\u00e8me d'engrenage<\/td>\n<td>Shimano STEF500 Shifters, RDTZ500 Rear Derailleur, Chinese Front Derailleur<\/td>\n<\/tr>\n<tr>\n<td>Syst\u00e8me de freinage<\/td>\n<td>Frein \u00e0 disque m\u00e9canique<\/td>\n<\/tr>\n<tr>\n<td>Pneus<\/td>\n<td>Kenda 26\u2033\/24\u2033\u00d71.95\u2033, CST 22\u2033\u00d71.95\u2033<\/td>\n<\/tr>\n<tr>\n<td>Moyeux<\/td>\n<td>Moyeu \u00e0 disque en acier<\/td>\n<\/tr>\n<tr>\n<td>Roue \u00e0 cha\u00eene<\/td>\n<td>Manivelle HDL 24\/34\/42T en acier<\/td>\n<\/tr>\n<tr>\n<td>Pignon de p\u00e9dalier<\/td>\n<td>Palier B.B Set<\/td>\n<\/tr>\n<\/tbody>\n<\/table>","protected":false},"excerpt":{"rendered":"<p>Le Galaxy ML150 est un VTT adulte fiable \u00e0 21 vitesses con\u00e7u pour les cyclistes de tous les jours et les amateurs d'activit\u00e9s de plein air. Construit avec un cadre en alliage durable, un syst\u00e8me de transmission Shimano et des freins \u00e0 disque m\u00e9caniques r\u00e9actifs, il offre des performances et un contr\u00f4le en douceur sur diff\u00e9rents terrains.<\/p>","protected":false},"featured_media":2678,"comment_status":"open","ping_status":"closed","template":"","meta":[],"product_brand":[34],"product_cat":[15],"product_tag":[],"class_list":{"0":"post-2677","1":"product","2":"type-product","3":"status-publish","4":"has-post-thumbnail","6":"product_brand-galaxy","7":"product_cat-galaxybicycle","9":"first","10":"instock","11":"shipping-taxable","12":"product-type-simple"},"_links":{"self":[{"href":"https:\/\/galaxybicycle.com\/fr\/wp-json\/wp\/v2\/product\/2677","targetHints":{"allow":["GET"]}}],"collection":[{"href":"https:\/\/galaxybicycle.com\/fr\/wp-json\/wp\/v2\/product"}],"about":[{"href":"https:\/\/galaxybicycle.com\/fr\/wp-json\/wp\/v2\/types\/product"}],"replies":[{"embeddable":true,"href":"https:\/\/galaxybicycle.com\/fr\/wp-json\/wp\/v2\/comments?post=2677"}],"wp:featuredmedia":[{"embeddable":true,"href":"https:\/\/galaxybicycle.com\/fr\/wp-json\/wp\/v2\/media\/2678"}],"wp:attachment":[{"href":"https:\/\/galaxybicycle.com\/fr\/wp-json\/wp\/v2\/media?parent=2677"}],"wp:term":[{"taxonomy":"product_brand","embeddable":true,"href":"https:\/\/galaxybicycle.com\/fr\/wp-json\/wp\/v2\/product_brand?post=2677"},{"taxonomy":"product_cat","embeddable":true,"href":"https:\/\/galaxybicycle.com\/fr\/wp-json\/wp\/v2\/product_cat?post=2677"},{"taxonomy":"product_tag","embeddable":true,"href":"https:\/\/galaxybicycle.com\/fr\/wp-json\/wp\/v2\/product_tag?post=2677"}],"curies":[{"name":"wp","href":"https:\/\/api.w.org\/{rel}","templated":true}]}}