{"id":2667,"date":"2025-08-18T03:46:24","date_gmt":"2025-08-18T03:46:24","guid":{"rendered":"http:\/\/galaxybicycle.com\/?post_type=product&#038;p=2667"},"modified":"2025-09-02T10:00:10","modified_gmt":"2025-09-02T10:00:10","slug":"m35","status":"publish","type":"product","link":"https:\/\/galaxybicycle.com\/fr\/product\/m35\/","title":{"rendered":"Galaxy M35 27.5\u2033 Mountain Bike Speed 27 Shimano avec freins \u00e0 disques hydrauliques"},"content":{"rendered":"<p><strong>V\u00e9lo de montagne Galaxy M35<\/strong> est con\u00e7u pour les adultes qui veulent de la puissance, de la pr\u00e9cision et de la durabilit\u00e9 \u00e0 chaque fois qu'ils roulent. Dot\u00e9e d'une <em>Cadre en alliage 27.5\u2033\u00d717\u2033.<\/em>, Il offre un \u00e9quilibre parfait entre agilit\u00e9 et r\u00e9sistance pour les sentiers de montagne et les aventures urbaines. Les <strong>Transmission Shimano 27 vitesses<\/strong> offre un d\u00e9raillage souple et efficace, ce qui vous permet d'aborder les mont\u00e9es, les descentes et les terrains plats avec facilit\u00e9.<\/p>\n<p>\u00c9quip\u00e9 de <strong>Freins \u00e0 disques hydrauliques Logan<\/strong>, Le Galaxy M35 offre une puissance de freinage et un contr\u00f4le exceptionnels, m\u00eame dans des conditions humides ou boueuses. Le <em>fourche suspendue \u00e0 couronne en alliage avec RL<\/em> absorbe les chocs pour une conduite plus souple, tandis que la <em>Pneus Kenda 27.5\u2033.<\/em> vous offrent l'adh\u00e9rence et la confiance n\u00e9cessaires pour rouler sur des terrains vari\u00e9s. Associ\u00e9 \u00e0 des moyeux en alliage et \u00e0 une manivelle en alliage Prowheel, ce v\u00e9lo de montagne est con\u00e7u pour relever les d\u00e9fis tout en restant l\u00e9ger et durable.<\/p>\n<h3>Pourquoi choisir le Galaxy M35 ?<\/h3>\n<ul>\n<li><strong>Syst\u00e8me Shimano \u00e0 27 vitesses<\/strong> - Changements de vitesse en douceur sur tous les terrains.<\/li>\n<li><strong>Freins \u00e0 disques hydrauliques<\/strong> - Une puissance de freinage fiable dans toutes les conditions m\u00e9t\u00e9orologiques.<\/li>\n<li><strong>27.5\u2033 Cadre en alliage<\/strong> - L\u00e9ger mais solide, il est con\u00e7u pour durer.<\/li>\n<li><strong>Fourche \u00e0 suspension avec RL<\/strong> - Absorbe les chocs pour un meilleur confort de conduite.<\/li>\n<li><strong>Composants de confiance<\/strong> - Pneus Kenda, manivelle Prowheel et moyeux en alliage pour la performance et la long\u00e9vit\u00e9.<\/li>\n<\/ul>\n<h3>Sp\u00e9cifications<\/h3>\n<table border=\"1\" cellspacing=\"0\" cellpadding=\"6\">\n<tbody>\n<tr>\n<th>Fonctionnalit\u00e9<\/th>\n<th>D\u00e9tails<\/th>\n<\/tr>\n<tr>\n<td>Vitesses<\/td>\n<td>27 Vitesse<\/td>\n<\/tr>\n<tr>\n<td>Cadre<\/td>\n<td>27.5\u2033\u00d717\u2033 Cadre en alliage<\/td>\n<\/tr>\n<tr>\n<td>Fourchette<\/td>\n<td>Fourche \u00e0 suspension Alloy Crown avec RL<\/td>\n<\/tr>\n<tr>\n<td>Syst\u00e8me d'engrenage<\/td>\n<td>D\u00e9railleur avant Shimano FDTY500 \/ D\u00e9railleur arri\u00e8re RDM370 \/ Shift LTWOO<\/td>\n<\/tr>\n<tr>\n<td>Syst\u00e8me de freinage<\/td>\n<td>Freins \u00e0 disques hydrauliques Logan<\/td>\n<\/tr>\n<tr>\n<td>Pneus<\/td>\n<td>Pneus Kenda K1187 27.5\u2033\u00d71.95\u2033.<\/td>\n<\/tr>\n<tr>\n<td>Moyeux<\/td>\n<td>Moyeu \u00e0 disque \u00e0 cassette en alliage<\/td>\n<\/tr>\n<tr>\n<td>Roue \u00e0 cha\u00eene<\/td>\n<td>Manivelle Prowheel 22\/32\/42T en alliage<\/td>\n<\/tr>\n<tr>\n<td>Ensemble B.B.<\/td>\n<td>Palier B.B. Set<\/td>\n<\/tr>\n<\/tbody>\n<\/table>","protected":false},"excerpt":{"rendered":"<p>Partez \u00e0 la conqu\u00eate des sentiers et des routes de la ville avec le v\u00e9lo de montagne Galaxy M35 pour adultes. Construit avec un cadre l\u00e9ger en alliage 27,5\u2033, un syst\u00e8me de vitesses Shimano 27 vitesses et des freins \u00e0 disque hydrauliques fiables, ce v\u00e9lo est parfait pour les cyclistes qui exigent \u00e0 la fois performance et confort.<\/p>","protected":false},"featured_media":2668,"comment_status":"open","ping_status":"closed","template":"","meta":[],"product_brand":[34],"product_cat":[15],"product_tag":[],"class_list":{"0":"post-2667","1":"product","2":"type-product","3":"status-publish","4":"has-post-thumbnail","6":"product_brand-galaxy","7":"product_cat-galaxybicycle","9":"first","10":"instock","11":"shipping-taxable","12":"product-type-simple"},"_links":{"self":[{"href":"https:\/\/galaxybicycle.com\/fr\/wp-json\/wp\/v2\/product\/2667","targetHints":{"allow":["GET"]}}],"collection":[{"href":"https:\/\/galaxybicycle.com\/fr\/wp-json\/wp\/v2\/product"}],"about":[{"href":"https:\/\/galaxybicycle.com\/fr\/wp-json\/wp\/v2\/types\/product"}],"replies":[{"embeddable":true,"href":"https:\/\/galaxybicycle.com\/fr\/wp-json\/wp\/v2\/comments?post=2667"}],"wp:featuredmedia":[{"embeddable":true,"href":"https:\/\/galaxybicycle.com\/fr\/wp-json\/wp\/v2\/media\/2668"}],"wp:attachment":[{"href":"https:\/\/galaxybicycle.com\/fr\/wp-json\/wp\/v2\/media?parent=2667"}],"wp:term":[{"taxonomy":"product_brand","embeddable":true,"href":"https:\/\/galaxybicycle.com\/fr\/wp-json\/wp\/v2\/product_brand?post=2667"},{"taxonomy":"product_cat","embeddable":true,"href":"https:\/\/galaxybicycle.com\/fr\/wp-json\/wp\/v2\/product_cat?post=2667"},{"taxonomy":"product_tag","embeddable":true,"href":"https:\/\/galaxybicycle.com\/fr\/wp-json\/wp\/v2\/product_tag?post=2667"}],"curies":[{"name":"wp","href":"https:\/\/api.w.org\/{rel}","templated":true}]}}