{"id":2657,"date":"2025-08-18T03:45:04","date_gmt":"2025-08-18T03:45:04","guid":{"rendered":"http:\/\/galaxybicycle.com\/?post_type=product&#038;p=2657"},"modified":"2025-09-02T10:03:13","modified_gmt":"2025-09-02T10:03:13","slug":"ms3","status":"publish","type":"product","link":"https:\/\/galaxybicycle.com\/fr\/product\/ms3\/","title":{"rendered":"Galaxy MS3 Mountain Bike Adult | 27 Speed Shimano with Hydraulic Disc Brakes"},"content":{"rendered":"<p>Le <strong>Galaxy MS3 V\u00e9lo adulte<\/strong> est le choix parfait pour les cyclistes qui veulent conqu\u00e9rir les sentiers et les routes de la ville avec facilit\u00e9. Dot\u00e9 d'un cadre en alliage l\u00e9ger mais solide, ce VTT offre une grande durabilit\u00e9 sans vous alourdir. Son cadre en alliage l\u00e9ger mais solide offre une grande durabilit\u00e9 sans vous peser. <strong>Syst\u00e8me de transmission Shimano 27 vitesses<\/strong> vous permet de changer de vitesse en douceur sur un large \u00e9ventail de terrains, que vous grimpiez des collines abruptes ou que vous rouliez \u00e0 vive allure sur des chemins plats.<\/p>\n<p>\u00c9quip\u00e9 d'un <strong>fourche suspendue avec HLO (Hydraulic Lockout)<\/strong>, Le MS3 assure une excellente absorption des chocs sur les pistes accident\u00e9es tout en vous donnant la possibilit\u00e9 de le bloquer pour les routes plus calmes. La s\u00e9curit\u00e9 et la pr\u00e9cision sont garanties avec <strong>Freins \u00e0 disque hydrauliques Shimano MT200<\/strong>, Le syst\u00e8me de freinage de l'automobile est un mod\u00e8le de s\u00e9curit\u00e9, offrant une puissance de freinage fiable dans toutes les conditions m\u00e9t\u00e9orologiques. Les <strong>Pneus CST C-1747 26\u2033\u00d72.10\u2033.<\/strong> offrent une excellente adh\u00e9rence et une grande stabilit\u00e9, tandis que les moyeux \u00e0 disque en alliage Joytech am\u00e9liorent les performances globales du v\u00e9lo.<\/p>\n<p>\u00c9l\u00e9gant, confortable et con\u00e7u pour la performance, le Galaxy MS3 est id\u00e9al pour les adultes qui aiment les aventures en plein air, les trajets quotidiens ou les balades du week-end. Avec des composants de qualit\u00e9 professionnelle et un design \u00e9l\u00e9gant, ce v\u00e9lo offre un \u00e9quilibre parfait entre fiabilit\u00e9 et plaisir.<\/p>\n<h3>Sp\u00e9cifications :<\/h3>\n<table border=\"1\" cellspacing=\"0\" cellpadding=\"8\">\n<tbody>\n<tr>\n<th>Fonctionnalit\u00e9<\/th>\n<th>D\u00e9tails<\/th>\n<\/tr>\n<tr>\n<td>Vitesses<\/td>\n<td>27 Vitesse<\/td>\n<\/tr>\n<tr>\n<td>Cadre<\/td>\n<td>26\u2033\u00d717\u2033 Cadre en alliage<\/td>\n<\/tr>\n<tr>\n<td>Fourchette<\/td>\n<td>Fourche \u00e0 suspension Alloy Crown avec HLO<\/td>\n<\/tr>\n<tr>\n<td>Syst\u00e8me d'engrenage<\/td>\n<td>Shimano SLM2000 Shifter \/ FDTY500 Front Derailleur \/ RDM370 Rear Derailleur<\/td>\n<\/tr>\n<tr>\n<td>Syst\u00e8me de freinage<\/td>\n<td>Freins \u00e0 disque hydrauliques Shimano MT200<\/td>\n<\/tr>\n<tr>\n<td>Pneus<\/td>\n<td>Pneumatiques CST C-1747 26\u2033\u00d72.10\u2033.<\/td>\n<\/tr>\n<tr>\n<td>Moyeux<\/td>\n<td>Moyeu \u00e0 disque en alliage Joytech<\/td>\n<\/tr>\n<tr>\n<td>Roue \u00e0 cha\u00eene<\/td>\n<td>Manivelle en alliage Shimano 24\/34\/42T<\/td>\n<\/tr>\n<tr>\n<td>B.B Set<\/td>\n<td>Palier B.B Set<\/td>\n<\/tr>\n<\/tbody>\n<\/table>","protected":false},"excerpt":{"rendered":"<p>Passez \u00e0 la vitesse sup\u00e9rieure avec le <em>Galaxy MS3 VTT Adulte<\/em>. Construit avec un cadre en alliage durable de 26\u2033\u00d717\u2033, un syst\u00e8me de transmission Shimano \u00e0 27 vitesses et de puissants freins \u00e0 disque hydrauliques, ce v\u00e9lo est con\u00e7u pour les aventuriers qui exigent confort, contr\u00f4le et performance.<\/p>","protected":false},"featured_media":2658,"comment_status":"open","ping_status":"closed","template":"","meta":[],"product_brand":[34],"product_cat":[15],"product_tag":[],"class_list":{"0":"post-2657","1":"product","2":"type-product","3":"status-publish","4":"has-post-thumbnail","6":"product_brand-galaxy","7":"product_cat-galaxybicycle","9":"first","10":"instock","11":"shipping-taxable","12":"product-type-simple"},"_links":{"self":[{"href":"https:\/\/galaxybicycle.com\/fr\/wp-json\/wp\/v2\/product\/2657","targetHints":{"allow":["GET"]}}],"collection":[{"href":"https:\/\/galaxybicycle.com\/fr\/wp-json\/wp\/v2\/product"}],"about":[{"href":"https:\/\/galaxybicycle.com\/fr\/wp-json\/wp\/v2\/types\/product"}],"replies":[{"embeddable":true,"href":"https:\/\/galaxybicycle.com\/fr\/wp-json\/wp\/v2\/comments?post=2657"}],"wp:featuredmedia":[{"embeddable":true,"href":"https:\/\/galaxybicycle.com\/fr\/wp-json\/wp\/v2\/media\/2658"}],"wp:attachment":[{"href":"https:\/\/galaxybicycle.com\/fr\/wp-json\/wp\/v2\/media?parent=2657"}],"wp:term":[{"taxonomy":"product_brand","embeddable":true,"href":"https:\/\/galaxybicycle.com\/fr\/wp-json\/wp\/v2\/product_brand?post=2657"},{"taxonomy":"product_cat","embeddable":true,"href":"https:\/\/galaxybicycle.com\/fr\/wp-json\/wp\/v2\/product_cat?post=2657"},{"taxonomy":"product_tag","embeddable":true,"href":"https:\/\/galaxybicycle.com\/fr\/wp-json\/wp\/v2\/product_tag?post=2657"}],"curies":[{"name":"wp","href":"https:\/\/api.w.org\/{rel}","templated":true}]}}