{"id":2649,"date":"2025-08-18T03:43:43","date_gmt":"2025-08-18T03:43:43","guid":{"rendered":"http:\/\/galaxybicycle.com\/?post_type=product&#038;p=2649"},"modified":"2025-09-02T10:05:06","modified_gmt":"2025-09-02T10:05:06","slug":"x12","status":"publish","type":"product","link":"https:\/\/galaxybicycle.com\/fr\/product\/x12\/","title":{"rendered":"Galaxy X12 Adult Mountain Bike | 27.5\u2033 Alloy Frame | 12 Speed Shimano | Hydraulic Disc Brake"},"content":{"rendered":"<p>Faites passer votre exp\u00e9rience du cyclisme tout-terrain \u00e0 la vitesse sup\u00e9rieure avec le <strong>Galaxy X12 VTT Adulte<\/strong>. Con\u00e7u pour les cyclistes qui recherchent force, vitesse et maniabilit\u00e9, le X12 allie une technologie de pointe \u00e0 un design robuste. Son cadre en alliage 27,5\u2033x17\u2033 offre un \u00e9quilibre parfait entre stabilit\u00e9 et agilit\u00e9, tandis que la fourche suspendue en magn\u00e9sium assure confort et contr\u00f4le sur les sentiers cahoteux.<\/p>\n<p>Le programme avanc\u00e9 <strong>Syst\u00e8me de transmission SRAM NX Eagle 12 vitesses<\/strong> offre un d\u00e9raillage net et fiable, vous permettant d'aborder les mont\u00e9es raides et les descentes rapides avec facilit\u00e9. \u00c9quip\u00e9 de <strong>Freins \u00e0 disque hydrauliques Shimano MT200<\/strong>, Le Galaxy X12 garantit une puissance de freinage s\u00fbre et r\u00e9active, m\u00eame dans des conditions m\u00e9t\u00e9orologiques ou sur des terrains difficiles.<\/p>\n<p>Construit avec des composants de qualit\u00e9 tels que des pneus Kenda K1153, des moyeux \u00e0 disque Joytech en alliage et une cha\u00eene SRAM NX Eagle, ce v\u00e9lo de montagne est con\u00e7u pour les cyclistes qui exigent performance et durabilit\u00e9. Que vous exploriez les sentiers, que vous vous rendiez au travail ou que vous repoussiez vos limites sur les chemins de montagne, le Galaxy X12 est pr\u00eat \u00e0 rouler.<\/p>\n<h3>Sp\u00e9cifications<\/h3>\n<table border=\"1\" cellspacing=\"0\" cellpadding=\"6\">\n<tbody>\n<tr>\n<th>Fonctionnalit\u00e9<\/th>\n<th>D\u00e9tails<\/th>\n<\/tr>\n<tr>\n<td>Vitesses<\/td>\n<td>12 Vitesse<\/td>\n<\/tr>\n<tr>\n<td>Cadre<\/td>\n<td>27.5\u2033X17\u2033 Cadre en alliage<\/td>\n<\/tr>\n<tr>\n<td>Fourchette<\/td>\n<td>Fourche \u00e0 suspension Alloy Crown Magnesium avec RL<\/td>\n<\/tr>\n<tr>\n<td>Syst\u00e8me d'engrenage<\/td>\n<td>SRAM D\u00e9railleur arri\u00e8re NX Eagle \/ NX Eagle Trigger Shift<\/td>\n<\/tr>\n<tr>\n<td>Syst\u00e8me de freinage<\/td>\n<td>Frein \u00e0 disque hydraulique Shimano MT200<\/td>\n<\/tr>\n<tr>\n<td>Pneus<\/td>\n<td>Kenda K1153 27.5\u2033X2.10\u2033<\/td>\n<\/tr>\n<tr>\n<td>Moyeux<\/td>\n<td>Moyeu \u00e0 disque \u00e0 roulements en alliage Joytech<\/td>\n<\/tr>\n<tr>\n<td>Roue \u00e0 cha\u00eene<\/td>\n<td>SRAM NX Eagle BLK 34<\/td>\n<\/tr>\n<tr>\n<td>B.B Set<\/td>\n<td>BB DUB BSA MTB73<\/td>\n<\/tr>\n<\/tbody>\n<\/table>","protected":false},"excerpt":{"rendered":"<p>Le Galaxy X12 est un puissant v\u00e9lo de montagne de 27,5\u2033 con\u00e7u pour l'aventure. Dot\u00e9 d'un cadre en alliage l\u00e9ger, d'une transmission SRAM NX Eagle 12 vitesses et de freins \u00e0 disque hydrauliques Shimano, il offre contr\u00f4le, durabilit\u00e9 et enthousiasme \u00e0 chaque sortie.<\/p>","protected":false},"featured_media":2650,"comment_status":"open","ping_status":"closed","template":"","meta":[],"product_brand":[34],"product_cat":[15],"product_tag":[],"class_list":{"0":"post-2649","1":"product","2":"type-product","3":"status-publish","4":"has-post-thumbnail","6":"product_brand-galaxy","7":"product_cat-galaxybicycle","9":"first","10":"instock","11":"shipping-taxable","12":"product-type-simple"},"_links":{"self":[{"href":"https:\/\/galaxybicycle.com\/fr\/wp-json\/wp\/v2\/product\/2649","targetHints":{"allow":["GET"]}}],"collection":[{"href":"https:\/\/galaxybicycle.com\/fr\/wp-json\/wp\/v2\/product"}],"about":[{"href":"https:\/\/galaxybicycle.com\/fr\/wp-json\/wp\/v2\/types\/product"}],"replies":[{"embeddable":true,"href":"https:\/\/galaxybicycle.com\/fr\/wp-json\/wp\/v2\/comments?post=2649"}],"wp:featuredmedia":[{"embeddable":true,"href":"https:\/\/galaxybicycle.com\/fr\/wp-json\/wp\/v2\/media\/2650"}],"wp:attachment":[{"href":"https:\/\/galaxybicycle.com\/fr\/wp-json\/wp\/v2\/media?parent=2649"}],"wp:term":[{"taxonomy":"product_brand","embeddable":true,"href":"https:\/\/galaxybicycle.com\/fr\/wp-json\/wp\/v2\/product_brand?post=2649"},{"taxonomy":"product_cat","embeddable":true,"href":"https:\/\/galaxybicycle.com\/fr\/wp-json\/wp\/v2\/product_cat?post=2649"},{"taxonomy":"product_tag","embeddable":true,"href":"https:\/\/galaxybicycle.com\/fr\/wp-json\/wp\/v2\/product_tag?post=2649"}],"curies":[{"name":"wp","href":"https:\/\/api.w.org\/{rel}","templated":true}]}}