{"id":2647,"date":"2025-08-18T03:43:20","date_gmt":"2025-08-18T03:43:20","guid":{"rendered":"http:\/\/galaxybicycle.com\/?post_type=product&#038;p=2647"},"modified":"2025-09-02T10:05:25","modified_gmt":"2025-09-02T10:05:25","slug":"xc10","status":"publish","type":"product","link":"https:\/\/galaxybicycle.com\/fr\/product\/xc10\/","title":{"rendered":"Galaxy XC10 Adult Mountain Bike | 26\u2033 Alloy Frame | 24 Speed Shimano with Hydraulic Disc Brakes"},"content":{"rendered":"<p><strong>Galaxy XC10 VTT Adulte<\/strong> est con\u00e7u pour les pilotes qui recherchent la performance, le contr\u00f4le et la durabilit\u00e9 dans un seul et m\u00eame ensemble. Dot\u00e9 d'un <strong>Cadre en alliage 26 pouces x 17 pouces<\/strong>, Ce v\u00e9lo allie robustesse et l\u00e9g\u00e8ret\u00e9 pour les aventures en montagne ou les trajets en ville. Le syst\u00e8me avanc\u00e9 de <strong>Syst\u00e8me de transmission Shimano \u00e0 24 vitesses<\/strong> assure un changement de vitesse en douceur sur tous les terrains, tandis que le <strong>Fourche suspendue SUNTOUR XCT HLO<\/strong> absorbe les chocs, vous offrant stabilit\u00e9 et confort m\u00eame sur les sentiers accident\u00e9s.<\/p>\n<p>La puissance d'arr\u00eat est garantie avec <strong>Freins \u00e0 disque hydrauliques Shimano MT200<\/strong>, La s\u00e9curit\u00e9 et la confiance en soi dans toutes les conditions m\u00e9t\u00e9orologiques. \u00c9quip\u00e9 d'un syst\u00e8me <strong>Pneus CST 26\u2033x2.10\u2033.<\/strong> et <strong>Moyeux \u00e0 disques \u00e0 cassette en alliage Joytech<\/strong>, Le Galaxy XC10 est con\u00e7u pour rouler en douceur et affronter les parcours difficiles avec facilit\u00e9. Que vous soyez d\u00e9butant ou exp\u00e9riment\u00e9, ce v\u00e9lo de montagne offre un bon \u00e9quilibre entre contr\u00f4le, vitesse et aventure.<\/p>\n<h3>Pourquoi choisir le Galaxy XC10 ?<\/h3>\n<ul>\n<li><strong>Cadre en alliage solide et l\u00e9ger<\/strong> - con\u00e7u pour l'endurance et l'agilit\u00e9 \u00e0 chaque sortie.<\/li>\n<li><strong>Syst\u00e8me d'engrenage Shimano \u00e0 24 vitesses<\/strong> - changement de vitesse souple et pr\u00e9cis pour les terrains vari\u00e9s.<\/li>\n<li><strong>Fourche \u00e0 suspension SUNTOUR XCT HLO<\/strong> - Conception amortissante pour le confort et la stabilit\u00e9.<\/li>\n<li><strong>Freins \u00e0 disques hydrauliques<\/strong> - une puissance d'arr\u00eat fiable dans toutes les conditions.<\/li>\n<li><strong>Pneus et moyeux durables<\/strong> - construit pour affronter les sentiers et les routes urbaines.<\/li>\n<\/ul>\n<h3>Sp\u00e9cifications<\/h3>\n<table border=\"1\" cellspacing=\"0\" cellpadding=\"6\">\n<tbody>\n<tr>\n<th>Fonctionnalit\u00e9<\/th>\n<th>D\u00e9tails<\/th>\n<\/tr>\n<tr>\n<td>Vitesses<\/td>\n<td>24 Vitesse<\/td>\n<\/tr>\n<tr>\n<td>Cadre<\/td>\n<td>26\u2033 x 17\u2033 Cadre en alliage<\/td>\n<\/tr>\n<tr>\n<td>Fourchette<\/td>\n<td>Fourche \u00e0 suspension SUNTOUR XCT HLO<\/td>\n<\/tr>\n<tr>\n<td>Syst\u00e8me d'engrenage<\/td>\n<td>Shimano SLM310 Shifters \/ FDTY500 Front Derailleur \/ RDTX800 Rear Derailleur \/ CSHG2008 Freewheel<\/td>\n<\/tr>\n<tr>\n<td>Syst\u00e8me de freinage<\/td>\n<td>Frein \u00e0 disque hydraulique Shimano MT200<\/td>\n<\/tr>\n<tr>\n<td>Pneus<\/td>\n<td>Pneus CST C-1747 26\u2033 x 2.10\u2033.<\/td>\n<\/tr>\n<tr>\n<td>Moyeux<\/td>\n<td>Moyeu \u00e0 disque \u00e0 cassette Joytech Alloy<\/td>\n<\/tr>\n<tr>\n<td>Roue \u00e0 cha\u00eene<\/td>\n<td>Manivelle en alliage Shimano 24\/32\/42T<\/td>\n<\/tr>\n<tr>\n<td>Jeu de p\u00e9dalier<\/td>\n<td>Palier B.B Set<\/td>\n<\/tr>\n<\/tbody>\n<\/table>","protected":false},"excerpt":{"rendered":"<p>Le v\u00e9lo de montagne Galaxy XC10 pour adultes vous permettra d'affronter chaque sentier en toute confiance. Construit avec un cadre l\u00e9ger en alliage 26\u2033, un syst\u00e8me de vitesses Shimano 24 vitesses fiable et des freins \u00e0 disques hydrauliques r\u00e9actifs, ce v\u00e9lo est con\u00e7u pour des randonn\u00e9es fluides, puissantes et aventureuses.<\/p>","protected":false},"featured_media":2648,"comment_status":"open","ping_status":"closed","template":"","meta":[],"product_brand":[34],"product_cat":[15],"product_tag":[],"class_list":{"0":"post-2647","1":"product","2":"type-product","3":"status-publish","4":"has-post-thumbnail","6":"product_brand-galaxy","7":"product_cat-galaxybicycle","9":"first","10":"instock","11":"shipping-taxable","12":"product-type-simple"},"_links":{"self":[{"href":"https:\/\/galaxybicycle.com\/fr\/wp-json\/wp\/v2\/product\/2647","targetHints":{"allow":["GET"]}}],"collection":[{"href":"https:\/\/galaxybicycle.com\/fr\/wp-json\/wp\/v2\/product"}],"about":[{"href":"https:\/\/galaxybicycle.com\/fr\/wp-json\/wp\/v2\/types\/product"}],"replies":[{"embeddable":true,"href":"https:\/\/galaxybicycle.com\/fr\/wp-json\/wp\/v2\/comments?post=2647"}],"wp:featuredmedia":[{"embeddable":true,"href":"https:\/\/galaxybicycle.com\/fr\/wp-json\/wp\/v2\/media\/2648"}],"wp:attachment":[{"href":"https:\/\/galaxybicycle.com\/fr\/wp-json\/wp\/v2\/media?parent=2647"}],"wp:term":[{"taxonomy":"product_brand","embeddable":true,"href":"https:\/\/galaxybicycle.com\/fr\/wp-json\/wp\/v2\/product_brand?post=2647"},{"taxonomy":"product_cat","embeddable":true,"href":"https:\/\/galaxybicycle.com\/fr\/wp-json\/wp\/v2\/product_cat?post=2647"},{"taxonomy":"product_tag","embeddable":true,"href":"https:\/\/galaxybicycle.com\/fr\/wp-json\/wp\/v2\/product_tag?post=2647"}],"curies":[{"name":"wp","href":"https:\/\/api.w.org\/{rel}","templated":true}]}}