{"id":2634,"date":"2025-08-18T03:41:01","date_gmt":"2025-08-18T03:41:01","guid":{"rendered":"http:\/\/galaxybicycle.com\/?post_type=product&#038;p=2634"},"modified":"2025-09-02T10:08:49","modified_gmt":"2025-09-02T10:08:49","slug":"tl860","status":"publish","type":"product","link":"https:\/\/galaxybicycle.com\/fr\/product\/tl860\/","title":{"rendered":"Galaxy TL860 Adult Touring Bike | 27-Speed Shimano Alloy Frame Bicycle"},"content":{"rendered":"<p><strong>Galaxy TL860 Adult Touring Bike<\/strong> est le choix id\u00e9al pour les cyclistes qui aiment explorer la route et vivre de nouvelles aventures \u00e0 v\u00e9lo. Construit \u00e0 partir d'un mat\u00e9riau \u00e0 la fois solide et l\u00e9ger <em>Cadre en alliage 700C x 17<\/em>, Ce v\u00e9lo allie vitesse, durabilit\u00e9 et confort dans un design \u00e9l\u00e9gant.<\/p>\n<p>\u00c9quip\u00e9 d'un <strong>Syst\u00e8me de transmission Shimano \u00e0 27 vitesses<\/strong>, Le TL860 vous permet de passer en douceur d'une vitesse \u00e0 l'autre afin d'emprunter des routes plates, des mont\u00e9es ou des descentes en toute facilit\u00e9. Son <strong>Fourche \u00e0 suspension Zoom enti\u00e8rement en alliage avec MLO<\/strong> am\u00e9liore l'absorption des chocs, garantissant une conduite plus douce et mieux contr\u00f4l\u00e9e, m\u00eame sur les surfaces irr\u00e9guli\u00e8res.<\/p>\n<p>La s\u00e9curit\u00e9 et le contr\u00f4le sont des priorit\u00e9s absolues, c'est pourquoi le TL860 est \u00e9quip\u00e9 des \u00e9l\u00e9ments suivants <strong>Freins \u00e0 disque hydrauliques Shimano MT200<\/strong> qui offrent des performances de freinage puissantes dans toutes les conditions m\u00e9t\u00e9orologiques. Les <strong>Pneus CST C-1446 700C x 40C<\/strong> offrent une excellente adh\u00e9rence et une grande stabilit\u00e9, tandis que les moyeux \u00e0 disque Joytech assurent une rotation fluide des roues pour l'endurance sur longue distance.<\/p>\n<p>Que vous soyez un passionn\u00e9 de cyclotourisme chevronn\u00e9 ou un cycliste occasionnel \u00e0 la recherche de fiabilit\u00e9, la <strong>Galaxy TL860<\/strong> est con\u00e7u pour offrir des performances, un confort et une polyvalence exceptionnels. Des trajets en ville aux aventures \u00e0 travers le pays, ce v\u00e9lo est pr\u00eat \u00e0 vous emmener partout o\u00f9 la route vous m\u00e8ne.<\/p>\n<h3>Sp\u00e9cifications<\/h3>\n<table border=\"1\" cellspacing=\"0\" cellpadding=\"8\">\n<tbody>\n<tr>\n<th>Fonctionnalit\u00e9<\/th>\n<th>D\u00e9tails<\/th>\n<\/tr>\n<tr>\n<td>Vitesses<\/td>\n<td>27 Vitesse<\/td>\n<\/tr>\n<tr>\n<td>Cadre<\/td>\n<td>700C x 17\u2033 Cadre en alliage<\/td>\n<\/tr>\n<tr>\n<td>Fourchette<\/td>\n<td>Fourche \u00e0 suspension Zoom Full Alloy avec MLO<\/td>\n<\/tr>\n<tr>\n<td>Syst\u00e8me d'engrenage<\/td>\n<td>D\u00e9railleur avant Shimano FDTY500 \/ D\u00e9railleur arri\u00e8re RDM370 \/ Shift SLM2000 \/ Roue libre CSHG2009<\/td>\n<\/tr>\n<tr>\n<td>Syst\u00e8me de freinage<\/td>\n<td>Frein \u00e0 disque hydraulique Shimano MT200<\/td>\n<\/tr>\n<tr>\n<td>Pneus<\/td>\n<td>CST C-1446 700C x 40C<\/td>\n<\/tr>\n<tr>\n<td>Moyeux<\/td>\n<td>Moyeu \u00e0 disque Joytech<\/td>\n<\/tr>\n<tr>\n<td>Roue \u00e0 cha\u00eene<\/td>\n<td>Manivelle en alliage Shimano 24\/34\/42T<\/td>\n<\/tr>\n<tr>\n<td>Ensemble B.B.<\/td>\n<td>Palier B.B. Set<\/td>\n<\/tr>\n<\/tbody>\n<\/table>","protected":false},"excerpt":{"rendered":"<p>Le Galaxy TL860 est un v\u00e9lo de tourisme adulte haute performance con\u00e7u pour le confort et l'aventure sur de longues distances. Avec son cadre l\u00e9ger en alliage 700C, sa transmission Shimano 27 vitesses et ses freins \u00e0 disque hydrauliques, ce v\u00e9lo est con\u00e7u pour affronter aussi bien les routes tranquilles que les terrains difficiles.<\/p>","protected":false},"featured_media":2635,"comment_status":"open","ping_status":"closed","template":"","meta":[],"product_brand":[34],"product_cat":[15],"product_tag":[],"class_list":{"0":"post-2634","1":"product","2":"type-product","3":"status-publish","4":"has-post-thumbnail","6":"product_brand-galaxy","7":"product_cat-galaxybicycle","9":"first","10":"instock","11":"shipping-taxable","12":"product-type-simple"},"_links":{"self":[{"href":"https:\/\/galaxybicycle.com\/fr\/wp-json\/wp\/v2\/product\/2634","targetHints":{"allow":["GET"]}}],"collection":[{"href":"https:\/\/galaxybicycle.com\/fr\/wp-json\/wp\/v2\/product"}],"about":[{"href":"https:\/\/galaxybicycle.com\/fr\/wp-json\/wp\/v2\/types\/product"}],"replies":[{"embeddable":true,"href":"https:\/\/galaxybicycle.com\/fr\/wp-json\/wp\/v2\/comments?post=2634"}],"wp:featuredmedia":[{"embeddable":true,"href":"https:\/\/galaxybicycle.com\/fr\/wp-json\/wp\/v2\/media\/2635"}],"wp:attachment":[{"href":"https:\/\/galaxybicycle.com\/fr\/wp-json\/wp\/v2\/media?parent=2634"}],"wp:term":[{"taxonomy":"product_brand","embeddable":true,"href":"https:\/\/galaxybicycle.com\/fr\/wp-json\/wp\/v2\/product_brand?post=2634"},{"taxonomy":"product_cat","embeddable":true,"href":"https:\/\/galaxybicycle.com\/fr\/wp-json\/wp\/v2\/product_cat?post=2634"},{"taxonomy":"product_tag","embeddable":true,"href":"https:\/\/galaxybicycle.com\/fr\/wp-json\/wp\/v2\/product_tag?post=2634"}],"curies":[{"name":"wp","href":"https:\/\/api.w.org\/{rel}","templated":true}]}}