{"id":2630,"date":"2025-08-18T03:40:22","date_gmt":"2025-08-18T03:40:22","guid":{"rendered":"http:\/\/galaxybicycle.com\/?post_type=product&#038;p=2630"},"modified":"2025-09-02T08:33:16","modified_gmt":"2025-09-02T08:33:16","slug":"m300e","status":"publish","type":"product","link":"https:\/\/galaxybicycle.com\/fr\/product\/m300e\/","title":{"rendered":"Velopro M300E Long-Range Commuter High-Step eBike | 27.5\u2033 Shimano 21-Speed Electric Bicycle"},"content":{"rendered":"<p>Rencontrez les <strong>Velopro M300E Long-Range Commuter eBike<\/strong>Ce v\u00e9lo est le partenaire id\u00e9al pour les trajets quotidiens et les aventures du week-end. Con\u00e7u avec un cadre robuste en aluminium 6061 et une fourche \u00e0 suspension Zoom en alliage, il assure stabilit\u00e9 et confort sur les routes urbaines et les sentiers l\u00e9gers.<\/p>\n<p>\u00c9quip\u00e9 d'un <strong>Moteur arri\u00e8re Bafang 36V 250W<\/strong> et un <strong>Batterie 36V 10.4Ah<\/strong>Ce v\u00e9lo \u00e9lectrique offre une puissance d'assistance constante pour les trajets plus longs, vous aidant \u00e0 franchir les collines et \u00e0 profiter des trajets plus longs sans transpirer. Le <strong>D\u00e9railleur Shimano 21 vitesses<\/strong> vous offre un contr\u00f4le polyvalent, que vous ayez besoin d'une vitesse de croisi\u00e8re en douceur ou d'une puissance de mont\u00e9e suppl\u00e9mentaire.<\/p>\n<p>La s\u00e9curit\u00e9 est une priorit\u00e9 avec <strong>Freins \u00e0 disques m\u00e9caniques Logan<\/strong> pour une puissance de freinage fiable dans toutes les conditions, tandis que la <strong>Pneus CST 27,5\" x 1,95<\/strong> offrent une excellente prise en main et un grand confort. Gr\u00e2ce \u00e0 l'\u00e9cran LCD facile \u00e0 lire, vous pouvez suivre votre vitesse, l'autonomie de la batterie et les niveaux d'assistance d'un seul coup d'\u0153il.<\/p>\n<p>Si vous \u00eates \u00e0 la recherche d'un <strong>un v\u00e9lo \u00e9lectrique fiable, \u00e9l\u00e9gant et \u00e0 grande autonomie pour les trajets quotidiens<\/strong> Le Velopro M300E est le choix qui s'impose pour trouver l'\u00e9quilibre entre prix et performances. Roulez plus loin, roulez plus intelligemment et rendez chaque trajet agr\u00e9able.<\/p>\n<h2>Sp\u00e9cifications<\/h2>\n<table border=\"1\" cellspacing=\"0\" cellpadding=\"6\">\n<tbody>\n<tr>\n<th>Composant<\/th>\n<th>D\u00e9tails<\/th>\n<\/tr>\n<tr>\n<td>Cadre<\/td>\n<td>Aluminium 6061#, 27.5 x 470mm High-Step<\/td>\n<\/tr>\n<tr>\n<td>Fourchette<\/td>\n<td>Zoom 27.5\u2033 Alloy Crown Suspension Fork with HLO<\/td>\n<\/tr>\n<tr>\n<td>D\u00e9railleur<\/td>\n<td>Shimano 21 vitesses<\/td>\n<\/tr>\n<tr>\n<td>Frein<\/td>\n<td>Frein \u00e0 disque m\u00e9canique Logan<\/td>\n<\/tr>\n<tr>\n<td>Pneumatique<\/td>\n<td>CST 27.5\u2033 (650B) x 1.95<\/td>\n<\/tr>\n<tr>\n<td>Affichage<\/td>\n<td>LCD<\/td>\n<\/tr>\n<tr>\n<td>Moteur<\/td>\n<td>Moteur arri\u00e8re Bafang 36V x 250W<\/td>\n<\/tr>\n<tr>\n<td>Batterie<\/td>\n<td>36V 10.4Ah (batterie chinoise)<\/td>\n<\/tr>\n<\/tbody>\n<\/table>","protected":false},"excerpt":{"rendered":"<p>Le Velopro M300E est con\u00e7u pour les cyclistes qui recherchent des performances fiables, du confort et de l'autonomie. Dot\u00e9 d'un cadre de 27,5 pouces, de vitesses Shimano 21 et d'un puissant moteur arri\u00e8re Bafang, ce v\u00e9lo \u00e9lectrique de banlieue rend les trajets en ville et les longs trajets fluides, efficaces et agr\u00e9ables.<\/p>","protected":false},"featured_media":2631,"comment_status":"open","ping_status":"closed","template":"","meta":[],"product_brand":[35],"product_cat":[31,27,38],"product_tag":[],"class_list":{"0":"post-2630","1":"product","2":"type-product","3":"status-publish","4":"has-post-thumbnail","6":"product_brand-velopro","7":"product_cat-mountain-ebike","8":"product_cat-city-ebike","9":"product_cat-velopro-electric-bikes","11":"first","12":"instock","13":"shipping-taxable","14":"product-type-simple"},"_links":{"self":[{"href":"https:\/\/galaxybicycle.com\/fr\/wp-json\/wp\/v2\/product\/2630","targetHints":{"allow":["GET"]}}],"collection":[{"href":"https:\/\/galaxybicycle.com\/fr\/wp-json\/wp\/v2\/product"}],"about":[{"href":"https:\/\/galaxybicycle.com\/fr\/wp-json\/wp\/v2\/types\/product"}],"replies":[{"embeddable":true,"href":"https:\/\/galaxybicycle.com\/fr\/wp-json\/wp\/v2\/comments?post=2630"}],"wp:featuredmedia":[{"embeddable":true,"href":"https:\/\/galaxybicycle.com\/fr\/wp-json\/wp\/v2\/media\/2631"}],"wp:attachment":[{"href":"https:\/\/galaxybicycle.com\/fr\/wp-json\/wp\/v2\/media?parent=2630"}],"wp:term":[{"taxonomy":"product_brand","embeddable":true,"href":"https:\/\/galaxybicycle.com\/fr\/wp-json\/wp\/v2\/product_brand?post=2630"},{"taxonomy":"product_cat","embeddable":true,"href":"https:\/\/galaxybicycle.com\/fr\/wp-json\/wp\/v2\/product_cat?post=2630"},{"taxonomy":"product_tag","embeddable":true,"href":"https:\/\/galaxybicycle.com\/fr\/wp-json\/wp\/v2\/product_tag?post=2630"}],"curies":[{"name":"wp","href":"https:\/\/api.w.org\/{rel}","templated":true}]}}