{"id":2626,"date":"2025-08-18T03:39:37","date_gmt":"2025-08-18T03:39:37","guid":{"rendered":"http:\/\/galaxybicycle.com\/?post_type=product&#038;p=2626"},"modified":"2025-09-02T09:05:13","modified_gmt":"2025-09-02T09:05:13","slug":"m700e","status":"publish","type":"product","link":"https:\/\/galaxybicycle.com\/fr\/product\/m700e\/","title":{"rendered":"Velopro M700E Long-Range Commuter High-Step eBike | 27.5\u2033 Shimano 8-Speed Electric Bicycle"},"content":{"rendered":"<p><strong>Velopro M700E Long-Range Commuter High-Step eBike<\/strong> est con\u00e7u pour les cyclistes qui appr\u00e9cient les performances, le confort et le style. Qu'il s'agisse de se rendre au travail, de faire des courses ou de se promener le week-end, ce v\u00e9lo \u00e9lectrique associe une technologie moderne \u00e0 une construction solide pour rendre chaque trajet agr\u00e9able et sans stress.<\/p>\n<p>Son poids l\u00e9ger <strong>Cadre en alliage d'aluminium 6061<\/strong> assure la durabilit\u00e9 tout en gardant la conduite facile \u00e0 manier. Les <strong>Fourche suspendue ZOOM \u00e0 couronne en alliage<\/strong> absorbe les bosses et les irr\u00e9gularit\u00e9s de la route, pour une conduite en douceur. \u00c9quip\u00e9 d'un <strong>D\u00e9railleur Shimano 8 vitesses<\/strong>, Le M700E vous permet de vous adapter rapidement aux changements de terrain, qu'il s'agisse d'une rue plate en ville ou d'un chemin vallonn\u00e9.<\/p>\n<p>Pour une puissance de freinage s\u00fbre et r\u00e9active, le v\u00e9lo est dot\u00e9 des caract\u00e9ristiques suivantes <strong>Freins \u00e0 disque m\u00e9caniques ZOOM<\/strong>, Vous pouvez ainsi vous sentir en confiance dans toutes les conditions m\u00e9t\u00e9orologiques. Les <strong>Pneus CST 27,5\u201d x 2,35<\/strong> offrent une excellente adh\u00e9rence et une grande stabilit\u00e9, parfaites pour les routes pav\u00e9es et les sentiers l\u00e9gers. Les <strong>moteur moyeu arri\u00e8re (36V 250W)<\/strong> vous donne un coup de pouce suppl\u00e9mentaire lorsque vous en avez besoin, gr\u00e2ce \u00e0 un moteur \u00e0 combustion interne. <strong>Batterie 36V 10.4Ah<\/strong> qui soutient les voyages de longue dur\u00e9e.<\/p>\n<p>Le <strong>\u00c9cran LCD<\/strong> vous informe en temps r\u00e9el de la vitesse, de l'autonomie de la batterie et du mode de conduite, pour que vous gardiez le contr\u00f4le tout au long de votre trajet. Avec son design de v\u00e9lo de banlieue, le Velopro M700E est un m\u00e9lange id\u00e9al de puissance, d'endurance et de praticit\u00e9 au quotidien.<\/p>\n<h3>Sp\u00e9cifications<\/h3>\n<table border=\"1\" cellspacing=\"0\" cellpadding=\"6\">\n<tbody>\n<tr>\n<th>Fonctionnalit\u00e9<\/th>\n<th>D\u00e9tails<\/th>\n<\/tr>\n<tr>\n<td>Cadre<\/td>\n<td>Alliage d'aluminium 6061#, 27,5 x 18\u2033.<\/td>\n<\/tr>\n<tr>\n<td>Fourchette<\/td>\n<td>Fourche ZOOM 27.5\u2033 Alloy Crown Suspension avec HLO<\/td>\n<\/tr>\n<tr>\n<td>D\u00e9railleur<\/td>\n<td>Shimano 8 vitesses<\/td>\n<\/tr>\n<tr>\n<td>Freins<\/td>\n<td>ZOOM Frein \u00e0 disque m\u00e9canique<\/td>\n<\/tr>\n<tr>\n<td>Pneus<\/td>\n<td>CST 27.5\u2033 x 2.35<\/td>\n<\/tr>\n<tr>\n<td>Affichage<\/td>\n<td>\u00c9cran LCD<\/td>\n<\/tr>\n<tr>\n<td>Moteur<\/td>\n<td>Moteur moyeu arri\u00e8re 36V 250W<\/td>\n<\/tr>\n<tr>\n<td>Batterie<\/td>\n<td>36V 10.4Ah (batterie chinoise)<\/td>\n<\/tr>\n<\/tbody>\n<\/table>","protected":false},"excerpt":{"rendered":"<p>Le Velopro M700E est un v\u00e9lo \u00e9lectrique fiable \u00e0 longue port\u00e9e, con\u00e7u pour des trajets en douceur dans les rues de la ville et au-del\u00e0. Avec son cadre en aluminium, ses vitesses Shimano 8, sa fourche suspendue et son puissant moteur 36V, il est con\u00e7u pour le confort, le contr\u00f4le et les aventures de tous les jours.<\/p>","protected":false},"featured_media":2627,"comment_status":"open","ping_status":"closed","template":"","meta":[],"product_brand":[35],"product_cat":[27,31,38],"product_tag":[],"class_list":{"0":"post-2626","1":"product","2":"type-product","3":"status-publish","4":"has-post-thumbnail","6":"product_brand-velopro","7":"product_cat-city-ebike","8":"product_cat-mountain-ebike","9":"product_cat-velopro-electric-bikes","11":"first","12":"instock","13":"shipping-taxable","14":"product-type-simple"},"_links":{"self":[{"href":"https:\/\/galaxybicycle.com\/fr\/wp-json\/wp\/v2\/product\/2626","targetHints":{"allow":["GET"]}}],"collection":[{"href":"https:\/\/galaxybicycle.com\/fr\/wp-json\/wp\/v2\/product"}],"about":[{"href":"https:\/\/galaxybicycle.com\/fr\/wp-json\/wp\/v2\/types\/product"}],"replies":[{"embeddable":true,"href":"https:\/\/galaxybicycle.com\/fr\/wp-json\/wp\/v2\/comments?post=2626"}],"wp:featuredmedia":[{"embeddable":true,"href":"https:\/\/galaxybicycle.com\/fr\/wp-json\/wp\/v2\/media\/2627"}],"wp:attachment":[{"href":"https:\/\/galaxybicycle.com\/fr\/wp-json\/wp\/v2\/media?parent=2626"}],"wp:term":[{"taxonomy":"product_brand","embeddable":true,"href":"https:\/\/galaxybicycle.com\/fr\/wp-json\/wp\/v2\/product_brand?post=2626"},{"taxonomy":"product_cat","embeddable":true,"href":"https:\/\/galaxybicycle.com\/fr\/wp-json\/wp\/v2\/product_cat?post=2626"},{"taxonomy":"product_tag","embeddable":true,"href":"https:\/\/galaxybicycle.com\/fr\/wp-json\/wp\/v2\/product_tag?post=2626"}],"curies":[{"name":"wp","href":"https:\/\/api.w.org\/{rel}","templated":true}]}}