{"id":2624,"date":"2025-08-18T03:39:16","date_gmt":"2025-08-18T03:39:16","guid":{"rendered":"http:\/\/galaxybicycle.com\/?post_type=product&#038;p=2624"},"modified":"2025-09-02T09:04:15","modified_gmt":"2025-09-02T09:04:15","slug":"m800e","status":"publish","type":"product","link":"https:\/\/galaxybicycle.com\/fr\/product\/m800e\/","title":{"rendered":"Velopro M800E All-Terrain Fat Tire Electric Bike | 26\u2033 x 4.0\u2033 Adventure eBike"},"content":{"rendered":"<p><strong>Velopro M800E All-Terrain Adventure eBike<\/strong> est con\u00e7u pour vous permettre de d\u00e9passer les limites du cyclisme ordinaire. Que vous exploriez des sentiers accident\u00e9s, des plages de sable ou des chemins enneig\u00e9s, ce v\u00e9lo \u00e9lectrique \u00e0 pneus larges offre stabilit\u00e9, adh\u00e9rence et puissance \u00e0 chaque sortie. \u00c9quip\u00e9 d'un <strong>Moteur arri\u00e8re Bafang 36V 250W<\/strong> et un <strong>Batterie 36V 10.4Ah<\/strong>, Il offre un \u00e9quilibre parfait entre performance et efficacit\u00e9 pour les trajets quotidiens et les aventures du week-end.<\/p>\n<p>Le fort <strong>Cadre en alliage d'aluminium 6061<\/strong> est associ\u00e9 \u00e0 une fourche en acier durable, qui vous donne confiance sur les terrains accident\u00e9s. Large <strong>Pneus larges Chaoyang 26\u00d74.0<\/strong> am\u00e9liorent la traction et absorbent les chocs, garantissant le confort sur n'importe quelle surface. Avec <strong>Pignons Shimano \u00e0 8 vitesses<\/strong>, Gr\u00e2ce \u00e0 ce syst\u00e8me, les conducteurs peuvent facilement s'adapter aux routes plates de la ville ou aux mont\u00e9es abruptes du hors-piste. La puissance de freinage est assur\u00e9e par <strong>Freins \u00e0 disque m\u00e9caniques Zoom<\/strong>, Le syst\u00e8me de contr\u00f4le de l'eau permet un contr\u00f4le constant dans toutes les conditions m\u00e9t\u00e9orologiques.<\/p>\n<p>Pour plus de commodit\u00e9, le <strong>\u00c9cran LCD<\/strong> vous informe de la vitesse, de la distance et de l'autonomie de la batterie, ce qui facilite la planification de vos sorties. Que vous soyez un navetteur, un explorateur ou un guerrier du week-end, le Velopro M800E est votre partenaire fiable pour les aventures tout-terrain.<\/p>\n<h3>Sp\u00e9cifications<\/h3>\n<table border=\"1\" cellspacing=\"0\" cellpadding=\"6\">\n<tbody>\n<tr>\n<th>Fonctionnalit\u00e9<\/th>\n<th>D\u00e9tails<\/th>\n<\/tr>\n<tr>\n<td>Cadre<\/td>\n<td>Alliage d'aluminium 6061, 26 x 457mm<\/td>\n<\/tr>\n<tr>\n<td>Fourchette<\/td>\n<td>Fourche en acier de 26 pouces<\/td>\n<\/tr>\n<tr>\n<td>D\u00e9railleur<\/td>\n<td>Shimano 8 vitesses<\/td>\n<\/tr>\n<tr>\n<td>Freins<\/td>\n<td>Freins \u00e0 disques m\u00e9caniques Zoom<\/td>\n<\/tr>\n<tr>\n<td>Pneus<\/td>\n<td>Chaoyang 26\u201d x 4.0\u201d Fat Tires<\/td>\n<\/tr>\n<tr>\n<td>Affichage<\/td>\n<td>\u00c9cran LCD<\/td>\n<\/tr>\n<tr>\n<td>Moteur<\/td>\n<td>Moteur moyeu arri\u00e8re 36V 250W<\/td>\n<\/tr>\n<tr>\n<td>Batterie<\/td>\n<td>Batterie au lithium 36V 10.4Ah<\/td>\n<\/tr>\n<\/tbody>\n<\/table>","protected":false},"excerpt":{"rendered":"<p>Partez \u00e0 la conqu\u00eate de tous les sentiers avec le v\u00e9lo \u00e9lectrique tout-terrain Velopro M800E. Dot\u00e9 d'un cadre en aluminium l\u00e9ger, de gros pneus de 26 x 4,0 pouces et d'une transmission Shimano \u00e0 8 vitesses, ce v\u00e9lo \u00e9lectrique puissant, con\u00e7u pour les d\u00e9placements quotidiens et l'aventure, allie confort, contr\u00f4le et endurance pour les cyclistes qui aiment les activit\u00e9s de plein air.<\/p>","protected":false},"featured_media":2625,"comment_status":"open","ping_status":"closed","template":"","meta":[],"product_brand":[35],"product_cat":[28,31,38],"product_tag":[],"class_list":{"0":"post-2624","1":"product","2":"type-product","3":"status-publish","4":"has-post-thumbnail","6":"product_brand-velopro","7":"product_cat-fat-tire-ebike","8":"product_cat-mountain-ebike","9":"product_cat-velopro-electric-bikes","11":"first","12":"instock","13":"shipping-taxable","14":"product-type-simple"},"_links":{"self":[{"href":"https:\/\/galaxybicycle.com\/fr\/wp-json\/wp\/v2\/product\/2624","targetHints":{"allow":["GET"]}}],"collection":[{"href":"https:\/\/galaxybicycle.com\/fr\/wp-json\/wp\/v2\/product"}],"about":[{"href":"https:\/\/galaxybicycle.com\/fr\/wp-json\/wp\/v2\/types\/product"}],"replies":[{"embeddable":true,"href":"https:\/\/galaxybicycle.com\/fr\/wp-json\/wp\/v2\/comments?post=2624"}],"wp:featuredmedia":[{"embeddable":true,"href":"https:\/\/galaxybicycle.com\/fr\/wp-json\/wp\/v2\/media\/2625"}],"wp:attachment":[{"href":"https:\/\/galaxybicycle.com\/fr\/wp-json\/wp\/v2\/media?parent=2624"}],"wp:term":[{"taxonomy":"product_brand","embeddable":true,"href":"https:\/\/galaxybicycle.com\/fr\/wp-json\/wp\/v2\/product_brand?post=2624"},{"taxonomy":"product_cat","embeddable":true,"href":"https:\/\/galaxybicycle.com\/fr\/wp-json\/wp\/v2\/product_cat?post=2624"},{"taxonomy":"product_tag","embeddable":true,"href":"https:\/\/galaxybicycle.com\/fr\/wp-json\/wp\/v2\/product_tag?post=2624"}],"curies":[{"name":"wp","href":"https:\/\/api.w.org\/{rel}","templated":true}]}}