{"id":2622,"date":"2025-08-18T03:38:58","date_gmt":"2025-08-18T03:38:58","guid":{"rendered":"http:\/\/galaxybicycle.com\/?post_type=product&#038;p=2622"},"modified":"2025-09-02T09:03:30","modified_gmt":"2025-09-02T09:03:30","slug":"m900e","status":"publish","type":"product","link":"https:\/\/galaxybicycle.com\/fr\/product\/m900e\/","title":{"rendered":"Velopro M900E Long-Range Commuter High-Step eBike | 27.5\u2033 Wheels, 10-Speed Shimano, Hydraulic Disc Brakes"},"content":{"rendered":"<p><strong>Velopro M900E Long-Range Commuter High-Step eBike<\/strong> est con\u00e7u pour vous offrir un m\u00e9lange parfait de puissance, de confort et de contr\u00f4le. Ses roues de 27,5 pouces avec pneus CST offrent une excellente stabilit\u00e9, tandis que la fourche \u00e0 suspension \u00e0 couronne en alliage Suntour adoucit les chemins accident\u00e9s. \u00c9quip\u00e9 d'un <strong>Moteur arri\u00e8re BAFANG 36V 250W<\/strong>, Il offre une assistance fiable qui permet de gravir les collines et de parcourir de longues distances sans effort.<\/p>\n<p>Ce v\u00e9lo \u00e9lectrique est aliment\u00e9 par un <strong>Batterie au lithium 36V 10.4Ah<\/strong> qui vous permet de tenir le coup pendant de longs trajets, r\u00e9duisant ainsi le besoin de recharges fr\u00e9quentes. Avec <strong>Transmission Shimano \u00e0 10 vitesses<\/strong>, Le syst\u00e8me de gestion de l'espace permet de s'adapter en douceur aux diff\u00e9rents terrains, qu'il s'agisse de rouler dans les rues de la ville ou d'emprunter des itin\u00e9raires vallonn\u00e9s. Les <strong>Freins \u00e0 disque hydrauliques Zoom<\/strong> garantissent une puissance de freinage s\u00fbre et r\u00e9active dans toutes les conditions.<\/p>\n<p>Que vous vous rendiez au travail, que vous fassiez vos courses ou que vous exploriez de nouveaux sentiers, le Velopro M900E est con\u00e7u pour vous accompagner dans chacun de vos d\u00e9placements avec confort, performance et fiabilit\u00e9.<\/p>\n<h3>Sp\u00e9cifications<\/h3>\n<table border=\"1\" cellspacing=\"0\" cellpadding=\"6\">\n<tbody>\n<tr>\n<th>Fonctionnalit\u00e9<\/th>\n<th>Sp\u00e9cifications<\/th>\n<\/tr>\n<tr>\n<td>Cadre<\/td>\n<td>AL, 6061#, 27.5*500MM<\/td>\n<\/tr>\n<tr>\n<td>Fourchette<\/td>\n<td>Fourche Suntour 27.5\u2033 Alloy Crown Suspension avec HLO<\/td>\n<\/tr>\n<tr>\n<td>D\u00e9railleur<\/td>\n<td>Shimano 10 vitesses<\/td>\n<\/tr>\n<tr>\n<td>Freins<\/td>\n<td>Freins \u00e0 disques hydrauliques Zoom<\/td>\n<\/tr>\n<tr>\n<td>Pneus<\/td>\n<td>CST 27.5\u2033 x 2.35<\/td>\n<\/tr>\n<tr>\n<td>Affichage<\/td>\n<td>LCD<\/td>\n<\/tr>\n<tr>\n<td>Moteur<\/td>\n<td>Moteur arri\u00e8re Bafang 36V*250W<\/td>\n<\/tr>\n<tr>\n<td>Batterie<\/td>\n<td>Batterie au lithium 36V*10.4Ah<\/td>\n<\/tr>\n<\/tbody>\n<\/table>","protected":false},"excerpt":{"rendered":"<p>Le Velopro M900E est con\u00e7u pour les cyclistes qui recherchent une conduite souple, puissante et efficace au quotidien. Avec un moteur arri\u00e8re Bafang, une batterie longue dur\u00e9e, des vitesses Shimano \u00e0 10 rapports et des freins \u00e0 disque hydrauliques, cet eBike est parfait pour les voyages longue distance et les trajets quotidiens.<\/p>","protected":false},"featured_media":2623,"comment_status":"open","ping_status":"closed","template":"","meta":[],"product_brand":[35],"product_cat":[27,31,38],"product_tag":[],"class_list":{"0":"post-2622","1":"product","2":"type-product","3":"status-publish","4":"has-post-thumbnail","6":"product_brand-velopro","7":"product_cat-city-ebike","8":"product_cat-mountain-ebike","9":"product_cat-velopro-electric-bikes","11":"first","12":"instock","13":"shipping-taxable","14":"product-type-simple"},"_links":{"self":[{"href":"https:\/\/galaxybicycle.com\/fr\/wp-json\/wp\/v2\/product\/2622","targetHints":{"allow":["GET"]}}],"collection":[{"href":"https:\/\/galaxybicycle.com\/fr\/wp-json\/wp\/v2\/product"}],"about":[{"href":"https:\/\/galaxybicycle.com\/fr\/wp-json\/wp\/v2\/types\/product"}],"replies":[{"embeddable":true,"href":"https:\/\/galaxybicycle.com\/fr\/wp-json\/wp\/v2\/comments?post=2622"}],"wp:featuredmedia":[{"embeddable":true,"href":"https:\/\/galaxybicycle.com\/fr\/wp-json\/wp\/v2\/media\/2623"}],"wp:attachment":[{"href":"https:\/\/galaxybicycle.com\/fr\/wp-json\/wp\/v2\/media?parent=2622"}],"wp:term":[{"taxonomy":"product_brand","embeddable":true,"href":"https:\/\/galaxybicycle.com\/fr\/wp-json\/wp\/v2\/product_brand?post=2622"},{"taxonomy":"product_cat","embeddable":true,"href":"https:\/\/galaxybicycle.com\/fr\/wp-json\/wp\/v2\/product_cat?post=2622"},{"taxonomy":"product_tag","embeddable":true,"href":"https:\/\/galaxybicycle.com\/fr\/wp-json\/wp\/v2\/product_tag?post=2622"}],"curies":[{"name":"wp","href":"https:\/\/api.w.org\/{rel}","templated":true}]}}