{"id":2620,"date":"2025-08-18T03:38:39","date_gmt":"2025-08-18T03:38:39","guid":{"rendered":"http:\/\/galaxybicycle.com\/?post_type=product&#038;p=2620"},"modified":"2025-09-03T09:30:25","modified_gmt":"2025-09-03T09:30:25","slug":"f030e","status":"publish","type":"product","link":"https:\/\/galaxybicycle.com\/fr\/product\/f030e\/","title":{"rendered":"Velopro F030E Folding Electric Bike | V\u00e9lo \u00e9lectrique compact, l\u00e9ger et urbain"},"content":{"rendered":"<p><strong>Velopro F030E V\u00e9lo \u00e9lectrique pliant<\/strong> est votre compagnon intelligent pour la vie urbaine moderne. Construit avec un cadre en acier solide et aliment\u00e9 par un moteur \u00e0 grande vitesse de 36V 250W, ce v\u00e9lo \u00e9lectrique est \u00e0 la fois fiable et \u00e9l\u00e9gant. Sa conception pliable permet de le ranger facilement \u00e0 la maison, au bureau ou m\u00eame dans le coffre de la voiture, ce qui est id\u00e9al pour les navetteurs et les voyageurs.<\/p>\n<p>Avec un <strong>Batterie 36V 7.8Ah<\/strong> en utilisant des cellules DMEGC de haute qualit\u00e9, vous pouvez profiter d'une gamme de produits de circonscription <strong>30-40KM<\/strong> en une seule charge. Le syst\u00e8me de charge efficace ne prend qu'environ 4 heures, ce qui vous permet d'\u00eatre pr\u00eat \u00e0 rouler en un rien de temps. Le syst\u00e8me de charge efficace ne prend que 4 heures environ. <strong>Shimano 7 vitesses<\/strong> vous permet de vous adapter \u00e0 diff\u00e9rents terrains, tandis que le <strong>freins \u00e0 disque m\u00e9caniques<\/strong> sur les deux roues garantissent une puissance de freinage s\u00fbre et r\u00e9active.<\/p>\n<p>Que vous vous rendiez au travail, fassiez vos courses ou exploriez de nouveaux endroits, le Velopro F030E est con\u00e7u pour vous offrir confort, style et praticit\u00e9. Il est \u00e9quip\u00e9 de <strong>feux avant et arri\u00e8re<\/strong>, Il s'agit donc d'un v\u00e9lo \u00e9lectrique enti\u00e8rement \u00e9quip\u00e9 pour un usage quotidien. Il s'agit d'un v\u00e9lo \u00e9lectrique complet pour un usage quotidien. <strong>Indice d'\u00e9tanch\u00e9it\u00e9 IP54<\/strong> et les p\u00e9dales pliables en semi-aluminium le rendent durable et facile \u00e0 utiliser dans toutes les conditions m\u00e9t\u00e9orologiques.<\/p>\n<h3>Sp\u00e9cifications<\/h3>\n<table border=\"1\" cellspacing=\"0\" cellpadding=\"6\">\n<tbody>\n<tr>\n<th>Classification<\/th>\n<th>Sp\u00e9cifications<\/th>\n<th>Param\u00e8tres<\/th>\n<\/tr>\n<tr>\n<td>Batterie<\/td>\n<td>36V7.8AH (DMEGC 30Cells)<\/td>\n<td>Port\u00e9e jusqu'\u00e0 30-40KM<\/td>\n<\/tr>\n<tr>\n<td>Moteur<\/td>\n<td>36V 250W Haute Vitesse<\/td>\n<td>Vitesse maximale 25KM\/H<\/td>\n<\/tr>\n<tr>\n<td>Modes de conduite<\/td>\n<td>PAS 3 Modes<\/td>\n<td>Pas d'acc\u00e9l\u00e9rateur<\/td>\n<\/tr>\n<tr>\n<td>Chargeur<\/td>\n<td>42V2A<\/td>\n<td>Temps de charge 4H<\/td>\n<\/tr>\n<tr>\n<td>Affichage<\/td>\n<td>\u00c9cran LCD<\/td>\n<td>Capteur de vitesse 12 vitesses<\/td>\n<\/tr>\n<tr>\n<td>Lumi\u00e8res<\/td>\n<td>Feux avant et arri\u00e8re<\/td>\n<td>Oui<\/td>\n<\/tr>\n<tr>\n<td>Cadre<\/td>\n<td>Acier de haute qualit\u00e9<\/td>\n<td>Cadre pliable<\/td>\n<\/tr>\n<tr>\n<td>Taille de la roue<\/td>\n<td>20*1.95\u2019\u2019<\/td>\n<td>Pneus Kenda<\/td>\n<\/tr>\n<tr>\n<td>Poids<\/td>\n<td>Net : 22KGS<\/td>\n<td>Brut : 29KGS<\/td>\n<\/tr>\n<tr>\n<td>Charge utile<\/td>\n<td>Capacit\u00e9 maximale<\/td>\n<td>150KGS<\/td>\n<\/tr>\n<tr>\n<td>Capacit\u00e9 de mont\u00e9e<\/td>\n<td>Gradient<\/td>\n<td>15\u00b0<\/td>\n<\/tr>\n<tr>\n<td>Transmission<\/td>\n<td>Shimano 7 vitesses<\/td>\n<td>Cha\u00eene 1\/2\u2033*3\/32\u2033*108L<\/td>\n<\/tr>\n<tr>\n<td>Freins<\/td>\n<td>Freins \u00e0 disques m\u00e9caniques<\/td>\n<td>Avant et arri\u00e8re<\/td>\n<\/tr>\n<tr>\n<td>Autres caract\u00e9ristiques<\/td>\n<td>Cloche, garde-boue, porte-bagages<\/td>\n<td>\u00c9tanch\u00e9it\u00e9 IP54<\/td>\n<\/tr>\n<tr>\n<td>Emballage<\/td>\n<td>95*41*69cm<\/td>\n<td>240 lots\/40HQ<\/td>\n<\/tr>\n<\/tbody>\n<\/table>\n<p><strong>Pourquoi choisir le Velopro F030E ?<\/strong><\/p>\n<ul>\n<li>L\u00e9ger et pliable, il est facile \u00e0 transporter et \u00e0 ranger.<\/li>\n<li>Batterie 36V fiable avec une autonomie de 30-40KM pour les trajets quotidiens.<\/li>\n<li>S\u00fbr et solide gr\u00e2ce aux freins \u00e0 disques m\u00e9caniques avant et arri\u00e8re.<\/li>\n<li>Enti\u00e8rement \u00e9quip\u00e9 de lumi\u00e8res, d'une cloche, d'un porte-bagages et de garde-boue.<\/li>\n<li>Syst\u00e8me de transmission Shimano \u00e0 7 vitesses pour des changements de vitesse en douceur sur tous les terrains.<\/li>\n<\/ul>\n<p>Faites passer votre exp\u00e9rience de conduite en ville au niveau sup\u00e9rieur avec le <strong>Velopro F030E V\u00e9lo \u00e9lectrique pliant<\/strong>-Un m\u00e9lange parfait de performance, de commodit\u00e9 et de style.<\/p>","protected":false},"excerpt":{"rendered":"<p>Le Velopro F030E est un v\u00e9lo \u00e9lectrique compact et pliable con\u00e7u pour les citadins qui recherchent la commodit\u00e9, la portabilit\u00e9 et la performance. Avec un moteur de 36V250W, 3 modes de conduite et un cadre en acier robuste, c'est le choix parfait pour les trajets quotidiens, les promenades de loisir ou les aventures du week-end.<\/p>","protected":false},"featured_media":2621,"comment_status":"open","ping_status":"closed","template":"","meta":[],"product_brand":[35],"product_cat":[27,32,38],"product_tag":[],"class_list":{"0":"post-2620","1":"product","2":"type-product","3":"status-publish","4":"has-post-thumbnail","6":"product_brand-velopro","7":"product_cat-city-ebike","8":"product_cat-foldable-ebike","9":"product_cat-velopro-electric-bikes","11":"first","12":"instock","13":"shipping-taxable","14":"product-type-simple"},"_links":{"self":[{"href":"https:\/\/galaxybicycle.com\/fr\/wp-json\/wp\/v2\/product\/2620","targetHints":{"allow":["GET"]}}],"collection":[{"href":"https:\/\/galaxybicycle.com\/fr\/wp-json\/wp\/v2\/product"}],"about":[{"href":"https:\/\/galaxybicycle.com\/fr\/wp-json\/wp\/v2\/types\/product"}],"replies":[{"embeddable":true,"href":"https:\/\/galaxybicycle.com\/fr\/wp-json\/wp\/v2\/comments?post=2620"}],"wp:featuredmedia":[{"embeddable":true,"href":"https:\/\/galaxybicycle.com\/fr\/wp-json\/wp\/v2\/media\/2621"}],"wp:attachment":[{"href":"https:\/\/galaxybicycle.com\/fr\/wp-json\/wp\/v2\/media?parent=2620"}],"wp:term":[{"taxonomy":"product_brand","embeddable":true,"href":"https:\/\/galaxybicycle.com\/fr\/wp-json\/wp\/v2\/product_brand?post=2620"},{"taxonomy":"product_cat","embeddable":true,"href":"https:\/\/galaxybicycle.com\/fr\/wp-json\/wp\/v2\/product_cat?post=2620"},{"taxonomy":"product_tag","embeddable":true,"href":"https:\/\/galaxybicycle.com\/fr\/wp-json\/wp\/v2\/product_tag?post=2620"}],"curies":[{"name":"wp","href":"https:\/\/api.w.org\/{rel}","templated":true}]}}