{"id":2596,"date":"2025-08-18T03:34:28","date_gmt":"2025-08-18T03:34:28","guid":{"rendered":"http:\/\/galaxybicycle.com\/?post_type=product&#038;p=2596"},"modified":"2025-09-02T09:17:25","modified_gmt":"2025-09-02T09:17:25","slug":"b100e","status":"publish","type":"product","link":"https:\/\/galaxybicycle.com\/fr\/product\/b100e\/","title":{"rendered":"Velopro B100E Urban Elegance City e-Bike | 500W Powerful Commuter Electric Bicycle"},"content":{"rendered":"<p>Le <strong>Velopro B100E Urban Elegance City e-Bike<\/strong> associe un design moderne \u00e0 des performances fiables, ce qui en fait le compagnon id\u00e9al des citadins. Qu'il s'agisse de se rendre au travail, de faire des courses ou d'explorer les rues de la ville, ce v\u00e9lo \u00e9lectrique garantit une conduite fluide et agr\u00e9able \u00e0 chaque fois.<\/p>\n<p>Construit avec un cadre en aluminium durable AL6061# et \u00e9quip\u00e9 d'un syst\u00e8me d'\u00e9clairage de l'int\u00e9rieur. <strong>Moteur arri\u00e8re Bafang 500W<\/strong>, Le Velopro B100E vous offre la puissance dont vous avez besoin pour acc\u00e9l\u00e9rer et grimper sans effort. Le <strong>D\u00e9railleur Shimano 7 vitesses<\/strong> permet un changement de vitesse souple, tandis que le <strong>Freins \u00e0 disque m\u00e9caniques Zoom<\/strong> offrent une puissance d'arr\u00eat s\u00fbre et r\u00e9active.<\/p>\n<p>Son <strong>26\u2033x4.0\u2033 Pneus larges Chaoyang<\/strong> offrent une stabilit\u00e9 et une adh\u00e9rence accrues, vous donnant confiance \u00e0 la fois sur les chauss\u00e9es lisses et sur les sentiers hors route. Le syst\u00e8me d'affichage facile \u00e0 lire <strong>\u00c9cran LCD<\/strong> vous informe de votre vitesse, de l'autonomie de la batterie et des statistiques de conduite, tandis que la batterie 36V 10,4Ah garantit une autonomie fiable pour les trajets quotidiens en ville.<\/p>\n<p>Avec son design \u00e9l\u00e9gant, ses fonctions pratiques et ses performances fiables, le Velopro B100E est plus qu'un simple v\u00e9lo \u00e9lectrique - c'est une fa\u00e7on plus intelligente, plus verte et plus \u00e9l\u00e9gante de se d\u00e9placer dans votre ville.<\/p>\n<h3>Sp\u00e9cifications<\/h3>\n<table border=\"1\" cellspacing=\"0\" cellpadding=\"8\">\n<tbody>\n<tr>\n<th>Fonctionnalit\u00e9<\/th>\n<th>D\u00e9tails<\/th>\n<\/tr>\n<tr>\n<td>Cadre<\/td>\n<td>AL,6061#, 26\u2033 x 440MM<\/td>\n<\/tr>\n<tr>\n<td>Fourchette<\/td>\n<td>26\u2033 Fourche en acier<\/td>\n<\/tr>\n<tr>\n<td>D\u00e9railleur<\/td>\n<td>Shimano 7 vitesses<\/td>\n<\/tr>\n<tr>\n<td>Freins<\/td>\n<td>Freins \u00e0 disques m\u00e9caniques Zoom<\/td>\n<\/tr>\n<tr>\n<td>Pneus<\/td>\n<td>Chaoyang 26\u2033 x 4.0\u2033 Fat Tires<\/td>\n<\/tr>\n<tr>\n<td>Affichage<\/td>\n<td>\u00c9cran LCD<\/td>\n<\/tr>\n<tr>\n<td>Moteur<\/td>\n<td>Moteur arri\u00e8re Bafang 48V 500W<\/td>\n<\/tr>\n<tr>\n<td>Batterie<\/td>\n<td>36V 10.4Ah (batterie chinoise)<\/td>\n<\/tr>\n<\/tbody>\n<\/table>","protected":false},"excerpt":{"rendered":"<p>Le Velopro B100E est un v\u00e9lo \u00e9lectrique urbain puissant et \u00e9l\u00e9gant, con\u00e7u pour les trajets urbains en douceur. \u00c9quip\u00e9 d'un moteur Bafang de 500W, de vitesses Shimano \u00e0 7 rapports et de gros pneus 26\u2033x4.0\u2033, il offre un m\u00e9lange parfait de confort, de contr\u00f4le et de performance pour les trajets quotidiens ou le cyclisme de loisir.<\/p>","protected":false},"featured_media":2597,"comment_status":"open","ping_status":"closed","template":"","meta":[],"product_brand":[35],"product_cat":[27,28,38],"product_tag":[],"class_list":{"0":"post-2596","1":"product","2":"type-product","3":"status-publish","4":"has-post-thumbnail","6":"product_brand-velopro","7":"product_cat-city-ebike","8":"product_cat-fat-tire-ebike","9":"product_cat-velopro-electric-bikes","11":"first","12":"instock","13":"shipping-taxable","14":"product-type-simple"},"_links":{"self":[{"href":"https:\/\/galaxybicycle.com\/fr\/wp-json\/wp\/v2\/product\/2596","targetHints":{"allow":["GET"]}}],"collection":[{"href":"https:\/\/galaxybicycle.com\/fr\/wp-json\/wp\/v2\/product"}],"about":[{"href":"https:\/\/galaxybicycle.com\/fr\/wp-json\/wp\/v2\/types\/product"}],"replies":[{"embeddable":true,"href":"https:\/\/galaxybicycle.com\/fr\/wp-json\/wp\/v2\/comments?post=2596"}],"wp:featuredmedia":[{"embeddable":true,"href":"https:\/\/galaxybicycle.com\/fr\/wp-json\/wp\/v2\/media\/2597"}],"wp:attachment":[{"href":"https:\/\/galaxybicycle.com\/fr\/wp-json\/wp\/v2\/media?parent=2596"}],"wp:term":[{"taxonomy":"product_brand","embeddable":true,"href":"https:\/\/galaxybicycle.com\/fr\/wp-json\/wp\/v2\/product_brand?post=2596"},{"taxonomy":"product_cat","embeddable":true,"href":"https:\/\/galaxybicycle.com\/fr\/wp-json\/wp\/v2\/product_cat?post=2596"},{"taxonomy":"product_tag","embeddable":true,"href":"https:\/\/galaxybicycle.com\/fr\/wp-json\/wp\/v2\/product_tag?post=2596"}],"curies":[{"name":"wp","href":"https:\/\/api.w.org\/{rel}","templated":true}]}}