{"id":2592,"date":"2025-08-18T03:33:41","date_gmt":"2025-08-18T03:33:41","guid":{"rendered":"http:\/\/galaxybicycle.com\/?post_type=product&#038;p=2592"},"modified":"2025-09-02T09:18:44","modified_gmt":"2025-09-02T09:18:44","slug":"b050e","status":"publish","type":"product","link":"https:\/\/galaxybicycle.com\/fr\/product\/b050e\/","title":{"rendered":"Velopro B050E Urban Elegance City e-Bike | Stylish 500W Commuter Electric Bicycle"},"content":{"rendered":"<p>Entrez dans l'avenir des d\u00e9placements en ville avec le <strong>Velopro B050E Urban Elegance City e-Bike<\/strong>. Construit avec un cadre AL6061 l\u00e9ger mais durable et aliment\u00e9 par un moteur robuste. <strong>Moteur arri\u00e8re 48V 500W Jiabo<\/strong>, Avec le Velopro B050E, ce v\u00e9lo \u00e9lectrique associe une conduite sans effort \u00e0 un style moderne. Que vous naviguiez dans des rues anim\u00e9es, que vous traversiez des parcs ou que vous vous rendiez au travail, le Velopro B050E vous garantit une exp\u00e9rience fluide et agr\u00e9able.<\/p>\n<p>\u00c9quip\u00e9 de <strong>Pignons Shimano \u00e0 7 vitesses<\/strong>, vous aurez la possibilit\u00e9 d'affronter diff\u00e9rents terrains avec aisance, tandis que la <strong>Freins \u00e0 disque m\u00e9caniques Zoom<\/strong> vous offrent la puissance de freinage n\u00e9cessaire pour des d\u00e9placements urbains en toute s\u00e9curit\u00e9. Les <strong>\u00c9cran LCD<\/strong> vous informe en un coup d'\u0153il de la vitesse, de la distance et de l'autonomie de la batterie. Avec son <strong>Batterie 48V 10.4Ah<\/strong>, Vous pouvez donc parcourir de plus longues distances en toute confiance sans craindre de manquer d'\u00e9nergie.<\/p>\n<p>\u00c9l\u00e9gant, fiable et efficace, le Velopro B050E est le choix id\u00e9al pour les explorateurs urbains, les navetteurs respectueux de l'environnement et tous ceux qui appr\u00e9cient les performances et l'\u00e9l\u00e9gance dans leurs d\u00e9placements quotidiens.<\/p>\n<h2>Sp\u00e9cifications<\/h2>\n<table border=\"1\" cellspacing=\"0\" cellpadding=\"6\">\n<tbody>\n<tr>\n<th>Fonctionnalit\u00e9<\/th>\n<th>D\u00e9tails<\/th>\n<\/tr>\n<tr>\n<td>Cadre<\/td>\n<td>AL,6061#, 26\u2033 x 483mm<\/td>\n<\/tr>\n<tr>\n<td>Fourchette<\/td>\n<td>26\u2033 Fourche normale en acier<\/td>\n<\/tr>\n<tr>\n<td>D\u00e9railleur<\/td>\n<td>Shimano 7 vitesses<\/td>\n<\/tr>\n<tr>\n<td>Freins<\/td>\n<td>Frein \u00e0 disque m\u00e9canique Zoom<\/td>\n<\/tr>\n<tr>\n<td>Pneus<\/td>\n<td>Wanda-Compass 26\u2033 x 2.0<\/td>\n<\/tr>\n<tr>\n<td>Affichage<\/td>\n<td>LCD<\/td>\n<\/tr>\n<tr>\n<td>Moteur<\/td>\n<td>Jiabo Moteur arri\u00e8re 48V 500W<\/td>\n<\/tr>\n<tr>\n<td>Batterie<\/td>\n<td>48V 10.4Ah (batterie chinoise)<\/td>\n<\/tr>\n<\/tbody>\n<\/table>","protected":false},"excerpt":{"rendered":"<p>Le Velopro B050E est un v\u00e9lo \u00e9lectrique urbain, \u00e9l\u00e9gant et puissant, con\u00e7u pour les trajets quotidiens et les balades du week-end. Dot\u00e9 d'un puissant moteur arri\u00e8re de 500 W, de vitesses fiables Shimano \u00e0 7 rapports et de freins \u00e0 disque durables, il offre confort, s\u00e9curit\u00e9 et style aux cyclistes qui recherchent \u00e0 la fois l'\u00e9l\u00e9gance et la performance.<\/p>","protected":false},"featured_media":2593,"comment_status":"open","ping_status":"closed","template":"","meta":[],"product_brand":[35],"product_cat":[27,38],"product_tag":[],"class_list":{"0":"post-2592","1":"product","2":"type-product","3":"status-publish","4":"has-post-thumbnail","6":"product_brand-velopro","7":"product_cat-city-ebike","8":"product_cat-velopro-electric-bikes","10":"first","11":"instock","12":"shipping-taxable","13":"product-type-simple"},"_links":{"self":[{"href":"https:\/\/galaxybicycle.com\/fr\/wp-json\/wp\/v2\/product\/2592","targetHints":{"allow":["GET"]}}],"collection":[{"href":"https:\/\/galaxybicycle.com\/fr\/wp-json\/wp\/v2\/product"}],"about":[{"href":"https:\/\/galaxybicycle.com\/fr\/wp-json\/wp\/v2\/types\/product"}],"replies":[{"embeddable":true,"href":"https:\/\/galaxybicycle.com\/fr\/wp-json\/wp\/v2\/comments?post=2592"}],"wp:featuredmedia":[{"embeddable":true,"href":"https:\/\/galaxybicycle.com\/fr\/wp-json\/wp\/v2\/media\/2593"}],"wp:attachment":[{"href":"https:\/\/galaxybicycle.com\/fr\/wp-json\/wp\/v2\/media?parent=2592"}],"wp:term":[{"taxonomy":"product_brand","embeddable":true,"href":"https:\/\/galaxybicycle.com\/fr\/wp-json\/wp\/v2\/product_brand?post=2592"},{"taxonomy":"product_cat","embeddable":true,"href":"https:\/\/galaxybicycle.com\/fr\/wp-json\/wp\/v2\/product_cat?post=2592"},{"taxonomy":"product_tag","embeddable":true,"href":"https:\/\/galaxybicycle.com\/fr\/wp-json\/wp\/v2\/product_tag?post=2592"}],"curies":[{"name":"wp","href":"https:\/\/api.w.org\/{rel}","templated":true}]}}