{"id":2543,"date":"2025-08-18T03:19:32","date_gmt":"2025-08-18T03:19:32","guid":{"rendered":"http:\/\/galaxybicycle.com\/?post_type=product&#038;p=2543"},"modified":"2025-09-03T09:30:02","modified_gmt":"2025-09-03T09:30:02","slug":"c800e","status":"publish","type":"product","link":"https:\/\/galaxybicycle.com\/fr\/product\/c800e\/","title":{"rendered":"Velopro C800E V\u00e9lo \u00e9lectrique - 500W 48V, 26\u00d73\u201d Fat Tires, 7-Speed Mountain E-Bike"},"content":{"rendered":"<p><strong>Velopro C800E V\u00e9lo \u00e9lectrique<\/strong> est con\u00e7u pour les cyclistes qui recherchent \u00e0 la fois l'aventure et la fiabilit\u00e9. Aliment\u00e9 par une batterie EVE de 48V 10,4Ah et un moteur haute vitesse de 500W, cet e-bike atteint des vitesses allant jusqu'\u00e0 <strong>32KM\/H (r\u00e9glable jusqu'\u00e0 45KM\/H)<\/strong> et propose une gamme d'\u00e9quitations <strong>40-50KM<\/strong>. Que vous vous d\u00e9placiez en ville ou que vous vous attaquiez \u00e0 des pistes tout-terrain, le C800E associe une technologie de pointe \u00e0 un design pratique.<\/p>\n<p>\u00c9quip\u00e9 de <strong>5 modes de conduite PAS<\/strong>, Avec ses freins \u00e0 disque m\u00e9caniques, sa fourche \u00e0 suspension avant et ses vitesses Shimano \u00e0 7 rapports, il garantit une exp\u00e9rience de conduite souple et contr\u00f4l\u00e9e. Le robuste <strong>Pneus Chaoyang 26\u00d73<\/strong> Les feux avant et arri\u00e8re, les garde-boue et le porte-bagages arri\u00e8re ajoutent \u00e0 la commodit\u00e9 de l'utilisation quotidienne. Con\u00e7u avec un <strong>cadre en alliage d'aluminium 6061<\/strong>, Il est l\u00e9ger mais suffisamment solide pour supporter une charge utile allant jusqu'\u00e0 150 kg.<\/p>\n<p>Le Velopro C800E n'est pas seulement performant, il a \u00e9t\u00e9 con\u00e7u dans un souci de confort et de praticit\u00e9. De son \u00e9cran LCD avec port USB, de son acc\u00e9l\u00e9rateur au pouce et de ses p\u00e9dales ergonomiques \u00e0 son \u00e9tanch\u00e9it\u00e9 IP54 et \u00e0 sa sonnerie m\u00e9canique, chaque d\u00e9tail est con\u00e7u pour une meilleure conduite. Parfait pour les cyclistes entre <strong>155-190cm<\/strong> Ce v\u00e9lo \u00e9lectrique est un partenaire fiable pour les trajets quotidiens, les loisirs et l'aventure.<\/p>\n<h3>Pourquoi choisir le Velopro C800E ?<\/h3>\n<ul>\n<li>Puissant <strong>Moteur 48V 500W<\/strong> pour une performance forte<\/li>\n<li>Longue dur\u00e9e <strong>Batterie 48V 10.4Ah<\/strong> avec une port\u00e9e de 40-50KM<\/li>\n<li><strong>Pneus larges 26\u00d73\u201d Chaoyang<\/strong> pour l'adh\u00e9rence et la stabilit\u00e9<\/li>\n<li><strong>Pignons Shimano \u00e0 7 vitesses<\/strong> pour une conduite polyvalente<\/li>\n<li><strong>Fourche \u00e0 suspension avant<\/strong> et freins \u00e0 disque pour la s\u00e9curit\u00e9<\/li>\n<li>\u00c9cran LCD avec port de charge USB<\/li>\n<li>Feux avant et arri\u00e8re, cloche, garde-boue et porte-bagages arri\u00e8re inclus<\/li>\n<li>Taille adapt\u00e9e aux cavaliers : convient pour <strong>155-190cm<\/strong><\/li>\n<\/ul>\n<h3>Sp\u00e9cifications<\/h3>\n<table border=\"1\" cellspacing=\"0\" cellpadding=\"6\">\n<tbody>\n<tr>\n<th>Cat\u00e9gorie<\/th>\n<th>Sp\u00e9cifications<\/th>\n<th>D\u00e9tails<\/th>\n<\/tr>\n<tr>\n<td>Batterie<\/td>\n<td>48V 10.4Ah<\/td>\n<td>Marque EVE, 40 cellules<\/td>\n<\/tr>\n<tr>\n<td>Moteur<\/td>\n<td>500W<\/td>\n<td>Moteur haute vitesse 48V<\/td>\n<\/tr>\n<tr>\n<td>Vitesse maximale<\/td>\n<td>32KM\/H<\/td>\n<td>R\u00e9glable jusqu'\u00e0 45KM\/H<\/td>\n<\/tr>\n<tr>\n<td>Gamme<\/td>\n<td>40-50KM<\/td>\n<td>Par charge<\/td>\n<\/tr>\n<tr>\n<td>PAS<\/td>\n<td>5 Modes<\/td>\n<td>Syst\u00e8me d'assistance au p\u00e9dalage<\/td>\n<\/tr>\n<tr>\n<td>Chargeur<\/td>\n<td>54,6V 2A<\/td>\n<td>Temps de charge : 5.2H<\/td>\n<\/tr>\n<tr>\n<td>Acc\u00e9l\u00e9rateur<\/td>\n<td>Accouplement par le pouce<\/td>\n<td>Oui<\/td>\n<\/tr>\n<tr>\n<td>Affichage<\/td>\n<td>\u00c9cran LCD<\/td>\n<td>Avec port USB<\/td>\n<\/tr>\n<tr>\n<td>Cadre<\/td>\n<td>Alliage d'aluminium 6061<\/td>\n<td>Durable et l\u00e9ger<\/td>\n<\/tr>\n<tr>\n<td>Taille de la roue<\/td>\n<td>26\u00d73\u201d<\/td>\n<td>Pneus Chaoyang<\/td>\n<\/tr>\n<tr>\n<td>Engrenages<\/td>\n<td>7 vitesses<\/td>\n<td>Shimano Shifter<\/td>\n<\/tr>\n<tr>\n<td>Freins<\/td>\n<td>Freins \u00e0 disque<\/td>\n<td>M\u00e9canique avant et arri\u00e8re<\/td>\n<\/tr>\n<tr>\n<td>Suspension<\/td>\n<td>Fourchette<\/td>\n<td>Avec suspension avant<\/td>\n<\/tr>\n<tr>\n<td>Accessoires<\/td>\n<td>Feux, garde-boue, cloche, porte-bagages arri\u00e8re<\/td>\n<td>Inclus<\/td>\n<\/tr>\n<tr>\n<td>Imperm\u00e9able \u00e0 l'eau<\/td>\n<td>IP54<\/td>\n<td>R\u00e9sistant \u00e0 la pluie<\/td>\n<\/tr>\n<tr>\n<td>Charge utile<\/td>\n<td>150KG<\/td>\n<td>Capacit\u00e9 de charge maximale<\/td>\n<\/tr>\n<tr>\n<td>Hauteur du cavalier<\/td>\n<td>155-190cm<\/td>\n<td>Recommand\u00e9<\/td>\n<\/tr>\n<tr>\n<td>Poids net<\/td>\n<td>32KG<\/td>\n<td>Poids brut : 39KG<\/td>\n<\/tr>\n<\/tbody>\n<\/table>","protected":false},"excerpt":{"rendered":"<p>D\u00e9couvrez les <strong>Velopro C800E<\/strong> - un v\u00e9lo \u00e9lectrique puissant et polyvalent con\u00e7u pour les trajets en ville, les sentiers de montagne et tout ce qui se trouve entre les deux. Avec un moteur de 500 W, une batterie de 48 V, des vitesses Shimano \u00e0 7 rapports et des pneus larges durables de 26\u00d73 pouces, ce v\u00e9lo \u00e9lectrique offre vitesse, robustesse et confort aux cyclistes de tous niveaux.<\/p>","protected":false},"featured_media":2544,"comment_status":"open","ping_status":"closed","template":"","meta":[],"product_brand":[35],"product_cat":[27,28,38],"product_tag":[],"class_list":{"0":"post-2543","1":"product","2":"type-product","3":"status-publish","4":"has-post-thumbnail","6":"product_brand-velopro","7":"product_cat-city-ebike","8":"product_cat-fat-tire-ebike","9":"product_cat-velopro-electric-bikes","11":"first","12":"instock","13":"shipping-taxable","14":"product-type-simple"},"_links":{"self":[{"href":"https:\/\/galaxybicycle.com\/fr\/wp-json\/wp\/v2\/product\/2543","targetHints":{"allow":["GET"]}}],"collection":[{"href":"https:\/\/galaxybicycle.com\/fr\/wp-json\/wp\/v2\/product"}],"about":[{"href":"https:\/\/galaxybicycle.com\/fr\/wp-json\/wp\/v2\/types\/product"}],"replies":[{"embeddable":true,"href":"https:\/\/galaxybicycle.com\/fr\/wp-json\/wp\/v2\/comments?post=2543"}],"wp:featuredmedia":[{"embeddable":true,"href":"https:\/\/galaxybicycle.com\/fr\/wp-json\/wp\/v2\/media\/2544"}],"wp:attachment":[{"href":"https:\/\/galaxybicycle.com\/fr\/wp-json\/wp\/v2\/media?parent=2543"}],"wp:term":[{"taxonomy":"product_brand","embeddable":true,"href":"https:\/\/galaxybicycle.com\/fr\/wp-json\/wp\/v2\/product_brand?post=2543"},{"taxonomy":"product_cat","embeddable":true,"href":"https:\/\/galaxybicycle.com\/fr\/wp-json\/wp\/v2\/product_cat?post=2543"},{"taxonomy":"product_tag","embeddable":true,"href":"https:\/\/galaxybicycle.com\/fr\/wp-json\/wp\/v2\/product_tag?post=2543"}],"curies":[{"name":"wp","href":"https:\/\/api.w.org\/{rel}","templated":true}]}}