{"id":2539,"date":"2025-08-18T03:18:01","date_gmt":"2025-08-18T03:18:01","guid":{"rendered":"http:\/\/galaxybicycle.com\/?post_type=product&#038;p=2539"},"modified":"2025-09-03T09:56:27","modified_gmt":"2025-09-03T09:56:27","slug":"x3","status":"publish","type":"product","link":"https:\/\/galaxybicycle.com\/fr\/product\/x3\/","title":{"rendered":"Velopro X3 V\u00e9lo \u00e9lectrique - Moteur arri\u00e8re 500W, batterie 48V, 20\u2033x4.0\u2033 Fat Tire E-Bike"},"content":{"rendered":"<p>Le <strong>Velopro X3 V\u00e9lo \u00e9lectrique<\/strong> allie robustesse, style et performance pour les cyclistes qui souhaitent un v\u00e9lo \u00e9lectrique polyvalent et fiable. \u00c9quip\u00e9 d'un <strong>Batterie au lithium 48V 10,4AH<\/strong> et un <strong>Moteur arri\u00e8re de 500W<\/strong>, Il offre une exp\u00e9rience de conduite souple et puissante, atteignant des vitesses allant jusqu'\u00e0 <strong>32KM\/H (r\u00e9glable jusqu'\u00e0 45KM\/H)<\/strong>. Avec une gamme de <strong>40-50KM<\/strong>, Ce v\u00e9lo est id\u00e9al pour les d\u00e9placements en ville, les aventures du week-end et les explorations en plein air.<\/p>\n<p>Son <strong>20\u2033x4.0\u2033 Pneus larges Chaoyang<\/strong> offrent une excellente adh\u00e9rence et une grande stabilit\u00e9 sur les routes, les graviers, le sable ou la neige. Les <strong>fourche suspendue \u00e0 deux \u00e9paules<\/strong> et <strong>Freins \u00e0 disque m\u00e9caniques Zoom<\/strong> assurent le confort et la s\u00e9curit\u00e9 m\u00eame sur les terrains accident\u00e9s. Les cyclistes peuvent facilement passer d'un mod\u00e8le \u00e0 l'autre. <strong>5 modes d'assistance au p\u00e9dalage<\/strong> et utiliser le <strong>acc\u00e9l\u00e9rateur rotatif<\/strong> pour un coup de pouce suppl\u00e9mentaire en cas de besoin.<\/p>\n<p>Le Velopro X3 est construit avec une solide <strong>Cadre en alliage d'aluminium 6061<\/strong>, Il est \u00e9quip\u00e9 d'un syst\u00e8me de transmission Shimano \u00e0 7 vitesses et de d\u00e9tails bien pens\u00e9s tels que des feux avant et arri\u00e8re, des garde-boue et une cloche m\u00e9canique. Son \u00e9tanch\u00e9it\u00e9 IP54 le rend fiable dans toutes les conditions m\u00e9t\u00e9orologiques, et les outils fournis permettent de l'assembler sans probl\u00e8me.<\/p>\n<p>Que vous vous rendiez au travail, que vous rouliez en ville ou que vous partiez \u00e0 la d\u00e9couverte de la nature, le Velopro X3 est votre compagnon id\u00e9al en termes de puissance, de durabilit\u00e9 et de style.<\/p>\n<h2>Sp\u00e9cifications<\/h2>\n<table border=\"1\" cellspacing=\"0\" cellpadding=\"5\">\n<tbody>\n<tr>\n<th>Classification<\/th>\n<th>Sp\u00e9cifications<\/th>\n<th>Param\u00e8tres<\/th>\n<\/tr>\n<tr>\n<td rowspan=\"10\">\u00c9lectronique<\/td>\n<td>Batterie<\/td>\n<td>48V*10.4AH<\/td>\n<\/tr>\n<tr>\n<td>Moteur<\/td>\n<td>Moteur arri\u00e8re 48V*500W<\/td>\n<\/tr>\n<tr>\n<td>Vitesse maximale<\/td>\n<td>32KM\/H (r\u00e9glable jusqu'\u00e0 45KM\/H)<\/td>\n<\/tr>\n<tr>\n<td>Gamme<\/td>\n<td>40-50KM<\/td>\n<\/tr>\n<tr>\n<td>PAS<\/td>\n<td>5 modes de conduite<\/td>\n<\/tr>\n<tr>\n<td>Chargeur<\/td>\n<td>54,6V 2A<\/td>\n<\/tr>\n<tr>\n<td>Temps de charge<\/td>\n<td>5.2H<\/td>\n<\/tr>\n<tr>\n<td>Acc\u00e9l\u00e9rateur<\/td>\n<td>Acc\u00e9l\u00e9rateur rotatif<\/td>\n<\/tr>\n<tr>\n<td>Affichage<\/td>\n<td>\u00c9cran LCD<\/td>\n<\/tr>\n<tr>\n<td>Capteur<\/td>\n<td>Capteur de vitesse 12 vitesses<\/td>\n<\/tr>\n<tr>\n<td colspan=\"2\">Lumi\u00e8res<\/td>\n<td>Avec feux avant et arri\u00e8re<\/td>\n<\/tr>\n<tr>\n<td rowspan=\"14\">Normes<\/td>\n<td>Mat\u00e9riau du cadre<\/td>\n<td>Alliage d'aluminium 6061<\/td>\n<\/tr>\n<tr>\n<td>Taille de la roue<\/td>\n<td>20\u2033*4.0\u2033<\/td>\n<\/tr>\n<tr>\n<td>Marque du pneu<\/td>\n<td>Chaoyang<\/td>\n<\/tr>\n<tr>\n<td>Poids net<\/td>\n<td>48.3KGS<\/td>\n<\/tr>\n<tr>\n<td>Poids brut<\/td>\n<td>55KGS<\/td>\n<\/tr>\n<tr>\n<td>Capacit\u00e9 de charge utile<\/td>\n<td>150KGS<\/td>\n<\/tr>\n<tr>\n<td>Capacit\u00e9 de mont\u00e9e<\/td>\n<td>15\u00b0<\/td>\n<\/tr>\n<tr>\n<td>Assemblage sans outil<\/td>\n<td>Outils inclus pour l'assemblage<\/td>\n<\/tr>\n<tr>\n<td>Cha\u00eene<\/td>\n<td>1\/2*3\/32 \u201dx118L<\/td>\n<\/tr>\n<tr>\n<td>P\u00e9dalier<\/td>\n<td>48T*152L<\/td>\n<\/tr>\n<tr>\n<td>D\u00e9fenses<\/td>\n<td>Avec garde-boue avant et arri\u00e8re<\/td>\n<\/tr>\n<tr>\n<td>Freins<\/td>\n<td>Frein \u00e0 disque m\u00e9canique Zoom<\/td>\n<\/tr>\n<tr>\n<td>Fourche avant<\/td>\n<td>Fourche \u00e0 suspension \u00e0 double \u00e9paulement<\/td>\n<\/tr>\n<tr>\n<td>Shifter (changement de vitesse)<\/td>\n<td>Shimano 7 vitesses<\/td>\n<\/tr>\n<tr>\n<td rowspan=\"7\">Autres<\/td>\n<td>P\u00e9dales<\/td>\n<td>P\u00e9dales en alliage d'aluminium<\/td>\n<\/tr>\n<tr>\n<td>Temp\u00e9rature<\/td>\n<td>-10~45\u2103<\/td>\n<\/tr>\n<tr>\n<td>Niveau d'\u00e9tanch\u00e9it\u00e9<\/td>\n<td>IP54<\/td>\n<\/tr>\n<tr>\n<td>Pliable<\/td>\n<td>Non<\/td>\n<\/tr>\n<tr>\n<td>Cloche\/Corne<\/td>\n<td>Cloche m\u00e9canique<\/td>\n<\/tr>\n<tr>\n<td>Porte-bagages arri\u00e8re<\/td>\n<td>Pas de porte-bagages arri\u00e8re<\/td>\n<\/tr>\n<tr>\n<td>Couleur<\/td>\n<td>Couleur personnalis\u00e9e<\/td>\n<\/tr>\n<tr>\n<td rowspan=\"4\">Taille<\/td>\n<td>Taille du cavalier<\/td>\n<td>155-190cm<\/td>\n<\/tr>\n<tr>\n<td>Taille de l'emballage<\/td>\n<td>151*27*73cm<\/td>\n<\/tr>\n<tr>\n<td>Taille du v\u00e9lo pli\u00e9<\/td>\n<td>D\u00e9pliable<\/td>\n<\/tr>\n<tr>\n<td>Qt\u00e9 pour 1*40HQ Container<\/td>\n<td>160PCS<\/td>\n<\/tr>\n<\/tbody>\n<\/table>","protected":false},"excerpt":{"rendered":"<p>Le Velopro X3 est un puissant v\u00e9lo \u00e9lectrique \u00e0 pneus larges con\u00e7u pour les trajets quotidiens et les randonn\u00e9es aventureuses. Avec un moteur arri\u00e8re de 500W, une batterie de 48V, des vitesses Shimano \u00e0 7 rapports et des pneus durables de 20\u2033x4.0\u2033, ce v\u00e9lo \u00e9lectrique est con\u00e7u pour le confort, le contr\u00f4le et la fiabilit\u00e9 sur tous les terrains.<\/p>","protected":false},"featured_media":2540,"comment_status":"open","ping_status":"closed","template":"","meta":[],"product_brand":[35],"product_cat":[27,28,38],"product_tag":[],"class_list":{"0":"post-2539","1":"product","2":"type-product","3":"status-publish","4":"has-post-thumbnail","6":"product_brand-velopro","7":"product_cat-city-ebike","8":"product_cat-fat-tire-ebike","9":"product_cat-velopro-electric-bikes","11":"first","12":"instock","13":"shipping-taxable","14":"purchasable","15":"product-type-simple"},"_links":{"self":[{"href":"https:\/\/galaxybicycle.com\/fr\/wp-json\/wp\/v2\/product\/2539","targetHints":{"allow":["GET"]}}],"collection":[{"href":"https:\/\/galaxybicycle.com\/fr\/wp-json\/wp\/v2\/product"}],"about":[{"href":"https:\/\/galaxybicycle.com\/fr\/wp-json\/wp\/v2\/types\/product"}],"replies":[{"embeddable":true,"href":"https:\/\/galaxybicycle.com\/fr\/wp-json\/wp\/v2\/comments?post=2539"}],"wp:featuredmedia":[{"embeddable":true,"href":"https:\/\/galaxybicycle.com\/fr\/wp-json\/wp\/v2\/media\/2540"}],"wp:attachment":[{"href":"https:\/\/galaxybicycle.com\/fr\/wp-json\/wp\/v2\/media?parent=2539"}],"wp:term":[{"taxonomy":"product_brand","embeddable":true,"href":"https:\/\/galaxybicycle.com\/fr\/wp-json\/wp\/v2\/product_brand?post=2539"},{"taxonomy":"product_cat","embeddable":true,"href":"https:\/\/galaxybicycle.com\/fr\/wp-json\/wp\/v2\/product_cat?post=2539"},{"taxonomy":"product_tag","embeddable":true,"href":"https:\/\/galaxybicycle.com\/fr\/wp-json\/wp\/v2\/product_tag?post=2539"}],"curies":[{"name":"wp","href":"https:\/\/api.w.org\/{rel}","templated":true}]}}