{"id":2533,"date":"2025-08-18T03:17:10","date_gmt":"2025-08-18T03:17:10","guid":{"rendered":"http:\/\/galaxybicycle.com\/?post_type=product&#038;p=2533"},"modified":"2025-09-02T09:37:44","modified_gmt":"2025-09-02T09:37:44","slug":"c300","status":"publish","type":"product","link":"https:\/\/galaxybicycle.com\/fr\/product\/c300\/","title":{"rendered":"Galaxy C300 Adult Bicycle | 26-Inch Alloy Frame Mountain Bike with Shimano 24-Speed &amp; Disc Brakes"},"content":{"rendered":"<p><strong>Galaxy C300 V\u00e9lo adulte<\/strong> combine durabilit\u00e9, confort et performance pour cr\u00e9er une exp\u00e9rience de conduite fluide pour les d\u00e9butants et les cyclistes exp\u00e9riment\u00e9s. Fabriqu\u00e9 avec un cadre en alliage AL 6061 de haute qualit\u00e9, ce v\u00e9lo est \u00e0 la fois solide et l\u00e9ger, ce qui le rend facile \u00e0 manier sur diff\u00e9rents terrains. La fourche \u00e0 suspension avant avec MLO et couronne en alliage absorbe les bosses et les chocs, garantissant une conduite stable et confortable m\u00eame sur les sentiers accident\u00e9s.<\/p>\n<p>\u00c9quip\u00e9 d'un <strong>Transmission Shimano 24 vitesses<\/strong> (3\u00d78), le Galaxy C300 vous offre une large gamme de vitesses pour conqu\u00e9rir les mont\u00e9es et rouler sur les plats avec facilit\u00e9. Le <strong>freins \u00e0 disque m\u00e9caniques<\/strong> assurent une puissance de freinage fiable dans toutes les conditions m\u00e9t\u00e9orologiques, tandis que les <strong>Pneus Kenda 26\u00d71.95<\/strong> offrent adh\u00e9rence, vitesse et \u00e9quilibre. Avec un p\u00e9dalier en alliage, des moyeux \u00e0 double roulement et une roue libre \u00e0 cassette, chaque composant est con\u00e7u pour des performances durables.<\/p>\n<p>Que vous alliez au travail, que vous fassiez de l'exercice ou que vous exploriez la nature, le Galaxy C300 est con\u00e7u pour s'adapter \u00e0 votre style de vie. Il s'agit d'un v\u00e9lo professionnel mais adapt\u00e9 aux d\u00e9butants, qui rend la pratique du v\u00e9lo plus agr\u00e9able, plus s\u00fbre et plus fiable.<\/p>\n<h3>Sp\u00e9cifications :<\/h3>\n<table border=\"1\" cellspacing=\"0\" cellpadding=\"6\">\n<tbody>\n<tr>\n<th>Fonctionnalit\u00e9<\/th>\n<th>D\u00e9tails<\/th>\n<\/tr>\n<tr>\n<td>Cadre<\/td>\n<td>Alliage AL 6061, 26\u2033.<\/td>\n<\/tr>\n<tr>\n<td>Fourchette<\/td>\n<td>26\u2033 Fourche \u00e0 suspension avec MLO, couronne en alliage<\/td>\n<\/tr>\n<tr>\n<td>D\u00e9railleur<\/td>\n<td>Shimano 3\u00d78 Speed (FDTY500\/RDTY300\/EF500)<\/td>\n<\/tr>\n<tr>\n<td>Roue libre<\/td>\n<td>Roue libre \u00e0 pignons multiples 8 vitesses<\/td>\n<\/tr>\n<tr>\n<td>Frein<\/td>\n<td>Frein \u00e0 disque m\u00e9canique<\/td>\n<\/tr>\n<tr>\n<td>Pneumatique<\/td>\n<td>Kenda 26\u2033 x 1.95<\/td>\n<\/tr>\n<tr>\n<td>Roue \u00e0 cha\u00eene<\/td>\n<td>Manivelle Prowheel Alloy<\/td>\n<\/tr>\n<tr>\n<td>Hub<\/td>\n<td>Double roulement en alliage, Cassette<\/td>\n<\/tr>\n<tr>\n<td>Mesures<\/td>\n<td>138 x 21 x 76 cm<\/td>\n<\/tr>\n<\/tbody>\n<\/table>","protected":false},"excerpt":{"rendered":"<p>Le Galaxy C300 est un VTT adulte polyvalent de 26 pouces con\u00e7u pour l'aventure, le fitness et la conduite quotidienne. Construit avec un cadre en alliage l\u00e9ger, des vitesses Shimano 24 vitesses et des freins \u00e0 disque fiables, il est parfait pour affronter les rues de la ville, les sentiers et tout ce qui se trouve entre les deux.<\/p>","protected":false},"featured_media":2534,"comment_status":"open","ping_status":"closed","template":"","meta":[],"product_brand":[34],"product_cat":[37],"product_tag":[],"class_list":{"0":"post-2533","1":"product","2":"type-product","3":"status-publish","4":"has-post-thumbnail","6":"product_brand-galaxy","7":"product_cat-galaxy-bikes","9":"first","10":"instock","11":"shipping-taxable","12":"product-type-simple"},"_links":{"self":[{"href":"https:\/\/galaxybicycle.com\/fr\/wp-json\/wp\/v2\/product\/2533","targetHints":{"allow":["GET"]}}],"collection":[{"href":"https:\/\/galaxybicycle.com\/fr\/wp-json\/wp\/v2\/product"}],"about":[{"href":"https:\/\/galaxybicycle.com\/fr\/wp-json\/wp\/v2\/types\/product"}],"replies":[{"embeddable":true,"href":"https:\/\/galaxybicycle.com\/fr\/wp-json\/wp\/v2\/comments?post=2533"}],"wp:featuredmedia":[{"embeddable":true,"href":"https:\/\/galaxybicycle.com\/fr\/wp-json\/wp\/v2\/media\/2534"}],"wp:attachment":[{"href":"https:\/\/galaxybicycle.com\/fr\/wp-json\/wp\/v2\/media?parent=2533"}],"wp:term":[{"taxonomy":"product_brand","embeddable":true,"href":"https:\/\/galaxybicycle.com\/fr\/wp-json\/wp\/v2\/product_brand?post=2533"},{"taxonomy":"product_cat","embeddable":true,"href":"https:\/\/galaxybicycle.com\/fr\/wp-json\/wp\/v2\/product_cat?post=2533"},{"taxonomy":"product_tag","embeddable":true,"href":"https:\/\/galaxybicycle.com\/fr\/wp-json\/wp\/v2\/product_tag?post=2533"}],"curies":[{"name":"wp","href":"https:\/\/api.w.org\/{rel}","templated":true}]}}