{"id":2527,"date":"2025-08-18T03:15:45","date_gmt":"2025-08-18T03:15:45","guid":{"rendered":"http:\/\/galaxybicycle.com\/?post_type=product&#038;p=2527"},"modified":"2025-09-02T09:38:34","modified_gmt":"2025-09-02T09:38:34","slug":"c200-l","status":"publish","type":"product","link":"https:\/\/galaxybicycle.com\/fr\/product\/c200-l\/","title":{"rendered":"Galaxy C200-L Adult Bicycle | 26-Inch Lightweight Mountain Bike with Shimano 21-Speed"},"content":{"rendered":"<p><strong>V\u00e9lo adulte Galaxy C200-L<\/strong> offre l'\u00e9quilibre parfait entre durabilit\u00e9, performance et style pour les cyclistes quotidiens. Que vous rouliez dans les rues de la ville, exploriez des sentiers ou profitiez de balades d\u00e9contract\u00e9es le week-end, ce v\u00e9lo de 26 pouces vous offre la stabilit\u00e9 et l'efficacit\u00e9 dont vous avez besoin.<\/p>\n<p>Son <strong>Cadre en alliage d'aluminium 6061<\/strong> garantit une r\u00e9sistance l\u00e9g\u00e8re, tandis que le <strong>Fourche \u00e0 suspension de 26 pouces avec MLO (Mechanical Lock Out)<\/strong> absorbe les bosses et les chocs pour une conduite plus douce. \u00c9quip\u00e9 d'un <strong>Transmission Shimano 21 vitesses<\/strong>, vous pouvez facilement changer de vitesse pour affronter les mont\u00e9es ou profiter d'une conduite sans effort sur route plate.<\/p>\n<p>La s\u00e9curit\u00e9 et le contr\u00f4le ne sont jamais compromis, gr\u00e2ce au <strong>freins \u00e0 disque m\u00e9caniques<\/strong> qui offrent une puissance de freinage fiable sur sol sec comme sur sol mouill\u00e9. Associ\u00e9s \u00e0 <strong>Pneus CST 26\u00d71.95<\/strong> Avec son pignon et son moyeu en acier robuste, ce v\u00e9lo est con\u00e7u pour durer tout en vous garantissant une conduite agr\u00e9able et amusante.<\/p>\n<p>Que vous soyez d\u00e9butant ou cycliste chevronn\u00e9, le Galaxy C200-L est un compagnon fiable pour vos trajets quotidiens, vos s\u00e9ances de remise en forme ou vos explorations en plein air. \u00c9l\u00e9gant, pratique et performant, ce v\u00e9lo vous permettra d'am\u00e9liorer votre exp\u00e9rience cycliste.<\/p>\n<h2>Sp\u00e9cifications<\/h2>\n<table border=\"1\" cellspacing=\"0\" cellpadding=\"8\">\n<tbody>\n<tr>\n<th>Fonctionnalit\u00e9<\/th>\n<th>D\u00e9tails<\/th>\n<\/tr>\n<tr>\n<td>Cadre<\/td>\n<td>Alliage d'aluminium 6061, 26 pouces<\/td>\n<\/tr>\n<tr>\n<td>Fourchette<\/td>\n<td>Fourche suspendue 26\u2033 avec MLO<\/td>\n<\/tr>\n<tr>\n<td>D\u00e9railleur<\/td>\n<td>Shimano 3\u00d77 Speed (TZ500\/EF500)<\/td>\n<\/tr>\n<tr>\n<td>Roue libre<\/td>\n<td>Pignon \u00e0 roue libre multiple, 7 vitesses<\/td>\n<\/tr>\n<tr>\n<td>Frein<\/td>\n<td>Frein \u00e0 disque m\u00e9canique<\/td>\n<\/tr>\n<tr>\n<td>Pneumatique<\/td>\n<td>CST 26 po x 1,95<\/td>\n<\/tr>\n<tr>\n<td>Roue \u00e0 cha\u00eene<\/td>\n<td>Acier<\/td>\n<\/tr>\n<tr>\n<td>Hub<\/td>\n<td>Cassette \u00e0 roulements en acier<\/td>\n<\/tr>\n<tr>\n<td>Mesures<\/td>\n<td>136 x 21 x 76 cm<\/td>\n<\/tr>\n<\/tbody>\n<\/table>","protected":false},"excerpt":{"rendered":"<p>Roulez confortablement, en toute confiance et avec ma\u00eetrise sur le v\u00e9lo pour adulte Galaxy C200-L. Dot\u00e9 d'un cadre en aluminium l\u00e9ger, d'un syst\u00e8me de vitesses Shimano \u00e0 21 vitesses et de freins \u00e0 disque fiables, il est con\u00e7u pour les trajets quotidiens, les balades sportives et les aventures du week-end.<\/p>","protected":false},"featured_media":2528,"comment_status":"open","ping_status":"closed","template":"","meta":[],"product_brand":[34],"product_cat":[37],"product_tag":[],"class_list":{"0":"post-2527","1":"product","2":"type-product","3":"status-publish","4":"has-post-thumbnail","6":"product_brand-galaxy","7":"product_cat-galaxy-bikes","9":"first","10":"instock","11":"shipping-taxable","12":"product-type-simple"},"_links":{"self":[{"href":"https:\/\/galaxybicycle.com\/fr\/wp-json\/wp\/v2\/product\/2527","targetHints":{"allow":["GET"]}}],"collection":[{"href":"https:\/\/galaxybicycle.com\/fr\/wp-json\/wp\/v2\/product"}],"about":[{"href":"https:\/\/galaxybicycle.com\/fr\/wp-json\/wp\/v2\/types\/product"}],"replies":[{"embeddable":true,"href":"https:\/\/galaxybicycle.com\/fr\/wp-json\/wp\/v2\/comments?post=2527"}],"wp:featuredmedia":[{"embeddable":true,"href":"https:\/\/galaxybicycle.com\/fr\/wp-json\/wp\/v2\/media\/2528"}],"wp:attachment":[{"href":"https:\/\/galaxybicycle.com\/fr\/wp-json\/wp\/v2\/media?parent=2527"}],"wp:term":[{"taxonomy":"product_brand","embeddable":true,"href":"https:\/\/galaxybicycle.com\/fr\/wp-json\/wp\/v2\/product_brand?post=2527"},{"taxonomy":"product_cat","embeddable":true,"href":"https:\/\/galaxybicycle.com\/fr\/wp-json\/wp\/v2\/product_cat?post=2527"},{"taxonomy":"product_tag","embeddable":true,"href":"https:\/\/galaxybicycle.com\/fr\/wp-json\/wp\/v2\/product_tag?post=2527"}],"curies":[{"name":"wp","href":"https:\/\/api.w.org\/{rel}","templated":true}]}}