{"id":2525,"date":"2025-08-18T03:15:28","date_gmt":"2025-08-18T03:15:28","guid":{"rendered":"http:\/\/galaxybicycle.com\/?post_type=product&#038;p=2525"},"modified":"2025-09-02T09:38:57","modified_gmt":"2025-09-02T09:38:57","slug":"p9","status":"publish","type":"product","link":"https:\/\/galaxybicycle.com\/fr\/product\/p9\/","title":{"rendered":"Galaxy P9 Adult Bicycle | 27.5\u2033 Alloy Frame | Shimano CUES 18-Speed | Hydraulic Disc Brake"},"content":{"rendered":"<p><strong>Galaxy P9 Bicyclette Adulte<\/strong> est un v\u00e9lo polyvalent de haute qualit\u00e9, con\u00e7u pour le confort et le contr\u00f4le. Que vous exploriez la ville, que vous vous rendiez au travail ou que vous viviez des aventures en plein air, le P9 vous offre une conduite souple et fiable \u00e0 chaque fois.<\/p>\n<p>Avec son <strong>Cadre en alliage l\u00e9ger AL6061<\/strong> et <strong>Roues de 27,5 pouces<\/strong>, Ce v\u00e9lo offre un \u00e9quilibre parfait entre stabilit\u00e9 et agilit\u00e9. Les <strong>Transmission Shimano CUES \u00e0 2\u00d79 vitesses<\/strong> assure un changement de vitesse pr\u00e9cis, tandis que le <strong>Freins \u00e0 disque hydrauliques Shimano MT200<\/strong> La fourche \u00e0 suspension en alliage avec fonction de blocage offre une puissance de freinage puissante dans toutes les conditions m\u00e9t\u00e9orologiques. La fourche \u00e0 suspension en alliage avec fonction de blocage ajoute un confort suppl\u00e9mentaire sur les routes cahoteuses ou les sentiers.<\/p>\n<p>\u00c9quip\u00e9 de <strong>Pneus Kenda 27,5\u00d71,95 pouces<\/strong> pour une excellente traction et <strong>Moyeux \u00e0 double roulement en alliage Solon<\/strong> Le Galaxy P9 est un choix judicieux pour les cyclistes \u00e0 la recherche de performance et de fiabilit\u00e9. Ce v\u00e9lo est id\u00e9al pour les adultes qui recherchent la forme physique, les loisirs et l'aventure, le tout dans un ensemble \u00e9l\u00e9gant.<\/p>\n<h2>Sp\u00e9cifications<\/h2>\n<table border=\"1\" cellspacing=\"0\" cellpadding=\"6\">\n<tbody>\n<tr>\n<th>Fonctionnalit\u00e9<\/th>\n<th>Sp\u00e9cifications<\/th>\n<\/tr>\n<tr>\n<td>Cadre<\/td>\n<td>Alliage AL6061, 27,5\u2033.<\/td>\n<\/tr>\n<tr>\n<td>Fourchette<\/td>\n<td>Fourche \u00e0 suspension en alliage avec HLO, couronne en alliage, jambe ext\u00e9rieure en alliage<\/td>\n<\/tr>\n<tr>\n<td>D\u00e9railleur<\/td>\n<td>Shimano CUES 2\u00d79-Speed (U4000\/U4020\/U4000)<\/td>\n<\/tr>\n<tr>\n<td>Roue libre<\/td>\n<td>Cassette \u00e0 9 vitesses<\/td>\n<\/tr>\n<tr>\n<td>Frein<\/td>\n<td>Frein \u00e0 disque hydraulique Shimano MT200<\/td>\n<\/tr>\n<tr>\n<td>Pneumatique<\/td>\n<td>Kenda 27.5 x 1.95\u2033<\/td>\n<\/tr>\n<tr>\n<td>Roue \u00e0 cha\u00eene<\/td>\n<td>Manivelle en alliage<\/td>\n<\/tr>\n<tr>\n<td>Hub<\/td>\n<td>Solon Alloy Double Bearing, Cassette<\/td>\n<\/tr>\n<tr>\n<td>Mesures<\/td>\n<td>144 x 21 x 75 cm<\/td>\n<\/tr>\n<\/tbody>\n<\/table>\n<p><em>Roulez plus intelligemment, roulez plus fort, roulez avec le Galaxy P9.<\/em><\/p>","protected":false},"excerpt":{"rendered":"<p>Le v\u00e9lo Galaxy P9 pour adultes est con\u00e7u pour les cyclistes qui recherchent une maniabilit\u00e9 en douceur, des performances fiables et un style moderne. Dot\u00e9 d'un cadre en alliage l\u00e9ger, d'une transmission Shimano CUES 2\u00d79 vitesses et de freins \u00e0 disques hydrauliques Shimano MT200, ce v\u00e9lo de 27,5\u2033 est parfait pour les trajets en ville, les sentiers du week-end et le cyclisme de remise en forme.<\/p>","protected":false},"featured_media":2526,"comment_status":"open","ping_status":"closed","template":"","meta":[],"product_brand":[34],"product_cat":[37],"product_tag":[],"class_list":{"0":"post-2525","1":"product","2":"type-product","3":"status-publish","4":"has-post-thumbnail","6":"product_brand-galaxy","7":"product_cat-galaxy-bikes","9":"first","10":"instock","11":"shipping-taxable","12":"product-type-simple"},"_links":{"self":[{"href":"https:\/\/galaxybicycle.com\/fr\/wp-json\/wp\/v2\/product\/2525","targetHints":{"allow":["GET"]}}],"collection":[{"href":"https:\/\/galaxybicycle.com\/fr\/wp-json\/wp\/v2\/product"}],"about":[{"href":"https:\/\/galaxybicycle.com\/fr\/wp-json\/wp\/v2\/types\/product"}],"replies":[{"embeddable":true,"href":"https:\/\/galaxybicycle.com\/fr\/wp-json\/wp\/v2\/comments?post=2525"}],"wp:featuredmedia":[{"embeddable":true,"href":"https:\/\/galaxybicycle.com\/fr\/wp-json\/wp\/v2\/media\/2526"}],"wp:attachment":[{"href":"https:\/\/galaxybicycle.com\/fr\/wp-json\/wp\/v2\/media?parent=2525"}],"wp:term":[{"taxonomy":"product_brand","embeddable":true,"href":"https:\/\/galaxybicycle.com\/fr\/wp-json\/wp\/v2\/product_brand?post=2525"},{"taxonomy":"product_cat","embeddable":true,"href":"https:\/\/galaxybicycle.com\/fr\/wp-json\/wp\/v2\/product_cat?post=2525"},{"taxonomy":"product_tag","embeddable":true,"href":"https:\/\/galaxybicycle.com\/fr\/wp-json\/wp\/v2\/product_tag?post=2525"}],"curies":[{"name":"wp","href":"https:\/\/api.w.org\/{rel}","templated":true}]}}