{"id":2513,"date":"2025-08-18T03:13:15","date_gmt":"2025-08-18T03:13:15","guid":{"rendered":"http:\/\/galaxybicycle.com\/?post_type=product&#038;p=2513"},"modified":"2025-09-03T09:23:58","modified_gmt":"2025-09-03T09:23:58","slug":"c100","status":"publish","type":"product","link":"https:\/\/galaxybicycle.com\/fr\/product\/c100\/","title":{"rendered":"Velopro C100E V\u00e9lo \u00e9lectrique - 36V 250W V\u00e9lo \u00e9lectrique l\u00e9ger pour le transport urbain"},"content":{"rendered":"<p><strong>Velopro C100E<\/strong> est con\u00e7u pour les conducteurs qui recherchent un \u00e9quilibre parfait entre performance, confort et praticit\u00e9. Avec ses <strong>Moteur \u00e0 grande vitesse 36V 250W<\/strong> et un <strong>Batterie DMEGC 36V 8,7AH<\/strong>, Il fournit une puissance fiable pour les trajets quotidiens ou les promenades d\u00e9contract\u00e9es. Profitez de vitesses r\u00e9glables jusqu'\u00e0 <strong>28MPH<\/strong> et une s\u00e9rie de <strong>35-40 km<\/strong> sur une seule charge, ce qui le rend id\u00e9al pour les rues de la ville et les sentiers l\u00e9gers.<\/p>\n<p>Ce v\u00e9lo \u00e9lectrique est livr\u00e9 avec <strong>Pignons Shimano \u00e0 7 vitesses<\/strong>, une personne r\u00e9ceptive <strong>fourche suspendue<\/strong>et <strong>freins \u00e0 disque m\u00e9caniques<\/strong> pour une s\u00e9curit\u00e9 et un contr\u00f4le accrus. Le poids l\u00e9ger <strong>Cadre en alliage d'aluminium 6061<\/strong> garantit la durabilit\u00e9, tandis que le <strong>Pneus CST 700x40C<\/strong> offrent une conduite souple sur diff\u00e9rents terrains. Des caract\u00e9ristiques pratiques telles que <strong>ailes avant et arri\u00e8re<\/strong>, a <strong>porte-bagages arri\u00e8re<\/strong>, et un <strong>cloche m\u00e9canique<\/strong> font du C100E un choix polyvalent et convivial.<\/p>\n<p>Avec une gamme de hauteurs pour le cavalier de <strong>125-195 cm<\/strong> et une capacit\u00e9 de charge utile de <strong>150 kg<\/strong>, Le Velopro C100E est con\u00e7u pour s'adapter facilement \u00e0 diff\u00e9rents types de conducteurs. Son indice de r\u00e9sistance \u00e0 l'eau IP54 signifie que vous pouvez rouler en toute confiance sous une pluie l\u00e9g\u00e8re ou dans des conditions humides. Que vous naviguiez dans le trafic urbain ou que vous profitiez d'un week-end \u00e0 v\u00e9lo, le Velopro C100E est con\u00e7u pour vous permettre de vous d\u00e9placer avec style.<\/p>\n<h3>Caract\u00e9ristiques principales :<\/h3>\n<ul>\n<li>Puissant moteur \u00e0 grande vitesse de 36V 250W pour des d\u00e9placements efficaces<\/li>\n<li>Batterie DMEGC 36V 8,7AH avec une autonomie de 35-40 km<\/li>\n<li>Vitesse maximale r\u00e9glable jusqu'\u00e0 28MPH<\/li>\n<li>Bo\u00eete de vitesses Shimano \u00e0 7 rapports pour des changements de vitesse en douceur<\/li>\n<li>Fourche \u00e0 suspension et freins \u00e0 disque m\u00e9caniques pour le contr\u00f4le et la s\u00e9curit\u00e9<\/li>\n<li>Cadre l\u00e9ger en alliage d'aluminium 6061<\/li>\n<li>Caract\u00e9ristiques pratiques : porte-bagages, garde-boue et sonnette.<\/li>\n<li>Conception r\u00e9sistante \u00e0 l'eau (IP54) adapt\u00e9e \u00e0 une utilisation quotidienne<\/li>\n<\/ul>\n<h3>Sp\u00e9cifications<\/h3>\n<table border=\"1\" cellspacing=\"0\" cellpadding=\"5\">\n<tbody>\n<tr>\n<th>Cat\u00e9gorie<\/th>\n<th>Sp\u00e9cifications<\/th>\n<th>D\u00e9tails<\/th>\n<\/tr>\n<tr>\n<td>Batterie<\/td>\n<td>36V 8.7AH<\/td>\n<td>Marque DMEGC (30 cellules)<\/td>\n<\/tr>\n<tr>\n<td>Moteur<\/td>\n<td>36V 250W<\/td>\n<td>Moteur \u00e0 grande vitesse<\/td>\n<\/tr>\n<tr>\n<td>Vitesse maximale<\/td>\n<td>Jusqu'\u00e0 28MPH<\/td>\n<td>R\u00e9glable<\/td>\n<\/tr>\n<tr>\n<td>Gamme<\/td>\n<td>35-40 KM<\/td>\n<td>Par charge<\/td>\n<\/tr>\n<tr>\n<td>Modes de conduite<\/td>\n<td>5<\/td>\n<td>Modes PAS<\/td>\n<\/tr>\n<tr>\n<td>Chargeur<\/td>\n<td>42V 2A<\/td>\n<td>Temps de charge : 4,3 heures<\/td>\n<\/tr>\n<tr>\n<td>Affichage<\/td>\n<td>LCD<\/td>\n<td>Capteur de vitesse (12 vitesses)<\/td>\n<\/tr>\n<tr>\n<td>Cadre<\/td>\n<td>Alliage d'aluminium<\/td>\n<td>6061 Grade<\/td>\n<\/tr>\n<tr>\n<td>Taille de la roue<\/td>\n<td>700x40C<\/td>\n<td>Pneus CST<\/td>\n<\/tr>\n<tr>\n<td>Freins<\/td>\n<td>Disque m\u00e9canique<\/td>\n<td>Avant et arri\u00e8re<\/td>\n<\/tr>\n<tr>\n<td>Engrenages<\/td>\n<td>Shimano 7 vitesses<\/td>\n<td>36T*170 P\u00e9dalier<\/td>\n<\/tr>\n<tr>\n<td>Suspension<\/td>\n<td>Fourche avant<\/td>\n<td>Absorption des chocs<\/td>\n<\/tr>\n<tr>\n<td>Poids<\/td>\n<td>28 KG (net)<\/td>\n<td>35 KG (brut)<\/td>\n<\/tr>\n<tr>\n<td>Charge utile<\/td>\n<td>150 KG<\/td>\n<td>Capacit\u00e9 maximale<\/td>\n<\/tr>\n<tr>\n<td>Imperm\u00e9able \u00e0 l'eau<\/td>\n<td>IP54<\/td>\n<td>R\u00e9sistance \u00e0 la pluie l\u00e9g\u00e8re<\/td>\n<\/tr>\n<tr>\n<td>Caract\u00e9ristiques suppl\u00e9mentaires<\/td>\n<td>Porte-bagages arri\u00e8re, garde-boue, cloche<\/td>\n<td>Pratique pour les trajets domicile-travail<\/td>\n<\/tr>\n<\/tbody>\n<\/table>","protected":false},"excerpt":{"rendered":"<p>D\u00e9couvrez les <strong>Velopro C100E V\u00e9lo \u00e9lectrique<\/strong>, Ce v\u00e9lo \u00e9lectrique fiable et \u00e9l\u00e9gant a \u00e9t\u00e9 con\u00e7u pour les trajets en ville et les promenades du week-end. Dot\u00e9 d'un moteur haute vitesse de 36V 250W, d'un syst\u00e8me Shimano \u00e0 7 vitesses, d'une fourche \u00e0 suspension et d'un cadre robuste en alliage d'aluminium 6061, ce v\u00e9lo offre confort, puissance et durabilit\u00e9 dans un ensemble \u00e9l\u00e9gant.<\/p>","protected":false},"featured_media":2514,"comment_status":"open","ping_status":"closed","template":"","meta":[],"product_brand":[34],"product_cat":[37],"product_tag":[],"class_list":{"0":"post-2513","1":"product","2":"type-product","3":"status-publish","4":"has-post-thumbnail","6":"product_brand-galaxy","7":"product_cat-galaxy-bikes","9":"first","10":"instock","11":"shipping-taxable","12":"product-type-simple"},"_links":{"self":[{"href":"https:\/\/galaxybicycle.com\/fr\/wp-json\/wp\/v2\/product\/2513","targetHints":{"allow":["GET"]}}],"collection":[{"href":"https:\/\/galaxybicycle.com\/fr\/wp-json\/wp\/v2\/product"}],"about":[{"href":"https:\/\/galaxybicycle.com\/fr\/wp-json\/wp\/v2\/types\/product"}],"replies":[{"embeddable":true,"href":"https:\/\/galaxybicycle.com\/fr\/wp-json\/wp\/v2\/comments?post=2513"}],"wp:featuredmedia":[{"embeddable":true,"href":"https:\/\/galaxybicycle.com\/fr\/wp-json\/wp\/v2\/media\/2514"}],"wp:attachment":[{"href":"https:\/\/galaxybicycle.com\/fr\/wp-json\/wp\/v2\/media?parent=2513"}],"wp:term":[{"taxonomy":"product_brand","embeddable":true,"href":"https:\/\/galaxybicycle.com\/fr\/wp-json\/wp\/v2\/product_brand?post=2513"},{"taxonomy":"product_cat","embeddable":true,"href":"https:\/\/galaxybicycle.com\/fr\/wp-json\/wp\/v2\/product_cat?post=2513"},{"taxonomy":"product_tag","embeddable":true,"href":"https:\/\/galaxybicycle.com\/fr\/wp-json\/wp\/v2\/product_tag?post=2513"}],"curies":[{"name":"wp","href":"https:\/\/api.w.org\/{rel}","templated":true}]}}