{"id":2505,"date":"2025-08-18T03:10:21","date_gmt":"2025-08-18T03:10:21","guid":{"rendered":"http:\/\/galaxybicycle.com\/?post_type=product&#038;p=2505"},"modified":"2025-09-02T09:45:37","modified_gmt":"2025-09-02T09:45:37","slug":"gx9","status":"publish","type":"product","link":"https:\/\/galaxybicycle.com\/fr\/product\/gx9\/","title":{"rendered":"Galaxy GX9 Adult Bicycle | V\u00e9lo hybride route et gravier 700C l\u00e9ger"},"content":{"rendered":"<p><strong>Galaxy GX9 Bicyclette Adulte<\/strong> associe un design \u00e9l\u00e9gant \u00e0 des performances modernes pour vous offrir l'\u00e9quilibre parfait entre confort et vitesse. Fabriqu\u00e9 avec un cadre AL 6061# 700C durable et associ\u00e9 \u00e0 une fourche en alliage solide, ce v\u00e9lo offre stabilit\u00e9 et agilit\u00e9 pour les trajets quotidiens et les voyages au long cours. Que vous vous rendiez au travail, que vous profitiez d'une balade le week-end ou que vous exploriez de nouveaux sentiers, le GX9 s'adapte \u00e0 votre style de vie.<\/p>\n<p>\u00c9quip\u00e9 d'un <strong>Transmission \u00e0 9 vitesses L-TWOO GR5<\/strong>, Les changements de vitesse se font en douceur, ce qui vous permet d'aborder les routes plates, les mont\u00e9es et les descentes avec facilit\u00e9. Les <strong>Freins \u00e0 disques hydrauliques L-TWOO<\/strong> garantissent une puissance de freinage puissante et fiable dans toutes les conditions m\u00e9t\u00e9orologiques. Rouler sur <strong>Pneus CST 700x38C<\/strong>, Le GX9 offre adh\u00e9rence et confort sur de nombreux terrains, ce qui en fait un choix polyvalent pour les routes pav\u00e9es et les chemins de gravier.<\/p>\n<p>Con\u00e7ue pour les cyclistes qui appr\u00e9cient \u00e0 la fois les performances et le confort, la <strong>Galaxy GX9<\/strong> est un partenaire fiable pour les randonn\u00e9es de remise en forme, les d\u00e9placements urbains et les aventures en plein air.<\/p>\n<h3>Sp\u00e9cifications<\/h3>\n<table border=\"1\" cellspacing=\"0\" cellpadding=\"6\">\n<tbody>\n<tr>\n<th>Composant<\/th>\n<th>D\u00e9tails<\/th>\n<\/tr>\n<tr>\n<td>Cadre<\/td>\n<td>AL 6061#, 700C<\/td>\n<\/tr>\n<tr>\n<td>Fourchette<\/td>\n<td>AL 6061#, 700C avec tige en alliage<\/td>\n<\/tr>\n<tr>\n<td>D\u00e9railleur<\/td>\n<td>L-TWOO GR5, 9 vitesses<\/td>\n<\/tr>\n<tr>\n<td>Roue libre<\/td>\n<td>Cassette \u00e0 9 vitesses<\/td>\n<\/tr>\n<tr>\n<td>Freins<\/td>\n<td>L-TWOO Frein \u00e0 disque hydraulique<\/td>\n<\/tr>\n<tr>\n<td>Pneus<\/td>\n<td>CST 700\u00d738C<\/td>\n<\/tr>\n<tr>\n<td>Roue \u00e0 cha\u00eene<\/td>\n<td>SENICX Engrenage creux monobloc avec manivelle en alliage<\/td>\n<\/tr>\n<tr>\n<td>Hub<\/td>\n<td>SOLON Alliage Roulement double \u00e0 l'avant \/ Roulement quadruple \u00e0 l'arri\u00e8re, Cassette<\/td>\n<\/tr>\n<tr>\n<td>Dimensions<\/td>\n<td>150 \u00d7 33 \u00d7 73 cm<\/td>\n<\/tr>\n<\/tbody>\n<\/table>","protected":false},"excerpt":{"rendered":"<p>Le v\u00e9lo Galaxy GX9 pour adultes est con\u00e7u pour les cyclistes qui recherchent une exp\u00e9rience cycliste fluide, fiable et polyvalente. Avec son cadre AL 6061# l\u00e9ger, ses freins \u00e0 disque hydrauliques r\u00e9actifs et sa transmission \u00e0 9 vitesses, ce v\u00e9lo est parfait pour les trajets en ville, les aventures du week-end ou le fitness.<\/p>","protected":false},"featured_media":2506,"comment_status":"open","ping_status":"closed","template":"","meta":[],"product_brand":[34],"product_cat":[37],"product_tag":[],"class_list":{"0":"post-2505","1":"product","2":"type-product","3":"status-publish","4":"has-post-thumbnail","6":"product_brand-galaxy","7":"product_cat-galaxy-bikes","9":"first","10":"instock","11":"shipping-taxable","12":"product-type-simple"},"_links":{"self":[{"href":"https:\/\/galaxybicycle.com\/fr\/wp-json\/wp\/v2\/product\/2505","targetHints":{"allow":["GET"]}}],"collection":[{"href":"https:\/\/galaxybicycle.com\/fr\/wp-json\/wp\/v2\/product"}],"about":[{"href":"https:\/\/galaxybicycle.com\/fr\/wp-json\/wp\/v2\/types\/product"}],"replies":[{"embeddable":true,"href":"https:\/\/galaxybicycle.com\/fr\/wp-json\/wp\/v2\/comments?post=2505"}],"wp:featuredmedia":[{"embeddable":true,"href":"https:\/\/galaxybicycle.com\/fr\/wp-json\/wp\/v2\/media\/2506"}],"wp:attachment":[{"href":"https:\/\/galaxybicycle.com\/fr\/wp-json\/wp\/v2\/media?parent=2505"}],"wp:term":[{"taxonomy":"product_brand","embeddable":true,"href":"https:\/\/galaxybicycle.com\/fr\/wp-json\/wp\/v2\/product_brand?post=2505"},{"taxonomy":"product_cat","embeddable":true,"href":"https:\/\/galaxybicycle.com\/fr\/wp-json\/wp\/v2\/product_cat?post=2505"},{"taxonomy":"product_tag","embeddable":true,"href":"https:\/\/galaxybicycle.com\/fr\/wp-json\/wp\/v2\/product_tag?post=2505"}],"curies":[{"name":"wp","href":"https:\/\/api.w.org\/{rel}","templated":true}]}}