{"id":2385,"date":"2025-08-17T04:27:09","date_gmt":"2025-08-17T04:27:09","guid":{"rendered":"https:\/\/go.galaxybicycle.com\/?post_type=product&#038;p=2385"},"modified":"2025-09-03T09:37:44","modified_gmt":"2025-09-03T09:37:44","slug":"m750e","status":"publish","type":"product","link":"https:\/\/galaxybicycle.com\/fr\/product\/m750e\/","title":{"rendered":"Velopro F750E - V\u00e9lo \u00e9lectrique pliant - Moteur 500W Mid-Drive, capteur de couple, freins hydrauliques"},"content":{"rendered":"<p>D\u00e9couvrez les <strong>Velopro F750E V\u00e9lo \u00e9lectrique pliant<\/strong> - un \u00e9quilibre parfait entre la force, la technologie et la polyvalence.<br \/>\nCon\u00e7u avec un puissant <strong>Moteur 48V 500W<\/strong> et d'un <strong>Batterie EVE 48V 10,4AH<\/strong>, Il offre une conduite sans effort avec une vitesse de pointe de <strong>32KM\/H<\/strong> et une s\u00e9rie de <strong>35-45KM<\/strong> sur une seule charge.<br \/>\nLe <strong>capteur de couple<\/strong> assure une assistance naturelle \u00e0 la p\u00e9dale, tandis que <strong>freins \u00e0 disque hydrauliques<\/strong> offrent une puissance de freinage de premier ordre dans toutes les conditions.<br \/>\nSon <strong>20\u00d74\u2033 CST gros pneus<\/strong> et <strong>fourche suspendue<\/strong> le rendent adapt\u00e9 aux routes, aux sentiers et \u00e0 tout ce qui se trouve entre les deux.<br \/>\nLorsqu'il n'est pas utilis\u00e9, le F750E se replie pour un rangement facile, ce qui en fait un compagnon de voyage id\u00e9al pour les citadins et les explorateurs de plein air.<\/p>\n<p>Des caract\u00e9ristiques pratiques telles qu'un <strong>porte-bagages arri\u00e8re<\/strong>, <strong>feux avant et arri\u00e8re<\/strong>, <strong>Shimano 7 vitesses<\/strong>et <strong>\u00c9tanch\u00e9it\u00e9 IP54<\/strong> La F750E est un mod\u00e8le de commodit\u00e9 et de fiabilit\u00e9. Que ce soit pour des trajets en ville ou des aventures tout-terrain, le Velopro F750E garantit un mode d'exploration amusant, s\u00fbr et respectueux de l'environnement.<\/p>\n<h2>Sp\u00e9cifications<\/h2>\n<table border=\"1\" cellspacing=\"0\" cellpadding=\"6\">\n<tbody>\n<tr>\n<th>Classification<\/th>\n<th>Sp\u00e9cifications<\/th>\n<th>Param\u00e8tres<\/th>\n<\/tr>\n<tr>\n<td rowspan=\"10\">\u00c9lectronique<\/td>\n<td>Batterie<\/td>\n<td>48V 10.4AH (Cellules EVE)<\/td>\n<\/tr>\n<tr>\n<td>Moteur<\/td>\n<td>Moteur Mid-Drive 48V 500W<\/td>\n<\/tr>\n<tr>\n<td>Vitesse maximale<\/td>\n<td>32KM\/H<\/td>\n<\/tr>\n<tr>\n<td>Gamme<\/td>\n<td>35-45KM<\/td>\n<\/tr>\n<tr>\n<td>PAS<\/td>\n<td>5 modes de conduite<\/td>\n<\/tr>\n<tr>\n<td>Chargeur<\/td>\n<td>54,6V 2A<\/td>\n<\/tr>\n<tr>\n<td>Temps de charge<\/td>\n<td>5 heures<\/td>\n<\/tr>\n<tr>\n<td>Acc\u00e9l\u00e9rateur<\/td>\n<td>Acc\u00e9l\u00e9rateur rotatif<\/td>\n<\/tr>\n<tr>\n<td>Affichage<\/td>\n<td>\u00c9cran LCD<\/td>\n<\/tr>\n<tr>\n<td>Capteur<\/td>\n<td>Capteur de couple<\/td>\n<\/tr>\n<tr>\n<td rowspan=\"15\">Normes<\/td>\n<td>Mat\u00e9riau du cadre<\/td>\n<td>Alliage d'aluminium 6061<\/td>\n<\/tr>\n<tr>\n<td>Taille de la roue<\/td>\n<td>20\u00d74\u2019\u2019<\/td>\n<\/tr>\n<tr>\n<td>Marque du pneu<\/td>\n<td>CST<\/td>\n<\/tr>\n<tr>\n<td>Poids net<\/td>\n<td>31KG<\/td>\n<\/tr>\n<tr>\n<td>Poids brut<\/td>\n<td>40.8KG<\/td>\n<\/tr>\n<tr>\n<td>Capacit\u00e9 de charge utile<\/td>\n<td>150KG<\/td>\n<\/tr>\n<tr>\n<td>Capacit\u00e9 de mont\u00e9e<\/td>\n<td>15\u00b0<\/td>\n<\/tr>\n<tr>\n<td>Freins<\/td>\n<td>Freins \u00e0 disques hydrauliques (avant et arri\u00e8re)<\/td>\n<\/tr>\n<tr>\n<td>Fourche avant<\/td>\n<td>Fourche \u00e0 suspension<\/td>\n<\/tr>\n<tr>\n<td>Shifter (changement de vitesse)<\/td>\n<td>Shimano 7 vitesses<\/td>\n<\/tr>\n<tr>\n<td>D\u00e9fenses<\/td>\n<td>Inclus \u00e0 l'avant et \u00e0 l'arri\u00e8re<\/td>\n<\/tr>\n<tr>\n<td>Porte-bagages arri\u00e8re<\/td>\n<td>Oui<\/td>\n<\/tr>\n<tr>\n<td>Pliable<\/td>\n<td>Oui<\/td>\n<\/tr>\n<tr>\n<td>Niveau d'\u00e9tanch\u00e9it\u00e9<\/td>\n<td>IP54<\/td>\n<\/tr>\n<tr>\n<td>Couleur<\/td>\n<td>Personnalisable<\/td>\n<\/tr>\n<tr>\n<td rowspan=\"3\">Taille<\/td>\n<td>Taille du cavalier<\/td>\n<td>155-190cm<\/td>\n<\/tr>\n<tr>\n<td>Taille de l'emballage<\/td>\n<td>106\u00d748\u00d781cm<\/td>\n<\/tr>\n<tr>\n<td>Qt\u00e9 pour 1*40HQ Container<\/td>\n<td>180PCS<\/td>\n<\/tr>\n<\/tbody>\n<\/table>","protected":false},"excerpt":{"rendered":"<p>Le Velopro F750E est un v\u00e9lo \u00e9lectrique pliant haute performance con\u00e7u pour la puissance, le confort et la commodit\u00e9. Avec un moteur de 500W, un capteur de couple pour un p\u00e9dalage en douceur et des freins \u00e0 disque hydrauliques, ce v\u00e9lo \u00e9lectrique \u00e0 pneus larges est parfait pour les trajets en ville et les aventures en plein air.<\/p>","protected":false},"featured_media":2386,"comment_status":"open","ping_status":"closed","template":"","meta":[],"product_brand":[35],"product_cat":[27,28,38],"product_tag":[],"class_list":{"0":"post-2385","1":"product","2":"type-product","3":"status-publish","4":"has-post-thumbnail","6":"product_brand-velopro","7":"product_cat-city-ebike","8":"product_cat-fat-tire-ebike","9":"product_cat-velopro-electric-bikes","11":"first","12":"instock","13":"shipping-taxable","14":"product-type-simple"},"_links":{"self":[{"href":"https:\/\/galaxybicycle.com\/fr\/wp-json\/wp\/v2\/product\/2385","targetHints":{"allow":["GET"]}}],"collection":[{"href":"https:\/\/galaxybicycle.com\/fr\/wp-json\/wp\/v2\/product"}],"about":[{"href":"https:\/\/galaxybicycle.com\/fr\/wp-json\/wp\/v2\/types\/product"}],"replies":[{"embeddable":true,"href":"https:\/\/galaxybicycle.com\/fr\/wp-json\/wp\/v2\/comments?post=2385"}],"wp:featuredmedia":[{"embeddable":true,"href":"https:\/\/galaxybicycle.com\/fr\/wp-json\/wp\/v2\/media\/2386"}],"wp:attachment":[{"href":"https:\/\/galaxybicycle.com\/fr\/wp-json\/wp\/v2\/media?parent=2385"}],"wp:term":[{"taxonomy":"product_brand","embeddable":true,"href":"https:\/\/galaxybicycle.com\/fr\/wp-json\/wp\/v2\/product_brand?post=2385"},{"taxonomy":"product_cat","embeddable":true,"href":"https:\/\/galaxybicycle.com\/fr\/wp-json\/wp\/v2\/product_cat?post=2385"},{"taxonomy":"product_tag","embeddable":true,"href":"https:\/\/galaxybicycle.com\/fr\/wp-json\/wp\/v2\/product_tag?post=2385"}],"curies":[{"name":"wp","href":"https:\/\/api.w.org\/{rel}","templated":true}]}}