{"id":2372,"date":"2025-08-17T04:24:42","date_gmt":"2025-08-17T04:24:42","guid":{"rendered":"https:\/\/go.galaxybicycle.com\/?post_type=product&#038;p=2372"},"modified":"2025-09-02T10:20:05","modified_gmt":"2025-09-02T10:20:05","slug":"a7-promax","status":"publish","type":"product","link":"https:\/\/galaxybicycle.com\/fr\/product\/a7-promax\/","title":{"rendered":"Galaxy A7 PROMAX Adult Bike | 24-Speed Shimano Mountain Bicycle with Suspension Fork"},"content":{"rendered":"<p><b>Galaxy A7 PROMAX V\u00e9lo adulte<\/b> est con\u00e7u pour les cyclistes qui recherchent un v\u00e9lo de montagne de niveau professionnel, mais qui reste adapt\u00e9 aux d\u00e9butants et agr\u00e9able \u00e0 conduire. Que vous fassiez la navette en ville, que vous exploriez les sentiers naturels ou que vous vous promeniez le week-end, ce v\u00e9lo allie une conception durable \u00e0 un design moderne. <b>Cadre en alliage d'aluminium 6061<\/b> avec des <b>Engrenage Shimano \u00e0 24 vitesses<\/b> pour des performances fluides et fiables. Ses <b>fourche suspendue avec MLO<\/b> aide \u00e0 absorber les chocs, tandis que <b>Pneus Kenda K1153<\/b> vous permettent de rester stable sur diff\u00e9rentes surfaces.<\/p>\n<p>Con\u00e7u pour \u00eatre \u00e0 la fois confortable et durable, le A7 PROMAX pr\u00e9sente les caract\u00e9ristiques suivantes <b>freins \u00e0 disque m\u00e9caniques<\/b> pour une puissance d'arr\u00eat constante, <b>jantes en alliage \u00e0 double paroi avec flancs CNC<\/b> pour la force, et un <b>P\u00e9dalier en alliage Prowheel<\/b> avec prot\u00e8ge-cha\u00eene pour un p\u00e9dalage efficace. Ce v\u00e9lo pour adultes est con\u00e7u pour ceux qui appr\u00e9cient la pr\u00e9cision, le contr\u00f4le et le style \u00e0 chaque sortie.<\/p>\n<h3>Pourquoi choisir le Galaxy A7 PROMAX ?<\/h3>\n<ul>\n<li><b>Syst\u00e8me Shimano 24 vitesses<\/b> pour un changement de vitesse souple et pr\u00e9cis.<\/li>\n<li><b>Cadre l\u00e9ger en alliage 6061<\/b> construit pour \u00eatre solide et durable.<\/li>\n<li><b>Fourche suspendue avec MLO<\/b> pour absorber les chocs et am\u00e9liorer le confort.<\/li>\n<li><b>Freins \u00e0 disque m\u00e9caniques<\/b> pour une puissance de freinage fiable par tous les temps.<\/li>\n<li><b>Pneus Kenda K1153<\/b> pour une traction et un contr\u00f4le excellents.<\/li>\n<li><b>Moyeux en alliage \u00e0 double roulement<\/b> pour un roulement en douceur et des performances durables.<\/li>\n<\/ul>\n<h3>Sp\u00e9cifications<\/h3>\n<table border=\"1\" cellspacing=\"0\" cellpadding=\"6\">\n<tbody>\n<tr>\n<th>Fonctionnalit\u00e9<\/th>\n<th>D\u00e9tails<\/th>\n<\/tr>\n<tr>\n<td>Cadre<\/td>\n<td>AL, alliage 6061#<\/td>\n<\/tr>\n<tr>\n<td>Fourchette<\/td>\n<td>Fourche \u00e0 suspension avec MLO<\/td>\n<\/tr>\n<tr>\n<td>D\u00e9railleur<\/td>\n<td>Shimano 24SP FD-TZ500 \/ RD-TY300<\/td>\n<\/tr>\n<tr>\n<td>Shifter (changement de vitesse)<\/td>\n<td>Shimano 24SP STEF500 \/ STEF500<\/td>\n<\/tr>\n<tr>\n<td>Roue libre<\/td>\n<td>Shimano 8SP ACSHG2008232, Pignon de cassette<\/td>\n<\/tr>\n<tr>\n<td>Frein<\/td>\n<td>Frein \u00e0 disque m\u00e9canique<\/td>\n<\/tr>\n<tr>\n<td>Pneumatique<\/td>\n<td>Kenda K1153<\/td>\n<\/tr>\n<tr>\n<td>Roue \u00e0 cha\u00eene<\/td>\n<td>Prowheel 24\/34\/42T*170L, manivelle en alliage avec prot\u00e8ge-cha\u00eene<\/td>\n<\/tr>\n<tr>\n<td>Hub<\/td>\n<td>Alliage, doubles roulements avec QR, Cassette<\/td>\n<\/tr>\n<tr>\n<td>Jantes<\/td>\n<td>Alliage Double H=30mm avec CNC Side<\/td>\n<\/tr>\n<\/tbody>\n<\/table>","protected":false},"excerpt":{"rendered":"<p>Roulez en toute confiance sur la <b>Galaxy A7 PROMAX<\/b>, Le Shimano est un VTT adulte \u00e0 24 vitesses con\u00e7u pour des changements de vitesse en douceur, un contr\u00f4le solide et des aventures tout-terrain. Dot\u00e9 d'un cadre en alliage l\u00e9ger, d'une fourche \u00e0 suspension et de freins \u00e0 disque m\u00e9caniques fiables, il constitue le m\u00e9lange parfait de performances, de confort et de durabilit\u00e9.<\/p>","protected":false},"featured_media":2373,"comment_status":"open","ping_status":"closed","template":"","meta":[],"product_brand":[34],"product_cat":[15],"product_tag":[],"class_list":{"0":"post-2372","1":"product","2":"type-product","3":"status-publish","4":"has-post-thumbnail","6":"product_brand-galaxy","7":"product_cat-galaxybicycle","9":"first","10":"instock","11":"shipping-taxable","12":"product-type-simple"},"_links":{"self":[{"href":"https:\/\/galaxybicycle.com\/fr\/wp-json\/wp\/v2\/product\/2372","targetHints":{"allow":["GET"]}}],"collection":[{"href":"https:\/\/galaxybicycle.com\/fr\/wp-json\/wp\/v2\/product"}],"about":[{"href":"https:\/\/galaxybicycle.com\/fr\/wp-json\/wp\/v2\/types\/product"}],"replies":[{"embeddable":true,"href":"https:\/\/galaxybicycle.com\/fr\/wp-json\/wp\/v2\/comments?post=2372"}],"wp:featuredmedia":[{"embeddable":true,"href":"https:\/\/galaxybicycle.com\/fr\/wp-json\/wp\/v2\/media\/2373"}],"wp:attachment":[{"href":"https:\/\/galaxybicycle.com\/fr\/wp-json\/wp\/v2\/media?parent=2372"}],"wp:term":[{"taxonomy":"product_brand","embeddable":true,"href":"https:\/\/galaxybicycle.com\/fr\/wp-json\/wp\/v2\/product_brand?post=2372"},{"taxonomy":"product_cat","embeddable":true,"href":"https:\/\/galaxybicycle.com\/fr\/wp-json\/wp\/v2\/product_cat?post=2372"},{"taxonomy":"product_tag","embeddable":true,"href":"https:\/\/galaxybicycle.com\/fr\/wp-json\/wp\/v2\/product_tag?post=2372"}],"curies":[{"name":"wp","href":"https:\/\/api.w.org\/{rel}","templated":true}]}}