{"id":2370,"date":"2025-08-17T04:23:10","date_gmt":"2025-08-17T04:23:10","guid":{"rendered":"https:\/\/go.galaxybicycle.com\/?post_type=product&#038;p=2370"},"modified":"2025-09-02T10:20:54","modified_gmt":"2025-09-02T10:20:54","slug":"m60-promax","status":"publish","type":"product","link":"https:\/\/galaxybicycle.com\/fr\/product\/m60-promax\/","title":{"rendered":"Galaxy M60 PROMAX Mountain Bike Adult | 24-Speed Shimano Gears, Suspension Fork, Disc Brakes"},"content":{"rendered":"<p>Faites passer vos aventures cyclistes \u00e0 la vitesse sup\u00e9rieure avec le <strong>Galaxy M60 PROMAX V\u00e9lo adulte<\/strong>. Fabriqu\u00e9 avec pr\u00e9cision, ce v\u00e9lo allie un design moderne, des composants de qualit\u00e9 sup\u00e9rieure et des caract\u00e9ristiques conviviales pour l'utilisateur, afin de garantir une exp\u00e9rience fluide et agr\u00e9able \u00e0 chaque sortie. La finition sans soudure de son cadre en AL6061 lui conf\u00e8re un aspect \u00e9l\u00e9gant et professionnel, tout en le maintenant l\u00e9ger et durable.<\/p>\n<p>\u00c9quip\u00e9 d'un <strong>Fourche \u00e0 suspension avec MLO<\/strong>, Il absorbe les chocs sur les chemins accident\u00e9s, ce qui le rend parfait pour les routes de ville et les sentiers de montagne. Il est parfait pour les routes urbaines et les sentiers de montagne. <strong>Transmission Shimano 24 vitesses<\/strong> assure des transitions de vitesse en douceur, vous donnant le contr\u00f4le sur n'importe quel terrain. Que vous grimpiez des collines abruptes ou que vous rouliez sur des routes plates, le M60 PROMAX s'adapte avec facilit\u00e9.<\/p>\n<p>La s\u00e9curit\u00e9 et la fiabilit\u00e9 sont renforc\u00e9es par <strong>freins \u00e0 disque m\u00e9caniques<\/strong> qui offrent une grande puissance de freinage dans toutes les conditions. Les <strong>Pneus Kenda K1153<\/strong> offrent une excellente adh\u00e9rence et une grande stabilit\u00e9, tandis que les <strong>Jantes en alliage \u00e0 double paroi<\/strong> et <strong>moyeux en alliage \u00e0 double roulement<\/strong> garantissent des performances durables. Ce v\u00e9lo n'est pas seulement une question d'utilit\u00e9 - il s'agit de rendre chaque trajet excitant, confortable et inoubliable.<\/p>\n<h3>Sp\u00e9cifications<\/h3>\n<table border=\"1\" cellspacing=\"0\" cellpadding=\"6\">\n<tbody>\n<tr>\n<th>Composant<\/th>\n<th>Sp\u00e9cifications<\/th>\n<\/tr>\n<tr>\n<td>Cadre<\/td>\n<td>Cadre en alliage AL6061 avec finition du couvercle sans soudure<\/td>\n<\/tr>\n<tr>\n<td>Fourchette<\/td>\n<td>Fourche suspendue, couronne en alliage avec MLO<\/td>\n<\/tr>\n<tr>\n<td>D\u00e9railleur<\/td>\n<td>Shimano 24 vitesses FDTY500 \/ RDTY300<\/td>\n<\/tr>\n<tr>\n<td>Changeurs de vitesse<\/td>\n<td>Shimano 24 vitesses STEF500<\/td>\n<\/tr>\n<tr>\n<td>Roue libre<\/td>\n<td>Shimano 8-Speed ACSHG2008232 Cassette Pignon<\/td>\n<\/tr>\n<\/tbody>\n<\/table>","protected":false},"excerpt":{"rendered":"<p>Le Galaxy M60 PROMAX est un VTT adulte robuste et \u00e9l\u00e9gant construit avec un cadre AL6061 l\u00e9ger, une transmission Shimano 24 vitesses fiable et des freins \u00e0 disque r\u00e9actifs. Con\u00e7u pour les trajets quotidiens et les sentiers aventureux, il offre performance, confort et durabilit\u00e9 \u00e0 tous les cyclistes.<\/p>","protected":false},"featured_media":2371,"comment_status":"open","ping_status":"closed","template":"","meta":[],"product_brand":[34],"product_cat":[15],"product_tag":[],"class_list":{"0":"post-2370","1":"product","2":"type-product","3":"status-publish","4":"has-post-thumbnail","6":"product_brand-galaxy","7":"product_cat-galaxybicycle","9":"first","10":"instock","11":"shipping-taxable","12":"product-type-simple"},"_links":{"self":[{"href":"https:\/\/galaxybicycle.com\/fr\/wp-json\/wp\/v2\/product\/2370","targetHints":{"allow":["GET"]}}],"collection":[{"href":"https:\/\/galaxybicycle.com\/fr\/wp-json\/wp\/v2\/product"}],"about":[{"href":"https:\/\/galaxybicycle.com\/fr\/wp-json\/wp\/v2\/types\/product"}],"replies":[{"embeddable":true,"href":"https:\/\/galaxybicycle.com\/fr\/wp-json\/wp\/v2\/comments?post=2370"}],"wp:featuredmedia":[{"embeddable":true,"href":"https:\/\/galaxybicycle.com\/fr\/wp-json\/wp\/v2\/media\/2371"}],"wp:attachment":[{"href":"https:\/\/galaxybicycle.com\/fr\/wp-json\/wp\/v2\/media?parent=2370"}],"wp:term":[{"taxonomy":"product_brand","embeddable":true,"href":"https:\/\/galaxybicycle.com\/fr\/wp-json\/wp\/v2\/product_brand?post=2370"},{"taxonomy":"product_cat","embeddable":true,"href":"https:\/\/galaxybicycle.com\/fr\/wp-json\/wp\/v2\/product_cat?post=2370"},{"taxonomy":"product_tag","embeddable":true,"href":"https:\/\/galaxybicycle.com\/fr\/wp-json\/wp\/v2\/product_tag?post=2370"}],"curies":[{"name":"wp","href":"https:\/\/api.w.org\/{rel}","templated":true}]}}