{"id":2366,"date":"2025-08-17T04:21:26","date_gmt":"2025-08-17T04:21:26","guid":{"rendered":"https:\/\/go.galaxybicycle.com\/?post_type=product&#038;p=2366"},"modified":"2025-11-20T03:01:22","modified_gmt":"2025-11-20T03:01:22","slug":"rl380r","status":"publish","type":"product","link":"https:\/\/galaxybicycle.com\/fr\/product\/rl380r\/","title":{"rendered":"Galaxy RL380R Adult Bicycle | 21-Speed Shimano Road Bike with Alloy Frame"},"content":{"rendered":"<p><strong>Galaxy RL380R V\u00e9lo adulte<\/strong> est con\u00e7u pour vous donner confiance, vitesse et confort sur la route. Avec son cadre en aluminium AL6061 durable et sa fourche en acier de pr\u00e9cision, ce v\u00e9lo de route offre un \u00e9quilibre parfait entre robustesse et l\u00e9g\u00e8ret\u00e9.<\/p>\n<p>\u00c9quip\u00e9 d'un <strong>Transmission Shimano 21 vitesses Tourney<\/strong>, Avec la RL380R, les mont\u00e9es, les descentes et les trajets en plaine se font en douceur et avec efficacit\u00e9. La <strong>freins sur jante \u00e0 \u00e9trier<\/strong> assurent une puissance de freinage fiable, tandis que les <strong>Pneus Kenda K176 700x28C<\/strong> offrent une excellente traction et une grande efficacit\u00e9 de roulement pour les trajets en ville ou les balades du week-end.<\/p>\n<p>Les cyclistes appr\u00e9cieront \u00e9galement la <strong>moyeux en alliage \u00e0 double roulement avec blocage rapide<\/strong> et <strong>Jantes lat\u00e9rales CNC \u00e0 double paroi<\/strong>, Le Galaxy RL380R est un partenaire fiable pour les cyclistes, qu'il s'agisse de se rendre au travail ou de faire de l'exercice. Que vous vous rendiez au travail, que vous fassiez de l'exercice ou que vous profitiez d'une balade tranquille, le Galaxy RL380R est votre partenaire fiable.<\/p>\n<h3>Pourquoi choisir le Galaxy RL380R ?<\/h3>\n<ul>\n<li><strong>L\u00e9ger mais solide<\/strong> Cadre en aluminium AL6061 pour une manipulation plus ais\u00e9e.<\/li>\n<li><strong>Syst\u00e8me Shimano 21 vitesses<\/strong> pour une conduite polyvalente sur tous les terrains.<\/li>\n<li><strong>Confortable et efficace<\/strong> Pneus Kenda 700x28C pour une conduite sur route en douceur.<\/li>\n<li><strong>Un freinage fiable<\/strong> avec syst\u00e8me de freinage sur jante \u00e0 \u00e9trier.<\/li>\n<li><strong>Jantes en alliage \u00e0 double paroi durables<\/strong> avec des c\u00f4t\u00e9s CNC pour la solidit\u00e9 et la performance.<\/li>\n<\/ul>\n<h3>Sp\u00e9cifications<\/h3>\n<table border=\"1\" cellspacing=\"0\" cellpadding=\"8\">\n<tbody>\n<tr>\n<th>Fonctionnalit\u00e9<\/th>\n<th>D\u00e9tails<\/th>\n<\/tr>\n<tr>\n<td>Cadre<\/td>\n<td>Aluminium AL6061<\/td>\n<\/tr>\n<tr>\n<td>Fourchette<\/td>\n<td>Fourchette en acier<\/td>\n<\/tr>\n<tr>\n<td>D\u00e9railleur<\/td>\n<td>Shimano 21SP FD Tourney \/ RD Tourney<\/td>\n<\/tr>\n<tr>\n<td>Shifter (changement de vitesse)<\/td>\n<td>Shimano 21SP A050<\/td>\n<\/tr>\n<tr>\n<td>Roue libre<\/td>\n<td>7 vitesses 14-28T<\/td>\n<\/tr>\n<tr>\n<td>Frein<\/td>\n<td>Etrier de frein sur jante<\/td>\n<\/tr>\n<tr>\n<td>Pneus<\/td>\n<td>Kenda K176 700x28C<\/td>\n<\/tr>\n<tr>\n<td>Roue \u00e0 cha\u00eene<\/td>\n<td>Prowheel 24\/34\/42T*170L, manivelle en alliage avec prot\u00e8ge-cha\u00eene<\/td>\n<\/tr>\n<tr>\n<td>Hub<\/td>\n<td>Alliage, roulements doubles avec blocage rapide<\/td>\n<\/tr>\n<tr>\n<td>Jantes<\/td>\n<td>Double paroi en alliage H=30mm avec c\u00f4t\u00e9 CNC<\/td>\n<\/tr>\n<\/tbody>\n<\/table>","protected":false},"excerpt":{"rendered":"<p>Le Galaxy RL380R est un v\u00e9lo de route pour adultes \u00e9l\u00e9gant et fiable, con\u00e7u pour les randonn\u00e9es en douceur et le cyclisme de tous les jours. Dot\u00e9 d'un cadre l\u00e9ger en aluminium 6061, d'un syst\u00e8me de transmission Shimano 21 vitesses et de jantes \u00e9l\u00e9gantes en alliage \u00e0 double paroi, ce v\u00e9lo offre \u00e0 la fois performance et confort pour les d\u00e9butants et les cyclistes occasionnels.<\/p>","protected":false},"featured_media":2367,"comment_status":"open","ping_status":"closed","template":"","meta":[],"product_brand":[34],"product_cat":[15],"product_tag":[],"class_list":{"0":"post-2366","1":"product","2":"type-product","3":"status-publish","4":"has-post-thumbnail","6":"product_brand-galaxy","7":"product_cat-galaxybicycle","9":"first","10":"instock","11":"shipping-taxable","12":"product-type-simple"},"_links":{"self":[{"href":"https:\/\/galaxybicycle.com\/fr\/wp-json\/wp\/v2\/product\/2366","targetHints":{"allow":["GET"]}}],"collection":[{"href":"https:\/\/galaxybicycle.com\/fr\/wp-json\/wp\/v2\/product"}],"about":[{"href":"https:\/\/galaxybicycle.com\/fr\/wp-json\/wp\/v2\/types\/product"}],"replies":[{"embeddable":true,"href":"https:\/\/galaxybicycle.com\/fr\/wp-json\/wp\/v2\/comments?post=2366"}],"wp:featuredmedia":[{"embeddable":true,"href":"https:\/\/galaxybicycle.com\/fr\/wp-json\/wp\/v2\/media\/2367"}],"wp:attachment":[{"href":"https:\/\/galaxybicycle.com\/fr\/wp-json\/wp\/v2\/media?parent=2366"}],"wp:term":[{"taxonomy":"product_brand","embeddable":true,"href":"https:\/\/galaxybicycle.com\/fr\/wp-json\/wp\/v2\/product_brand?post=2366"},{"taxonomy":"product_cat","embeddable":true,"href":"https:\/\/galaxybicycle.com\/fr\/wp-json\/wp\/v2\/product_cat?post=2366"},{"taxonomy":"product_tag","embeddable":true,"href":"https:\/\/galaxybicycle.com\/fr\/wp-json\/wp\/v2\/product_tag?post=2366"}],"curies":[{"name":"wp","href":"https:\/\/api.w.org\/{rel}","templated":true}]}}