{"id":71,"date":"2025-08-15T02:35:46","date_gmt":"2025-08-15T02:35:46","guid":{"rendered":"http:\/\/galaxybicycle.com\/?page_id=12"},"modified":"2025-08-16T12:37:24","modified_gmt":"2025-08-16T12:37:24","slug":"refund_returns","status":"publish","type":"page","link":"https:\/\/galaxybicycle.com\/fr\/refund_returns\/","title":{"rendered":"Politique de remboursement et de retour"},"content":{"rendered":"<p><b>Ceci est une page d'exemple.<\/b><\/p>\n\n\n\n<h2 class=\"wp-block-heading\">Aper\u00e7u<\/h2>\n\n\n\n<p>Notre politique de remboursement et de retour est valable pendant 30 jours. Si 30 jours se sont \u00e9coul\u00e9s depuis votre achat, nous ne pouvons pas vous offrir un remboursement complet ou un \u00e9change.<\/p>\n\n\n\n<p>Pour pouvoir \u00eatre retourn\u00e9, votre article doit \u00eatre inutilis\u00e9 et dans le m\u00eame \u00e9tat que lorsque vous l'avez re\u00e7u. Il doit \u00e9galement \u00eatre dans son emballage d'origine.<\/p>\n\n\n\n<p>Plusieurs types de marchandises ne peuvent \u00eatre retourn\u00e9s. Les denr\u00e9es p\u00e9rissables telles que les aliments, les fleurs, les journaux ou les magazines ne peuvent \u00eatre retourn\u00e9es. Nous n'acceptons pas non plus les produits intimes ou hygi\u00e9niques, les mati\u00e8res dangereuses, les liquides ou gaz inflammables.<\/p>\n\n\n\n<p>Autres articles non retournables :<\/p>\n\n\n\n<ul class=\"wp-block-list\">\n<li>Cartes-cadeaux<\/li>\n<li>Logiciels t\u00e9l\u00e9chargeables<\/li>\n<li>Certains articles de sant\u00e9 et de soins personnels<\/li>\n<\/ul>\n\n\n\n<p>Pour effectuer votre retour, nous avons besoin d'un re\u00e7u ou d'une preuve d'achat.<\/p>\n\n\n\n<p>Veuillez ne pas renvoyer votre achat au fabricant.<\/p>\n\n\n\n<p>Dans certaines situations, seuls des remboursements partiels sont accord\u00e9s :<\/p>\n\n\n\n<ul class=\"wp-block-list\">\n<li>Livre pr\u00e9sentant des signes \u00e9vidents d'utilisation<\/li>\n<li>CD, DVD, cassette VHS, logiciel, jeu vid\u00e9o, cassette audio ou disque vinyle qui a \u00e9t\u00e9 ouvert.<\/li>\n<li>Tout article qui n'est pas dans son \u00e9tat d'origine, qui est endommag\u00e9 ou auquel il manque des pi\u00e8ces pour des raisons qui ne sont pas imputables \u00e0 notre erreur.<\/li>\n<li>Tout article retourn\u00e9 plus de 30 jours apr\u00e8s la livraison<\/li>\n<\/ul>\n\n\n\n<h2 class=\"wp-block-heading\">Remboursements<\/h2>\n\n\n\n<p>Une fois votre retour re\u00e7u et inspect\u00e9, nous vous enverrons un e-mail pour vous informer que nous avons bien re\u00e7u votre article retourn\u00e9. Nous vous informerons \u00e9galement de l'acceptation ou du refus de votre remboursement.<\/p>\n\n\n\n<p>Si votre demande est approuv\u00e9e, votre remboursement sera trait\u00e9 et un cr\u00e9dit sera automatiquement appliqu\u00e9 \u00e0 votre carte de cr\u00e9dit ou \u00e0 votre mode de paiement initial, dans un d\u00e9lai de quelques jours.<\/p>\n\n\n\n<h3 class=\"wp-block-heading\">Remboursements tardifs ou manquants<\/h3>\n\n\n\n<p>Si vous n'avez pas encore re\u00e7u votre remboursement, v\u00e9rifiez d'abord \u00e0 nouveau votre compte bancaire.<\/p>\n\n\n\n<p>Contactez ensuite votre soci\u00e9t\u00e9 de carte de cr\u00e9dit, car le remboursement peut prendre un certain temps avant d'appara\u00eetre officiellement.<\/p>\n\n\n\n<p>Contactez ensuite votre banque. Il faut souvent compter un certain d\u00e9lai avant que le remboursement ne soit effectif.<\/p>\n\n\n\n<p>Si vous avez suivi toutes ces \u00e9tapes et que vous n'avez toujours pas re\u00e7u votre remboursement, veuillez nous contacter \u00e0 l'adresse {adresse e-mail}.<\/p>\n\n\n\n<h3 class=\"wp-block-heading\">Articles en solde<\/h3>\n\n\n\n<p>Seuls les articles \u00e0 prix r\u00e9gulier peuvent \u00eatre rembours\u00e9s. Les articles en solde ne peuvent pas \u00eatre rembours\u00e9s.<\/p>\n\n\n\n<h2 class=\"wp-block-heading\">\u00c9changes<\/h2>\n\n\n\n<p>Nous ne rempla\u00e7ons les articles que s'ils sont d\u00e9fectueux ou endommag\u00e9s. Si vous souhaitez \u00e9changer un article contre un article identique, envoyez-nous un e-mail \u00e0 {adresse e-mail} et renvoyez votre article \u00e0 : {adresse postale}.<\/p>\n\n\n\n<h2 class=\"wp-block-heading\">Cadeaux<\/h2>\n\n\n\n<p>Si l'article a \u00e9t\u00e9 marqu\u00e9 comme cadeau lors de l'achat et vous a \u00e9t\u00e9 exp\u00e9di\u00e9 directement, vous recevrez un cr\u00e9dit cadeau correspondant \u00e0 la valeur de votre retour. Une fois l'article retourn\u00e9 re\u00e7u, un ch\u00e8que-cadeau vous sera envoy\u00e9 par la poste.<\/p>\n\n\n\n<p>Si l'article n'a pas \u00e9t\u00e9 marqu\u00e9 comme cadeau lors de l'achat, ou si le donateur s'est fait livrer la commande pour vous l'offrir plus tard, nous lui enverrons un remboursement et il sera inform\u00e9 de votre retour.<\/p>\n\n\n\n<h2 class=\"wp-block-heading\">Retours d'exp\u00e9dition<\/h2>\n\n\n\n<p>Pour retourner votre produit, vous devez l'envoyer par la poste \u00e0 l'adresse suivante : {adresse physique}.<\/p>\n\n\n\n<p>Les frais de retour sont \u00e0 votre charge. Les frais d'exp\u00e9dition ne sont pas remboursables. Si vous recevez un remboursement, les frais de retour seront d\u00e9duits de votre remboursement.<\/p>\n\n\n\n<p>Selon votre lieu de r\u00e9sidence, le d\u00e9lai de livraison de votre produit \u00e9chang\u00e9 peut varier.<\/p>\n\n\n\n<p>Si vous retournez des articles plus co\u00fbteux, vous pouvez envisager d'utiliser un service d'exp\u00e9dition tra\u00e7able ou de souscrire une assurance d'exp\u00e9dition. Nous ne garantissons pas que nous recevrons votre article retourn\u00e9.<\/p>\n\n\n\n<h2 class=\"wp-block-heading\">Besoin d'aide ?<\/h2>\n\n\n\n<p>Contactez-nous \u00e0 l'adresse {email} pour toute question relative aux remboursements et aux retours.<\/p>","protected":false},"excerpt":{"rendered":"<p>This is a sample page. Overview Our refund and returns policy lasts 30 days. If 30 days have passed since your purchase, we can\u2019t offer you a full refund or exchange. To be eligible for a return, your item must be unused and in the same condition that you received it. It must also be [&hellip;]<\/p>\n","protected":false},"author":1,"featured_media":0,"parent":0,"menu_order":0,"comment_status":"closed","ping_status":"closed","template":"","meta":{"footnotes":""},"class_list":["post-71","page","type-page","status-publish","hentry"],"_links":{"self":[{"href":"https:\/\/galaxybicycle.com\/fr\/wp-json\/wp\/v2\/pages\/71","targetHints":{"allow":["GET"]}}],"collection":[{"href":"https:\/\/galaxybicycle.com\/fr\/wp-json\/wp\/v2\/pages"}],"about":[{"href":"https:\/\/galaxybicycle.com\/fr\/wp-json\/wp\/v2\/types\/page"}],"author":[{"embeddable":true,"href":"https:\/\/galaxybicycle.com\/fr\/wp-json\/wp\/v2\/users\/1"}],"replies":[{"embeddable":true,"href":"https:\/\/galaxybicycle.com\/fr\/wp-json\/wp\/v2\/comments?post=71"}],"version-history":[{"count":1,"href":"https:\/\/galaxybicycle.com\/fr\/wp-json\/wp\/v2\/pages\/71\/revisions"}],"predecessor-version":[{"id":507,"href":"https:\/\/galaxybicycle.com\/fr\/wp-json\/wp\/v2\/pages\/71\/revisions\/507"}],"wp:attachment":[{"href":"https:\/\/galaxybicycle.com\/fr\/wp-json\/wp\/v2\/media?parent=71"}],"curies":[{"name":"wp","href":"https:\/\/api.w.org\/{rel}","templated":true}]}}