{"id":4017,"date":"2025-10-15T07:06:50","date_gmt":"2025-10-15T07:06:50","guid":{"rendered":"https:\/\/galaxybicycle.com\/?post_type=product&#038;p=4017"},"modified":"2026-01-09T10:03:03","modified_gmt":"2026-01-09T10:03:03","slug":"pixar-cruiser-electric-bike","status":"publish","type":"product","link":"https:\/\/galaxybicycle.com\/de\/product\/pixar-cruiser-electric-bike\/","title":{"rendered":"Pixar Cruiser Electric Bike - Stylisches City-E-Bike mit 120 km Reichweite"},"content":{"rendered":"<p>Das Pixar Cruiser Electric Bike wurde f\u00fcr Stadtentdecker entwickelt, die Komfort, Eleganz und Leistung in einem Paket w\u00fcnschen. Sein schlanker, niedriger Rahmen macht es einfach, aufzusteigen - sogar in Kleidern oder Freizeitkleidung. Ob Sie pendeln, einkaufen oder einfach nur zum Spa\u00df fahren, dieses E-Bike macht jede Fahrt zum Vergn\u00fcgen.<\/p>\n<h3>Wesentliche Merkmale<\/h3>\n<ul>\n<li><strong>Leistungsstarker 250-W-Motor:<\/strong> Der BLDC-Motor mit Au\u00dfenrotor von BAFANG bietet eine sanfte und effiziente Fahrt mit 5 Stufen der Tretunterst\u00fctzung (PAS), die sich an Ihre Stimmung und Ihr Terrain anpasst.<\/li>\n<li><strong>460Wh Samsung Akku:<\/strong> Ein 36 V, 12,8 Ah Samsung 21700 Akku sorgt f\u00fcr eine hervorragende Reichweite und Energiedichte. Dank des Schnellverschlusses l\u00e4sst er sich leicht entfernen und aufladen. Er ist nach IP65 wasserdicht und bietet zuverl\u00e4ssige Leistung bei unterschiedlichen Wetterbedingungen.<\/li>\n<li><strong>Leistung \u00fcber gro\u00dfe Entfernungen:<\/strong> Unter idealen Bedingungen k\u00f6nnen Sie mit niedrigen PAS-Stufen bis zu 120 km erreichen. Selbst bei h\u00f6heren Unterst\u00fctzungsstufen erreichen Sie immer noch eine ordentliche Reichweite. (Hinweis: Die tats\u00e4chliche Reichweite h\u00e4ngt vom Gewicht des Fahrers, dem Terrain, der Temperatur usw. ab).<\/li>\n<li><strong>Mechanische Scheibenbremsen:<\/strong> Die zuverl\u00e4ssige Bremskraft der mechanischen Scheibenbremsen vorne und hinten sorgt f\u00fcr Sicherheit unter allen Bedingungen.<\/li>\n<li><strong>7-Gang-Shimano-Getriebe:<\/strong> Mit der 7-Gang-Schaltung bew\u00e4ltigen Sie H\u00fcgel und Ebenen mit Leichtigkeit.<\/li>\n<li><strong>Komfort und Design:<\/strong> Mit seinem robusten Aluminiumrahmen (1000 MPa Druckguss), der elektrophoretischen Rostschutzbehandlung, dem niedrigen Rahmendesign und der Vorderradfederung ist der Cruiser stabil, langlebig und leicht zu fahren.<\/li>\n<li><strong>Fahrerinformationen auf einen Blick:<\/strong> Das eingebaute LCD-Display (wasserdicht nach IPX6) zeigt Geschwindigkeit, Akku, Leistung, Kilometerstand und mehr an.<\/li>\n<li><strong>Sicherheitsmerkmale:<\/strong> Reflektoren, robuste Reifen, ein R\u00fccklicht und eine pannensichere Konstruktion sorgen daf\u00fcr, dass Sie sicher und selbstbewusst unterwegs sind.<\/li>\n<\/ul>\n<h3>Bereich nach PAS-Stufe<\/h3>\n<p>Hier ein Leitfaden f\u00fcr die ungef\u00e4hre Reichweite und Durchschnittsgeschwindigkeit bei jeder PAS-Stufe (auf der Grundlage eines 80 kg schweren Fahrers auf flachen Stra\u00dfen bei 33 \u00b0C):<\/p>\n<ul>\n<li>PAS-1: ~10 km\/h, Reichweite bis zu 120 km<\/li>\n<li>PAS-2: ~14 km\/h, Reichweite ~98 km<\/li>\n<li>PAS-3: ~18 km\/h, Reichweite ~74 km<\/li>\n<li>PAS-4: ~22 km\/h, Reichweite ~62 km<\/li>\n<li>PAS-5: ~25 km\/h, Reichweite ~56 km<\/li>\n<\/ul>\n<h3>Spezifikationen<\/h3>\n<table border=\"1\" cellspacing=\"0\" cellpadding=\"6\">\n<thead>\n<tr>\n<th>Spezifikation<\/th>\n<th>Einzelheiten<\/th>\n<\/tr>\n<\/thead>\n<tbody>\n<tr>\n<td>Reichweite der Pedalunterst\u00fctzung<\/td>\n<td>Bis zu 120+ km<\/td>\n<\/tr>\n<tr>\n<td>Rein elektrischer Herd<\/td>\n<td>~58 km<\/td>\n<\/tr>\n<tr>\n<td>H\u00f6chstgeschwindigkeit<\/td>\n<td>25 km\/h<\/td>\n<\/tr>\n<tr>\n<td>Abmessungen (L \u00d7 B \u00d7 H)<\/td>\n<td>183 \u00d7 66 \u00d7 122 cm<\/td>\n<\/tr>\n<tr>\n<td>Maximale Belastung<\/td>\n<td>250 kg<\/td>\n<\/tr>\n<tr>\n<td>Nettogewicht (Fahrrad)<\/td>\n<td>29 kg<\/td>\n<\/tr>\n<tr>\n<td>Drehmoment<\/td>\n<td>45 N-m<\/td>\n<\/tr>\n<tr>\n<td>Batterie<\/td>\n<td>Samsung 36 V 12,8 Ah, IP65, CE zertifiziert<\/td>\n<\/tr>\n<tr>\n<td>Akku-Ladezeit<\/td>\n<td>4-5 Stunden<\/td>\n<\/tr>\n<tr>\n<td>Batterie Gewicht<\/td>\n<td>3,5 kg<\/td>\n<\/tr>\n<tr>\n<td>Rahmen<\/td>\n<td>Aluminiumlegierung, niedrigstufig, elektrophoretisch rostgesch\u00fctzt<\/td>\n<\/tr>\n<tr>\n<td>Vordere Aufh\u00e4ngung<\/td>\n<td>Einstellbare Sto\u00dfd\u00e4mpfer, 100 mm Federweg<\/td>\n<\/tr>\n<tr>\n<td>Lenker<\/td>\n<td>Riser-Lenker, Griffl\u00e4nge 104 mm, gesamt 66 cm<\/td>\n<\/tr>\n<tr>\n<td>Pedale<\/td>\n<td>9\/16\u2033 mit Reflektoren<\/td>\n<\/tr>\n<tr>\n<td>Kette &amp; Kurbelgarnitur<\/td>\n<td>1\/2\u2033 \u00d7 3\/32\u2033 \u00d7 118L Kette, 170 mm Kurbelarme, 48T Kettenblatt<\/td>\n<\/tr>\n<tr>\n<td>Motorleistung<\/td>\n<td>B\u00fcrstenloser Hinterradnabenmotor mit 250 W Spitzenleistung<\/td>\n<\/tr>\n<tr>\n<td>Pass-Stufen<\/td>\n<td>0 bis 5<\/td>\n<\/tr>\n<tr>\n<td>Drosselklappe<\/td>\n<td>Halbdrehung (optional Daumendr\u00fccker)<\/td>\n<\/tr>\n<tr>\n<td>Freilauf &amp; Zahnr\u00e4der<\/td>\n<td>Shimano 7-Gang, 14-28Z<\/td>\n<\/tr>\n<tr>\n<td>Ladeger\u00e4t<\/td>\n<td>2A intelligentes Ladeger\u00e4t, UL-zertifiziert<\/td>\n<\/tr>\n<tr>\n<td>Felgen &amp; Reifen<\/td>\n<td>27,5\u2033-Leichtmetallfelgen, 36H, CST-Reifen 27,5\u2033 \u00d7 2\u2033<\/td>\n<\/tr>\n<tr>\n<td>Bremsen &amp; Rotoren<\/td>\n<td>Mechanische Scheibenbremsen vorne und hinten, 180-mm-Rotoren<\/td>\n<\/tr>\n<tr>\n<td>St\u00e4nder<\/td>\n<td>Hochbelastbarer Aluminium-St\u00e4nder<\/td>\n<\/tr>\n<tr>\n<td>Geometrie (verschiedene)<\/td>\n<td>Bereich Sitzh\u00f6he: 73 cm max, 51 cm min<br \/>\nOberrohr: 61 cm<br \/>\nLenkerh\u00f6he: 122 cm insgesamt<br \/>\nRadstand: 110 cm<br \/>\nKettenstrebe: 46 cm<br \/>\nGep\u00e4cktr\u00e4ger hinten: 36\u2033 L\u00e4nge<\/td>\n<\/tr>\n<\/tbody>\n<\/table>\n<h3>Warum sollten Sie sich f\u00fcr den Pixar Cruiser entscheiden?<\/h3>\n<p>Der Pixar Cruiser ist Ihr perfekter Begleiter f\u00fcr die Stadt. Er bietet ein ausgewogenes Verh\u00e4ltnis zwischen St\u00e4rke, Komfort, Stil und Leistung. Sein niedrig gestufter Rahmen eignet sich f\u00fcr Fahrer aller K\u00f6rpergr\u00f6\u00dfen und Mobilit\u00e4tsgrade. Der BAFANG-Motor und der Samsung-Akku geben Ihnen das Vertrauen, weit zu fahren. Sicherheitsmerkmale wie Scheibenbremsen und Reflektoren sorgen f\u00fcr ein sicheres Gef\u00fchl. Und das schlanke Design bedeutet, dass Sie nicht zwischen Mode und Funktion w\u00e4hlen m\u00fcssen.<\/p>\n<h3>Tipps f\u00fcr die optimale Nutzung<\/h3>\n<ul>\n<li>Beginnen Sie auf flachem Terrain mit niedrigeren PAS-Stufen, um die Reichweite zu maximieren.<\/li>\n<li>Verwenden Sie an Steigungen oder beim Tragen schwerer Lasten eine h\u00f6here PAS- oder Gaspedalunterst\u00fctzung.<\/li>\n<li>Halten Sie Ihren Akku geladen und vermeiden Sie eine vollst\u00e4ndige Entladung, um die Lebensdauer zu verl\u00e4ngern.<\/li>\n<li>Pr\u00fcfen Sie regelm\u00e4\u00dfig den Reifendruck (z. B. 45 psi) und halten Sie die Scheibenbremsen f\u00fcr einen sicheren Halt ausgerichtet.<\/li>\n<li>Wenn Sie bei leichtem Regen unterwegs sind, sch\u00fctzt die Schutzart IP65 Ihre Batterie, aber vermeiden Sie starke Regeng\u00fcsse.<\/li>\n<\/ul>\n<p>Sind Sie bereit, die Stadt mit Stil zu durchqueren? Das Pixar Cruiser Electric Bike bietet Ihnen Kraft, Eleganz und Spa\u00df - fahren Sie jeden Tag mit dem Wind!<\/p>","protected":false},"excerpt":{"rendered":"<p>Lernen Sie Ihren neuen urbanen Begleiter kennen: das Pixar Cruiser Electric Bike. Mit einem 250-W-BAFANG-Motor, einem 460-Wh-Akku von Samsung und einer Reichweite von bis zu 120 km mit Tretunterst\u00fctzung kombiniert dieses E-Bike Stil, Komfort und Leistung f\u00fcr Ihre t\u00e4glichen Fahrten in der Stadt.<\/p>","protected":false},"featured_media":4018,"comment_status":"open","ping_status":"closed","template":"","meta":[],"product_brand":[36],"product_cat":[41,40],"product_tag":[],"class_list":{"0":"post-4017","1":"product","2":"type-product","3":"status-publish","4":"has-post-thumbnail","6":"product_brand-pixar","7":"product_cat-pixar-electric-bikes","8":"product_cat-eu-warehourse","10":"first","11":"instock","12":"shipping-taxable","13":"product-type-simple"},"_links":{"self":[{"href":"https:\/\/galaxybicycle.com\/de\/wp-json\/wp\/v2\/product\/4017","targetHints":{"allow":["GET"]}}],"collection":[{"href":"https:\/\/galaxybicycle.com\/de\/wp-json\/wp\/v2\/product"}],"about":[{"href":"https:\/\/galaxybicycle.com\/de\/wp-json\/wp\/v2\/types\/product"}],"replies":[{"embeddable":true,"href":"https:\/\/galaxybicycle.com\/de\/wp-json\/wp\/v2\/comments?post=4017"}],"wp:featuredmedia":[{"embeddable":true,"href":"https:\/\/galaxybicycle.com\/de\/wp-json\/wp\/v2\/media\/4018"}],"wp:attachment":[{"href":"https:\/\/galaxybicycle.com\/de\/wp-json\/wp\/v2\/media?parent=4017"}],"wp:term":[{"taxonomy":"product_brand","embeddable":true,"href":"https:\/\/galaxybicycle.com\/de\/wp-json\/wp\/v2\/product_brand?post=4017"},{"taxonomy":"product_cat","embeddable":true,"href":"https:\/\/galaxybicycle.com\/de\/wp-json\/wp\/v2\/product_cat?post=4017"},{"taxonomy":"product_tag","embeddable":true,"href":"https:\/\/galaxybicycle.com\/de\/wp-json\/wp\/v2\/product_tag?post=4017"}],"curies":[{"name":"wp","href":"https:\/\/api.w.org\/{rel}","templated":true}]}}