{"id":3991,"date":"2025-09-22T06:40:49","date_gmt":"2025-09-22T06:40:49","guid":{"rendered":"https:\/\/galaxybicycle.com\/?post_type=product&#038;p=3991"},"modified":"2026-03-22T00:24:29","modified_gmt":"2026-03-22T00:24:29","slug":"galaxy-amano-s900-electric-bike","status":"publish","type":"product","link":"https:\/\/galaxybicycle.com\/de\/product\/galaxy-amano-s900-electric-bike\/","title":{"rendered":"Galaxy Amano S900 Elektrofahrrad: Elegantes City-Pendler-E-Bike mit gro\u00dfer Reichweite"},"content":{"rendered":"<p><iframe loading=\"lazy\" title=\"Galaxy Amano S900 Fahrrad\" src=\"https:\/\/www.youtube.com\/embed\/D4x5gaEtbgE\" width=\"1840\" height=\"1035\" frameborder=\"0\" allowfullscreen=\"allowfullscreen\"><\/iframe><\/p>\n<p><img loading=\"lazy\" decoding=\"async\" class=\"alignnone size-full wp-image-3999 aligncenter\" src=\"https:\/\/galaxybicycle.com\/wp-content\/uploads\/2025\/09\/amano\u8be6\u60c5_01.jpg\" alt=\"\" width=\"1000\" height=\"1429\" title=\"\" srcset=\"https:\/\/galaxybicycle.com\/wp-content\/uploads\/2025\/09\/amano\u8be6\u60c5_01.jpg 1000w, https:\/\/galaxybicycle.com\/wp-content\/uploads\/2025\/09\/amano\u8be6\u60c5_01-210x300.jpg 210w, https:\/\/galaxybicycle.com\/wp-content\/uploads\/2025\/09\/amano\u8be6\u60c5_01-717x1024.jpg 717w, https:\/\/galaxybicycle.com\/wp-content\/uploads\/2025\/09\/amano\u8be6\u60c5_01-768x1097.jpg 768w, https:\/\/galaxybicycle.com\/wp-content\/uploads\/2025\/09\/amano\u8be6\u60c5_01-8x12.jpg 8w\" sizes=\"auto, (max-width: 1000px) 100vw, 1000px\" \/> <img loading=\"lazy\" decoding=\"async\" class=\"alignnone size-full wp-image-4000 aligncenter\" src=\"https:\/\/galaxybicycle.com\/wp-content\/uploads\/2025\/09\/amano\u8be6\u60c5_02.jpg\" alt=\"\" width=\"1000\" height=\"1469\" title=\"\" srcset=\"https:\/\/galaxybicycle.com\/wp-content\/uploads\/2025\/09\/amano\u8be6\u60c5_02.jpg 1000w, https:\/\/galaxybicycle.com\/wp-content\/uploads\/2025\/09\/amano\u8be6\u60c5_02-204x300.jpg 204w, https:\/\/galaxybicycle.com\/wp-content\/uploads\/2025\/09\/amano\u8be6\u60c5_02-697x1024.jpg 697w, https:\/\/galaxybicycle.com\/wp-content\/uploads\/2025\/09\/amano\u8be6\u60c5_02-768x1128.jpg 768w, https:\/\/galaxybicycle.com\/wp-content\/uploads\/2025\/09\/amano\u8be6\u60c5_02-8x12.jpg 8w\" sizes=\"auto, (max-width: 1000px) 100vw, 1000px\" \/> <img loading=\"lazy\" decoding=\"async\" class=\"alignnone size-full wp-image-4001 aligncenter\" src=\"https:\/\/galaxybicycle.com\/wp-content\/uploads\/2025\/09\/amano\u8be6\u60c5_03.jpg\" alt=\"\" width=\"1000\" height=\"1603\" title=\"\" srcset=\"https:\/\/galaxybicycle.com\/wp-content\/uploads\/2025\/09\/amano\u8be6\u60c5_03.jpg 1000w, https:\/\/galaxybicycle.com\/wp-content\/uploads\/2025\/09\/amano\u8be6\u60c5_03-187x300.jpg 187w, https:\/\/galaxybicycle.com\/wp-content\/uploads\/2025\/09\/amano\u8be6\u60c5_03-639x1024.jpg 639w, https:\/\/galaxybicycle.com\/wp-content\/uploads\/2025\/09\/amano\u8be6\u60c5_03-768x1231.jpg 768w, https:\/\/galaxybicycle.com\/wp-content\/uploads\/2025\/09\/amano\u8be6\u60c5_03-958x1536.jpg 958w, https:\/\/galaxybicycle.com\/wp-content\/uploads\/2025\/09\/amano\u8be6\u60c5_03-7x12.jpg 7w\" sizes=\"auto, (max-width: 1000px) 100vw, 1000px\" \/> <img loading=\"lazy\" decoding=\"async\" class=\"alignnone size-full wp-image-4002 aligncenter\" src=\"https:\/\/galaxybicycle.com\/wp-content\/uploads\/2025\/09\/amano\u8be6\u60c5_04.jpg\" alt=\"\" width=\"1000\" height=\"1584\" title=\"\" srcset=\"https:\/\/galaxybicycle.com\/wp-content\/uploads\/2025\/09\/amano\u8be6\u60c5_04.jpg 1000w, https:\/\/galaxybicycle.com\/wp-content\/uploads\/2025\/09\/amano\u8be6\u60c5_04-189x300.jpg 189w, https:\/\/galaxybicycle.com\/wp-content\/uploads\/2025\/09\/amano\u8be6\u60c5_04-646x1024.jpg 646w, https:\/\/galaxybicycle.com\/wp-content\/uploads\/2025\/09\/amano\u8be6\u60c5_04-768x1217.jpg 768w, https:\/\/galaxybicycle.com\/wp-content\/uploads\/2025\/09\/amano\u8be6\u60c5_04-970x1536.jpg 970w, https:\/\/galaxybicycle.com\/wp-content\/uploads\/2025\/09\/amano\u8be6\u60c5_04-8x12.jpg 8w\" sizes=\"auto, (max-width: 1000px) 100vw, 1000px\" \/> <img loading=\"lazy\" decoding=\"async\" class=\"alignnone size-full wp-image-4003 aligncenter\" src=\"https:\/\/galaxybicycle.com\/wp-content\/uploads\/2025\/09\/amano\u8be6\u60c5_05.jpg\" alt=\"\" width=\"1000\" height=\"1514\" title=\"\" srcset=\"https:\/\/galaxybicycle.com\/wp-content\/uploads\/2025\/09\/amano\u8be6\u60c5_05.jpg 1000w, https:\/\/galaxybicycle.com\/wp-content\/uploads\/2025\/09\/amano\u8be6\u60c5_05-198x300.jpg 198w, https:\/\/galaxybicycle.com\/wp-content\/uploads\/2025\/09\/amano\u8be6\u60c5_05-676x1024.jpg 676w, https:\/\/galaxybicycle.com\/wp-content\/uploads\/2025\/09\/amano\u8be6\u60c5_05-768x1163.jpg 768w, https:\/\/galaxybicycle.com\/wp-content\/uploads\/2025\/09\/amano\u8be6\u60c5_05-8x12.jpg 8w\" sizes=\"auto, (max-width: 1000px) 100vw, 1000px\" \/> <img loading=\"lazy\" decoding=\"async\" class=\"alignnone size-full wp-image-4004 aligncenter\" src=\"https:\/\/galaxybicycle.com\/wp-content\/uploads\/2025\/09\/amano\u8be6\u60c5_06.jpg\" alt=\"\" width=\"1000\" height=\"1418\" title=\"\" srcset=\"https:\/\/galaxybicycle.com\/wp-content\/uploads\/2025\/09\/amano\u8be6\u60c5_06.jpg 1000w, https:\/\/galaxybicycle.com\/wp-content\/uploads\/2025\/09\/amano\u8be6\u60c5_06-212x300.jpg 212w, https:\/\/galaxybicycle.com\/wp-content\/uploads\/2025\/09\/amano\u8be6\u60c5_06-722x1024.jpg 722w, https:\/\/galaxybicycle.com\/wp-content\/uploads\/2025\/09\/amano\u8be6\u60c5_06-768x1089.jpg 768w, https:\/\/galaxybicycle.com\/wp-content\/uploads\/2025\/09\/amano\u8be6\u60c5_06-8x12.jpg 8w\" sizes=\"auto, (max-width: 1000px) 100vw, 1000px\" \/> <img loading=\"lazy\" decoding=\"async\" class=\"alignnone size-full wp-image-4005 aligncenter\" src=\"https:\/\/galaxybicycle.com\/wp-content\/uploads\/2025\/09\/amano\u8be6\u60c5_07.jpg\" alt=\"\" width=\"1000\" height=\"1780\" title=\"\" srcset=\"https:\/\/galaxybicycle.com\/wp-content\/uploads\/2025\/09\/amano\u8be6\u60c5_07.jpg 1000w, https:\/\/galaxybicycle.com\/wp-content\/uploads\/2025\/09\/amano\u8be6\u60c5_07-169x300.jpg 169w, https:\/\/galaxybicycle.com\/wp-content\/uploads\/2025\/09\/amano\u8be6\u60c5_07-575x1024.jpg 575w, https:\/\/galaxybicycle.com\/wp-content\/uploads\/2025\/09\/amano\u8be6\u60c5_07-768x1367.jpg 768w, https:\/\/galaxybicycle.com\/wp-content\/uploads\/2025\/09\/amano\u8be6\u60c5_07-863x1536.jpg 863w, https:\/\/galaxybicycle.com\/wp-content\/uploads\/2025\/09\/amano\u8be6\u60c5_07-7x12.jpg 7w\" sizes=\"auto, (max-width: 1000px) 100vw, 1000px\" \/> <img loading=\"lazy\" decoding=\"async\" class=\"alignnone size-full wp-image-4006 aligncenter\" src=\"https:\/\/galaxybicycle.com\/wp-content\/uploads\/2025\/09\/amano\u8be6\u60c5_08.jpg\" alt=\"\" width=\"1000\" height=\"1480\" title=\"\" srcset=\"https:\/\/galaxybicycle.com\/wp-content\/uploads\/2025\/09\/amano\u8be6\u60c5_08.jpg 1000w, https:\/\/galaxybicycle.com\/wp-content\/uploads\/2025\/09\/amano\u8be6\u60c5_08-203x300.jpg 203w, https:\/\/galaxybicycle.com\/wp-content\/uploads\/2025\/09\/amano\u8be6\u60c5_08-692x1024.jpg 692w, https:\/\/galaxybicycle.com\/wp-content\/uploads\/2025\/09\/amano\u8be6\u60c5_08-768x1137.jpg 768w, https:\/\/galaxybicycle.com\/wp-content\/uploads\/2025\/09\/amano\u8be6\u60c5_08-8x12.jpg 8w\" sizes=\"auto, (max-width: 1000px) 100vw, 1000px\" \/> <img loading=\"lazy\" decoding=\"async\" class=\"alignnone size-full wp-image-4007 aligncenter\" src=\"https:\/\/galaxybicycle.com\/wp-content\/uploads\/2025\/09\/amano\u8be6\u60c5_09-2.jpg\" alt=\"\" width=\"1000\" height=\"1439\" title=\"\" srcset=\"https:\/\/galaxybicycle.com\/wp-content\/uploads\/2025\/09\/amano\u8be6\u60c5_09-2.jpg 1000w, https:\/\/galaxybicycle.com\/wp-content\/uploads\/2025\/09\/amano\u8be6\u60c5_09-2-208x300.jpg 208w, https:\/\/galaxybicycle.com\/wp-content\/uploads\/2025\/09\/amano\u8be6\u60c5_09-2-712x1024.jpg 712w, https:\/\/galaxybicycle.com\/wp-content\/uploads\/2025\/09\/amano\u8be6\u60c5_09-2-768x1105.jpg 768w, https:\/\/galaxybicycle.com\/wp-content\/uploads\/2025\/09\/amano\u8be6\u60c5_09-2-8x12.jpg 8w\" sizes=\"auto, (max-width: 1000px) 100vw, 1000px\" \/> <img loading=\"lazy\" decoding=\"async\" class=\"alignnone size-full wp-image-4008 aligncenter\" src=\"https:\/\/galaxybicycle.com\/wp-content\/uploads\/2025\/09\/amano\u8be6\u60c5_10-2.jpg\" alt=\"\" width=\"1000\" height=\"1519\" title=\"\" srcset=\"https:\/\/galaxybicycle.com\/wp-content\/uploads\/2025\/09\/amano\u8be6\u60c5_10-2.jpg 1000w, https:\/\/galaxybicycle.com\/wp-content\/uploads\/2025\/09\/amano\u8be6\u60c5_10-2-197x300.jpg 197w, https:\/\/galaxybicycle.com\/wp-content\/uploads\/2025\/09\/amano\u8be6\u60c5_10-2-674x1024.jpg 674w, https:\/\/galaxybicycle.com\/wp-content\/uploads\/2025\/09\/amano\u8be6\u60c5_10-2-768x1167.jpg 768w, https:\/\/galaxybicycle.com\/wp-content\/uploads\/2025\/09\/amano\u8be6\u60c5_10-2-8x12.jpg 8w\" sizes=\"auto, (max-width: 1000px) 100vw, 1000px\" \/><\/p>\n<p><img loading=\"lazy\" decoding=\"async\" class=\"alignnone size-full wp-image-4009 aligncenter\" src=\"https:\/\/galaxybicycle.com\/wp-content\/uploads\/2025\/09\/amano\u8be6\u60c5_11.jpg\" alt=\"\" width=\"881\" height=\"2560\" title=\"\" srcset=\"https:\/\/galaxybicycle.com\/wp-content\/uploads\/2025\/09\/amano\u8be6\u60c5_11.jpg 881w, https:\/\/galaxybicycle.com\/wp-content\/uploads\/2025\/09\/amano\u8be6\u60c5_11-103x300.jpg 103w, https:\/\/galaxybicycle.com\/wp-content\/uploads\/2025\/09\/amano\u8be6\u60c5_11-352x1024.jpg 352w, https:\/\/galaxybicycle.com\/wp-content\/uploads\/2025\/09\/amano\u8be6\u60c5_11-768x2232.jpg 768w, https:\/\/galaxybicycle.com\/wp-content\/uploads\/2025\/09\/amano\u8be6\u60c5_11-529x1536.jpg 529w, https:\/\/galaxybicycle.com\/wp-content\/uploads\/2025\/09\/amano\u8be6\u60c5_11-705x2048.jpg 705w, https:\/\/galaxybicycle.com\/wp-content\/uploads\/2025\/09\/amano\u8be6\u60c5_11-4x12.jpg 4w\" sizes=\"auto, (max-width: 881px) 100vw, 881px\" \/><\/p>\n<h2>Amano S900 Elektrofahrrad: Elegantes Stadtpendel mit 100km Reichweite und leistungsstarkem 250W Motor<\/h2>\n<p>Sausen Sie mit dem Amano S900 Elektrofahrrad durch die Stra\u00dfen der Stadt, Ihrem lustigen und stylischen Partner f\u00fcr urbane Abenteuer! Dieses leichte E-Bike hat einen 250-Watt-Motor, mit dem sich H\u00fcgel wie flache Stra\u00dfen anf\u00fchlen, und einen herausnehmbaren Samsung-Akku, mit dem Sie mit einer einzigen Ladung bis zu 100 km fahren k\u00f6nnen. Verabschieden Sie sich von schwei\u00dftreibenden Pendelfahrten und begr\u00fc\u00dfen Sie das m\u00fchelose Treten mit f\u00fcnf Unterst\u00fctzungsstufen. Die pannensicheren Reifen und hydraulischen Bremsen sorgen f\u00fcr Sicherheit, w\u00e4hrend das integrierte TFT-Display Geschwindigkeit, Akkulaufzeit und mehr auf einen Blick anzeigt. Das Amano S900 ist in sieben trendigen Farben erh\u00e4ltlich und macht jede Fahrt zu einem modischen Statement. Perfekt f\u00fcr Anf\u00e4nger und Stadtbewohner, die ein erschwingliches, wartungsarmes Elektrofahrrad suchen!<\/p>\n<h2>Entdecken Sie die Freude am Fahren mit dem Amano S900 Elektrofahrrad<\/h2>\n<p>Stellen Sie sich vor, durch die belebten Stra\u00dfen der Stadt zu gleiten, ohne ins Schwitzen zu kommen - das ist die Magie des Amano S900 E-Bikes! Dieses coole City-Pendler-E-Bike wurde f\u00fcr Leute entwickelt, die Spa\u00df, Stil und Leichtigkeit bei ihren t\u00e4glichen Fahrten suchen. Ob Sie zur Arbeit fahren, Besorgungen machen oder einfach nur die Nachbarschaft erkunden, das S900 macht jede Fahrt spannend und m\u00fchelos.<\/p>\n<p>Das Herzst\u00fcck dieses E-Bikes ist ein leistungsstarker 250-W-Hinterradnabenmotor, der f\u00fcr eine sanfte Beschleunigung sorgt und Steigungen bis zu 35 Grad mit Leichtigkeit bew\u00e4ltigt. Gepaart mit einem intelligenten Drehmomentsensor f\u00fchlt es sich an, als ob das Fahrrad Ihre Gedanken liest und genau den richtigen Schub gibt, wenn Sie ihn brauchen. Der herausnehmbare 36V 10Ah Samsung-Akku bietet eine beeindruckende Reichweite von 100 km, so dass Sie die Reichweitenangst vergessen und sich auf den Spa\u00df konzentrieren k\u00f6nnen. Au\u00dferdem l\u00e4sst er sich ganz einfach aufladen - einfach herausnehmen und einstecken!<\/p>\n<p>Wodurch zeichnet sich der Amano S900 aus? Sein schlanker Aluminiumrahmen ist mit nur 19,5 kg ein Leichtgewicht, das sich m\u00fchelos die Treppe hinauftragen oder in kleinen R\u00e4umen verstauen l\u00e4sst. Der Karbon-Riemenantrieb kommt ohne schmierige Ketten aus und ist bis zu 30.000 km lang wartungsfrei - ein echtes Vergn\u00fcgen! Auch die Sicherheit kommt nicht zu kurz: hydraulische Scheibenbremsen, die Sie bei einer Geschwindigkeit von 25 km\/h in nur 0,8 Metern zum Stehen bringen, pannensichere 700x45C-Reifen f\u00fcr griffige Fahrten auf jedem Untergrund in der Stadt und ein integrierter, heller Scheinwerfer, der bei n\u00e4chtlichen Abenteuern 15 Meter weit leuchtet.<\/p>\n<p>Das Fahrrad ist einsteigerfreundlich mit f\u00fcnf Unterst\u00fctzungsstufen - vom Energiesparmodus f\u00fcr flache Stra\u00dfen bis zum Extrem-Modus f\u00fcr steile H\u00e4nge. Das 3-Zoll-TFT-Farbdisplay zeigt Geschwindigkeit, Akkustand, Kilometerstand und Gangposition \u00fcbersichtlich an. Und mit dem um 30 Grad verstellbaren Sattel, der besonders bequem und breit ist, fahren Sie unabh\u00e4ngig von Ihrer K\u00f6rpergr\u00f6\u00dfe bequem (f\u00fcr Fahrer von 160-200 cm). W\u00e4hlen Sie aus sieben leuchtenden Farben wie Mist Purple oder Midnight Black, die zu Ihrem Stil passen - es ist wie ein pers\u00f6nlicher Laufsteg auf R\u00e4dern!<\/p>\n<p>Das professionelle und dennoch spielerische Amano S900 Elektrofahrrad kombiniert erstklassige Eigenschaften wie IPX6-Wasserdichtigkeit, interne Verkabelung f\u00fcr einen sauberen Look und eine 2-Jahres-Garantie f\u00fcr Seelenfrieden. Es ist nicht nur ein E-Bike, sondern Ihre Eintrittskarte zu einer freieren, gr\u00fcneren und freudigeren Mobilit\u00e4t in der Stadt. Sind Sie bereit, in die Zukunft zu strampeln?<\/p>\n<h3>Amano S900 Spezifikationen<\/h3>\n<table border=\"1\" cellspacing=\"0\" cellpadding=\"10\">\n<thead>\n<tr>\n<th>Kategorie<\/th>\n<th>Artikel<\/th>\n<th>Spezifikation<\/th>\n<\/tr>\n<\/thead>\n<tbody>\n<tr>\n<td>Stromnetz<\/td>\n<td>Motor<\/td>\n<td>AMANO Motor mit automatischer Geschwindigkeit, 250W Leistung, maximales Drehmoment 45Nm<\/td>\n<\/tr>\n<tr>\n<td>Stromnetz<\/td>\n<td>Controller<\/td>\n<td>Vektorieller Sinuswellenregler<\/td>\n<\/tr>\n<tr>\n<td>Steuerung &amp; Anzeige<\/td>\n<td>Anzeige<\/td>\n<td>AMANO TFT-Farbdisplay, 3,0-Zoll integriert<\/td>\n<\/tr>\n<tr>\n<td>Energiesystem<\/td>\n<td>Batterie<\/td>\n<td>36Wh (36V\/10Ah) Lithium-Ionen, verwendet SAMSUNG-Zellen<\/td>\n<\/tr>\n<tr>\n<td>Beleuchtung<\/td>\n<td>Scheinwerfer<\/td>\n<td>CE-zertifiziert, eingebettete hohe Helligkeit, 15m Strahl<\/td>\n<\/tr>\n<tr>\n<td>Leistung<\/td>\n<td>Maximale Geschwindigkeit<\/td>\n<td>25 km\/h (Motorunterst\u00fctzung; kann manuell \u00fcberschritten werden)<\/td>\n<\/tr>\n<tr>\n<td>Leistung<\/td>\n<td>Bereich<\/td>\n<td>Bis zu 100 km (variiert je nach Gel\u00e4nde, Last und Temperatur)<\/td>\n<\/tr>\n<tr>\n<td>Leistung<\/td>\n<td>Klettern F\u00e4higkeit<\/td>\n<td>Bew\u00e4ltigung von Steigungen bis zu 35\u00b0 je nach Fahrereinsatz<\/td>\n<\/tr>\n<tr>\n<td>Rahmen &amp; Komponenten<\/td>\n<td>Rahmen<\/td>\n<td>Ultraleichter Rahmen aus Aluminiumlegierung<\/td>\n<\/tr>\n<tr>\n<td>Rahmen &amp; Komponenten<\/td>\n<td>Kurbelgarnitur<\/td>\n<td>Kurbelgarnitur aus Aluminiumlegierung<\/td>\n<\/tr>\n<tr>\n<td>Rahmen &amp; Komponenten<\/td>\n<td>Antriebsstrang<\/td>\n<td>Einstufiger JDX-Karbonriemenantrieb<\/td>\n<\/tr>\n<tr>\n<td>Rahmen &amp; Komponenten<\/td>\n<td>Vorderradgabel<\/td>\n<td>Ultraleichte Gabel aus Aluminiumlegierung<\/td>\n<\/tr>\n<tr>\n<td>Rahmen &amp; Komponenten<\/td>\n<td>Bereifung<\/td>\n<td>CST 700x45C pannensichere Bereifung, 80% mehr Grip<\/td>\n<\/tr>\n<tr>\n<td>Rahmen &amp; Komponenten<\/td>\n<td>Bremsen<\/td>\n<td>ZOOM hydraulische Scheibenbremsen<\/td>\n<\/tr>\n<tr>\n<td>Rahmen &amp; Komponenten<\/td>\n<td>Sattel<\/td>\n<td>AMANO Custom High-Rebound-Sattel, 30\u00b0 verstellbar<\/td>\n<\/tr>\n<tr>\n<td>Rahmen &amp; Komponenten<\/td>\n<td>Hinteres Gestell<\/td>\n<td>Anpassbarer Gep\u00e4cktr\u00e4ger<\/td>\n<\/tr>\n<tr>\n<td>Gewicht<\/td>\n<td>Nettogewicht<\/td>\n<td>19,5 kg<\/td>\n<\/tr>\n<tr>\n<td>Gewicht<\/td>\n<td>Bruttogewicht<\/td>\n<td>29,5 kg<\/td>\n<\/tr>\n<tr>\n<td>Gewicht<\/td>\n<td>Maximale Belastung<\/td>\n<td>150 kg<\/td>\n<\/tr>\n<tr>\n<td>Geometrie<\/td>\n<td>A: Rahmen<\/td>\n<td>520 mm<\/td>\n<\/tr>\n<tr>\n<td>Geometrie<\/td>\n<td>B: Kurbelsatz<\/td>\n<td>460 mm<\/td>\n<\/tr>\n<tr>\n<td>Geometrie<\/td>\n<td>C: Antriebsstrang<\/td>\n<td>600 mm<\/td>\n<\/tr>\n<tr>\n<td>Geometrie<\/td>\n<td>D: Vorderradgabel<\/td>\n<td>160 mm<\/td>\n<\/tr>\n<tr>\n<td>Geometrie<\/td>\n<td>E: Reifen<\/td>\n<td>1000 mm<\/td>\n<\/tr>\n<tr>\n<td>Geometrie<\/td>\n<td>F: Bremsen<\/td>\n<td>730 mm<\/td>\n<\/tr>\n<tr>\n<td>Geometrie<\/td>\n<td>G: Tretlager<\/td>\n<td>900-1040 mm<\/td>\n<\/tr>\n<tr>\n<td>Geometrie<\/td>\n<td>H: Sattel<\/td>\n<td>1120 mm<\/td>\n<\/tr>\n<tr>\n<td>Geometrie<\/td>\n<td>I: Hintere Ablage<\/td>\n<td>1860 mm<\/td>\n<\/tr>\n<tr>\n<td>Andere<\/td>\n<td>Assistenz-Stufen<\/td>\n<td>5 Stufen: Energiesparend, Freizeit, Ausgewogen, Sport, Extrem<\/td>\n<\/tr>\n<tr>\n<td>Andere<\/td>\n<td>Wasserdichte Bewertung<\/td>\n<td>IPX6<\/td>\n<\/tr>\n<tr>\n<td>Andere<\/td>\n<td>Garantie<\/td>\n<td>18 Monate (Batterie), 2 Jahre (insgesamt)<\/td>\n<\/tr>\n<tr>\n<td>Andere<\/td>\n<td>Empfohlene H\u00f6he<\/td>\n<td>160-200 cm<\/td>\n<\/tr>\n<\/tbody>\n<\/table>","protected":false},"excerpt":{"rendered":"<p>Elegantes, leichtes E-Bike Amano S900 mit 250-W-Motor, 100 km Reichweite, Samsung-Akku und Carbon-Riemenantrieb - perfekt f\u00fcr den Stadtverkehr.<\/p>","protected":false},"featured_media":3992,"comment_status":"open","ping_status":"closed","template":"","meta":[],"product_brand":[],"product_cat":[15],"product_tag":[61,55,59,57,56,60,62,58],"class_list":{"0":"post-3991","1":"product","2":"type-product","3":"status-publish","4":"has-post-thumbnail","6":"product_cat-galaxybicycle","7":"product_tag-250w-motor-bike","8":"product_tag-amano-s900","9":"product_tag-city-electric-bicycle","10":"product_tag-e-bike","11":"product_tag-electric-bike","12":"product_tag-long-range-e-bike","13":"product_tag-stylish-commuter-e-bike","14":"product_tag-urban-commuter-bike","16":"first","17":"instock","18":"shipping-taxable","19":"product-type-simple"},"_links":{"self":[{"href":"https:\/\/galaxybicycle.com\/de\/wp-json\/wp\/v2\/product\/3991","targetHints":{"allow":["GET"]}}],"collection":[{"href":"https:\/\/galaxybicycle.com\/de\/wp-json\/wp\/v2\/product"}],"about":[{"href":"https:\/\/galaxybicycle.com\/de\/wp-json\/wp\/v2\/types\/product"}],"replies":[{"embeddable":true,"href":"https:\/\/galaxybicycle.com\/de\/wp-json\/wp\/v2\/comments?post=3991"}],"wp:featuredmedia":[{"embeddable":true,"href":"https:\/\/galaxybicycle.com\/de\/wp-json\/wp\/v2\/media\/3992"}],"wp:attachment":[{"href":"https:\/\/galaxybicycle.com\/de\/wp-json\/wp\/v2\/media?parent=3991"}],"wp:term":[{"taxonomy":"product_brand","embeddable":true,"href":"https:\/\/galaxybicycle.com\/de\/wp-json\/wp\/v2\/product_brand?post=3991"},{"taxonomy":"product_cat","embeddable":true,"href":"https:\/\/galaxybicycle.com\/de\/wp-json\/wp\/v2\/product_cat?post=3991"},{"taxonomy":"product_tag","embeddable":true,"href":"https:\/\/galaxybicycle.com\/de\/wp-json\/wp\/v2\/product_tag?post=3991"}],"curies":[{"name":"wp","href":"https:\/\/api.w.org\/{rel}","templated":true}]}}