{"id":3928,"date":"2025-09-12T03:39:26","date_gmt":"2025-09-12T03:39:26","guid":{"rendered":"https:\/\/galaxybicycle.com\/?post_type=product&#038;p=3928"},"modified":"2026-01-09T10:03:37","modified_gmt":"2026-01-09T10:03:37","slug":"pixar-wind1","status":"publish","type":"product","link":"https:\/\/galaxybicycle.com\/de\/product\/pixar-wind1\/","title":{"rendered":"PIXAR WIND1 Faltbares Elektrofahrrad | 500W Motor, 48V 10.4Ah Akku, 20\u00d73\u2033 Fat Tires, Shimano 7-Gang, Doppelscheibenbremsen (bis zu 45 km Reichweite)"},"content":{"rendered":"<p><iframe loading=\"lazy\" title=\"PIXAR WIND1 Korbmontagevideo wind1 mit Texten\" src=\"https:\/\/www.youtube.com\/embed\/somWYqb6HgA\" width=\"1840\" height=\"1035\" frameborder=\"0\" allowfullscreen=\"allowfullscreen\"><span data-mce-type=\"bookmark\" style=\"display: inline-block; width: 0px; overflow: hidden; line-height: 0;\" class=\"mce_SELRES_start\"><\/span><\/iframe><br \/>\n<iframe loading=\"lazy\" title=\"PIXAR WIND1 Geschwindigkeitsfreigabevideo wind1 mit Texten\" src=\"https:\/\/www.youtube.com\/embed\/QkA7xicIp7c\" width=\"1840\" height=\"1035\" frameborder=\"0\" allowfullscreen=\"allowfullscreen\"><\/iframe><br \/>\n<iframe loading=\"lazy\" title=\"PIXAR WIND1 unboxing video wind1 mit Texten\" src=\"https:\/\/www.youtube.com\/embed\/QQX-GG0-wkQ\" width=\"1840\" height=\"1035\" frameborder=\"0\" allowfullscreen=\"allowfullscreen\"><\/iframe><\/p>\n<h2>PIXAR WIND1 Faltbares Elektrofahrrad<\/h2>\n<p>Der PIXAR WIND1 ist der perfekte Alltagsbegleiter f\u00fcr alle, die mehr Platz in ihrem Kofferraum brauchen. Es l\u00e4sst sich in Sekundenschnelle auf ein kompaktes Ma\u00df von 95 \u00d7 40 \u00d7 72 cm zusammenklappen, passt in enge Stellen und ist sofort einsatzbereit. Ein leistungsstarker 48V 500W-Hinterradnabenmotor sorgt f\u00fcr souver\u00e4ne Beschleunigung, w\u00e4hrend 20\u00d73\u2033 Chaoyang-Fettreifen und eine einstellbare Vorderrad-Federgabel raue Stra\u00dfen, Kopfsteinpflaster und Parkwege gl\u00e4tten. Zwei mechanische 180-mm-Scheibenbremsen mit Motorabschaltung sorgen f\u00fcr pr\u00e4zises Anhalten, und integrierte Vorder- und R\u00fccklichter mit wasserdichten Anschl\u00fcssen sorgen f\u00fcr gute Sichtbarkeit bei Nacht. F\u00fcgen Sie einen Gep\u00e4cktr\u00e4ger und K\u00f6rbe vorne und hinten hinzu, und Sie haben ein vielseitiges, faltbares E-Bike mit fetten Reifen, das praktisch, leistungsstark und unterhaltsam ist.<\/p>\n<h3>Warum Sie es lieben werden<\/h3>\n<ul>\n<li><strong>Falten und gehen:<\/strong> L\u00e4sst sich in Sekundenschnelle zusammenfalten und passt in den Kofferraum, den Schrank, das B\u00fcro oder den Wohnungsflur.<\/li>\n<li><strong>Macht mit Kontrolle:<\/strong> Der b\u00fcrstenlose CZJB 48V 500W Hochgeschwindigkeits-Hinterradnabenmotor bew\u00e4ltigt Stra\u00dfen in der Stadt, sanfte Trails und Steigungen bis zu 15\u00b0.<\/li>\n<li><strong>Komfort auf jeder Oberfl\u00e4che:<\/strong> Die einstellbare Vorderradaufh\u00e4ngung und die pannensicheren 20\u00d73\u2033-Fettreifen absorbieren St\u00f6\u00dfe und Risse.<\/li>\n<li><strong>Sicheres Anhalten:<\/strong> Zwei mechanische 180-mm-Scheibenbremsen mit Motorabschaltung arbeiten zuverl\u00e4ssig bei nassen oder trockenen Bedingungen.<\/li>\n<li><strong>Weiter reiten:<\/strong> Die herausnehmbare Lithium-Ionen-Batterie (EVE-Zellen, IP65) mit 48 V und 10,4 Ah liefert je nach Fahrer und Gel\u00e4nde 35-55 km pro Ladung.<\/li>\n<li><strong>Mit Leichtigkeit schalten:<\/strong> Die 7-Gang-Schaltung von Shimano (14-28-Zoll-Freilauf) meistert H\u00fcgel, Ebenen und alles dazwischen.<\/li>\n<li><strong>Intelligente Steuerelemente:<\/strong> Das LCD-Display des G518 zeigt die Geschwindigkeit, den Batteriestand, 5 PAS-Stufen und die Reisedaten an und verf\u00fcgt \u00fcber einen Typ-C-Ladeanschluss und eine 6 km\/h Gehhilfe.<\/li>\n<li><strong>F\u00fcr die Ewigkeit gebaut:<\/strong> Hochwertiger Durchgangsrahmen aus Stahllegierung mit interner Verlegung; Schutzart IP54 f\u00fcr den Betrieb bei -10\u00b0C bis +45\u00b0C.<\/li>\n<li><strong>Bereit f\u00fcr n\u00e4chtliche Fahrten:<\/strong> Integrierte Scheinwerfer, R\u00fcckleuchten und eine elektronische Hupe erh\u00f6hen die Sichtbarkeit und Sicherheit.<\/li>\n<li><strong>Tragen Sie mehr:<\/strong> Der hintere Gep\u00e4cktr\u00e4ger und die vorderen und hinteren K\u00f6rbe bieten Platz f\u00fcr Lebensmittel, Taschen oder eine Gesamtlast von bis zu 120 kg.<\/li>\n<\/ul>\n<h3>F\u00fcr wen sie bestimmt ist<\/h3>\n<p>Stadtpendler, Campusfahrer, Wohnmobilreisende, Wochenendabenteurer und alle, die ein tragbares, leistungsstarkes faltbares E-Bike mit gro\u00dfen Reifen suchen. Leicht zu verstauen (30,7 kg Nettogewicht, 90% vormontiert) und dennoch in der Lage, t\u00e4gliche Fahrten schneller und angenehmer zu machen. Empfohlen f\u00fcr Fahrer mit einer K\u00f6rpergr\u00f6\u00dfe von 155-190 cm.<\/p>\n<h3>Spezifikationen<\/h3>\n<table>\n<tbody>\n<tr>\n<td colspan=\"3\">PIXAR WIND1 faltbares Elektrofahrrad - Produktparameter (Europ\u00e4ischer Markt)<\/td>\n<\/tr>\n<tr>\n<td>\/<\/td>\n<td>Parameter<\/td>\n<td>Wert<\/td>\n<\/tr>\n<tr>\n<td rowspan=\"15\">Allgemeine Spezifikationen<\/td>\n<td>Bereich<\/td>\n<td>35-55 km<\/td>\n<\/tr>\n<tr>\n<td>H\u00f6chstgeschwindigkeit<\/td>\n<td>25 km\/h (Pedelec-Limit, einstellbar auf 32 km\/h)<\/td>\n<\/tr>\n<tr>\n<td>Abmessungen<\/td>\n<td>165 \u00d7 65 \u00d7 127 cm (L \u00d7 B \u00d7 H)<\/td>\n<\/tr>\n<tr>\n<td>Maximale Tragf\u00e4higkeit<\/td>\n<td>120 kg<\/td>\n<\/tr>\n<tr>\n<td>Nettogewicht<\/td>\n<td>30,7 kg<\/td>\n<\/tr>\n<tr>\n<td>Bruttogewicht<\/td>\n<td>37,5 kg<\/td>\n<\/tr>\n<tr>\n<td>Packung Abmessungen<\/td>\n<td>107 \u00d7 45 \u00d7 80 cm<\/td>\n<\/tr>\n<tr>\n<td>Menge f\u00fcr 1\u00d740HQ Container<\/td>\n<td>241 St\u00fcck<\/td>\n<\/tr>\n<tr>\n<td>Empfohlene H\u00f6he des Fahrers<\/td>\n<td>155-190 cm<\/td>\n<\/tr>\n<tr>\n<td>Farboptionen<\/td>\n<td>Schwarz &amp; Grau<\/td>\n<\/tr>\n<tr>\n<td>Zusammenklappbar<\/td>\n<td>Ja<\/td>\n<\/tr>\n<tr>\n<td>Fahrrad Zusammengeklappt Gr\u00f6\u00dfe<\/td>\n<td>95 \u00d7 40 \u00d7 72 cm<\/td>\n<\/tr>\n<tr>\n<td>IP-Bewertung<\/td>\n<td>IP54<\/td>\n<\/tr>\n<tr>\n<td>Betriebstemperatur<\/td>\n<td>-10\u00b0C bis +45\u00b0C<\/td>\n<\/tr>\n<tr>\n<td>Kategorie Fahrrad<\/td>\n<td>Faltbarer Fat Tire Cargo<\/td>\n<\/tr>\n<tr>\n<td rowspan=\"7\">Batterie-System<\/td>\n<td>Batteriekapazit\u00e4t und -typ<\/td>\n<td>48V 10.4Ah Lithium-Ionen (EVE-Zellen)<\/td>\n<\/tr>\n<tr>\n<td>Batterie Gewicht<\/td>\n<td>3 kg<\/td>\n<\/tr>\n<tr>\n<td>Herausnehmbare Batterie<\/td>\n<td>Ja<\/td>\n<\/tr>\n<tr>\n<td>Batterie IP-Bewertung<\/td>\n<td>IP65<\/td>\n<\/tr>\n<tr>\n<td>Batterie-Zertifizierung<\/td>\n<td>EN 62133-konform<\/td>\n<\/tr>\n<tr>\n<td>Aufladezeit<\/td>\n<td>5.2 h<\/td>\n<\/tr>\n<tr>\n<td>Ladeger\u00e4t<\/td>\n<td>54,6V 2A intelligentes Ladeger\u00e4t<\/td>\n<\/tr>\n<tr>\n<td rowspan=\"4\">Motor &amp; Antriebssystem<\/td>\n<td>Motor Typ<\/td>\n<td>B\u00fcrstenloser Motor mit Hinterradnabe<\/td>\n<\/tr>\n<tr>\n<td>Motor Marke<\/td>\n<td>CZJB<\/td>\n<\/tr>\n<tr>\n<td>Motor<\/td>\n<td>48V 500W Hochgeschwindigkeits-Hinterradnabenmotor<\/td>\n<\/tr>\n<tr>\n<td>Maximale Steigf\u00e4higkeit<\/td>\n<td>15\u00b0 (ca. G\u00fcteklasse 27%)<\/td>\n<\/tr>\n<tr>\n<td rowspan=\"7\">Kontrollsystem<\/td>\n<td>Anzeige<\/td>\n<td>LCD-Multifunktionsanzeige (Modell G518)<\/td>\n<\/tr>\n<tr>\n<td>Assist-Stufen<\/td>\n<td>5 Stufen (0-5)<\/td>\n<\/tr>\n<tr>\n<td>Drosselklappe<\/td>\n<td>Drehgashebel (Ersatzteile in kleiner Box)<\/td>\n<\/tr>\n<tr>\n<td>Sensoren<\/td>\n<td>Geschwindigkeitssensor (12-Magnet)<\/td>\n<\/tr>\n<tr>\n<td>Ladeanschluss<\/td>\n<td>Ja (Typ-C auf dem Display)<\/td>\n<\/tr>\n<tr>\n<td>Gehhilfe-Modus<\/td>\n<td>6 km\/h (Taste \u201c-\u201d gedr\u00fcckt halten)<\/td>\n<\/tr>\n<tr>\n<td>Hintergrundbeleuchtung<\/td>\n<td>Ja<\/td>\n<\/tr>\n<tr>\n<td rowspan=\"4\">Rahmen &amp; Gabel<\/td>\n<td>Material des Rahmens<\/td>\n<td>Aluminium-Legierung<\/td>\n<\/tr>\n<tr>\n<td>Rahmen Typ<\/td>\n<td>Durchgehender Schritt (niedriger Schritt)<\/td>\n<\/tr>\n<tr>\n<td>Vordere Aufh\u00e4ngung<\/td>\n<td>Einstellbarer Sto\u00dfd\u00e4mpfer<\/td>\n<\/tr>\n<tr>\n<td>Vorderradgabel<\/td>\n<td>Mit Federgabel<\/td>\n<\/tr>\n<tr>\n<td rowspan=\"6\">Antriebsstrang<\/td>\n<td>Kette<\/td>\n<td>1\/2\u2033 \u00d7 3\/32\u2033 \u00d7 118L<\/td>\n<\/tr>\n<tr>\n<td>Kurbelgarnitur<\/td>\n<td>52Z \u00d7 170L, Legierung<\/td>\n<\/tr>\n<tr>\n<td>Freilauf<\/td>\n<td>7-Gang, 14-28T-Freilauf (Aufsteckgewinde)<\/td>\n<\/tr>\n<tr>\n<td>Schaltwerk<\/td>\n<td>Shimano 7-Gang (kompatibel mit 14-28Z)<\/td>\n<\/tr>\n<tr>\n<td>Umwerfer<\/td>\n<td>Keine (einfaches Kettenblatt)<\/td>\n<\/tr>\n<tr>\n<td>Schieber<\/td>\n<td>Shimano 7-Gang<\/td>\n<\/tr>\n<tr>\n<td rowspan=\"5\">R\u00e4der und Reifen<\/td>\n<td>Radgr\u00f6\u00dfe<\/td>\n<td>20\u2033 \u00d7 3\u2033<\/td>\n<\/tr>\n<tr>\n<td>Speichen<\/td>\n<td>12G \u00d7 256 mm, EN 15194-konform<\/td>\n<\/tr>\n<tr>\n<td>Reifenmarke<\/td>\n<td>Chaoyang<\/td>\n<\/tr>\n<tr>\n<td>Pannenschutz<\/td>\n<td>Pannensicher<\/td>\n<\/tr>\n<tr>\n<td>Innenrohr<\/td>\n<td>20\u2033 \u00d7 3,0\u2033, A\/V-Ventil 32 mm<\/td>\n<\/tr>\n<tr>\n<td rowspan=\"4\">Bremssystem<\/td>\n<td>Bremse Typ<\/td>\n<td>Mechanische Scheibenbremsen (vorne und hinten)<\/td>\n<\/tr>\n<tr>\n<td>Bremsen<\/td>\n<td>Kraftabschaltbare Bremsen<\/td>\n<\/tr>\n<tr>\n<td>Bremsscheiben<\/td>\n<td>180 mm (vorne und hinten)<\/td>\n<\/tr>\n<tr>\n<td>Bremshebel<\/td>\n<td>Vollaluminium, flaches Design mit Motorabschaltung<\/td>\n<\/tr>\n<tr>\n<td rowspan=\"7\">Cockpit &amp; Komponenten<\/td>\n<td>Lenker<\/td>\n<td>Riserbar aus Aluminiumlegierung, 25,2\u2033 (640 mm) Breite, 25,4 mm Vorbauklemme<\/td>\n<\/tr>\n<tr>\n<td>Vorbau<\/td>\n<td>Verstellbarer Vorbau der Marke Zoom<\/td>\n<\/tr>\n<tr>\n<td>Sattel<\/td>\n<td>Komfort-Sattel<\/td>\n<\/tr>\n<tr>\n<td>Bereich der Sattelh\u00f6he<\/td>\n<td>900-1000 mm<\/td>\n<\/tr>\n<tr>\n<td>Sattelst\u00fctze<\/td>\n<td>31,8 mm Aluminiumlegierung, winkelverstellbar<\/td>\n<\/tr>\n<tr>\n<td>Schnelle Freigabe<\/td>\n<td>Ja (Vorderrad und Sattelst\u00fctze)<\/td>\n<\/tr>\n<tr>\n<td>Pedale<\/td>\n<td>Faltbare Pedale aus Kunststoff und Aluminium<\/td>\n<\/tr>\n<tr>\n<td rowspan=\"3\">Beleuchtung und Sicherheit<\/td>\n<td>Scheinwerfer<\/td>\n<td>Integrierter Scheinwerfer mit wasserdichter Abschaltung<\/td>\n<\/tr>\n<tr>\n<td>R\u00fccklicht<\/td>\n<td>Integriertes R\u00fccklicht mit wasserdichter Trennvorrichtung<\/td>\n<\/tr>\n<tr>\n<td>Glocke\/Horn<\/td>\n<td>Mit elektronischer Hupe<\/td>\n<\/tr>\n<tr>\n<td rowspan=\"6\">Zus\u00e4tzliche Ausr\u00fcstung<\/td>\n<td>St\u00e4nder<\/td>\n<td>Hochbelastbarer Aluminium-St\u00e4nder<\/td>\n<\/tr>\n<tr>\n<td>Schutzbleche\/Kotfl\u00fcgel<\/td>\n<td>Mit vorderen und hinteren Kotfl\u00fcgeln<\/td>\n<\/tr>\n<tr>\n<td>Hinteres Gestell<\/td>\n<td>Ja<\/td>\n<\/tr>\n<tr>\n<td>Frontgestell<\/td>\n<td>-<\/td>\n<\/tr>\n<tr>\n<td>K\u00f6rbe<\/td>\n<td>K\u00f6rbe vorne und hinten<\/td>\n<\/tr>\n<tr>\n<td>Inklusive Toolkit<\/td>\n<td>Ja (3\u00d7 Schraubenschl\u00fcssel, 1\u00d7 Schraubenzieher, 5\u00d7 Inbusschl\u00fcssel)<\/td>\n<\/tr>\n<tr>\n<td rowspan=\"2\">Zertifizierung und Konformit\u00e4t<\/td>\n<td>EN 15194 zertifiziert<\/td>\n<td>Ja<\/td>\n<\/tr>\n<tr>\n<td>Zertifizierung<\/td>\n<td>CE, EN 15194, UL2271<\/td>\n<\/tr>\n<tr>\n<td rowspan=\"3\">Garantie &amp; Support<\/td>\n<td>Gesamtgarantiezeit<\/td>\n<td>1 Jahr beschr\u00e4nkte Garantie<\/td>\n<\/tr>\n<tr>\n<td>Batterie-Garantie<\/td>\n<td>1 Jahr ab dem urspr\u00fcnglichen Kaufdatum<\/td>\n<\/tr>\n<tr>\n<td>Rahmen-Garantie<\/td>\n<td>2 Jahre<\/td>\n<\/tr>\n<tr>\n<td rowspan=\"2\">Montage &amp; Lieferung<\/td>\n<td>Montage erforderlich<\/td>\n<td>90% vormontiert (Vorderrad, Pedale, Lenkereinstellung)<\/td>\n<\/tr>\n<tr>\n<td>Montageanleitung<\/td>\n<td>Inklusive mehrsprachigem Handbuch<\/td>\n<\/tr>\n<\/tbody>\n<\/table>\n<h3>Was ist das Besondere an PIXAR WIND1?<\/h3>\n<p><strong>Tragbarkeit<\/strong> trifft <strong>Leistung<\/strong>. Die meisten kompakten E-Bikes verzichten auf Komfort oder Leistung - das PIXAR WIND1 nicht. Sein 500-Watt-Motor, die dicken Reifen und die vordere Federung sorgen f\u00fcr eine stabile, ged\u00e4mpfte Fahrt auf unwegsamen Stra\u00dfen. Dank des faltbaren Rahmens aus Stahllegierung k\u00f6nnen Sie es \u00fcberallhin mitnehmen: unter den Schreibtisch, in den Aufzug oder in den Kofferraum f\u00fcr Wochenendausfl\u00fcge (241 Einheiten passen in einen 40-HQ-Container). Es ist das allt\u00e4gliche E-Bike, das keinen zus\u00e4tzlichen Platz ben\u00f6tigt, unterst\u00fctzt durch <strong>Zertifizierung nach EN 15194<\/strong> und ein mehrsprachiges Toolkit f\u00fcr eine m\u00fchelose Einrichtung.<\/p>\n<p><img loading=\"lazy\" decoding=\"async\" class=\"alignnone size-full wp-image-4149\" src=\"https:\/\/galaxybicycle.com\/wp-content\/uploads\/2025\/09\/WIND-ebike1.jpg\" alt=\"PIXAR WIND1 Faltbares Elektrofahrrad | 500W Motor, 48V 10.4Ah Batterie, 20\u00d73&quot; Fat Tires, Shimano 7-Gang, Doppelscheibenbremsen (bis zu 45 km Reichweite)\" width=\"1563\" height=\"1055\" title=\"\" srcset=\"https:\/\/galaxybicycle.com\/wp-content\/uploads\/2025\/09\/WIND-ebike1.jpg 1563w, https:\/\/galaxybicycle.com\/wp-content\/uploads\/2025\/09\/WIND-ebike1-300x202.jpg 300w, https:\/\/galaxybicycle.com\/wp-content\/uploads\/2025\/09\/WIND-ebike1-1024x691.jpg 1024w, https:\/\/galaxybicycle.com\/wp-content\/uploads\/2025\/09\/WIND-ebike1-768x518.jpg 768w, https:\/\/galaxybicycle.com\/wp-content\/uploads\/2025\/09\/WIND-ebike1-1536x1037.jpg 1536w, https:\/\/galaxybicycle.com\/wp-content\/uploads\/2025\/09\/WIND-ebike1-18x12.jpg 18w, https:\/\/galaxybicycle.com\/wp-content\/uploads\/2025\/09\/WIND-ebike1-1000x675.jpg 1000w\" sizes=\"auto, (max-width: 1563px) 100vw, 1563px\" \/> <img loading=\"lazy\" decoding=\"async\" class=\"alignnone size-full wp-image-4150\" src=\"https:\/\/galaxybicycle.com\/wp-content\/uploads\/2025\/09\/WIND-ebike2.jpg\" alt=\"PIXAR WIND1 Faltbares Elektrofahrrad | 500W Motor, 48V 10.4Ah Batterie, 20\u00d73&quot; Fat Tires, Shimano 7-Gang, Doppelscheibenbremsen (bis zu 45 km Reichweite)\" width=\"1563\" height=\"1106\" title=\"\" srcset=\"https:\/\/galaxybicycle.com\/wp-content\/uploads\/2025\/09\/WIND-ebike2.jpg 1563w, https:\/\/galaxybicycle.com\/wp-content\/uploads\/2025\/09\/WIND-ebike2-300x212.jpg 300w, https:\/\/galaxybicycle.com\/wp-content\/uploads\/2025\/09\/WIND-ebike2-1024x725.jpg 1024w, https:\/\/galaxybicycle.com\/wp-content\/uploads\/2025\/09\/WIND-ebike2-768x543.jpg 768w, https:\/\/galaxybicycle.com\/wp-content\/uploads\/2025\/09\/WIND-ebike2-1536x1087.jpg 1536w, https:\/\/galaxybicycle.com\/wp-content\/uploads\/2025\/09\/WIND-ebike2-18x12.jpg 18w, https:\/\/galaxybicycle.com\/wp-content\/uploads\/2025\/09\/WIND-ebike2-1000x708.jpg 1000w\" sizes=\"auto, (max-width: 1563px) 100vw, 1563px\" \/> <img loading=\"lazy\" decoding=\"async\" class=\"alignnone size-full wp-image-4151\" src=\"https:\/\/galaxybicycle.com\/wp-content\/uploads\/2025\/09\/WIND-ebike3.jpg\" alt=\"PIXAR WIND1 Faltbares Elektrofahrrad | 500W Motor, 48V 10.4Ah Batterie, 20\u00d73&quot; Fat Tires, Shimano 7-Gang, Doppelscheibenbremsen (bis zu 45 km Reichweite)\" width=\"1563\" height=\"1075\" title=\"\" srcset=\"https:\/\/galaxybicycle.com\/wp-content\/uploads\/2025\/09\/WIND-ebike3.jpg 1563w, https:\/\/galaxybicycle.com\/wp-content\/uploads\/2025\/09\/WIND-ebike3-300x206.jpg 300w, https:\/\/galaxybicycle.com\/wp-content\/uploads\/2025\/09\/WIND-ebike3-1024x704.jpg 1024w, https:\/\/galaxybicycle.com\/wp-content\/uploads\/2025\/09\/WIND-ebike3-768x528.jpg 768w, https:\/\/galaxybicycle.com\/wp-content\/uploads\/2025\/09\/WIND-ebike3-1536x1056.jpg 1536w, https:\/\/galaxybicycle.com\/wp-content\/uploads\/2025\/09\/WIND-ebike3-18x12.jpg 18w, https:\/\/galaxybicycle.com\/wp-content\/uploads\/2025\/09\/WIND-ebike3-1000x688.jpg 1000w\" sizes=\"auto, (max-width: 1563px) 100vw, 1563px\" \/> <img loading=\"lazy\" decoding=\"async\" class=\"alignnone size-full wp-image-4152\" src=\"https:\/\/galaxybicycle.com\/wp-content\/uploads\/2025\/09\/WIND-ebike4.jpg\" alt=\"PIXAR WIND1 Faltbares Elektrofahrrad | 500W Motor, 48V 10.4Ah Batterie, 20\u00d73&quot; Fat Tires, Shimano 7-Gang, Doppelscheibenbremsen (bis zu 45 km Reichweite)\" width=\"1563\" height=\"866\" title=\"\" srcset=\"https:\/\/galaxybicycle.com\/wp-content\/uploads\/2025\/09\/WIND-ebike4.jpg 1563w, https:\/\/galaxybicycle.com\/wp-content\/uploads\/2025\/09\/WIND-ebike4-300x166.jpg 300w, https:\/\/galaxybicycle.com\/wp-content\/uploads\/2025\/09\/WIND-ebike4-1024x567.jpg 1024w, https:\/\/galaxybicycle.com\/wp-content\/uploads\/2025\/09\/WIND-ebike4-768x426.jpg 768w, https:\/\/galaxybicycle.com\/wp-content\/uploads\/2025\/09\/WIND-ebike4-1536x851.jpg 1536w, https:\/\/galaxybicycle.com\/wp-content\/uploads\/2025\/09\/WIND-ebike4-18x10.jpg 18w, https:\/\/galaxybicycle.com\/wp-content\/uploads\/2025\/09\/WIND-ebike4-1000x554.jpg 1000w\" sizes=\"auto, (max-width: 1563px) 100vw, 1563px\" \/> <img loading=\"lazy\" decoding=\"async\" class=\"alignnone size-full wp-image-4153\" src=\"https:\/\/galaxybicycle.com\/wp-content\/uploads\/2025\/09\/WIND-ebike5.jpg\" alt=\"PIXAR WIND1 Faltbares Elektrofahrrad | 500W Motor, 48V 10.4Ah Batterie, 20\u00d73&quot; Fat Tires, Shimano 7-Gang, Doppelscheibenbremsen (bis zu 45 km Reichweite)\" width=\"1563\" height=\"875\" title=\"\" srcset=\"https:\/\/galaxybicycle.com\/wp-content\/uploads\/2025\/09\/WIND-ebike5.jpg 1563w, https:\/\/galaxybicycle.com\/wp-content\/uploads\/2025\/09\/WIND-ebike5-300x168.jpg 300w, https:\/\/galaxybicycle.com\/wp-content\/uploads\/2025\/09\/WIND-ebike5-1024x573.jpg 1024w, https:\/\/galaxybicycle.com\/wp-content\/uploads\/2025\/09\/WIND-ebike5-768x430.jpg 768w, https:\/\/galaxybicycle.com\/wp-content\/uploads\/2025\/09\/WIND-ebike5-1536x860.jpg 1536w, https:\/\/galaxybicycle.com\/wp-content\/uploads\/2025\/09\/WIND-ebike5-18x10.jpg 18w, https:\/\/galaxybicycle.com\/wp-content\/uploads\/2025\/09\/WIND-ebike5-1000x560.jpg 1000w\" sizes=\"auto, (max-width: 1563px) 100vw, 1563px\" \/> <img loading=\"lazy\" decoding=\"async\" class=\"alignnone size-full wp-image-4154\" src=\"https:\/\/galaxybicycle.com\/wp-content\/uploads\/2025\/09\/WIND-ebike6.jpg\" alt=\"PIXAR WIND1 Faltbares Elektrofahrrad | 500W Motor, 48V 10.4Ah Batterie, 20\u00d73&quot; Fat Tires, Shimano 7-Gang, Doppelscheibenbremsen (bis zu 45 km Reichweite)\" width=\"1563\" height=\"743\" title=\"\" srcset=\"https:\/\/galaxybicycle.com\/wp-content\/uploads\/2025\/09\/WIND-ebike6.jpg 1563w, https:\/\/galaxybicycle.com\/wp-content\/uploads\/2025\/09\/WIND-ebike6-300x143.jpg 300w, https:\/\/galaxybicycle.com\/wp-content\/uploads\/2025\/09\/WIND-ebike6-1024x487.jpg 1024w, https:\/\/galaxybicycle.com\/wp-content\/uploads\/2025\/09\/WIND-ebike6-768x365.jpg 768w, https:\/\/galaxybicycle.com\/wp-content\/uploads\/2025\/09\/WIND-ebike6-1536x730.jpg 1536w, https:\/\/galaxybicycle.com\/wp-content\/uploads\/2025\/09\/WIND-ebike6-18x9.jpg 18w, https:\/\/galaxybicycle.com\/wp-content\/uploads\/2025\/09\/WIND-ebike6-1000x475.jpg 1000w\" sizes=\"auto, (max-width: 1563px) 100vw, 1563px\" \/> <img loading=\"lazy\" decoding=\"async\" class=\"alignnone size-full wp-image-4155\" src=\"https:\/\/galaxybicycle.com\/wp-content\/uploads\/2025\/09\/WIND-ebike7.jpg\" alt=\"PIXAR WIND1 Faltbares Elektrofahrrad | 500W Motor, 48V 10.4Ah Batterie, 20\u00d73&quot; Fat Tires, Shimano 7-Gang, Doppelscheibenbremsen (bis zu 45 km Reichweite)\" width=\"1563\" height=\"1423\" title=\"\" srcset=\"https:\/\/galaxybicycle.com\/wp-content\/uploads\/2025\/09\/WIND-ebike7.jpg 1563w, https:\/\/galaxybicycle.com\/wp-content\/uploads\/2025\/09\/WIND-ebike7-300x273.jpg 300w, https:\/\/galaxybicycle.com\/wp-content\/uploads\/2025\/09\/WIND-ebike7-1024x932.jpg 1024w, https:\/\/galaxybicycle.com\/wp-content\/uploads\/2025\/09\/WIND-ebike7-768x699.jpg 768w, https:\/\/galaxybicycle.com\/wp-content\/uploads\/2025\/09\/WIND-ebike7-1536x1398.jpg 1536w, https:\/\/galaxybicycle.com\/wp-content\/uploads\/2025\/09\/WIND-ebike7-13x12.jpg 13w, https:\/\/galaxybicycle.com\/wp-content\/uploads\/2025\/09\/WIND-ebike7-1000x910.jpg 1000w\" sizes=\"auto, (max-width: 1563px) 100vw, 1563px\" \/> <img loading=\"lazy\" decoding=\"async\" class=\"alignnone size-full wp-image-4156\" src=\"https:\/\/galaxybicycle.com\/wp-content\/uploads\/2025\/09\/WIND-ebike8.jpg\" alt=\"PIXAR WIND1 Faltbares Elektrofahrrad | 500W Motor, 48V 10.4Ah Batterie, 20\u00d73&quot; Fat Tires, Shimano 7-Gang, Doppelscheibenbremsen (bis zu 45 km Reichweite)\" width=\"1563\" height=\"1643\" title=\"\" srcset=\"https:\/\/galaxybicycle.com\/wp-content\/uploads\/2025\/09\/WIND-ebike8.jpg 1563w, https:\/\/galaxybicycle.com\/wp-content\/uploads\/2025\/09\/WIND-ebike8-285x300.jpg 285w, https:\/\/galaxybicycle.com\/wp-content\/uploads\/2025\/09\/WIND-ebike8-974x1024.jpg 974w, https:\/\/galaxybicycle.com\/wp-content\/uploads\/2025\/09\/WIND-ebike8-768x807.jpg 768w, https:\/\/galaxybicycle.com\/wp-content\/uploads\/2025\/09\/WIND-ebike8-1461x1536.jpg 1461w, https:\/\/galaxybicycle.com\/wp-content\/uploads\/2025\/09\/WIND-ebike8-11x12.jpg 11w, https:\/\/galaxybicycle.com\/wp-content\/uploads\/2025\/09\/WIND-ebike8-1000x1051.jpg 1000w\" sizes=\"auto, (max-width: 1563px) 100vw, 1563px\" \/> <img loading=\"lazy\" decoding=\"async\" class=\"alignnone size-full wp-image-4157\" src=\"https:\/\/galaxybicycle.com\/wp-content\/uploads\/2025\/09\/WIND-ebike9.jpg\" alt=\"PIXAR WIND1 Faltbares Elektrofahrrad | 500W Motor, 48V 10.4Ah Batterie, 20\u00d73&quot; Fat Tires, Shimano 7-Gang, Doppelscheibenbremsen (bis zu 45 km Reichweite)\" width=\"1563\" height=\"1215\" title=\"\" srcset=\"https:\/\/galaxybicycle.com\/wp-content\/uploads\/2025\/09\/WIND-ebike9.jpg 1563w, https:\/\/galaxybicycle.com\/wp-content\/uploads\/2025\/09\/WIND-ebike9-300x233.jpg 300w, https:\/\/galaxybicycle.com\/wp-content\/uploads\/2025\/09\/WIND-ebike9-1024x796.jpg 1024w, https:\/\/galaxybicycle.com\/wp-content\/uploads\/2025\/09\/WIND-ebike9-768x597.jpg 768w, https:\/\/galaxybicycle.com\/wp-content\/uploads\/2025\/09\/WIND-ebike9-1536x1194.jpg 1536w, https:\/\/galaxybicycle.com\/wp-content\/uploads\/2025\/09\/WIND-ebike9-15x12.jpg 15w, https:\/\/galaxybicycle.com\/wp-content\/uploads\/2025\/09\/WIND-ebike9-1000x777.jpg 1000w\" sizes=\"auto, (max-width: 1563px) 100vw, 1563px\" \/> <img loading=\"lazy\" decoding=\"async\" class=\"alignnone size-full wp-image-4158\" src=\"https:\/\/galaxybicycle.com\/wp-content\/uploads\/2025\/09\/WIND-ebike10.jpg\" alt=\"PIXAR WIND1 Faltbares Elektrofahrrad | 500W Motor, 48V 10.4Ah Batterie, 20\u00d73&quot; Fat Tires, Shimano 7-Gang, Doppelscheibenbremsen (bis zu 45 km Reichweite)\" width=\"1563\" height=\"1039\" title=\"\" srcset=\"https:\/\/galaxybicycle.com\/wp-content\/uploads\/2025\/09\/WIND-ebike10.jpg 1563w, https:\/\/galaxybicycle.com\/wp-content\/uploads\/2025\/09\/WIND-ebike10-300x199.jpg 300w, https:\/\/galaxybicycle.com\/wp-content\/uploads\/2025\/09\/WIND-ebike10-1024x681.jpg 1024w, https:\/\/galaxybicycle.com\/wp-content\/uploads\/2025\/09\/WIND-ebike10-768x511.jpg 768w, https:\/\/galaxybicycle.com\/wp-content\/uploads\/2025\/09\/WIND-ebike10-1536x1021.jpg 1536w, https:\/\/galaxybicycle.com\/wp-content\/uploads\/2025\/09\/WIND-ebike10-18x12.jpg 18w, https:\/\/galaxybicycle.com\/wp-content\/uploads\/2025\/09\/WIND-ebike10-1000x665.jpg 1000w\" sizes=\"auto, (max-width: 1563px) 100vw, 1563px\" \/><\/p>","protected":false},"excerpt":{"rendered":"<p>Lernen Sie das PIXAR WIND1 kennen, ein kompaktes, faltbares E-Bike, das leicht zu verstauen ist und Spa\u00df macht. Mit einem 500-W-Hinterradmotor, einem 48-V-Akku mit 10,4 Ah, fetten 20\u00d73\u2033-Reifen, Vorderradaufh\u00e4ngung und Doppelscheibenbremsen flitzt es durch die Stadt und f\u00e4hrt leichte Trails - w\u00e4hrend das LCD-Smart-Display und die Shimano 7-Gang-Schaltung f\u00fcr einen reibungslosen Ablauf sorgen. Reichweite bis zu 45 km pro Ladung.<\/p>","protected":false},"featured_media":3937,"comment_status":"open","ping_status":"closed","template":"","meta":[],"product_brand":[36],"product_cat":[41,40],"product_tag":[49,44,46,52,47,43,53,51,54,45,48,50],"class_list":{"0":"post-3928","1":"product","2":"type-product","3":"status-publish","4":"has-post-thumbnail","6":"product_brand-pixar","7":"product_cat-pixar-electric-bikes","8":"product_cat-eu-warehourse","9":"product_tag-48v-10-4ah-battery","10":"product_tag-500w-e-bike","11":"product_tag-commuter-e-bike","12":"product_tag-dual-disc-brakes","13":"product_tag-fat-tire-electric-bike","14":"product_tag-foldable-electric-bike","15":"product_tag-front-suspension-e-bike","16":"product_tag-lcd-display-e-bike","17":"product_tag-pixar-wind1","18":"product_tag-portable-e-bike","19":"product_tag-shimano-7-speed-e-bike","20":"product_tag-up-to-45-km-range","22":"first","23":"instock","24":"shipping-taxable","25":"product-type-simple"},"_links":{"self":[{"href":"https:\/\/galaxybicycle.com\/de\/wp-json\/wp\/v2\/product\/3928","targetHints":{"allow":["GET"]}}],"collection":[{"href":"https:\/\/galaxybicycle.com\/de\/wp-json\/wp\/v2\/product"}],"about":[{"href":"https:\/\/galaxybicycle.com\/de\/wp-json\/wp\/v2\/types\/product"}],"replies":[{"embeddable":true,"href":"https:\/\/galaxybicycle.com\/de\/wp-json\/wp\/v2\/comments?post=3928"}],"wp:featuredmedia":[{"embeddable":true,"href":"https:\/\/galaxybicycle.com\/de\/wp-json\/wp\/v2\/media\/3937"}],"wp:attachment":[{"href":"https:\/\/galaxybicycle.com\/de\/wp-json\/wp\/v2\/media?parent=3928"}],"wp:term":[{"taxonomy":"product_brand","embeddable":true,"href":"https:\/\/galaxybicycle.com\/de\/wp-json\/wp\/v2\/product_brand?post=3928"},{"taxonomy":"product_cat","embeddable":true,"href":"https:\/\/galaxybicycle.com\/de\/wp-json\/wp\/v2\/product_cat?post=3928"},{"taxonomy":"product_tag","embeddable":true,"href":"https:\/\/galaxybicycle.com\/de\/wp-json\/wp\/v2\/product_tag?post=3928"}],"curies":[{"name":"wp","href":"https:\/\/api.w.org\/{rel}","templated":true}]}}