{"id":3857,"date":"2025-09-09T11:50:55","date_gmt":"2025-09-09T11:50:55","guid":{"rendered":"https:\/\/galaxybicycle.com\/?post_type=product&#038;p=3857"},"modified":"2026-03-18T01:58:52","modified_gmt":"2026-03-18T01:58:52","slug":"pixar-city1","status":"publish","type":"product","link":"https:\/\/galaxybicycle.com\/de\/product\/pixar-city1\/","title":{"rendered":"Pixar City1 Elektrofahrrad | 36V 250W Motor, 45KM Reichweite, Shimano 7-Gang"},"content":{"rendered":"<h2>Pixar City1 Elektrofahrrad<\/h2>\n<p>Die <strong>Pixar City1 Elektrofahrrad<\/strong> ist ein elegantes, leistungsstarkes City-Pendlerrad f\u00fcr den t\u00e4glichen Gebrauch. Egal, ob Sie zur Arbeit fahren, Besorgungen machen oder Ihre Nachbarschaft erkunden, dieses E-Bike kombiniert Komfort, Leistung und Langlebigkeit, um jede Fahrt reibungslos und angenehm zu gestalten.<\/p>\n<p>Mit einem <strong>Reichweite von 35-45 km<\/strong> (Tretunterst\u00fctzung) und ein <strong>H\u00f6chstgeschwindigkeit von 25 km\/h<\/strong> (einstellbar bis zu 32 km\/h) k\u00f6nnen Sie problemlos durch die Stra\u00dfen der Stadt navigieren. Sein <strong>36V 10,4Ah Lithium-Ionen-Akku<\/strong> sorgt f\u00fcr eine zuverl\u00e4ssige Energieversorgung, w\u00e4hrend die <strong>36V 250W Hochgeschwindigkeits-Hinterradnabenmotor<\/strong> bietet konstante Beschleunigung und Unterst\u00fctzung auf Ihren t\u00e4glichen Fahrten.<\/p>\n<p>Der City1 verf\u00fcgt \u00fcber ein langlebiges <strong>hochwertiger Stahlrahmen<\/strong> mit einer <strong>durchdachte Konstruktion<\/strong> zur einfachen Montage, gepaart mit einer <strong>einstellbare Federgabel<\/strong> das Stra\u00dfenunebenheiten absorbiert und so f\u00fcr mehr Fahrkomfort sorgt. Ausgestattet mit <strong>Shimano 7-Gang-Getriebe<\/strong>, <strong>mechanische Scheibenbremsen<\/strong> (vorne und hinten), und integrierte <strong>LED-Beleuchtung<\/strong>, Dieses E-Bike bietet eine ausgewogene Mischung aus Sicherheit, Zuverl\u00e4ssigkeit und Leistung.<\/p>\n<h3>Warum Pixar City1 w\u00e4hlen?<\/h3>\n<ul>\n<li>\ud83d\udeb4 <strong>250W CZJB b\u00fcrstenloser Hinterradnabenmotor<\/strong> - effizient, leise und leistungsstark<\/li>\n<li>\ud83d\udd0b <strong>36V 10,4Ah herausnehmbarer Lithium-Ionen-Akku<\/strong> - bis zu 45 km Reichweite pro Ladung<\/li>\n<li>\u26a1 Einstellbar <strong>H\u00f6chstgeschwindigkeit bis zu 32 km\/h<\/strong><\/li>\n<li>\ud83d\udee0\ufe0f <strong>90% vormontiert<\/strong> - einfache Einrichtung mit mitgeliefertem Werkzeug<\/li>\n<li>\ud83c\udf19 <strong>Integrierte LED-Leuchten vorne und hinten<\/strong> f\u00fcr sichere Fahrten bei Nacht<\/li>\n<li>\ud83d\udcba <strong>Einstellbare Federgabel<\/strong> und ergonomischer Sitz f\u00fcr h\u00f6chsten Komfort<\/li>\n<li>\ud83d\udce6 <strong>Gep\u00e4cktr\u00e4ger aus Stahl<\/strong> und <strong>Kotfl\u00fcgel vorne und hinten<\/strong> inklusive<\/li>\n<\/ul>\n<hr \/>\n<h2>Spezifikationen<\/h2>\n<table>\n<tbody>\n<tr>\n<th colspan=\"3\">Pixar City1-E-Bike - Produktparameter (Europ\u00e4ischer Markt)<\/th>\n<\/tr>\n<tr>\n<td>\/<\/td>\n<td>Parameter<\/td>\n<td>Wert<\/td>\n<\/tr>\n<tr>\n<td rowspan=\"14\">Allgemeine Spezifikationen<\/td>\n<td>Bereich<\/td>\n<td>35-45 km (Tretunterst\u00fctzungsmodus)<\/td>\n<\/tr>\n<tr>\n<td>H\u00f6chstgeschwindigkeit<\/td>\n<td>25 km\/h (einstellbar auf 32 km\/h)<\/td>\n<\/tr>\n<tr>\n<td>Abmessungen<\/td>\n<td>175 \u00d7 69 \u00d7 120 cm (L \u00d7 B \u00d7 H)<\/td>\n<\/tr>\n<tr>\n<td>Maximale Tragf\u00e4higkeit<\/td>\n<td>120 kg<\/td>\n<\/tr>\n<tr>\n<td>Nettogewicht<\/td>\n<td>23,3 kg<\/td>\n<\/tr>\n<tr>\n<td>Bruttogewicht<\/td>\n<td>27,8 kg<\/td>\n<\/tr>\n<tr>\n<td>Packung Abmessungen<\/td>\n<td>148 \u00d7 24 \u00d7 78 cm<\/td>\n<\/tr>\n<tr>\n<td>Menge f\u00fcr 1\u00d740HQ Container<\/td>\n<td>239 St\u00fcck<\/td>\n<\/tr>\n<tr>\n<td>Empfohlene H\u00f6he des Fahrers<\/td>\n<td>155-190 cm<\/td>\n<\/tr>\n<tr>\n<td>Farboptionen<\/td>\n<td>Schwarz &amp; Grau<\/td>\n<\/tr>\n<tr>\n<td>Zusammenklappbar<\/td>\n<td>Nein<\/td>\n<\/tr>\n<tr>\n<td>IP-Bewertung<\/td>\n<td>IP54<\/td>\n<\/tr>\n<tr>\n<td>Betriebstemperatur<\/td>\n<td>-10\u00b0C bis +45\u00b0C<\/td>\n<\/tr>\n<tr>\n<td>Kategorie Fahrrad<\/td>\n<td>Stadt\/Stadtpendler<\/td>\n<\/tr>\n<tr>\n<td rowspan=\"7\">Batterie-System<\/td>\n<td>Batteriekapazit\u00e4t und -typ<\/td>\n<td>36V 10.4Ah Lithium-Ionen (EVE-Zellen)<\/td>\n<\/tr>\n<tr>\n<td>Batterie Gewicht<\/td>\n<td>3 kg<\/td>\n<\/tr>\n<tr>\n<td>Herausnehmbare Batterie<\/td>\n<td>Ja<\/td>\n<\/tr>\n<tr>\n<td>Batterie IP-Bewertung<\/td>\n<td>IP65<\/td>\n<\/tr>\n<tr>\n<td>Batterie-Zertifizierung<\/td>\n<td>EN 62133-konform<\/td>\n<\/tr>\n<tr>\n<td>Aufladezeit<\/td>\n<td>4-6 Stunden (max. 6 Stunden)<\/td>\n<\/tr>\n<tr>\n<td>Ladeger\u00e4t<\/td>\n<td>42V 2A intelligentes Ladeger\u00e4t<\/td>\n<\/tr>\n<tr>\n<td rowspan=\"4\">Motor &amp; Antriebssystem<\/td>\n<td>Motor Typ<\/td>\n<td>B\u00fcrstenloser Motor mit Hinterradnabe<\/td>\n<\/tr>\n<tr>\n<td>Motor Marke<\/td>\n<td>CZJB<\/td>\n<\/tr>\n<tr>\n<td>Motor<\/td>\n<td>36V 250W Hochgeschwindigkeits-Hinterradnabenmotor<\/td>\n<\/tr>\n<tr>\n<td>Maximale Steigf\u00e4higkeit<\/td>\n<td>15\u00b0 (ca. G\u00fcteklasse 27%)<\/td>\n<\/tr>\n<tr>\n<td rowspan=\"7\">Kontrollsystem<\/td>\n<td>Anzeige<\/td>\n<td>LCD-Multifunktionsanzeige (Modell G518)<\/td>\n<\/tr>\n<tr>\n<td>Assist-Stufen<\/td>\n<td>5 Stufen (0-5)<\/td>\n<\/tr>\n<tr>\n<td>Drosselklappe<\/td>\n<td>Halbdrehung der Drosselklappe<\/td>\n<\/tr>\n<tr>\n<td>Sensoren<\/td>\n<td>Geschwindigkeitssensor (12-Magnet)<\/td>\n<\/tr>\n<tr>\n<td>USB-Ladeanschluss<\/td>\n<td>Nein<\/td>\n<\/tr>\n<tr>\n<td>Gehhilfe-Modus<\/td>\n<td>6 km\/h (Taste \u201c-\u201d gedr\u00fcckt halten)<\/td>\n<\/tr>\n<tr>\n<td>Hintergrundbeleuchtung<\/td>\n<td>Ja<\/td>\n<\/tr>\n<tr>\n<td rowspan=\"4\">Rahmen &amp; Gabel<\/td>\n<td>Material des Rahmens<\/td>\n<td>Aluminium-Legierung<\/td>\n<\/tr>\n<tr>\n<td>Rahmen Typ<\/td>\n<td>Durchgehender Schritt (niedriger Schritt)<\/td>\n<\/tr>\n<tr>\n<td>Vordere Aufh\u00e4ngung<\/td>\n<td>Einstellbarer Sto\u00dfd\u00e4mpfer<\/td>\n<\/tr>\n<tr>\n<td>Vorderradgabel<\/td>\n<td>Federgabel mit Scheibenbremsaufnahme<\/td>\n<\/tr>\n<tr>\n<td rowspan=\"6\">Antriebsstrang<\/td>\n<td>Kette<\/td>\n<td>1\/2\u2033 \u00d7 3\/32\u2033 (110 Glieder)<\/td>\n<\/tr>\n<tr>\n<td>Kurbelgarnitur<\/td>\n<td>1\/2\u00d73\/32\u2033\u00d740T\u00d7170L, Legierung<\/td>\n<\/tr>\n<tr>\n<td>Freilauf<\/td>\n<td>7-Gang, 14-28T-Freilauf (Aufsteckgewinde)<\/td>\n<\/tr>\n<tr>\n<td>Schaltwerk<\/td>\n<td>Shimano 7-Gang (kompatibel mit 14-28T)<\/td>\n<\/tr>\n<tr>\n<td>Umwerfer<\/td>\n<td>Keine (einfaches Kettenblatt)<\/td>\n<\/tr>\n<tr>\n<td>Schieber<\/td>\n<td>Shimano 7-Gang<\/td>\n<\/tr>\n<tr>\n<td rowspan=\"5\">R\u00e4der und Reifen<\/td>\n<td>Radgr\u00f6\u00dfe<\/td>\n<td>700C (27.5\u2033)<\/td>\n<\/tr>\n<tr>\n<td>Speichen<\/td>\n<td>13G \u00d7 279 mm, EN 15194-konform<\/td>\n<\/tr>\n<tr>\n<td>Reifenmarke<\/td>\n<td>Chaoyang<\/td>\n<\/tr>\n<tr>\n<td>Pannenschutz<\/td>\n<td>Pannensicher<\/td>\n<\/tr>\n<tr>\n<td>Innenrohr<\/td>\n<td>700C, 38-45C, Presta-Ventil 48 mm<\/td>\n<\/tr>\n<tr>\n<td rowspan=\"4\">Bremssystem<\/td>\n<td>Bremse Typ<\/td>\n<td>Mechanische Scheibenbremsen (vorne und hinten)<\/td>\n<\/tr>\n<tr>\n<td>Bremsen<\/td>\n<td>Kraftabschaltbare Bremsen<\/td>\n<\/tr>\n<tr>\n<td>Bremsscheiben<\/td>\n<td>160 mm (vorne und hinten)<\/td>\n<\/tr>\n<tr>\n<td>Bremshebel<\/td>\n<td>Vollaluminium, flaches Profil mit Motorabschaltung<\/td>\n<\/tr>\n<tr>\n<td rowspan=\"7\">Cockpit &amp; Komponenten<\/td>\n<td>Lenker<\/td>\n<td>47,2\u2033 (120 cm) H\u00f6he<\/td>\n<\/tr>\n<tr>\n<td>Vorbau<\/td>\n<td>Zoom verstellbarer Vorbau<\/td>\n<\/tr>\n<tr>\n<td>Sattel<\/td>\n<td>260 \u00d7 197 mm, schwarzer Einband<\/td>\n<\/tr>\n<tr>\n<td>Bereich der Sattelh\u00f6he<\/td>\n<td>900-1000 mm<\/td>\n<\/tr>\n<tr>\n<td>Sattelst\u00fctze<\/td>\n<td>27,2 \u00d7 350 mm, Aluminiumlegierung, mattschwarz<\/td>\n<\/tr>\n<tr>\n<td>Schnelle Freigabe<\/td>\n<td>Ja (Vorderrad und Sattelst\u00fctze)<\/td>\n<\/tr>\n<tr>\n<td>Pedale<\/td>\n<td>Plattformpedale aus Aluminiumlegierung mit Reflektoren<\/td>\n<\/tr>\n<tr>\n<td rowspan=\"3\">Beleuchtung und Sicherheit<\/td>\n<td>Scheinwerfer<\/td>\n<td>Integrierter Scheinwerfer mit wasserdichtem Anschluss<\/td>\n<\/tr>\n<tr>\n<td>R\u00fccklicht<\/td>\n<td>Integriertes R\u00fccklicht mit wasserdichtem Anschluss<\/td>\n<\/tr>\n<tr>\n<td>Glocke\/Horn<\/td>\n<td>Inklusive mechanischer Glocke<\/td>\n<\/tr>\n<tr>\n<td rowspan=\"5\">Zus\u00e4tzliche Ausr\u00fcstung<\/td>\n<td>St\u00e4nder<\/td>\n<td>Hochbelastbarer Aluminium-St\u00e4nder<\/td>\n<\/tr>\n<tr>\n<td>Schutzbleche\/Kotfl\u00fcgel<\/td>\n<td>Inklusive vorderer und hinterer Schutzbleche<\/td>\n<\/tr>\n<tr>\n<td>Hinteres Gestell<\/td>\n<td>Inklusive Gep\u00e4cktr\u00e4ger aus Stahl<\/td>\n<\/tr>\n<tr>\n<td>Frontgestell<\/td>\n<td>Nein<\/td>\n<\/tr>\n<tr>\n<td>Inklusive Toolkit<\/td>\n<td>Ja (3\u00d7 Schraubenschl\u00fcssel, 1\u00d7 Schraubenzieher, 5\u00d7 Inbusschl\u00fcssel)<\/td>\n<\/tr>\n<tr>\n<td rowspan=\"2\">Zertifizierung und Konformit\u00e4t<\/td>\n<td>EN 15194 zertifiziert<\/td>\n<td>Ja<\/td>\n<\/tr>\n<tr>\n<td>Zertifizierung<\/td>\n<td>CE, EN 15194, UL2271<\/td>\n<\/tr>\n<tr>\n<td rowspan=\"3\">Garantie &amp; Support<\/td>\n<td>Gesamtgarantiezeit<\/td>\n<td>1 Jahr beschr\u00e4nkte Garantie<\/td>\n<\/tr>\n<tr>\n<td>Batterie-Garantie<\/td>\n<td>1 Jahr ab Kauf<\/td>\n<\/tr>\n<tr>\n<td>Rahmen-Garantie<\/td>\n<td>2 Jahre<\/td>\n<\/tr>\n<tr>\n<td rowspan=\"2\">Montage &amp; Lieferung<\/td>\n<td>Montage erforderlich<\/td>\n<td>90% vormontiert (Vorderrad, Pedale, Lenker)<\/td>\n<\/tr>\n<tr>\n<td>Montageanleitung<\/td>\n<td>Inklusive mehrsprachigem Handbuch<\/td>\n<\/tr>\n<\/tbody>\n<\/table>\n<p>&nbsp;<\/p>\n<p><img loading=\"lazy\" decoding=\"async\" class=\"alignnone size-full wp-image-3884\" src=\"https:\/\/galaxybicycle.com\/wp-content\/uploads\/2025\/09\/CITY-1_01.jpg\" alt=\"\" width=\"1563\" height=\"2520\" title=\"\" srcset=\"https:\/\/galaxybicycle.com\/wp-content\/uploads\/2025\/09\/CITY-1_01.jpg 1563w, https:\/\/galaxybicycle.com\/wp-content\/uploads\/2025\/09\/CITY-1_01-186x300.jpg 186w, https:\/\/galaxybicycle.com\/wp-content\/uploads\/2025\/09\/CITY-1_01-635x1024.jpg 635w, https:\/\/galaxybicycle.com\/wp-content\/uploads\/2025\/09\/CITY-1_01-768x1238.jpg 768w, https:\/\/galaxybicycle.com\/wp-content\/uploads\/2025\/09\/CITY-1_01-953x1536.jpg 953w, https:\/\/galaxybicycle.com\/wp-content\/uploads\/2025\/09\/CITY-1_01-1270x2048.jpg 1270w, https:\/\/galaxybicycle.com\/wp-content\/uploads\/2025\/09\/CITY-1_01-7x12.jpg 7w, https:\/\/galaxybicycle.com\/wp-content\/uploads\/2025\/09\/CITY-1_01-1000x1612.jpg 1000w\" sizes=\"auto, (max-width: 1563px) 100vw, 1563px\" \/> <img loading=\"lazy\" decoding=\"async\" class=\"alignnone size-full wp-image-3885\" src=\"https:\/\/galaxybicycle.com\/wp-content\/uploads\/2025\/09\/CITY-1_02.jpg\" alt=\"\" width=\"1563\" height=\"1954\" title=\"\" srcset=\"https:\/\/galaxybicycle.com\/wp-content\/uploads\/2025\/09\/CITY-1_02.jpg 1563w, https:\/\/galaxybicycle.com\/wp-content\/uploads\/2025\/09\/CITY-1_02-240x300.jpg 240w, https:\/\/galaxybicycle.com\/wp-content\/uploads\/2025\/09\/CITY-1_02-819x1024.jpg 819w, https:\/\/galaxybicycle.com\/wp-content\/uploads\/2025\/09\/CITY-1_02-768x960.jpg 768w, https:\/\/galaxybicycle.com\/wp-content\/uploads\/2025\/09\/CITY-1_02-1229x1536.jpg 1229w, https:\/\/galaxybicycle.com\/wp-content\/uploads\/2025\/09\/CITY-1_02-10x12.jpg 10w, https:\/\/galaxybicycle.com\/wp-content\/uploads\/2025\/09\/CITY-1_02-1000x1250.jpg 1000w\" sizes=\"auto, (max-width: 1563px) 100vw, 1563px\" \/> <img loading=\"lazy\" decoding=\"async\" class=\"alignnone size-full wp-image-3886\" src=\"https:\/\/galaxybicycle.com\/wp-content\/uploads\/2025\/09\/CITY-1_03.jpg\" alt=\"\" width=\"1563\" height=\"790\" title=\"\" srcset=\"https:\/\/galaxybicycle.com\/wp-content\/uploads\/2025\/09\/CITY-1_03.jpg 1563w, https:\/\/galaxybicycle.com\/wp-content\/uploads\/2025\/09\/CITY-1_03-300x152.jpg 300w, https:\/\/galaxybicycle.com\/wp-content\/uploads\/2025\/09\/CITY-1_03-1024x518.jpg 1024w, https:\/\/galaxybicycle.com\/wp-content\/uploads\/2025\/09\/CITY-1_03-768x388.jpg 768w, https:\/\/galaxybicycle.com\/wp-content\/uploads\/2025\/09\/CITY-1_03-1536x776.jpg 1536w, https:\/\/galaxybicycle.com\/wp-content\/uploads\/2025\/09\/CITY-1_03-18x9.jpg 18w, https:\/\/galaxybicycle.com\/wp-content\/uploads\/2025\/09\/CITY-1_03-1000x505.jpg 1000w\" sizes=\"auto, (max-width: 1563px) 100vw, 1563px\" \/> <img loading=\"lazy\" decoding=\"async\" class=\"alignnone size-full wp-image-3887\" src=\"https:\/\/galaxybicycle.com\/wp-content\/uploads\/2025\/09\/CITY-1_04.jpg\" alt=\"\" width=\"1563\" height=\"1558\" title=\"\" srcset=\"https:\/\/galaxybicycle.com\/wp-content\/uploads\/2025\/09\/CITY-1_04.jpg 1563w, https:\/\/galaxybicycle.com\/wp-content\/uploads\/2025\/09\/CITY-1_04-300x300.jpg 300w, https:\/\/galaxybicycle.com\/wp-content\/uploads\/2025\/09\/CITY-1_04-1024x1021.jpg 1024w, https:\/\/galaxybicycle.com\/wp-content\/uploads\/2025\/09\/CITY-1_04-150x150.jpg 150w, https:\/\/galaxybicycle.com\/wp-content\/uploads\/2025\/09\/CITY-1_04-768x766.jpg 768w, https:\/\/galaxybicycle.com\/wp-content\/uploads\/2025\/09\/CITY-1_04-1536x1531.jpg 1536w, https:\/\/galaxybicycle.com\/wp-content\/uploads\/2025\/09\/CITY-1_04-12x12.jpg 12w, https:\/\/galaxybicycle.com\/wp-content\/uploads\/2025\/09\/CITY-1_04-1000x997.jpg 1000w, https:\/\/galaxybicycle.com\/wp-content\/uploads\/2025\/09\/CITY-1_04-100x100.jpg 100w\" sizes=\"auto, (max-width: 1563px) 100vw, 1563px\" \/> <img loading=\"lazy\" decoding=\"async\" class=\"alignnone size-full wp-image-3888\" src=\"https:\/\/galaxybicycle.com\/wp-content\/uploads\/2025\/09\/CITY-1_05.jpg\" alt=\"\" width=\"1563\" height=\"1657\" title=\"\" srcset=\"https:\/\/galaxybicycle.com\/wp-content\/uploads\/2025\/09\/CITY-1_05.jpg 1563w, https:\/\/galaxybicycle.com\/wp-content\/uploads\/2025\/09\/CITY-1_05-283x300.jpg 283w, https:\/\/galaxybicycle.com\/wp-content\/uploads\/2025\/09\/CITY-1_05-966x1024.jpg 966w, https:\/\/galaxybicycle.com\/wp-content\/uploads\/2025\/09\/CITY-1_05-768x814.jpg 768w, https:\/\/galaxybicycle.com\/wp-content\/uploads\/2025\/09\/CITY-1_05-1449x1536.jpg 1449w, https:\/\/galaxybicycle.com\/wp-content\/uploads\/2025\/09\/CITY-1_05-11x12.jpg 11w, https:\/\/galaxybicycle.com\/wp-content\/uploads\/2025\/09\/CITY-1_05-1000x1060.jpg 1000w\" sizes=\"auto, (max-width: 1563px) 100vw, 1563px\" \/> <img loading=\"lazy\" decoding=\"async\" class=\"alignnone size-full wp-image-3889\" src=\"https:\/\/galaxybicycle.com\/wp-content\/uploads\/2025\/09\/CITY-1_06.jpg\" alt=\"\" width=\"1563\" height=\"1813\" title=\"\" srcset=\"https:\/\/galaxybicycle.com\/wp-content\/uploads\/2025\/09\/CITY-1_06.jpg 1563w, https:\/\/galaxybicycle.com\/wp-content\/uploads\/2025\/09\/CITY-1_06-259x300.jpg 259w, https:\/\/galaxybicycle.com\/wp-content\/uploads\/2025\/09\/CITY-1_06-883x1024.jpg 883w, https:\/\/galaxybicycle.com\/wp-content\/uploads\/2025\/09\/CITY-1_06-768x891.jpg 768w, https:\/\/galaxybicycle.com\/wp-content\/uploads\/2025\/09\/CITY-1_06-1324x1536.jpg 1324w, https:\/\/galaxybicycle.com\/wp-content\/uploads\/2025\/09\/CITY-1_06-10x12.jpg 10w, https:\/\/galaxybicycle.com\/wp-content\/uploads\/2025\/09\/CITY-1_06-1000x1160.jpg 1000w\" sizes=\"auto, (max-width: 1563px) 100vw, 1563px\" \/> <img loading=\"lazy\" decoding=\"async\" class=\"alignnone size-full wp-image-3890\" src=\"https:\/\/galaxybicycle.com\/wp-content\/uploads\/2025\/09\/CITY-1_07.jpg\" alt=\"\" width=\"1563\" height=\"1647\" title=\"\" srcset=\"https:\/\/galaxybicycle.com\/wp-content\/uploads\/2025\/09\/CITY-1_07.jpg 1563w, https:\/\/galaxybicycle.com\/wp-content\/uploads\/2025\/09\/CITY-1_07-285x300.jpg 285w, https:\/\/galaxybicycle.com\/wp-content\/uploads\/2025\/09\/CITY-1_07-972x1024.jpg 972w, https:\/\/galaxybicycle.com\/wp-content\/uploads\/2025\/09\/CITY-1_07-768x809.jpg 768w, https:\/\/galaxybicycle.com\/wp-content\/uploads\/2025\/09\/CITY-1_07-1458x1536.jpg 1458w, https:\/\/galaxybicycle.com\/wp-content\/uploads\/2025\/09\/CITY-1_07-11x12.jpg 11w, https:\/\/galaxybicycle.com\/wp-content\/uploads\/2025\/09\/CITY-1_07-1000x1054.jpg 1000w\" sizes=\"auto, (max-width: 1563px) 100vw, 1563px\" \/> <img loading=\"lazy\" decoding=\"async\" class=\"alignnone size-full wp-image-3891\" src=\"https:\/\/galaxybicycle.com\/wp-content\/uploads\/2025\/09\/CITY-1_08.jpg\" alt=\"\" width=\"1563\" height=\"1044\" title=\"\" srcset=\"https:\/\/galaxybicycle.com\/wp-content\/uploads\/2025\/09\/CITY-1_08.jpg 1563w, https:\/\/galaxybicycle.com\/wp-content\/uploads\/2025\/09\/CITY-1_08-300x200.jpg 300w, https:\/\/galaxybicycle.com\/wp-content\/uploads\/2025\/09\/CITY-1_08-1024x684.jpg 1024w, https:\/\/galaxybicycle.com\/wp-content\/uploads\/2025\/09\/CITY-1_08-768x513.jpg 768w, https:\/\/galaxybicycle.com\/wp-content\/uploads\/2025\/09\/CITY-1_08-1536x1026.jpg 1536w, https:\/\/galaxybicycle.com\/wp-content\/uploads\/2025\/09\/CITY-1_08-18x12.jpg 18w, https:\/\/galaxybicycle.com\/wp-content\/uploads\/2025\/09\/CITY-1_08-1000x668.jpg 1000w\" sizes=\"auto, (max-width: 1563px) 100vw, 1563px\" \/><\/p>","protected":false},"excerpt":{"rendered":"<p><strong>Fahren Sie mit Stil und Komfort durch die Stadt!<\/strong> Das Pixar City1 ist Ihr zuverl\u00e4ssiger, umweltfreundlicher und unterhaltsamer Weg zum Pendeln oder Erkunden. Ausgestattet mit intelligenten Funktionen wie einem 36-Volt-Akku, einem 250-Watt-Hochleistungsmotor und einer Shimano 7-Gang-Schaltung, bietet dieses E-Bike Ihnen jederzeit Leistung, Kontrolle und reibungslose Fahrten.<\/p>","protected":false},"featured_media":3858,"comment_status":"open","ping_status":"closed","template":"","meta":[],"product_brand":[36],"product_cat":[41,40,39],"product_tag":[],"class_list":{"0":"post-3857","1":"product","2":"type-product","3":"status-publish","4":"has-post-thumbnail","6":"product_brand-pixar","7":"product_cat-pixar-electric-bikes","8":"product_cat-eu-warehourse","9":"product_cat-uk-warehouse","11":"first","12":"instock","13":"shipping-taxable","14":"purchasable","15":"product-type-simple"},"_links":{"self":[{"href":"https:\/\/galaxybicycle.com\/de\/wp-json\/wp\/v2\/product\/3857","targetHints":{"allow":["GET"]}}],"collection":[{"href":"https:\/\/galaxybicycle.com\/de\/wp-json\/wp\/v2\/product"}],"about":[{"href":"https:\/\/galaxybicycle.com\/de\/wp-json\/wp\/v2\/types\/product"}],"replies":[{"embeddable":true,"href":"https:\/\/galaxybicycle.com\/de\/wp-json\/wp\/v2\/comments?post=3857"}],"wp:featuredmedia":[{"embeddable":true,"href":"https:\/\/galaxybicycle.com\/de\/wp-json\/wp\/v2\/media\/3858"}],"wp:attachment":[{"href":"https:\/\/galaxybicycle.com\/de\/wp-json\/wp\/v2\/media?parent=3857"}],"wp:term":[{"taxonomy":"product_brand","embeddable":true,"href":"https:\/\/galaxybicycle.com\/de\/wp-json\/wp\/v2\/product_brand?post=3857"},{"taxonomy":"product_cat","embeddable":true,"href":"https:\/\/galaxybicycle.com\/de\/wp-json\/wp\/v2\/product_cat?post=3857"},{"taxonomy":"product_tag","embeddable":true,"href":"https:\/\/galaxybicycle.com\/de\/wp-json\/wp\/v2\/product_tag?post=3857"}],"curies":[{"name":"wp","href":"https:\/\/api.w.org\/{rel}","templated":true}]}}