{"id":3845,"date":"2025-09-08T11:20:51","date_gmt":"2025-09-08T11:20:51","guid":{"rendered":"https:\/\/galaxybicycle.com\/?post_type=product&#038;p=3845"},"modified":"2026-01-09T10:23:33","modified_gmt":"2026-01-09T10:23:33","slug":"pixar-star1","status":"publish","type":"product","link":"https:\/\/galaxybicycle.com\/de\/product\/pixar-star1\/","title":{"rendered":"Pixar Star 1 Elektrofahrrad | 500W 48V15AH Lithium Batterie | 21-Gang Mini E-Bike"},"content":{"rendered":"<p><iframe loading=\"lazy\" title=\"Pixar Star Baskets Installationsvideo star1 mit Texten\" src=\"https:\/\/www.youtube.com\/embed\/eIio7DEhB6A\" width=\"1840\" height=\"1035\" frameborder=\"0\" allowfullscreen=\"allowfullscreen\"><\/iframe><br \/>\n<iframe loading=\"lazy\" title=\"Pixar Star Geschwindigkeit Entsperrung Video star1 mit Texten\" src=\"https:\/\/www.youtube.com\/embed\/TSCE0NUut9U\" width=\"1840\" height=\"1035\" frameborder=\"0\" allowfullscreen=\"allowfullscreen\"><\/iframe><br \/>\n<iframe loading=\"lazy\" title=\"Pixar Star Unboxing Video star1 mit Texten\" src=\"https:\/\/www.youtube.com\/embed\/A5PJTJHYAHo\" width=\"1840\" height=\"1035\" frameborder=\"0\" allowfullscreen=\"allowfullscreen\"><\/iframe><\/p>\n<p><strong>Pixar Star 1 Elektrofahrrad<\/strong> verbindet schlankes, modernes Design mit robuster Leistung, ideal f\u00fcr Fahrer, die Stil und Funktionalit\u00e4t suchen. Der haltbare Klapprahmen aus einer 6061er Aluminiumlegierung ist mit einem leistungsstarken 48V 500W CZJB b\u00fcrstenlosen Hinterradnabenmotor kombiniert, der ein starkes Drehmoment und eine H\u00f6chstgeschwindigkeit von 25 km\/h liefert (einstellbar auf 32 km\/h im Pedelec-Modus).<\/p>\n<p>Der herausnehmbare 48V 15Ah Lithium-Ionen-Akku (mit EVE-Zellen) bietet eine zuverl\u00e4ssige Reichweite von 45-55 km pro Ladung, wobei eine vollst\u00e4ndige Aufladung \u00fcber das mitgelieferte 54,6V 2A Smart-Ladeger\u00e4t in ca. 7,5 Stunden erfolgt. Mit der Shimano 7-Gang-Schaltung, der einstellbaren Vorderradaufh\u00e4ngung und den 20\u2033 \u00d7 4\u2033 Chaoyang-Fettreifen, die f\u00fcr hervorragende Traktion und Stabilit\u00e4t sorgen, k\u00f6nnen Sie m\u00fchelos durch abwechslungsreiches Gel\u00e4nde fahren.<\/p>\n<p>Die Sicherheit steht bei den mechanischen Scheibenbremsen vorne und hinten (180-mm-Rotoren) mit Abschalthebeln, integrierter LED-Beleuchtung und einer elektronischen Hupe an erster Stelle. Das intelligente Farbdisplay SW-K618 (IP66-zertifiziert mit Typ-C-Ladung) bietet 5 Unterst\u00fctzungsstufen, einen Gehhilfemodus und Fahrdaten in Echtzeit.<\/p>\n<p>Das kompakte und tragbare Fahrrad l\u00e4sst sich auf 95 \u00d7 44 \u00d7 73 cm zusammenklappen und ist damit perfekt f\u00fcr Pendler und Reisende in der Stadt. Weitere Merkmale sind Schutzbleche vorne und hinten, ein Gep\u00e4cktr\u00e4ger, klappbare Pedale und ein robuster St\u00e4nder.<\/p>\n<h3>Warum sollten Sie sich f\u00fcr das Pixar Star 1 entscheiden?<\/h3>\n<ul>\n<li><strong>Starke Leistung:<\/strong> 500W b\u00fcrstenloser Motor mit 25 km\/h H\u00f6chstgeschwindigkeit (einstellbar auf 32 km\/h).<\/li>\n<li><strong>Erweiterte Reichweite:<\/strong> Die 48V 15Ah Lithium-Ionen-Batterie liefert 45-55 km pro Ladung.<\/li>\n<li><strong>Sanfte Steuerung:<\/strong> Shimano 7-Gang-Schaltung und 5-stufige Tretunterst\u00fctzung f\u00fcr vielseitiges Fahren.<\/li>\n<li><strong>Zuverl\u00e4ssiges Anhalten:<\/strong> Zwei mechanische Scheibenbremsen mit Motorabschaltung f\u00fcr sichere Kontrolle.<\/li>\n<li><strong>Zusammenklappbar und tragbar:<\/strong> Kompaktes Faltdesign mit fetten 20\u2033-Reifen und Rahmen aus Aluminiumlegierung.<\/li>\n<li><strong>Bequemes Aufladen:<\/strong> Der herausnehmbare Akku l\u00e4sst sich in ca. 7,5 Stunden aufladen.<\/li>\n<\/ul>\n<h3>Spezifikationen<\/h3>\n<table>\n<tbody>\n<tr>\n<td colspan=\"3\">Pixar Star-E-Bike - Produktparameter (Europ\u00e4ischer Markt)<\/td>\n<\/tr>\n<tr>\n<td>\/<\/td>\n<td>Parameter<\/td>\n<td>Wert<\/td>\n<\/tr>\n<tr>\n<td rowspan=\"15\">Allgemeine Spezifikationen<\/td>\n<td>Bereich<\/td>\n<td>45-55km<\/td>\n<\/tr>\n<tr>\n<td>H\u00f6chstgeschwindigkeit<\/td>\n<td>25 km\/h (Pedelec-Limit, einstellbar auf 32 km\/h)<\/td>\n<\/tr>\n<tr>\n<td>Abmessungen<\/td>\n<td>165 \u00d7 65 \u00d7 127 cm (L \u00d7 B \u00d7 H)<\/td>\n<\/tr>\n<tr>\n<td>Maximale Tragf\u00e4higkeit<\/td>\n<td>120kg<\/td>\n<\/tr>\n<tr>\n<td>Nettogewicht<\/td>\n<td>31kg<\/td>\n<\/tr>\n<tr>\n<td>Bruttogewicht<\/td>\n<td>41kg<\/td>\n<\/tr>\n<tr>\n<td>Packung Abmessungen<\/td>\n<td>106 x 49 x 82cm<\/td>\n<\/tr>\n<tr>\n<td>Menge f\u00fcr 1\u00d740HQ Container<\/td>\n<td>171 St\u00fcck<\/td>\n<\/tr>\n<tr>\n<td>Empfohlene H\u00f6he des Fahrers<\/td>\n<td>155-190 cm<\/td>\n<\/tr>\n<tr>\n<td>Farboptionen<\/td>\n<td>Schwarz &amp; Grau<\/td>\n<\/tr>\n<tr>\n<td>Zusammenklappbar<\/td>\n<td>Ja<\/td>\n<\/tr>\n<tr>\n<td>Fahrrad Zusammengeklappt Gr\u00f6\u00dfe<\/td>\n<td>95 x 44 x 73cm<\/td>\n<\/tr>\n<tr>\n<td>IP-Bewertung<\/td>\n<td>IP54<\/td>\n<\/tr>\n<tr>\n<td>Betriebstemperatur<\/td>\n<td>-10\u00b0C bis +45\u00b0C<\/td>\n<\/tr>\n<tr>\n<td>Kategorie Fahrrad<\/td>\n<td>Faltbares Fat Tire<\/td>\n<\/tr>\n<tr>\n<td rowspan=\"7\">Batterie-System<\/td>\n<td>Batteriekapazit\u00e4t und -typ<\/td>\n<td>48V15Ah Lithium-Ionen (EVE-Zellen)<\/td>\n<\/tr>\n<tr>\n<td>Batterie Gewicht<\/td>\n<td>3kg<\/td>\n<\/tr>\n<tr>\n<td>Herausnehmbare Batterie<\/td>\n<td>Ja<\/td>\n<\/tr>\n<tr>\n<td>Batterie IP-Bewertung<\/td>\n<td>IP65<\/td>\n<\/tr>\n<tr>\n<td>Batterie-Zertifizierung<\/td>\n<td>EN 62133-konform<\/td>\n<\/tr>\n<tr>\n<td>Aufladezeit<\/td>\n<td>7.5h<\/td>\n<\/tr>\n<tr>\n<td>Ladeger\u00e4t<\/td>\n<td>54.6V2A intelligentes Ladeger\u00e4t<\/td>\n<\/tr>\n<tr>\n<td rowspan=\"4\">Motor &amp; Antriebssystem<\/td>\n<td>Motor Typ<\/td>\n<td>B\u00fcrstenloser Motor mit Hinterradnabe<\/td>\n<\/tr>\n<tr>\n<td>Motor Marke<\/td>\n<td>CZJB<\/td>\n<\/tr>\n<tr>\n<td>Motor<\/td>\n<td>48V500W Hochgeschwindigkeits-Hinterradnabenmotor<\/td>\n<\/tr>\n<tr>\n<td>Maximale Steigf\u00e4higkeit<\/td>\n<td>15\u00b0 (ca. G\u00fcteklasse 27%)<\/td>\n<\/tr>\n<tr>\n<td rowspan=\"7\">Kontrollsystem<\/td>\n<td>Anzeige<\/td>\n<td>SW-K618 Intelligentes Farbdisplay, IP66, Typ-C-Ladung<\/td>\n<\/tr>\n<tr>\n<td>Assist-Stufen<\/td>\n<td>5 Stufen (0-5)<\/td>\n<\/tr>\n<tr>\n<td>Drosselklappe<\/td>\n<td>Drehgashebel (Ersatzteile in kleiner Box)<\/td>\n<\/tr>\n<tr>\n<td>Sensoren<\/td>\n<td>Geschwindigkeitssensor (12-Magnet)<\/td>\n<\/tr>\n<tr>\n<td>Ladeanschluss<\/td>\n<td>Ja (Typ-C auf dem Display)<\/td>\n<\/tr>\n<tr>\n<td>Gehhilfe-Modus<\/td>\n<td>6 km\/h (Taste \u201c-\u201d gedr\u00fcckt halten)<\/td>\n<\/tr>\n<tr>\n<td>Hintergrundbeleuchtung<\/td>\n<td>Ja<\/td>\n<\/tr>\n<tr>\n<td rowspan=\"4\">Rahmen &amp; Gabel<\/td>\n<td>Material des Rahmens<\/td>\n<td>Aluminiumlegierung 6061<\/td>\n<\/tr>\n<tr>\n<td>Rahmen Typ<\/td>\n<td>Klappbarer Rahmen<\/td>\n<\/tr>\n<tr>\n<td>Vordere Aufh\u00e4ngung<\/td>\n<td>Einstellbarer Sto\u00dfd\u00e4mpfer<\/td>\n<\/tr>\n<tr>\n<td>Vorderradgabel<\/td>\n<td>Mit Federgabel<\/td>\n<\/tr>\n<tr>\n<td rowspan=\"6\">Antriebsstrang<\/td>\n<td>Kette<\/td>\n<td>1\/2*3\/32 \u201dx118L<\/td>\n<\/tr>\n<tr>\n<td>Kurbelgarnitur<\/td>\n<td>52T*170L, Legierung<\/td>\n<\/tr>\n<tr>\n<td>Freilauf<\/td>\n<td>7-Gang, 14-28T-Freilauf (Aufsteckgewinde)<\/td>\n<\/tr>\n<tr>\n<td>Schaltwerk<\/td>\n<td>Shimano 7-Gang (kompatibel mit 14-28Z)<\/td>\n<\/tr>\n<tr>\n<td>Umwerfer<\/td>\n<td>Keine (einfaches Kettenblatt)<\/td>\n<\/tr>\n<tr>\n<td>Schieber<\/td>\n<td>Shimano 7-Gang<\/td>\n<\/tr>\n<tr>\n<td rowspan=\"5\">R\u00e4der und Reifen<\/td>\n<td>Radgr\u00f6\u00dfe<\/td>\n<td>20\u2033*4<\/td>\n<\/tr>\n<tr>\n<td>Speichen<\/td>\n<td>12G \u00d7 256 mm, EN 15194-konform<\/td>\n<\/tr>\n<tr>\n<td>Reifenmarke<\/td>\n<td>Chaoyang<\/td>\n<\/tr>\n<tr>\n<td>Pannenschutz<\/td>\n<td>Pannensicher<\/td>\n<\/tr>\n<tr>\n<td>Innenrohr<\/td>\n<td>20\u2033 \u00d7 4,0\u2033, A\/V-Ventil 35mm<\/td>\n<\/tr>\n<tr>\n<td rowspan=\"4\">Bremssystem<\/td>\n<td>Bremse Typ<\/td>\n<td>Mechanische Scheibenbremsen (vorne und hinten)<\/td>\n<\/tr>\n<tr>\n<td>Bremsen<\/td>\n<td>Kraftabschaltbare Bremsen<\/td>\n<\/tr>\n<tr>\n<td>Bremsscheiben<\/td>\n<td>180mm (vorne und hinten)<\/td>\n<\/tr>\n<tr>\n<td>Bremshebel<\/td>\n<td>Vollaluminium, flaches Design mit Motorabschaltung<\/td>\n<\/tr>\n<tr>\n<td rowspan=\"7\">Cockpit &amp; Komponenten<\/td>\n<td>Lenker<\/td>\n<td>Riserbar aus Aluminiumlegierung, 25,2\u2033 (640mm) Breite, 25,4mm Vorbauklemme<\/td>\n<\/tr>\n<tr>\n<td>Vorbau<\/td>\n<td>Faltbarer Stiel<\/td>\n<\/tr>\n<tr>\n<td>Sattel<\/td>\n<td>Komfort-Sattel<\/td>\n<\/tr>\n<tr>\n<td>Bereich der Sattelh\u00f6he<\/td>\n<td>900-1000 mm<\/td>\n<\/tr>\n<tr>\n<td>Sattelst\u00fctze<\/td>\n<td>31,8 mm Aluminiumlegierung, winkelverstellbar<\/td>\n<\/tr>\n<tr>\n<td>Schnelle Freigabe<\/td>\n<td>Ja (Vorderrad und Sattelst\u00fctze)<\/td>\n<\/tr>\n<tr>\n<td>Pedale<\/td>\n<td>Zusammenklappbare Kunststoffpedale<\/td>\n<\/tr>\n<tr>\n<td rowspan=\"3\">Beleuchtung und Sicherheit<\/td>\n<td>Scheinwerfer<\/td>\n<td>Integrierter Scheinwerfer mit wasserdichter Abschaltung<\/td>\n<\/tr>\n<tr>\n<td>R\u00fccklicht<\/td>\n<td>Integriertes R\u00fccklicht mit wasserdichter Trennvorrichtung<\/td>\n<\/tr>\n<tr>\n<td>Glocke\/Horn<\/td>\n<td>Mit elektronischer Hupe<\/td>\n<\/tr>\n<tr>\n<td rowspan=\"6\">Zus\u00e4tzliche Ausr\u00fcstung<\/td>\n<td>St\u00e4nder<\/td>\n<td>Hochbelastbarer Aluminium-St\u00e4nder<\/td>\n<\/tr>\n<tr>\n<td>Schutzbleche\/Kotfl\u00fcgel<\/td>\n<td>Mit vorderen und hinteren Kotfl\u00fcgeln<\/td>\n<\/tr>\n<tr>\n<td>Hinteres Gestell<\/td>\n<td>Ja<\/td>\n<\/tr>\n<tr>\n<td>Frontgestell<\/td>\n<td>Optional<\/td>\n<\/tr>\n<tr>\n<td>K\u00f6rbe<\/td>\n<td>Keine<\/td>\n<\/tr>\n<tr>\n<td>Inklusive Toolkit<\/td>\n<td>Ja (3\u00d7 Schraubenschl\u00fcssel, 1\u00d7 Schraubenzieher, 5\u00d7 Inbusschl\u00fcssel)<\/td>\n<\/tr>\n<tr>\n<td rowspan=\"2\">Zertifizierung und Konformit\u00e4t<\/td>\n<td>EN 15194 zertifiziert<\/td>\n<td>Ja<\/td>\n<\/tr>\n<tr>\n<td>Zertifizierung<\/td>\n<td>CE, EN 15194, UL2271<\/td>\n<\/tr>\n<tr>\n<td rowspan=\"3\">Garantie &amp; Support<\/td>\n<td>Gesamtgarantiezeit<\/td>\n<td>1 Jahr beschr\u00e4nkte Garantie<\/td>\n<\/tr>\n<tr>\n<td>Batterie-Garantie<\/td>\n<td>1 Jahr ab dem urspr\u00fcnglichen Kaufdatum<\/td>\n<\/tr>\n<tr>\n<td>Rahmen-Garantie<\/td>\n<td>2 Jahre<\/td>\n<\/tr>\n<tr>\n<td rowspan=\"2\">Montage &amp; Lieferung<\/td>\n<td>Montage erforderlich<\/td>\n<td>90% vormontiert (Vorderrad, Pedale, Lenkereinstellung)<\/td>\n<\/tr>\n<tr>\n<td>Montageanleitung<\/td>\n<td>Inklusive mehrsprachigem Handbuch<\/td>\n<\/tr>\n<\/tbody>\n<\/table>\n<p>Die <strong>Pixar Star 1 Elektrofahrrad<\/strong> ist Ihr zuverl\u00e4ssiger Begleiter f\u00fcr t\u00e4gliche Fahrten, Wochenendausfl\u00fcge und nachhaltige Reisen. Mit starker Leistung, intelligenten Funktionen und einem faltbaren Design sorgt er f\u00fcr sichere, stilvolle Fahrten, wo immer Sie hingehen.<\/p>\n<p><img loading=\"lazy\" decoding=\"async\" class=\"alignnone size-full wp-image-3846\" src=\"https:\/\/galaxybicycle.com\/wp-content\/uploads\/2025\/09\/Star1_01.jpg\" alt=\"\" width=\"1563\" height=\"2529\" title=\"\" srcset=\"https:\/\/galaxybicycle.com\/wp-content\/uploads\/2025\/09\/Star1_01.jpg 1563w, https:\/\/galaxybicycle.com\/wp-content\/uploads\/2025\/09\/Star1_01-185x300.jpg 185w, https:\/\/galaxybicycle.com\/wp-content\/uploads\/2025\/09\/Star1_01-633x1024.jpg 633w, https:\/\/galaxybicycle.com\/wp-content\/uploads\/2025\/09\/Star1_01-768x1243.jpg 768w, https:\/\/galaxybicycle.com\/wp-content\/uploads\/2025\/09\/Star1_01-949x1536.jpg 949w, https:\/\/galaxybicycle.com\/wp-content\/uploads\/2025\/09\/Star1_01-1266x2048.jpg 1266w, https:\/\/galaxybicycle.com\/wp-content\/uploads\/2025\/09\/Star1_01-7x12.jpg 7w, https:\/\/galaxybicycle.com\/wp-content\/uploads\/2025\/09\/Star1_01-1000x1618.jpg 1000w\" sizes=\"auto, (max-width: 1563px) 100vw, 1563px\" \/> <img loading=\"lazy\" decoding=\"async\" class=\"alignnone size-full wp-image-3847\" src=\"https:\/\/galaxybicycle.com\/wp-content\/uploads\/2025\/09\/Star1_02.jpg\" alt=\"\" width=\"1563\" height=\"1945\" title=\"\" srcset=\"https:\/\/galaxybicycle.com\/wp-content\/uploads\/2025\/09\/Star1_02.jpg 1563w, https:\/\/galaxybicycle.com\/wp-content\/uploads\/2025\/09\/Star1_02-241x300.jpg 241w, https:\/\/galaxybicycle.com\/wp-content\/uploads\/2025\/09\/Star1_02-823x1024.jpg 823w, https:\/\/galaxybicycle.com\/wp-content\/uploads\/2025\/09\/Star1_02-768x956.jpg 768w, https:\/\/galaxybicycle.com\/wp-content\/uploads\/2025\/09\/Star1_02-1234x1536.jpg 1234w, https:\/\/galaxybicycle.com\/wp-content\/uploads\/2025\/09\/Star1_02-10x12.jpg 10w, https:\/\/galaxybicycle.com\/wp-content\/uploads\/2025\/09\/Star1_02-1000x1244.jpg 1000w\" sizes=\"auto, (max-width: 1563px) 100vw, 1563px\" \/> <img loading=\"lazy\" decoding=\"async\" class=\"alignnone size-full wp-image-3848\" src=\"https:\/\/galaxybicycle.com\/wp-content\/uploads\/2025\/09\/Star1_03.jpg\" alt=\"\" width=\"1563\" height=\"760\" title=\"\" srcset=\"https:\/\/galaxybicycle.com\/wp-content\/uploads\/2025\/09\/Star1_03.jpg 1563w, https:\/\/galaxybicycle.com\/wp-content\/uploads\/2025\/09\/Star1_03-300x146.jpg 300w, https:\/\/galaxybicycle.com\/wp-content\/uploads\/2025\/09\/Star1_03-1024x498.jpg 1024w, https:\/\/galaxybicycle.com\/wp-content\/uploads\/2025\/09\/Star1_03-768x373.jpg 768w, https:\/\/galaxybicycle.com\/wp-content\/uploads\/2025\/09\/Star1_03-1536x747.jpg 1536w, https:\/\/galaxybicycle.com\/wp-content\/uploads\/2025\/09\/Star1_03-18x9.jpg 18w, https:\/\/galaxybicycle.com\/wp-content\/uploads\/2025\/09\/Star1_03-1000x486.jpg 1000w\" sizes=\"auto, (max-width: 1563px) 100vw, 1563px\" \/> <img loading=\"lazy\" decoding=\"async\" class=\"alignnone size-full wp-image-3849\" src=\"https:\/\/galaxybicycle.com\/wp-content\/uploads\/2025\/09\/Star1_04.jpg\" alt=\"\" width=\"1563\" height=\"1300\" title=\"\" srcset=\"https:\/\/galaxybicycle.com\/wp-content\/uploads\/2025\/09\/Star1_04.jpg 1563w, https:\/\/galaxybicycle.com\/wp-content\/uploads\/2025\/09\/Star1_04-300x250.jpg 300w, https:\/\/galaxybicycle.com\/wp-content\/uploads\/2025\/09\/Star1_04-1024x852.jpg 1024w, https:\/\/galaxybicycle.com\/wp-content\/uploads\/2025\/09\/Star1_04-768x639.jpg 768w, https:\/\/galaxybicycle.com\/wp-content\/uploads\/2025\/09\/Star1_04-1536x1278.jpg 1536w, https:\/\/galaxybicycle.com\/wp-content\/uploads\/2025\/09\/Star1_04-14x12.jpg 14w, https:\/\/galaxybicycle.com\/wp-content\/uploads\/2025\/09\/Star1_04-1000x832.jpg 1000w\" sizes=\"auto, (max-width: 1563px) 100vw, 1563px\" \/> <img loading=\"lazy\" decoding=\"async\" class=\"alignnone size-full wp-image-3850\" src=\"https:\/\/galaxybicycle.com\/wp-content\/uploads\/2025\/09\/Star1_05.jpg\" alt=\"\" width=\"1563\" height=\"1372\" title=\"\" srcset=\"https:\/\/galaxybicycle.com\/wp-content\/uploads\/2025\/09\/Star1_05.jpg 1563w, https:\/\/galaxybicycle.com\/wp-content\/uploads\/2025\/09\/Star1_05-300x263.jpg 300w, https:\/\/galaxybicycle.com\/wp-content\/uploads\/2025\/09\/Star1_05-1024x899.jpg 1024w, https:\/\/galaxybicycle.com\/wp-content\/uploads\/2025\/09\/Star1_05-768x674.jpg 768w, https:\/\/galaxybicycle.com\/wp-content\/uploads\/2025\/09\/Star1_05-1536x1348.jpg 1536w, https:\/\/galaxybicycle.com\/wp-content\/uploads\/2025\/09\/Star1_05-14x12.jpg 14w, https:\/\/galaxybicycle.com\/wp-content\/uploads\/2025\/09\/Star1_05-1000x878.jpg 1000w\" sizes=\"auto, (max-width: 1563px) 100vw, 1563px\" \/> <img loading=\"lazy\" decoding=\"async\" class=\"alignnone size-full wp-image-3851\" src=\"https:\/\/galaxybicycle.com\/wp-content\/uploads\/2025\/09\/Star1_06.jpg\" alt=\"\" width=\"1563\" height=\"1927\" title=\"\" srcset=\"https:\/\/galaxybicycle.com\/wp-content\/uploads\/2025\/09\/Star1_06.jpg 1563w, https:\/\/galaxybicycle.com\/wp-content\/uploads\/2025\/09\/Star1_06-243x300.jpg 243w, https:\/\/galaxybicycle.com\/wp-content\/uploads\/2025\/09\/Star1_06-831x1024.jpg 831w, https:\/\/galaxybicycle.com\/wp-content\/uploads\/2025\/09\/Star1_06-768x947.jpg 768w, https:\/\/galaxybicycle.com\/wp-content\/uploads\/2025\/09\/Star1_06-1246x1536.jpg 1246w, https:\/\/galaxybicycle.com\/wp-content\/uploads\/2025\/09\/Star1_06-10x12.jpg 10w, https:\/\/galaxybicycle.com\/wp-content\/uploads\/2025\/09\/Star1_06-1000x1233.jpg 1000w\" sizes=\"auto, (max-width: 1563px) 100vw, 1563px\" \/> <img loading=\"lazy\" decoding=\"async\" class=\"alignnone size-full wp-image-3852\" src=\"https:\/\/galaxybicycle.com\/wp-content\/uploads\/2025\/09\/Star1_07.jpg\" alt=\"\" width=\"1563\" height=\"1790\" title=\"\" srcset=\"https:\/\/galaxybicycle.com\/wp-content\/uploads\/2025\/09\/Star1_07.jpg 1563w, https:\/\/galaxybicycle.com\/wp-content\/uploads\/2025\/09\/Star1_07-262x300.jpg 262w, https:\/\/galaxybicycle.com\/wp-content\/uploads\/2025\/09\/Star1_07-894x1024.jpg 894w, https:\/\/galaxybicycle.com\/wp-content\/uploads\/2025\/09\/Star1_07-768x880.jpg 768w, https:\/\/galaxybicycle.com\/wp-content\/uploads\/2025\/09\/Star1_07-1341x1536.jpg 1341w, https:\/\/galaxybicycle.com\/wp-content\/uploads\/2025\/09\/Star1_07-10x12.jpg 10w, https:\/\/galaxybicycle.com\/wp-content\/uploads\/2025\/09\/Star1_07-1000x1145.jpg 1000w\" sizes=\"auto, (max-width: 1563px) 100vw, 1563px\" \/> <img loading=\"lazy\" decoding=\"async\" class=\"alignnone size-full wp-image-3853\" src=\"https:\/\/galaxybicycle.com\/wp-content\/uploads\/2025\/09\/Star1_08.jpg\" alt=\"\" width=\"1563\" height=\"1512\" title=\"\" srcset=\"https:\/\/galaxybicycle.com\/wp-content\/uploads\/2025\/09\/Star1_08.jpg 1563w, https:\/\/galaxybicycle.com\/wp-content\/uploads\/2025\/09\/Star1_08-300x290.jpg 300w, https:\/\/galaxybicycle.com\/wp-content\/uploads\/2025\/09\/Star1_08-1024x991.jpg 1024w, https:\/\/galaxybicycle.com\/wp-content\/uploads\/2025\/09\/Star1_08-768x743.jpg 768w, https:\/\/galaxybicycle.com\/wp-content\/uploads\/2025\/09\/Star1_08-1536x1486.jpg 1536w, https:\/\/galaxybicycle.com\/wp-content\/uploads\/2025\/09\/Star1_08-12x12.jpg 12w, https:\/\/galaxybicycle.com\/wp-content\/uploads\/2025\/09\/Star1_08-1000x967.jpg 1000w\" sizes=\"auto, (max-width: 1563px) 100vw, 1563px\" \/> <img loading=\"lazy\" decoding=\"async\" class=\"alignnone size-full wp-image-3854\" src=\"https:\/\/galaxybicycle.com\/wp-content\/uploads\/2025\/09\/Star1_09.jpg\" alt=\"\" width=\"1563\" height=\"1707\" title=\"\" srcset=\"https:\/\/galaxybicycle.com\/wp-content\/uploads\/2025\/09\/Star1_09.jpg 1563w, https:\/\/galaxybicycle.com\/wp-content\/uploads\/2025\/09\/Star1_09-275x300.jpg 275w, https:\/\/galaxybicycle.com\/wp-content\/uploads\/2025\/09\/Star1_09-938x1024.jpg 938w, https:\/\/galaxybicycle.com\/wp-content\/uploads\/2025\/09\/Star1_09-768x839.jpg 768w, https:\/\/galaxybicycle.com\/wp-content\/uploads\/2025\/09\/Star1_09-1406x1536.jpg 1406w, https:\/\/galaxybicycle.com\/wp-content\/uploads\/2025\/09\/Star1_09-11x12.jpg 11w, https:\/\/galaxybicycle.com\/wp-content\/uploads\/2025\/09\/Star1_09-1000x1092.jpg 1000w\" sizes=\"auto, (max-width: 1563px) 100vw, 1563px\" \/> <img loading=\"lazy\" decoding=\"async\" class=\"alignnone size-full wp-image-3855\" src=\"https:\/\/galaxybicycle.com\/wp-content\/uploads\/2025\/09\/Star1_10.jpg\" alt=\"\" width=\"1563\" height=\"1547\" title=\"\" srcset=\"https:\/\/galaxybicycle.com\/wp-content\/uploads\/2025\/09\/Star1_10.jpg 1563w, https:\/\/galaxybicycle.com\/wp-content\/uploads\/2025\/09\/Star1_10-300x297.jpg 300w, https:\/\/galaxybicycle.com\/wp-content\/uploads\/2025\/09\/Star1_10-1024x1014.jpg 1024w, https:\/\/galaxybicycle.com\/wp-content\/uploads\/2025\/09\/Star1_10-768x760.jpg 768w, https:\/\/galaxybicycle.com\/wp-content\/uploads\/2025\/09\/Star1_10-1536x1520.jpg 1536w, https:\/\/galaxybicycle.com\/wp-content\/uploads\/2025\/09\/Star1_10-12x12.jpg 12w, https:\/\/galaxybicycle.com\/wp-content\/uploads\/2025\/09\/Star1_10-1000x990.jpg 1000w, https:\/\/galaxybicycle.com\/wp-content\/uploads\/2025\/09\/Star1_10-100x100.jpg 100w\" sizes=\"auto, (max-width: 1563px) 100vw, 1563px\" \/><\/p>","protected":false},"excerpt":{"rendered":"<p>Entdecken Sie das Pixar Star 1 Elektrofahrrad - ein elegantes und leistungsstarkes Mini-E-Bike mit einem 500W b\u00fcrstenlosen Motor, 48V15AH Lithium-Akku und 21-Gang-Schaltung. Es wurde f\u00fcr Komfort und Leistung entwickelt und bietet eine Reichweite von bis zu 60 km+, hohe Geschwindigkeiten und eine sanfte Fahrt f\u00fcr den Stadtverkehr oder Outdoor-Abenteuer.<\/p>","protected":false},"featured_media":4041,"comment_status":"open","ping_status":"closed","template":"","meta":[],"product_brand":[36],"product_cat":[41,40],"product_tag":[],"class_list":{"0":"post-3845","1":"product","2":"type-product","3":"status-publish","4":"has-post-thumbnail","6":"product_brand-pixar","7":"product_cat-pixar-electric-bikes","8":"product_cat-eu-warehourse","10":"first","11":"instock","12":"shipping-taxable","13":"product-type-simple"},"_links":{"self":[{"href":"https:\/\/galaxybicycle.com\/de\/wp-json\/wp\/v2\/product\/3845","targetHints":{"allow":["GET"]}}],"collection":[{"href":"https:\/\/galaxybicycle.com\/de\/wp-json\/wp\/v2\/product"}],"about":[{"href":"https:\/\/galaxybicycle.com\/de\/wp-json\/wp\/v2\/types\/product"}],"replies":[{"embeddable":true,"href":"https:\/\/galaxybicycle.com\/de\/wp-json\/wp\/v2\/comments?post=3845"}],"wp:featuredmedia":[{"embeddable":true,"href":"https:\/\/galaxybicycle.com\/de\/wp-json\/wp\/v2\/media\/4041"}],"wp:attachment":[{"href":"https:\/\/galaxybicycle.com\/de\/wp-json\/wp\/v2\/media?parent=3845"}],"wp:term":[{"taxonomy":"product_brand","embeddable":true,"href":"https:\/\/galaxybicycle.com\/de\/wp-json\/wp\/v2\/product_brand?post=3845"},{"taxonomy":"product_cat","embeddable":true,"href":"https:\/\/galaxybicycle.com\/de\/wp-json\/wp\/v2\/product_cat?post=3845"},{"taxonomy":"product_tag","embeddable":true,"href":"https:\/\/galaxybicycle.com\/de\/wp-json\/wp\/v2\/product_tag?post=3845"}],"curies":[{"name":"wp","href":"https:\/\/api.w.org\/{rel}","templated":true}]}}