{"id":3642,"date":"2025-09-04T10:43:39","date_gmt":"2025-09-04T10:43:39","guid":{"rendered":"https:\/\/galaxybicycle.com\/?post_type=product&#038;p=3642"},"modified":"2026-01-09T09:59:27","modified_gmt":"2026-01-09T09:59:27","slug":"pixar-space1","status":"publish","type":"product","link":"https:\/\/galaxybicycle.com\/de\/product\/pixar-space1\/","title":{"rendered":"Pixar Space1 Elektrofahrrad 48V20AH 500W | Gro\u00dfe Reichweite Fat Tire E-Bike"},"content":{"rendered":"<p><iframe loading=\"lazy\" title=\"Galaxy Bicycle: Unboxing-Video mit Texten space1\" src=\"https:\/\/www.youtube.com\/embed\/7WPvXyqlPlc\" width=\"1840\" height=\"1035\" frameborder=\"0\" allowfullscreen=\"allowfullscreen\"><span data-mce-type=\"bookmark\" style=\"display: inline-block; width: 0px; overflow: hidden; line-height: 0;\" class=\"mce_SELRES_start\"><\/span><\/iframe><br \/>\n<iframe loading=\"lazy\" title=\"Galaxy Bicycle: Video zur Geschwindigkeitsfreigabe mit Texten space1\" src=\"https:\/\/www.youtube.com\/embed\/pScJ5QD14Wk\" width=\"1840\" height=\"1035\" frameborder=\"0\" allowfullscreen=\"allowfullscreen\"><\/iframe><\/p>\n<h2>Pixar Space1 Elektrofahrrad \u00dcbersicht<\/h2>\n<p>Die <strong>Pixar Space1 Elektrofahrrad<\/strong> bietet kraftvolle Leistung und ganzt\u00e4gigen Komfort f\u00fcr die Stadt, steile H\u00fcgel und Offroad-Trails. Angetrieben von einem <strong>48V 20Ah EVE Lithium-Ionen-Akku<\/strong> und eine <strong>48V 500W CZJB Hinterradnabenmotor<\/strong>, Er bietet eine sanfte Beschleunigung und eine zuverl\u00e4ssige Reichweite. Die <strong>26\u2033 \u00d7 4\u2033 Chaoyang-Fett-Reifen<\/strong> gepaart mit einer <strong>einstellbare Federgabel<\/strong> gew\u00e4hrleisten Stabilit\u00e4t und Sto\u00dfd\u00e4mpfung auf jedem Terrain.<\/p>\n<p>Erreichen Sie Geschwindigkeiten bis zu <strong>25 km\/h<\/strong> (Pedelec-Limit, einstellbar auf 32 km\/h) und Fahrt <strong>60-100 km<\/strong> mit einer einzigen Ladung. Die <strong>Shimano 7-Gang-Antriebssystem<\/strong>, <strong>5-stufige Tretunterst\u00fctzung<\/strong>, <strong>LCD-Multifunktionsanzeige<\/strong>, und <strong>mechanische Scheibenbremsen mit 180-mm-Rotoren<\/strong> sorgen f\u00fcr pr\u00e4zise Kontrolle und sicheres Anhalten. Gebaut auf einem langlebigen <strong>hochwertiger Stahlrahmen<\/strong> mit <strong>IP54<\/strong> Wasserbest\u00e4ndigkeit und ein <strong>120 kg Nutzlast<\/strong>, ist das Space1 f\u00fcr den t\u00e4glichen Einsatz bei jedem Wetter geeignet.<\/p>\n<h3>Warum sollten Sie sich f\u00fcr das Pixar Space1 entscheiden?<\/h3>\n<ul>\n<li><strong>Batterie mit gro\u00dfer Reichweite:<\/strong> Bis zu 100 km pro Ladung mit herausnehmbarem 48V 20Ah EVE Lithium-Ionen-Akku (IP65-zertifiziert).<\/li>\n<li><strong>Leistungsstarker Motor:<\/strong> Der 48V 500W CZJB b\u00fcrstenlose Hinterradnabenmotor \u00fcberwindet 15\u00b0 Steigungen.<\/li>\n<li><strong>All-Terrain-Komfort:<\/strong> 26\u2033 \u00d7 4\u2033 Chaoyang pannensichere fette Reifen und einstellbare Vorderradaufh\u00e4ngung.<\/li>\n<li><strong>Vielseitiges Getriebe:<\/strong> Shimano 7-Gang-Schaltung mit 5 PAS-Stufen und Drehgriffschalter.<\/li>\n<li><strong>Sicher &amp; Sichtbar:<\/strong> Mechanische Scheibenbremsen mit Abschaltautomatik, integrierte LED-Scheinwerfer und -R\u00fcckleuchten, Klingel.<\/li>\n<li><strong>Robuste Bauweise:<\/strong> Hochwertiger Stahlrahmen, 120 kg Tragf\u00e4higkeit, 31,7 kg Nettogewicht.<\/li>\n<li><strong>Intelligente Funktionen:<\/strong> LCD-Display mit Type-C-Ladeanschluss, Gehhilfemodus (6 km\/h), Schnellspanner f\u00fcr Vorderrad und Sattelst\u00fctze.<\/li>\n<\/ul>\n<h3>Spezifikationen<\/h3>\n<table>\n<tbody>\n<tr>\n<td colspan=\"3\">Pixar Space1 Elektrofahrrad - Produktparameter (Europ\u00e4ischer Markt)<\/td>\n<\/tr>\n<tr>\n<td>\/<\/td>\n<td>Parameter<\/td>\n<td>Wert<\/td>\n<\/tr>\n<tr>\n<td rowspan=\"14\">Allgemeine Spezifikationen<\/td>\n<td>Bereich<\/td>\n<td>60-100 km<\/td>\n<\/tr>\n<tr>\n<td>H\u00f6chstgeschwindigkeit<\/td>\n<td>25 km\/h (Pedelec-Limit, einstellbar auf 32 km\/h)<\/td>\n<\/tr>\n<tr>\n<td>Abmessungen<\/td>\n<td>205 \u00d7 72 \u00d7 115 cm (L \u00d7 B \u00d7 H)<\/td>\n<\/tr>\n<tr>\n<td>Maximale Tragf\u00e4higkeit<\/td>\n<td>120 kg<\/td>\n<\/tr>\n<tr>\n<td>Nettogewicht<\/td>\n<td>31,7 kg<\/td>\n<\/tr>\n<tr>\n<td>Bruttogewicht<\/td>\n<td>41,3 kg<\/td>\n<\/tr>\n<tr>\n<td>Packung Abmessungen<\/td>\n<td>165 \u00d7 28 \u00d7 84 cm<\/td>\n<\/tr>\n<tr>\n<td>Menge pro 1\u00d740HQ Container<\/td>\n<td>150 St\u00fcck<\/td>\n<\/tr>\n<tr>\n<td>Empfohlene H\u00f6he des Fahrers<\/td>\n<td>155-190 cm<\/td>\n<\/tr>\n<tr>\n<td>Farboptionen<\/td>\n<td>Schwarz &amp; Grau<\/td>\n<\/tr>\n<tr>\n<td>Zusammenklappbar<\/td>\n<td>Nein<\/td>\n<\/tr>\n<tr>\n<td>IP-Bewertung<\/td>\n<td>IP54<\/td>\n<\/tr>\n<tr>\n<td>Betriebstemperatur<\/td>\n<td>-10\u00b0C bis +45\u00b0C<\/td>\n<\/tr>\n<tr>\n<td>Kategorie Fahrrad<\/td>\n<td>Fat Tire Berg\/All-Terrain<\/td>\n<\/tr>\n<tr>\n<td rowspan=\"7\">Batterie-System<\/td>\n<td>Batteriekapazit\u00e4t und -typ<\/td>\n<td>48V 20Ah Lithium-Ionen (EVE-Zellen)<\/td>\n<\/tr>\n<tr>\n<td>Batterie Gewicht<\/td>\n<td>3 kg<\/td>\n<\/tr>\n<tr>\n<td>Herausnehmbare Batterie<\/td>\n<td>Ja<\/td>\n<\/tr>\n<tr>\n<td>Batterie IP-Bewertung<\/td>\n<td>IP65<\/td>\n<\/tr>\n<tr>\n<td>Batterie-Zertifizierung<\/td>\n<td>EN 62133-konform<\/td>\n<\/tr>\n<tr>\n<td>Aufladezeit<\/td>\n<td>6.8 h<\/td>\n<\/tr>\n<tr>\n<td>Ladeger\u00e4t<\/td>\n<td>54,6V 3A intelligentes Ladeger\u00e4t<\/td>\n<\/tr>\n<tr>\n<td rowspan=\"4\">Motor &amp; Antriebssystem<\/td>\n<td>Motor Typ<\/td>\n<td>B\u00fcrstenloser Motor mit Hinterradnabe<\/td>\n<\/tr>\n<tr>\n<td>Motor Marke<\/td>\n<td>CZJB<\/td>\n<\/tr>\n<tr>\n<td>Motor<\/td>\n<td>48V 500W Hochgeschwindigkeits-Hinterradnabenmotor<\/td>\n<\/tr>\n<tr>\n<td>Maximale Steigf\u00e4higkeit<\/td>\n<td>15\u00b0 (ca. G\u00fcteklasse 27%)<\/td>\n<\/tr>\n<tr>\n<td rowspan=\"7\">Kontrollsystem<\/td>\n<td>Anzeige<\/td>\n<td>LCD-Multifunktionsanzeige (Modell G518)<\/td>\n<\/tr>\n<tr>\n<td>Assist-Stufen<\/td>\n<td>5 Stufen (0-5)<\/td>\n<\/tr>\n<tr>\n<td>Drosselklappe<\/td>\n<td>Drehgashebel (Ersatz in kleiner Box)<\/td>\n<\/tr>\n<tr>\n<td>Sensoren<\/td>\n<td>Geschwindigkeitssensor (12-Magnet)<\/td>\n<\/tr>\n<tr>\n<td>Ladeanschluss<\/td>\n<td>Typ-C auf dem Display<\/td>\n<\/tr>\n<tr>\n<td>Gehhilfe-Modus<\/td>\n<td>6 km\/h (Taste \u201c-\u201d gedr\u00fcckt halten)<\/td>\n<\/tr>\n<tr>\n<td>Hintergrundbeleuchtung<\/td>\n<td>Ja<\/td>\n<\/tr>\n<tr>\n<td rowspan=\"4\">Rahmen &amp; Gabel<\/td>\n<td>Material des Rahmens<\/td>\n<td>Aluminium-Legierung<\/td>\n<\/tr>\n<tr>\n<td>Rahmen Typ<\/td>\n<td>Sport-Highstep-Rahmen<\/td>\n<\/tr>\n<tr>\n<td>Vordere Aufh\u00e4ngung<\/td>\n<td>Einstellbarer Sto\u00dfd\u00e4mpfer<\/td>\n<\/tr>\n<tr>\n<td>Vorderradgabel<\/td>\n<td>Mit Federgabel<\/td>\n<\/tr>\n<tr>\n<td rowspan=\"6\">Antriebsstrang<\/td>\n<td>Kette<\/td>\n<td>1\/2\u2033 \u00d7 3\/32\u2033 \u00d7 118L<\/td>\n<\/tr>\n<tr>\n<td>Kurbelgarnitur<\/td>\n<td>52Z \u00d7 170L, Legierung<\/td>\n<\/tr>\n<tr>\n<td>Freilauf<\/td>\n<td>7-Gang, 14-28Z (mit Gewinde)<\/td>\n<\/tr>\n<tr>\n<td>Schaltwerk<\/td>\n<td>Shimano 7-Gang (kompatibel mit 14-28T)<\/td>\n<\/tr>\n<tr>\n<td>Umwerfer<\/td>\n<td>Keine (einfaches Kettenblatt)<\/td>\n<\/tr>\n<tr>\n<td>Schieber<\/td>\n<td>Shimano 7-Gang<\/td>\n<\/tr>\n<tr>\n<td rowspan=\"5\">R\u00e4der und Reifen<\/td>\n<td>Radgr\u00f6\u00dfe<\/td>\n<td>26\u2033 \u00d7 4\u2033<\/td>\n<\/tr>\n<tr>\n<td>Speichen<\/td>\n<td>12G \u00d7 256 mm, EN 15194-konform<\/td>\n<\/tr>\n<tr>\n<td>Reifenmarke<\/td>\n<td>Chaoyang<\/td>\n<\/tr>\n<tr>\n<td>Pannenschutz<\/td>\n<td>Pannensicher<\/td>\n<\/tr>\n<tr>\n<td>Innenrohr<\/td>\n<td>26\u2033 \u00d7 4,0\u2033, A\/V-Ventil 35 mm<\/td>\n<\/tr>\n<tr>\n<td rowspan=\"4\">Bremssystem<\/td>\n<td>Bremse Typ<\/td>\n<td>Mechanische Scheibenbremsen (vorne und hinten)<\/td>\n<\/tr>\n<tr>\n<td>Bremsen<\/td>\n<td>Kraftabschaltbare Bremsen<\/td>\n<\/tr>\n<tr>\n<td>Bremsscheiben<\/td>\n<td>180 mm (vorne und hinten)<\/td>\n<\/tr>\n<tr>\n<td>Bremshebel<\/td>\n<td>Vollaluminium, flaches Profil mit Motorabschaltung<\/td>\n<\/tr>\n<tr>\n<td rowspan=\"7\">Cockpit &amp; Komponenten<\/td>\n<td>Lenker<\/td>\n<td>Riserbar aus Aluminiumlegierung, 665 mm Breite, 31,8 mm Klemme<\/td>\n<\/tr>\n<tr>\n<td>Vorbau<\/td>\n<td>Aluminium-Stiel<\/td>\n<\/tr>\n<tr>\n<td>Sattel<\/td>\n<td>Komfortsattel (Anmerkung: in der Spezifikation sind Pedale aufgef\u00fchrt; es wird angenommen, dass ein Sattel vorhanden ist)<\/td>\n<\/tr>\n<tr>\n<td>Bereich der Sattelh\u00f6he<\/td>\n<td>900-1000 mm<\/td>\n<\/tr>\n<tr>\n<td>Sattelst\u00fctze<\/td>\n<td>30,4 mm Aluminiumlegierung, winkelverstellbar<\/td>\n<\/tr>\n<tr>\n<td>Schnelle Freigabe<\/td>\n<td>Ja (Vorderrad und Sattelst\u00fctze)<\/td>\n<\/tr>\n<tr>\n<td>Pedale<\/td>\n<td>Plattformpedale aus Aluminiumlegierung mit Reflektoren<\/td>\n<\/tr>\n<tr>\n<td rowspan=\"3\">Beleuchtung und Sicherheit<\/td>\n<td>Scheinwerfer<\/td>\n<td>Integrierte LED mit wasserdichter Abschaltung<\/td>\n<\/tr>\n<tr>\n<td>R\u00fccklicht<\/td>\n<td>Integrierte LED mit wasserdichter Abschaltung<\/td>\n<\/tr>\n<tr>\n<td>Glocke\/Horn<\/td>\n<td>Nur Glocke<\/td>\n<\/tr>\n<tr>\n<td rowspan=\"5\">Zus\u00e4tzliche Ausr\u00fcstung<\/td>\n<td>St\u00e4nder<\/td>\n<td>Hochbelastbarer Aluminium-St\u00e4nder<\/td>\n<\/tr>\n<tr>\n<td>Schutzbleche\/Kotfl\u00fcgel<\/td>\n<td>Nein<\/td>\n<\/tr>\n<tr>\n<td>Hinteres Gestell<\/td>\n<td>Keine<\/td>\n<\/tr>\n<tr>\n<td>Frontgestell<\/td>\n<td>Keine<\/td>\n<\/tr>\n<tr>\n<td>Inklusive Toolkit<\/td>\n<td>Ja (3\u00d7 Schraubenschl\u00fcssel, 1\u00d7 Schraubenzieher, 5\u00d7 Inbusschl\u00fcssel)<\/td>\n<\/tr>\n<tr>\n<td rowspan=\"2\">Zertifizierung und Konformit\u00e4t<\/td>\n<td>EN 15194 zertifiziert<\/td>\n<td>Ja<\/td>\n<\/tr>\n<tr>\n<td>Zertifizierung<\/td>\n<td>CE, EN 15194, UL2271<\/td>\n<\/tr>\n<tr>\n<td rowspan=\"3\">Garantie &amp; Support<\/td>\n<td>Gesamtgarantiezeit<\/td>\n<td>1 Jahr befristet<\/td>\n<\/tr>\n<tr>\n<td>Batterie-Garantie<\/td>\n<td>1 Jahr ab Kauf<\/td>\n<\/tr>\n<tr>\n<td>Rahmen-Garantie<\/td>\n<td>2 Jahre<\/td>\n<\/tr>\n<tr>\n<td rowspan=\"2\">Montage &amp; Lieferung<\/td>\n<td>Montage erforderlich<\/td>\n<td>90% vormontiert (Vorderrad, Pedale, Lenker)<\/td>\n<\/tr>\n<tr>\n<td>Montageanleitung<\/td>\n<td>Inklusive mehrsprachigem Handbuch<\/td>\n<\/tr>\n<\/tbody>\n<\/table>\n<p><img loading=\"lazy\" decoding=\"async\" class=\"alignnone size-full wp-image-3669\" style=\"font-size: 16px;\" src=\"https:\/\/galaxybicycle.com\/wp-content\/uploads\/2025\/09\/Space-1_01-1.jpg\" alt=\"\" width=\"1823\" height=\"2560\" title=\"\" srcset=\"https:\/\/galaxybicycle.com\/wp-content\/uploads\/2025\/09\/Space-1_01-1.jpg 1823w, https:\/\/galaxybicycle.com\/wp-content\/uploads\/2025\/09\/Space-1_01-1-214x300.jpg 214w, https:\/\/galaxybicycle.com\/wp-content\/uploads\/2025\/09\/Space-1_01-1-729x1024.jpg 729w, https:\/\/galaxybicycle.com\/wp-content\/uploads\/2025\/09\/Space-1_01-1-768x1078.jpg 768w, https:\/\/galaxybicycle.com\/wp-content\/uploads\/2025\/09\/Space-1_01-1-1094x1536.jpg 1094w, https:\/\/galaxybicycle.com\/wp-content\/uploads\/2025\/09\/Space-1_01-1-1458x2048.jpg 1458w, https:\/\/galaxybicycle.com\/wp-content\/uploads\/2025\/09\/Space-1_01-1-9x12.jpg 9w, https:\/\/galaxybicycle.com\/wp-content\/uploads\/2025\/09\/Space-1_01-1-1000x1404.jpg 1000w\" sizes=\"auto, (max-width: 1823px) 100vw, 1823px\" \/> <img loading=\"lazy\" decoding=\"async\" class=\"alignnone size-full wp-image-3670\" style=\"font-size: 16px;\" src=\"https:\/\/galaxybicycle.com\/wp-content\/uploads\/2025\/09\/Space-1_02.jpg\" alt=\"\" width=\"1537\" height=\"2560\" title=\"\" srcset=\"https:\/\/galaxybicycle.com\/wp-content\/uploads\/2025\/09\/Space-1_02.jpg 1537w, https:\/\/galaxybicycle.com\/wp-content\/uploads\/2025\/09\/Space-1_02-180x300.jpg 180w, https:\/\/galaxybicycle.com\/wp-content\/uploads\/2025\/09\/Space-1_02-615x1024.jpg 615w, https:\/\/galaxybicycle.com\/wp-content\/uploads\/2025\/09\/Space-1_02-768x1279.jpg 768w, https:\/\/galaxybicycle.com\/wp-content\/uploads\/2025\/09\/Space-1_02-922x1536.jpg 922w, https:\/\/galaxybicycle.com\/wp-content\/uploads\/2025\/09\/Space-1_02-1230x2048.jpg 1230w, https:\/\/galaxybicycle.com\/wp-content\/uploads\/2025\/09\/Space-1_02-7x12.jpg 7w, https:\/\/galaxybicycle.com\/wp-content\/uploads\/2025\/09\/Space-1_02-1000x1666.jpg 1000w\" sizes=\"auto, (max-width: 1537px) 100vw, 1537px\" \/> <img loading=\"lazy\" decoding=\"async\" class=\"alignnone size-full wp-image-3671\" style=\"font-size: 16px;\" src=\"https:\/\/galaxybicycle.com\/wp-content\/uploads\/2025\/09\/Space-1_03.jpg\" alt=\"\" width=\"2560\" height=\"2485\" title=\"\" srcset=\"https:\/\/galaxybicycle.com\/wp-content\/uploads\/2025\/09\/Space-1_03.jpg 2560w, https:\/\/galaxybicycle.com\/wp-content\/uploads\/2025\/09\/Space-1_03-300x291.jpg 300w, https:\/\/galaxybicycle.com\/wp-content\/uploads\/2025\/09\/Space-1_03-1024x994.jpg 1024w, https:\/\/galaxybicycle.com\/wp-content\/uploads\/2025\/09\/Space-1_03-768x746.jpg 768w, https:\/\/galaxybicycle.com\/wp-content\/uploads\/2025\/09\/Space-1_03-1536x1491.jpg 1536w, https:\/\/galaxybicycle.com\/wp-content\/uploads\/2025\/09\/Space-1_03-2048x1988.jpg 2048w, https:\/\/galaxybicycle.com\/wp-content\/uploads\/2025\/09\/Space-1_03-12x12.jpg 12w, https:\/\/galaxybicycle.com\/wp-content\/uploads\/2025\/09\/Space-1_03-1000x971.jpg 1000w\" sizes=\"auto, (max-width: 2560px) 100vw, 2560px\" \/> <img loading=\"lazy\" decoding=\"async\" class=\"alignnone size-full wp-image-3672\" style=\"font-size: 16px;\" src=\"https:\/\/galaxybicycle.com\/wp-content\/uploads\/2025\/09\/Space-1_04.jpg\" alt=\"\" width=\"2560\" height=\"1886\" title=\"\" srcset=\"https:\/\/galaxybicycle.com\/wp-content\/uploads\/2025\/09\/Space-1_04.jpg 2560w, https:\/\/galaxybicycle.com\/wp-content\/uploads\/2025\/09\/Space-1_04-300x221.jpg 300w, https:\/\/galaxybicycle.com\/wp-content\/uploads\/2025\/09\/Space-1_04-1024x754.jpg 1024w, https:\/\/galaxybicycle.com\/wp-content\/uploads\/2025\/09\/Space-1_04-768x566.jpg 768w, https:\/\/galaxybicycle.com\/wp-content\/uploads\/2025\/09\/Space-1_04-1536x1132.jpg 1536w, https:\/\/galaxybicycle.com\/wp-content\/uploads\/2025\/09\/Space-1_04-2048x1509.jpg 2048w, https:\/\/galaxybicycle.com\/wp-content\/uploads\/2025\/09\/Space-1_04-16x12.jpg 16w, https:\/\/galaxybicycle.com\/wp-content\/uploads\/2025\/09\/Space-1_04-1000x737.jpg 1000w\" sizes=\"auto, (max-width: 2560px) 100vw, 2560px\" \/> <img loading=\"lazy\" decoding=\"async\" class=\"alignnone size-full wp-image-3673\" style=\"font-size: 16px;\" src=\"https:\/\/galaxybicycle.com\/wp-content\/uploads\/2025\/09\/Space-1_05.jpg\" alt=\"\" width=\"2471\" height=\"2560\" title=\"\" srcset=\"https:\/\/galaxybicycle.com\/wp-content\/uploads\/2025\/09\/Space-1_05.jpg 2471w, https:\/\/galaxybicycle.com\/wp-content\/uploads\/2025\/09\/Space-1_05-290x300.jpg 290w, https:\/\/galaxybicycle.com\/wp-content\/uploads\/2025\/09\/Space-1_05-988x1024.jpg 988w, https:\/\/galaxybicycle.com\/wp-content\/uploads\/2025\/09\/Space-1_05-768x796.jpg 768w, https:\/\/galaxybicycle.com\/wp-content\/uploads\/2025\/09\/Space-1_05-1483x1536.jpg 1483w, https:\/\/galaxybicycle.com\/wp-content\/uploads\/2025\/09\/Space-1_05-1977x2048.jpg 1977w, https:\/\/galaxybicycle.com\/wp-content\/uploads\/2025\/09\/Space-1_05-12x12.jpg 12w, https:\/\/galaxybicycle.com\/wp-content\/uploads\/2025\/09\/Space-1_05-1000x1036.jpg 1000w\" sizes=\"auto, (max-width: 2471px) 100vw, 2471px\" \/> <img loading=\"lazy\" decoding=\"async\" class=\"alignnone size-full wp-image-3674\" style=\"font-size: 16px;\" src=\"https:\/\/galaxybicycle.com\/wp-content\/uploads\/2025\/09\/Space-1_06.jpg\" alt=\"\" width=\"1461\" height=\"2560\" title=\"\" srcset=\"https:\/\/galaxybicycle.com\/wp-content\/uploads\/2025\/09\/Space-1_06.jpg 1461w, https:\/\/galaxybicycle.com\/wp-content\/uploads\/2025\/09\/Space-1_06-171x300.jpg 171w, https:\/\/galaxybicycle.com\/wp-content\/uploads\/2025\/09\/Space-1_06-584x1024.jpg 584w, https:\/\/galaxybicycle.com\/wp-content\/uploads\/2025\/09\/Space-1_06-768x1346.jpg 768w, https:\/\/galaxybicycle.com\/wp-content\/uploads\/2025\/09\/Space-1_06-877x1536.jpg 877w, https:\/\/galaxybicycle.com\/wp-content\/uploads\/2025\/09\/Space-1_06-1169x2048.jpg 1169w, https:\/\/galaxybicycle.com\/wp-content\/uploads\/2025\/09\/Space-1_06-7x12.jpg 7w, https:\/\/galaxybicycle.com\/wp-content\/uploads\/2025\/09\/Space-1_06-1000x1752.jpg 1000w\" sizes=\"auto, (max-width: 1461px) 100vw, 1461px\" \/> <img loading=\"lazy\" decoding=\"async\" class=\"alignnone size-full wp-image-3675\" style=\"font-size: 16px;\" src=\"https:\/\/galaxybicycle.com\/wp-content\/uploads\/2025\/09\/Space-1_07.jpg\" alt=\"\" width=\"2543\" height=\"2560\" title=\"\" srcset=\"https:\/\/galaxybicycle.com\/wp-content\/uploads\/2025\/09\/Space-1_07.jpg 2543w, https:\/\/galaxybicycle.com\/wp-content\/uploads\/2025\/09\/Space-1_07-298x300.jpg 298w, https:\/\/galaxybicycle.com\/wp-content\/uploads\/2025\/09\/Space-1_07-1017x1024.jpg 1017w, https:\/\/galaxybicycle.com\/wp-content\/uploads\/2025\/09\/Space-1_07-150x150.jpg 150w, https:\/\/galaxybicycle.com\/wp-content\/uploads\/2025\/09\/Space-1_07-768x773.jpg 768w, https:\/\/galaxybicycle.com\/wp-content\/uploads\/2025\/09\/Space-1_07-1526x1536.jpg 1526w, https:\/\/galaxybicycle.com\/wp-content\/uploads\/2025\/09\/Space-1_07-2034x2048.jpg 2034w, https:\/\/galaxybicycle.com\/wp-content\/uploads\/2025\/09\/Space-1_07-12x12.jpg 12w, https:\/\/galaxybicycle.com\/wp-content\/uploads\/2025\/09\/Space-1_07-1000x1007.jpg 1000w, https:\/\/galaxybicycle.com\/wp-content\/uploads\/2025\/09\/Space-1_07-100x100.jpg 100w\" sizes=\"auto, (max-width: 2543px) 100vw, 2543px\" \/> <img loading=\"lazy\" decoding=\"async\" class=\"alignnone size-full wp-image-3676\" style=\"font-size: 16px;\" src=\"https:\/\/galaxybicycle.com\/wp-content\/uploads\/2025\/09\/Space-1_08.jpg\" alt=\"\" width=\"2560\" height=\"1728\" title=\"\" srcset=\"https:\/\/galaxybicycle.com\/wp-content\/uploads\/2025\/09\/Space-1_08.jpg 2560w, https:\/\/galaxybicycle.com\/wp-content\/uploads\/2025\/09\/Space-1_08-300x203.jpg 300w, https:\/\/galaxybicycle.com\/wp-content\/uploads\/2025\/09\/Space-1_08-1024x691.jpg 1024w, https:\/\/galaxybicycle.com\/wp-content\/uploads\/2025\/09\/Space-1_08-768x518.jpg 768w, https:\/\/galaxybicycle.com\/wp-content\/uploads\/2025\/09\/Space-1_08-1536x1037.jpg 1536w, https:\/\/galaxybicycle.com\/wp-content\/uploads\/2025\/09\/Space-1_08-2048x1382.jpg 2048w, https:\/\/galaxybicycle.com\/wp-content\/uploads\/2025\/09\/Space-1_08-18x12.jpg 18w, https:\/\/galaxybicycle.com\/wp-content\/uploads\/2025\/09\/Space-1_08-1000x675.jpg 1000w\" sizes=\"auto, (max-width: 2560px) 100vw, 2560px\" \/><\/p>","protected":false},"excerpt":{"rendered":"<p>Das Pixar Space1 ist ein leistungsstarkes und elegantes Elektrofahrrad, das f\u00fcr Abenteuer gebaut wurde. Mit einer 48V20AH EVE-Zellen-Batterie, einem 500W-Hochgeschwindigkeitsmotor und fetten 26\u2033x4\u2033-Reifen bietet es bis zu 100KM Reichweite, eine weiche Federung und eine Shimano 7-Gang-Schaltung - perfekt f\u00fcr Fahrten in der Stadt, auf Trails und im Gel\u00e4nde.<\/p>","protected":false},"featured_media":3647,"comment_status":"open","ping_status":"closed","template":"","meta":[],"product_brand":[36],"product_cat":[41,39],"product_tag":[],"class_list":{"0":"post-3642","1":"product","2":"type-product","3":"status-publish","4":"has-post-thumbnail","6":"product_brand-pixar","7":"product_cat-pixar-electric-bikes","8":"product_cat-uk-warehouse","10":"first","11":"instock","12":"shipping-taxable","13":"purchasable","14":"product-type-simple"},"_links":{"self":[{"href":"https:\/\/galaxybicycle.com\/de\/wp-json\/wp\/v2\/product\/3642","targetHints":{"allow":["GET"]}}],"collection":[{"href":"https:\/\/galaxybicycle.com\/de\/wp-json\/wp\/v2\/product"}],"about":[{"href":"https:\/\/galaxybicycle.com\/de\/wp-json\/wp\/v2\/types\/product"}],"replies":[{"embeddable":true,"href":"https:\/\/galaxybicycle.com\/de\/wp-json\/wp\/v2\/comments?post=3642"}],"wp:featuredmedia":[{"embeddable":true,"href":"https:\/\/galaxybicycle.com\/de\/wp-json\/wp\/v2\/media\/3647"}],"wp:attachment":[{"href":"https:\/\/galaxybicycle.com\/de\/wp-json\/wp\/v2\/media?parent=3642"}],"wp:term":[{"taxonomy":"product_brand","embeddable":true,"href":"https:\/\/galaxybicycle.com\/de\/wp-json\/wp\/v2\/product_brand?post=3642"},{"taxonomy":"product_cat","embeddable":true,"href":"https:\/\/galaxybicycle.com\/de\/wp-json\/wp\/v2\/product_cat?post=3642"},{"taxonomy":"product_tag","embeddable":true,"href":"https:\/\/galaxybicycle.com\/de\/wp-json\/wp\/v2\/product_tag?post=3642"}],"curies":[{"name":"wp","href":"https:\/\/api.w.org\/{rel}","templated":true}]}}