{"id":3404,"date":"2025-09-04T04:05:15","date_gmt":"2025-09-04T04:05:15","guid":{"rendered":"https:\/\/galaxybicycle.com\/?post_type=product&#038;p=3404"},"modified":"2025-11-12T04:40:45","modified_gmt":"2025-11-12T04:40:45","slug":"pixar-fun1","status":"publish","type":"product","link":"https:\/\/galaxybicycle.com\/de\/product\/pixar-fun1\/","title":{"rendered":"Pixar Fun1 36V 350W Elektrofahrrad - 25 km\/h (bis zu 32 km\/h), 45 km Reichweite, LCD Display"},"content":{"rendered":"<p><iframe loading=\"lazy\" title=\"Galaxy Bicycle: Unboxing-Video fun1 mit Texten\" src=\"https:\/\/www.youtube.com\/embed\/ula4y15ows0\" width=\"1840\" height=\"1035\" frameborder=\"0\" allowfullscreen=\"allowfullscreen\"><\/iframe><br \/>\n<iframe loading=\"lazy\" title=\"Galaxy Bicycle: Speed Unlocking Video Fun1 mit Texten\" src=\"https:\/\/www.youtube.com\/embed\/smBFxkI6J0o\" width=\"1840\" height=\"1035\" frameborder=\"0\" allowfullscreen=\"allowfullscreen\"><\/iframe><br \/>\n<iframe loading=\"lazy\" title=\"Galaxy Bicycle: Korbmontagevideo fun1 mit Texten\" src=\"https:\/\/www.youtube.com\/embed\/m9vSsHTMPN0\" width=\"1840\" height=\"1035\" frameborder=\"0\" allowfullscreen=\"allowfullscreen\"><\/iframe><\/p>\n<h2>Warum Sie das Pixar Fun1 Elektrofahrrad lieben werden<\/h2>\n<p>Sind Sie bereit, Ihre t\u00e4gliche Fahrt in ein Abenteuer zu verwandeln? Die <strong>Pixar Fun1<\/strong> kombiniert Leistung, Komfort und Einfachheit in einem schlanken, einsteigerfreundlichen Paket, das auch erfahrene E-Biker zu sch\u00e4tzen wissen werden.<\/p>\n<h3>Leistung und Reichweite<\/h3>\n<p>Ein zuverl\u00e4ssiger 36-V-Hochgeschwindigkeits-Hinterradnabenmotor mit 350 W (Marke CZJB) sorgt f\u00fcr gleichm\u00e4\u00dfige Fahrten, w\u00e4hrend Sie mit f\u00fcnf Tretunterst\u00fctzungsstufen (0-5) genau die Unterst\u00fctzung w\u00e4hlen k\u00f6nnen, die Sie ben\u00f6tigen. Das LCD-Multifunktionsdisplay zeigt Geschwindigkeit, Batteriestand und Modus auf einen Blick an. Integrierte Vorder- und R\u00fccklichter sorgen daf\u00fcr, dass Sie bei Dunkelheit gut sichtbar sind.<\/p>\n<p>Der herausnehmbare 36-V-Lithium-Ionen-Akku (EVE-Zellen) mit 10,4 Ah hat eine Reichweite von 35-45 km im Tretunterst\u00fctzungsmodus. Das mitgelieferte 42 V 2 A Smart-Ladeger\u00e4t l\u00e4dt ihn in 4-6 Stunden vollst\u00e4ndig auf. Erreichen Sie eine H\u00f6chstgeschwindigkeit von 25 km\/h (einstellbar auf 32 km\/h) und bew\u00e4ltigen Sie Steigungen bis zu 15\u00b0 mit Leichtigkeit.<\/p>\n<h3>Gebaut f\u00fcr die Ewigkeit<\/h3>\n<p>Der hochwertige Stahl-Durchstiegsrahmen tr\u00e4gt bis zu 120 kg. Die pannensicheren 20\u2033 \u00d7 3\u2033 Chaoyang-Reifen rollen geschmeidig ab, w\u00e4hrend mechanische Scheibenbremsen (160-mm-Rotoren vorne und hinten) mit Leistungsabschaltung f\u00fcr sicheres Anhalten sorgen. Eine Shimano 7-Gang-Schaltung und ein Drehgriffschalter sorgen f\u00fcr pr\u00e4zise und m\u00fchelose Gangwechsel.<\/p>\n<h3>Praktische Merkmale<\/h3>\n<p>Das 90% wird vormontiert geliefert - montieren Sie das Vorderrad, die Pedale und stellen Sie den Lenker mit dem mitgelieferten Werkzeugsatz ein. Schutzbleche vorne und hinten sorgen f\u00fcr Sauberkeit, ein stabiler Stahlgep\u00e4cktr\u00e4ger f\u00fcr den Transport von Lasten und eine mechanische Klingel f\u00fcr mehr Sicherheit. Die einstellbare Vorderradfederung und der bequeme Sattel (H\u00f6he 900-1000 mm) sorgen f\u00fcr eine angenehme Fahrt f\u00fcr Fahrer mit einer K\u00f6rpergr\u00f6\u00dfe von 155-190 cm.<\/p>\n<p>IP54-zertifiziert f\u00fcr den Allwettereinsatz (-10 \u00b0C bis +45 \u00b0C), mit einem Gehhilfemodus (6 km\/h) und optionalem Drehgas als Ersatzteil.<\/p>\n<h2>Spezifikationen<\/h2>\n<table>\n<tbody>\n<tr>\n<td colspan=\"3\">Pixar Fun1 E-Bike - Produktparameter (Europ\u00e4ischer Markt)<\/td>\n<\/tr>\n<tr>\n<td>\/<\/td>\n<td>Parameter<\/td>\n<td>Wert<\/td>\n<\/tr>\n<tr>\n<td rowspan=\"14\">Allgemeine Spezifikationen<\/td>\n<td>Bereich<\/td>\n<td>35-45 km (Tretunterst\u00fctzungsmodus)<\/td>\n<\/tr>\n<tr>\n<td>H\u00f6chstgeschwindigkeit<\/td>\n<td>25 km\/h (Pedelec-Limit, einstellbar auf 32 km\/h)<\/td>\n<\/tr>\n<tr>\n<td>Abmessungen<\/td>\n<td>162 \u00d7 66 \u00d7 104 cm (L \u00d7 B \u00d7 H)<\/td>\n<\/tr>\n<tr>\n<td>Maximale Tragf\u00e4higkeit<\/td>\n<td>120kg<\/td>\n<\/tr>\n<tr>\n<td>Nettogewicht<\/td>\n<td>27.1kg<\/td>\n<\/tr>\n<tr>\n<td>Bruttogewicht<\/td>\n<td>33,8 kg<\/td>\n<\/tr>\n<tr>\n<td>Packung Abmessungen<\/td>\n<td>135 x 24 x 70cm<\/td>\n<\/tr>\n<tr>\n<td>Menge f\u00fcr 1\u00d740HQ Container<\/td>\n<td>283 St\u00fcck<\/td>\n<\/tr>\n<tr>\n<td>Empfohlene H\u00f6he des Fahrers<\/td>\n<td>155-190 cm<\/td>\n<\/tr>\n<tr>\n<td>Farboptionen<\/td>\n<td>Schwarz &amp; Grau<\/td>\n<\/tr>\n<tr>\n<td>Zusammenklappbar<\/td>\n<td>Nein<\/td>\n<\/tr>\n<tr>\n<td>IP-Bewertung<\/td>\n<td>IP54<\/td>\n<\/tr>\n<tr>\n<td>Betriebstemperatur<\/td>\n<td>-10\u00b0C bis +45\u00b0C<\/td>\n<\/tr>\n<tr>\n<td>Kategorie Fahrrad<\/td>\n<td>Durchgehender Fat Tire \/Compact Cargo<\/td>\n<\/tr>\n<tr>\n<td rowspan=\"7\">Batterie-System<\/td>\n<td>Batteriekapazit\u00e4t und -typ<\/td>\n<td>36V10.4Ah Lithium-Ionen (EVE-Zellen)<\/td>\n<\/tr>\n<tr>\n<td>Batterie Gewicht<\/td>\n<td>3kg<\/td>\n<\/tr>\n<tr>\n<td>Herausnehmbare Batterie<\/td>\n<td>Ja<\/td>\n<\/tr>\n<tr>\n<td>Batterie IP-Bewertung<\/td>\n<td>IP65<\/td>\n<\/tr>\n<tr>\n<td>Batterie-Zertifizierung<\/td>\n<td>EN 62133-konform<\/td>\n<\/tr>\n<tr>\n<td>Aufladezeit<\/td>\n<td>4-6 Stunden (max. 6 Stunden)<\/td>\n<\/tr>\n<tr>\n<td>Ladeger\u00e4t<\/td>\n<td>42V2A intelligentes Ladeger\u00e4t<\/td>\n<\/tr>\n<tr>\n<td rowspan=\"4\">Motor &amp; Antriebssystem<\/td>\n<td>Motor Typ<\/td>\n<td>B\u00fcrstenloser Motor mit Hinterradnabe<\/td>\n<\/tr>\n<tr>\n<td>Motor Marke<\/td>\n<td>CZJB<\/td>\n<\/tr>\n<tr>\n<td>Motor<\/td>\n<td>36V350W Hochgeschwindigkeits-Hinterradnabenmotor<\/td>\n<\/tr>\n<tr>\n<td>Maximale Steigf\u00e4higkeit<\/td>\n<td>15\u00b0 (ca. G\u00fcteklasse 27%)<\/td>\n<\/tr>\n<tr>\n<td rowspan=\"7\">Kontrollsystem<\/td>\n<td>Anzeige<\/td>\n<td>LCD-Multifunktionsanzeige (Modell G518)<\/td>\n<\/tr>\n<tr>\n<td>Assist-Stufen<\/td>\n<td>5 Stufen (0-5)<\/td>\n<\/tr>\n<tr>\n<td>Drosselklappe<\/td>\n<td>Drehgashebel (Ersatzteile in kleiner Box)<\/td>\n<\/tr>\n<tr>\n<td>Sensoren<\/td>\n<td>Geschwindigkeitssensor (12-Magnet)<\/td>\n<\/tr>\n<tr>\n<td>USB-Ladeanschluss<\/td>\n<td>Nein<\/td>\n<\/tr>\n<tr>\n<td>Gehhilfe-Modus<\/td>\n<td>6 km\/h (Taste \u201c-\u201d gedr\u00fcckt halten)<\/td>\n<\/tr>\n<tr>\n<td>Hintergrundbeleuchtung<\/td>\n<td>Ja<\/td>\n<\/tr>\n<tr>\n<td rowspan=\"4\">Rahmen &amp; Gabel<\/td>\n<td>Material des Rahmens<\/td>\n<td>Hochwertiger Stahl<\/td>\n<\/tr>\n<tr>\n<td>Rahmen Typ<\/td>\n<td>Durchgehender Schritt (niedriger Schritt)<\/td>\n<\/tr>\n<tr>\n<td>Vordere Aufh\u00e4ngung<\/td>\n<td>Einstellbarer Sto\u00dfd\u00e4mpfer<\/td>\n<\/tr>\n<tr>\n<td>Vorderradgabel<\/td>\n<td>Federgabel mit Scheibenbremsaufnahme<\/td>\n<\/tr>\n<tr>\n<td rowspan=\"6\">Antriebsstrang<\/td>\n<td>Kette<\/td>\n<td>1\/2*3\/32 \u201dx118L<\/td>\n<\/tr>\n<tr>\n<td>Kurbelgarnitur<\/td>\n<td>1\/2*3\/32\u2033*52T*170L, Legierung<\/td>\n<\/tr>\n<tr>\n<td>Freilauf<\/td>\n<td>7-Gang, 14-28T-Freilauf (Aufsteckgewinde)<\/td>\n<\/tr>\n<tr>\n<td>Schaltwerk<\/td>\n<td>Shimano 7-Gang (kompatibel mit 14-28Z)<\/td>\n<\/tr>\n<tr>\n<td>Umwerfer<\/td>\n<td>Keine (einfaches Kettenblatt)<\/td>\n<\/tr>\n<tr>\n<td>Schieber<\/td>\n<td>Shimano 7-Gang<\/td>\n<\/tr>\n<tr>\n<td rowspan=\"5\">R\u00e4der und Reifen<\/td>\n<td>Radgr\u00f6\u00dfe<\/td>\n<td>20\u2033*3<\/td>\n<\/tr>\n<tr>\n<td>Speichen<\/td>\n<td>12G \u00d7 177 mm, EN 15194-konform<\/td>\n<\/tr>\n<tr>\n<td>Reifenmarke<\/td>\n<td>Chaoyang<\/td>\n<\/tr>\n<tr>\n<td>Pannenschutz<\/td>\n<td>Pannensicher<\/td>\n<\/tr>\n<tr>\n<td>Innenrohr<\/td>\n<td>20\u2033 \u00d7 3,0\u2033-3,5\u2033, A\/V-Ventil 32mm<\/td>\n<\/tr>\n<tr>\n<td rowspan=\"4\">Bremssystem<\/td>\n<td>Bremse Typ<\/td>\n<td>Mechanische Scheibenbremsen (vorne und hinten)<\/td>\n<\/tr>\n<tr>\n<td>Bremsen<\/td>\n<td>Kraftabschaltbare Bremsen<\/td>\n<\/tr>\n<tr>\n<td>Bremsscheiben<\/td>\n<td>160mm (vorne und hinten)<\/td>\n<\/tr>\n<tr>\n<td>Bremshebel<\/td>\n<td>Vollaluminium, flaches Design mit Motorabschaltung<\/td>\n<\/tr>\n<tr>\n<td rowspan=\"7\">Cockpit &amp; Komponenten<\/td>\n<td>Lenker<\/td>\n<td>Stahl-Lenker, 25,2\u2033 (640mm) Breite, 31,8mm Vorbauklemme<\/td>\n<\/tr>\n<tr>\n<td>Vorbau<\/td>\n<td>Aluminium-Stiel<\/td>\n<\/tr>\n<tr>\n<td>Sattel<\/td>\n<td>Plattformpedale aus Aluminiumlegierung<\/td>\n<\/tr>\n<tr>\n<td>Bereich der Sattelh\u00f6he<\/td>\n<td>900-1000 mm<\/td>\n<\/tr>\n<tr>\n<td>Sattelst\u00fctze<\/td>\n<td>28,6 mm Aluminiumlegierung, winkelverstellbar<\/td>\n<\/tr>\n<tr>\n<td>Schnelle Freigabe<\/td>\n<td>Ja (Vorderrad und Sattelst\u00fctze)<\/td>\n<\/tr>\n<tr>\n<td>Pedale<\/td>\n<td>Plattformpedale aus Aluminiumlegierung mit Reflektoren<\/td>\n<\/tr>\n<tr>\n<td rowspan=\"3\">Beleuchtung und Sicherheit<\/td>\n<td>Scheinwerfer<\/td>\n<td>Integrierter Scheinwerfer mit wasserdichter Abschaltung<\/td>\n<\/tr>\n<tr>\n<td>R\u00fccklicht<\/td>\n<td>Integriertes R\u00fccklicht mit wasserdichter Trennvorrichtung<\/td>\n<\/tr>\n<tr>\n<td>Glocke\/Horn<\/td>\n<td>Inklusive mechanischer Glocke<\/td>\n<\/tr>\n<tr>\n<td rowspan=\"5\">Zus\u00e4tzliche Ausr\u00fcstung<\/td>\n<td>St\u00e4nder<\/td>\n<td>Hochbelastbarer Aluminium-St\u00e4nder<\/td>\n<\/tr>\n<tr>\n<td>Schutzbleche\/Kotfl\u00fcgel<\/td>\n<td>Inklusive vorderer und hinterer Schutzbleche<\/td>\n<\/tr>\n<tr>\n<td>Hinteres Gestell<\/td>\n<td>Inklusive Gep\u00e4cktr\u00e4ger aus Stahl<\/td>\n<\/tr>\n<tr>\n<td>Frontgestell<\/td>\n<td>Optional<\/td>\n<\/tr>\n<tr>\n<td>Inklusive Toolkit<\/td>\n<td>Ja (3\u00d7 Schraubenschl\u00fcssel, 1\u00d7 Schraubenzieher, 5\u00d7 Inbusschl\u00fcssel)<\/td>\n<\/tr>\n<tr>\n<td rowspan=\"2\">Zertifizierung und Konformit\u00e4t<\/td>\n<td>EN 15194 zertifiziert<\/td>\n<td>Ja<\/td>\n<\/tr>\n<tr>\n<td>Zertifizierung<\/td>\n<td>CE, EN 15194, UL2271<\/td>\n<\/tr>\n<tr>\n<td rowspan=\"3\">Garantie &amp; Support<\/td>\n<td>Gesamtgarantiezeit<\/td>\n<td>1 Jahr beschr\u00e4nkte Garantie<\/td>\n<\/tr>\n<tr>\n<td>Batterie-Garantie<\/td>\n<td>1 Jahr ab dem urspr\u00fcnglichen Kaufdatum<\/td>\n<\/tr>\n<tr>\n<td>Rahmen-Garantie<\/td>\n<td>2 Jahre<\/td>\n<\/tr>\n<tr>\n<td rowspan=\"2\">Montage &amp; Lieferung<\/td>\n<td>Montage erforderlich<\/td>\n<td>90% vormontiert (Vorderrad, Pedale, Lenkereinstellung)<\/td>\n<\/tr>\n<tr>\n<td>Montageanleitung<\/td>\n<td>Inklusive mehrsprachigem Handbuch<\/td>\n<\/tr>\n<\/tbody>\n<\/table>\n<p><img loading=\"lazy\" decoding=\"async\" class=\"alignnone size-full wp-image-3590\" style=\"font-size: 16px;\" src=\"https:\/\/galaxybicycle.com\/wp-content\/uploads\/2025\/09\/\u8be6\u60c5\u9875_01.jpg\" alt=\"\" width=\"1500\" height=\"2106\" title=\"\" srcset=\"https:\/\/galaxybicycle.com\/wp-content\/uploads\/2025\/09\/\u8be6\u60c5\u9875_01.jpg 1500w, https:\/\/galaxybicycle.com\/wp-content\/uploads\/2025\/09\/\u8be6\u60c5\u9875_01-214x300.jpg 214w, https:\/\/galaxybicycle.com\/wp-content\/uploads\/2025\/09\/\u8be6\u60c5\u9875_01-729x1024.jpg 729w, https:\/\/galaxybicycle.com\/wp-content\/uploads\/2025\/09\/\u8be6\u60c5\u9875_01-768x1078.jpg 768w, https:\/\/galaxybicycle.com\/wp-content\/uploads\/2025\/09\/\u8be6\u60c5\u9875_01-1094x1536.jpg 1094w, https:\/\/galaxybicycle.com\/wp-content\/uploads\/2025\/09\/\u8be6\u60c5\u9875_01-1459x2048.jpg 1459w, https:\/\/galaxybicycle.com\/wp-content\/uploads\/2025\/09\/\u8be6\u60c5\u9875_01-9x12.jpg 9w, https:\/\/galaxybicycle.com\/wp-content\/uploads\/2025\/09\/\u8be6\u60c5\u9875_01-1000x1404.jpg 1000w\" sizes=\"auto, (max-width: 1500px) 100vw, 1500px\" \/> <img loading=\"lazy\" decoding=\"async\" class=\"alignnone size-full wp-image-3591\" style=\"font-size: 16px;\" src=\"https:\/\/galaxybicycle.com\/wp-content\/uploads\/2025\/09\/\u8be6\u60c5\u9875_02.jpg\" alt=\"\" width=\"1500\" height=\"1375\" title=\"\" srcset=\"https:\/\/galaxybicycle.com\/wp-content\/uploads\/2025\/09\/\u8be6\u60c5\u9875_02.jpg 1500w, https:\/\/galaxybicycle.com\/wp-content\/uploads\/2025\/09\/\u8be6\u60c5\u9875_02-300x275.jpg 300w, https:\/\/galaxybicycle.com\/wp-content\/uploads\/2025\/09\/\u8be6\u60c5\u9875_02-1024x939.jpg 1024w, https:\/\/galaxybicycle.com\/wp-content\/uploads\/2025\/09\/\u8be6\u60c5\u9875_02-768x704.jpg 768w, https:\/\/galaxybicycle.com\/wp-content\/uploads\/2025\/09\/\u8be6\u60c5\u9875_02-13x12.jpg 13w, https:\/\/galaxybicycle.com\/wp-content\/uploads\/2025\/09\/\u8be6\u60c5\u9875_02-1000x917.jpg 1000w\" sizes=\"auto, (max-width: 1500px) 100vw, 1500px\" \/> <img loading=\"lazy\" decoding=\"async\" class=\"alignnone size-full wp-image-3592\" style=\"font-size: 16px;\" src=\"https:\/\/galaxybicycle.com\/wp-content\/uploads\/2025\/09\/\u8be6\u60c5\u9875_03.jpg\" alt=\"\" width=\"1500\" height=\"1123\" title=\"\" srcset=\"https:\/\/galaxybicycle.com\/wp-content\/uploads\/2025\/09\/\u8be6\u60c5\u9875_03.jpg 1500w, https:\/\/galaxybicycle.com\/wp-content\/uploads\/2025\/09\/\u8be6\u60c5\u9875_03-300x225.jpg 300w, https:\/\/galaxybicycle.com\/wp-content\/uploads\/2025\/09\/\u8be6\u60c5\u9875_03-1024x767.jpg 1024w, https:\/\/galaxybicycle.com\/wp-content\/uploads\/2025\/09\/\u8be6\u60c5\u9875_03-768x575.jpg 768w, https:\/\/galaxybicycle.com\/wp-content\/uploads\/2025\/09\/\u8be6\u60c5\u9875_03-16x12.jpg 16w, https:\/\/galaxybicycle.com\/wp-content\/uploads\/2025\/09\/\u8be6\u60c5\u9875_03-1000x749.jpg 1000w\" sizes=\"auto, (max-width: 1500px) 100vw, 1500px\" \/> <img loading=\"lazy\" decoding=\"async\" class=\"alignnone size-full wp-image-3593\" style=\"font-size: 16px;\" src=\"https:\/\/galaxybicycle.com\/wp-content\/uploads\/2025\/09\/\u8be6\u60c5\u9875_04.jpg\" alt=\"\" width=\"1500\" height=\"2203\" title=\"\" srcset=\"https:\/\/galaxybicycle.com\/wp-content\/uploads\/2025\/09\/\u8be6\u60c5\u9875_04.jpg 1500w, https:\/\/galaxybicycle.com\/wp-content\/uploads\/2025\/09\/\u8be6\u60c5\u9875_04-204x300.jpg 204w, https:\/\/galaxybicycle.com\/wp-content\/uploads\/2025\/09\/\u8be6\u60c5\u9875_04-697x1024.jpg 697w, https:\/\/galaxybicycle.com\/wp-content\/uploads\/2025\/09\/\u8be6\u60c5\u9875_04-768x1128.jpg 768w, https:\/\/galaxybicycle.com\/wp-content\/uploads\/2025\/09\/\u8be6\u60c5\u9875_04-1046x1536.jpg 1046w, https:\/\/galaxybicycle.com\/wp-content\/uploads\/2025\/09\/\u8be6\u60c5\u9875_04-1394x2048.jpg 1394w, https:\/\/galaxybicycle.com\/wp-content\/uploads\/2025\/09\/\u8be6\u60c5\u9875_04-8x12.jpg 8w, https:\/\/galaxybicycle.com\/wp-content\/uploads\/2025\/09\/\u8be6\u60c5\u9875_04-1000x1469.jpg 1000w\" sizes=\"auto, (max-width: 1500px) 100vw, 1500px\" \/> <img loading=\"lazy\" decoding=\"async\" class=\"alignnone size-full wp-image-3594\" style=\"font-size: 16px;\" src=\"https:\/\/galaxybicycle.com\/wp-content\/uploads\/2025\/09\/\u8be6\u60c5\u9875_05.jpg\" alt=\"\" width=\"1500\" height=\"1892\" title=\"\" srcset=\"https:\/\/galaxybicycle.com\/wp-content\/uploads\/2025\/09\/\u8be6\u60c5\u9875_05.jpg 1500w, https:\/\/galaxybicycle.com\/wp-content\/uploads\/2025\/09\/\u8be6\u60c5\u9875_05-238x300.jpg 238w, https:\/\/galaxybicycle.com\/wp-content\/uploads\/2025\/09\/\u8be6\u60c5\u9875_05-812x1024.jpg 812w, https:\/\/galaxybicycle.com\/wp-content\/uploads\/2025\/09\/\u8be6\u60c5\u9875_05-768x969.jpg 768w, https:\/\/galaxybicycle.com\/wp-content\/uploads\/2025\/09\/\u8be6\u60c5\u9875_05-1218x1536.jpg 1218w, https:\/\/galaxybicycle.com\/wp-content\/uploads\/2025\/09\/\u8be6\u60c5\u9875_05-10x12.jpg 10w, https:\/\/galaxybicycle.com\/wp-content\/uploads\/2025\/09\/\u8be6\u60c5\u9875_05-1000x1261.jpg 1000w\" sizes=\"auto, (max-width: 1500px) 100vw, 1500px\" \/> <img loading=\"lazy\" decoding=\"async\" class=\"alignnone size-full wp-image-3595\" style=\"font-size: 16px;\" src=\"https:\/\/galaxybicycle.com\/wp-content\/uploads\/2025\/09\/\u8be6\u60c5\u9875_06.jpg\" alt=\"\" width=\"1500\" height=\"840\" title=\"\" srcset=\"https:\/\/galaxybicycle.com\/wp-content\/uploads\/2025\/09\/\u8be6\u60c5\u9875_06.jpg 1500w, https:\/\/galaxybicycle.com\/wp-content\/uploads\/2025\/09\/\u8be6\u60c5\u9875_06-300x168.jpg 300w, https:\/\/galaxybicycle.com\/wp-content\/uploads\/2025\/09\/\u8be6\u60c5\u9875_06-1024x573.jpg 1024w, https:\/\/galaxybicycle.com\/wp-content\/uploads\/2025\/09\/\u8be6\u60c5\u9875_06-768x430.jpg 768w, https:\/\/galaxybicycle.com\/wp-content\/uploads\/2025\/09\/\u8be6\u60c5\u9875_06-18x10.jpg 18w, https:\/\/galaxybicycle.com\/wp-content\/uploads\/2025\/09\/\u8be6\u60c5\u9875_06-1000x560.jpg 1000w\" sizes=\"auto, (max-width: 1500px) 100vw, 1500px\" \/> <img loading=\"lazy\" decoding=\"async\" class=\"alignnone size-full wp-image-3596\" style=\"font-size: 16px;\" src=\"https:\/\/galaxybicycle.com\/wp-content\/uploads\/2025\/09\/\u8be6\u60c5\u9875_07.jpg\" alt=\"\" width=\"1500\" height=\"1606\" title=\"\" srcset=\"https:\/\/galaxybicycle.com\/wp-content\/uploads\/2025\/09\/\u8be6\u60c5\u9875_07.jpg 1500w, https:\/\/galaxybicycle.com\/wp-content\/uploads\/2025\/09\/\u8be6\u60c5\u9875_07-280x300.jpg 280w, https:\/\/galaxybicycle.com\/wp-content\/uploads\/2025\/09\/\u8be6\u60c5\u9875_07-956x1024.jpg 956w, https:\/\/galaxybicycle.com\/wp-content\/uploads\/2025\/09\/\u8be6\u60c5\u9875_07-768x822.jpg 768w, https:\/\/galaxybicycle.com\/wp-content\/uploads\/2025\/09\/\u8be6\u60c5\u9875_07-1435x1536.jpg 1435w, https:\/\/galaxybicycle.com\/wp-content\/uploads\/2025\/09\/\u8be6\u60c5\u9875_07-11x12.jpg 11w, https:\/\/galaxybicycle.com\/wp-content\/uploads\/2025\/09\/\u8be6\u60c5\u9875_07-1000x1071.jpg 1000w\" sizes=\"auto, (max-width: 1500px) 100vw, 1500px\" \/> <img loading=\"lazy\" decoding=\"async\" class=\"alignnone size-full wp-image-3597\" style=\"font-size: 16px;\" src=\"https:\/\/galaxybicycle.com\/wp-content\/uploads\/2025\/09\/\u8be6\u60c5\u9875_08.jpg\" alt=\"\" width=\"1500\" height=\"1762\" title=\"\" srcset=\"https:\/\/galaxybicycle.com\/wp-content\/uploads\/2025\/09\/\u8be6\u60c5\u9875_08.jpg 1500w, https:\/\/galaxybicycle.com\/wp-content\/uploads\/2025\/09\/\u8be6\u60c5\u9875_08-255x300.jpg 255w, https:\/\/galaxybicycle.com\/wp-content\/uploads\/2025\/09\/\u8be6\u60c5\u9875_08-872x1024.jpg 872w, https:\/\/galaxybicycle.com\/wp-content\/uploads\/2025\/09\/\u8be6\u60c5\u9875_08-768x902.jpg 768w, https:\/\/galaxybicycle.com\/wp-content\/uploads\/2025\/09\/\u8be6\u60c5\u9875_08-1308x1536.jpg 1308w, https:\/\/galaxybicycle.com\/wp-content\/uploads\/2025\/09\/\u8be6\u60c5\u9875_08-10x12.jpg 10w, https:\/\/galaxybicycle.com\/wp-content\/uploads\/2025\/09\/\u8be6\u60c5\u9875_08-1000x1175.jpg 1000w\" sizes=\"auto, (max-width: 1500px) 100vw, 1500px\" \/> <img loading=\"lazy\" decoding=\"async\" class=\"alignnone size-full wp-image-3598\" style=\"font-size: 16px;\" src=\"https:\/\/galaxybicycle.com\/wp-content\/uploads\/2025\/09\/\u8be6\u60c5\u9875_09.jpg\" alt=\"\" width=\"1500\" height=\"1777\" title=\"\" srcset=\"https:\/\/galaxybicycle.com\/wp-content\/uploads\/2025\/09\/\u8be6\u60c5\u9875_09.jpg 1500w, https:\/\/galaxybicycle.com\/wp-content\/uploads\/2025\/09\/\u8be6\u60c5\u9875_09-253x300.jpg 253w, https:\/\/galaxybicycle.com\/wp-content\/uploads\/2025\/09\/\u8be6\u60c5\u9875_09-864x1024.jpg 864w, https:\/\/galaxybicycle.com\/wp-content\/uploads\/2025\/09\/\u8be6\u60c5\u9875_09-768x910.jpg 768w, https:\/\/galaxybicycle.com\/wp-content\/uploads\/2025\/09\/\u8be6\u60c5\u9875_09-1297x1536.jpg 1297w, https:\/\/galaxybicycle.com\/wp-content\/uploads\/2025\/09\/\u8be6\u60c5\u9875_09-10x12.jpg 10w, https:\/\/galaxybicycle.com\/wp-content\/uploads\/2025\/09\/\u8be6\u60c5\u9875_09-1000x1185.jpg 1000w\" sizes=\"auto, (max-width: 1500px) 100vw, 1500px\" \/> <img loading=\"lazy\" decoding=\"async\" class=\"alignnone size-full wp-image-3599\" style=\"font-size: 16px;\" src=\"https:\/\/galaxybicycle.com\/wp-content\/uploads\/2025\/09\/\u8be6\u60c5\u9875_10.jpg\" alt=\"\" width=\"1500\" height=\"1032\" title=\"\" srcset=\"https:\/\/galaxybicycle.com\/wp-content\/uploads\/2025\/09\/\u8be6\u60c5\u9875_10.jpg 1500w, https:\/\/galaxybicycle.com\/wp-content\/uploads\/2025\/09\/\u8be6\u60c5\u9875_10-300x206.jpg 300w, https:\/\/galaxybicycle.com\/wp-content\/uploads\/2025\/09\/\u8be6\u60c5\u9875_10-1024x705.jpg 1024w, https:\/\/galaxybicycle.com\/wp-content\/uploads\/2025\/09\/\u8be6\u60c5\u9875_10-768x528.jpg 768w, https:\/\/galaxybicycle.com\/wp-content\/uploads\/2025\/09\/\u8be6\u60c5\u9875_10-18x12.jpg 18w, https:\/\/galaxybicycle.com\/wp-content\/uploads\/2025\/09\/\u8be6\u60c5\u9875_10-1000x688.jpg 1000w\" sizes=\"auto, (max-width: 1500px) 100vw, 1500px\" \/><\/p>","protected":false},"excerpt":{"rendered":"<p>Lernen Sie das Pixar Fun1 Elektrofahrrad kennen - Ihr neuer bester Freund f\u00fcr Spa\u00df und leichtes Fahren! Der m\u00fchelose Drehgashebel, die hellen Vorder- und R\u00fccklichter, die leichtg\u00e4ngige Shimano 7-Gang-Schaltung und die f\u00fcnf Fahrmodi machen jede Fahrt aufregend und sicher. Mit einer 5,2-st\u00fcndigen Akkuladung k\u00f6nnen Sie bis zu 45 km zur\u00fccklegen. Die H\u00f6chstgeschwindigkeit betr\u00e4gt 25 km\/h und kann auf 32 km\/h angepasst werden. Ideal f\u00fcr Anf\u00e4nger und Profis gleicherma\u00dfen!<\/p>","protected":false},"featured_media":3407,"comment_status":"open","ping_status":"closed","template":"","meta":[],"product_brand":[36],"product_cat":[41,39],"product_tag":[],"class_list":{"0":"post-3404","1":"product","2":"type-product","3":"status-publish","4":"has-post-thumbnail","6":"product_brand-pixar","7":"product_cat-pixar-electric-bikes","8":"product_cat-uk-warehouse","10":"first","11":"instock","12":"shipping-taxable","13":"purchasable","14":"product-type-simple"},"_links":{"self":[{"href":"https:\/\/galaxybicycle.com\/de\/wp-json\/wp\/v2\/product\/3404","targetHints":{"allow":["GET"]}}],"collection":[{"href":"https:\/\/galaxybicycle.com\/de\/wp-json\/wp\/v2\/product"}],"about":[{"href":"https:\/\/galaxybicycle.com\/de\/wp-json\/wp\/v2\/types\/product"}],"replies":[{"embeddable":true,"href":"https:\/\/galaxybicycle.com\/de\/wp-json\/wp\/v2\/comments?post=3404"}],"wp:featuredmedia":[{"embeddable":true,"href":"https:\/\/galaxybicycle.com\/de\/wp-json\/wp\/v2\/media\/3407"}],"wp:attachment":[{"href":"https:\/\/galaxybicycle.com\/de\/wp-json\/wp\/v2\/media?parent=3404"}],"wp:term":[{"taxonomy":"product_brand","embeddable":true,"href":"https:\/\/galaxybicycle.com\/de\/wp-json\/wp\/v2\/product_brand?post=3404"},{"taxonomy":"product_cat","embeddable":true,"href":"https:\/\/galaxybicycle.com\/de\/wp-json\/wp\/v2\/product_cat?post=3404"},{"taxonomy":"product_tag","embeddable":true,"href":"https:\/\/galaxybicycle.com\/de\/wp-json\/wp\/v2\/product_tag?post=3404"}],"curies":[{"name":"wp","href":"https:\/\/api.w.org\/{rel}","templated":true}]}}