{"id":2708,"date":"2025-08-18T03:52:27","date_gmt":"2025-08-18T03:52:27","guid":{"rendered":"http:\/\/galaxybicycle.com\/?post_type=product&#038;p=2708"},"modified":"2025-09-02T09:49:38","modified_gmt":"2025-09-02T09:49:38","slug":"rl200-2","status":"publish","type":"product","link":"https:\/\/galaxybicycle.com\/de\/product\/rl200-2\/","title":{"rendered":"Galaxy RL200 Adult Road Bike | 21-Gang Shimano Alloy Frame Fahrrad"},"content":{"rendered":"<p><strong>Galaxy RL200 Rennrad f\u00fcr Erwachsene<\/strong> ist ein vielseitiges und einsteigerfreundliches Rad f\u00fcr Fahrer, die sowohl die t\u00e4glichen Fahrten als auch die Wochenendausfl\u00fcge genie\u00dfen m\u00f6chten. Der Rahmen aus 700C-Legierung ist leicht und dennoch robust, w\u00e4hrend das 21-Gang-System von Shimano f\u00fcr eine reibungslose Schaltung auf unterschiedlichem Terrain sorgt. Egal, ob Sie \u00fcber die Stra\u00dfen der Stadt rasen oder leichte Steigungen bew\u00e4ltigen, mit diesem Rennrad fahren Sie sicher und komfortabel.<\/p>\n<p>Ausgestattet mit mechanischen Scheibenbremsen bietet das RL200 zuverl\u00e4ssige Bremskraft bei allen Wetterbedingungen. Die Kenda K830 700C-Reifen sorgen f\u00fcr Grip und Stabilit\u00e4t, w\u00e4hrend die Prowheel-Aluminium-Kurbelgarnitur die Effizienz beim Treten erh\u00f6ht. Mit seiner Kombination aus Komfort, Leistung und Haltbarkeit ist das Galaxy RL200 das perfekte Rennrad f\u00fcr Erwachsene, die Wert und Qualit\u00e4t in einem Paket suchen.<\/p>\n<h3>Wesentliche Merkmale<\/h3>\n<ul>\n<li>Leichter 700C-Legierungsrahmen f\u00fcr Geschwindigkeit und Haltbarkeit<\/li>\n<li>21-Gang-Shimano-Getriebe f\u00fcr reibungsloses und vielseitiges Fahren<\/li>\n<li>Zuverl\u00e4ssige mechanische Scheibenbremsen f\u00fcr starke Bremskraft<\/li>\n<li>Kenda 700C x 32C-Reifen f\u00fcr Stabilit\u00e4t und Komfort auf der Stra\u00dfe<\/li>\n<li>Langlebige Stahlgabel und -naben f\u00fcr dauerhafte Leistung<\/li>\n<\/ul>\n<h3>Spezifikationen<\/h3>\n<table border=\"1\" cellspacing=\"0\" cellpadding=\"6\">\n<tbody>\n<tr>\n<th>Spezifikation<\/th>\n<th>Einzelheiten<\/th>\n<\/tr>\n<tr>\n<td>Geschwindigkeit<\/td>\n<td>21-Gang<\/td>\n<\/tr>\n<tr>\n<td>Rahmen<\/td>\n<td>700C x 46,5cm Leichtmetallrahmen<\/td>\n<\/tr>\n<tr>\n<td>Gabel<\/td>\n<td>Stahlgabel<\/td>\n<\/tr>\n<tr>\n<td>Getriebe<\/td>\n<td>Shimano STEF500 Schalthebel \/ FD-TZ510 Umwerfer \/ RD-TZ500 Schaltwerk<\/td>\n<\/tr>\n<tr>\n<td>Bremsen<\/td>\n<td>Mechanische Scheibenbremse<\/td>\n<\/tr>\n<tr>\n<td>Reifen<\/td>\n<td>Kenda K830 700C \u00d7 32C<\/td>\n<\/tr>\n<tr>\n<td>Drehkreuze<\/td>\n<td>Stahlscheibennabe<\/td>\n<\/tr>\n<tr>\n<td>Kurbel<\/td>\n<td>Prowheel Legierung Kurbel 28\/38\/48T<\/td>\n<\/tr>\n<tr>\n<td>Tretlager<\/td>\n<td>Lager B.B Satz<\/td>\n<\/tr>\n<\/tbody>\n<\/table>","protected":false},"excerpt":{"rendered":"<p>Erleben Sie sanfte Geschwindigkeit und zuverl\u00e4ssige Leistung mit dem Galaxy RL200 Rennrad f\u00fcr Erwachsene. Mit einem leichten Leichtmetallrahmen, einer 21-Gang-Schaltung von Shimano und mechanischen Scheibenbremsen ist dieses Fahrrad f\u00fcr Fahrer konzipiert, die bei jeder Fahrt Komfort, Kontrolle und Effizienz w\u00fcnschen.<\/p>","protected":false},"featured_media":2709,"comment_status":"open","ping_status":"closed","template":"","meta":[],"product_brand":[34],"product_cat":[15],"product_tag":[],"class_list":{"0":"post-2708","1":"product","2":"type-product","3":"status-publish","4":"has-post-thumbnail","6":"product_brand-galaxy","7":"product_cat-galaxybicycle","9":"first","10":"instock","11":"shipping-taxable","12":"product-type-simple"},"_links":{"self":[{"href":"https:\/\/galaxybicycle.com\/de\/wp-json\/wp\/v2\/product\/2708","targetHints":{"allow":["GET"]}}],"collection":[{"href":"https:\/\/galaxybicycle.com\/de\/wp-json\/wp\/v2\/product"}],"about":[{"href":"https:\/\/galaxybicycle.com\/de\/wp-json\/wp\/v2\/types\/product"}],"replies":[{"embeddable":true,"href":"https:\/\/galaxybicycle.com\/de\/wp-json\/wp\/v2\/comments?post=2708"}],"wp:featuredmedia":[{"embeddable":true,"href":"https:\/\/galaxybicycle.com\/de\/wp-json\/wp\/v2\/media\/2709"}],"wp:attachment":[{"href":"https:\/\/galaxybicycle.com\/de\/wp-json\/wp\/v2\/media?parent=2708"}],"wp:term":[{"taxonomy":"product_brand","embeddable":true,"href":"https:\/\/galaxybicycle.com\/de\/wp-json\/wp\/v2\/product_brand?post=2708"},{"taxonomy":"product_cat","embeddable":true,"href":"https:\/\/galaxybicycle.com\/de\/wp-json\/wp\/v2\/product_cat?post=2708"},{"taxonomy":"product_tag","embeddable":true,"href":"https:\/\/galaxybicycle.com\/de\/wp-json\/wp\/v2\/product_tag?post=2708"}],"curies":[{"name":"wp","href":"https:\/\/api.w.org\/{rel}","templated":true}]}}