{"id":2696,"date":"2025-08-18T03:50:42","date_gmt":"2025-08-18T03:50:42","guid":{"rendered":"http:\/\/galaxybicycle.com\/?post_type=product&#038;p=2696"},"modified":"2025-09-02T09:52:14","modified_gmt":"2025-09-02T09:52:14","slug":"t5","status":"publish","type":"product","link":"https:\/\/galaxybicycle.com\/de\/product\/t5\/","title":{"rendered":"Galaxy T5 Adult Bicycle | 21 Speed Mountain Bike mit Federung &amp; Scheibenbremsen"},"content":{"rendered":"<p><strong>Galaxy T5 Erwachsenenfahrrad<\/strong> wurde entwickelt, um Fahrern Vertrauen, Komfort und Leistung zu bieten. Egal, ob Sie Bergpfade erkunden, in der Stadt pendeln oder einfach nur eine Wochenendtour genie\u00dfen - dieses Fahrrad ist f\u00fcr alles ger\u00fcstet. Mit seinem <strong>21-Gang-Getriebe<\/strong> und der Federgabel k\u00f6nnen Sie leicht durch das Gel\u00e4nde gleiten und eine sanftere Fahrt auf unebenem Untergrund genie\u00dfen.<\/p>\n<p>Der T5 ist erh\u00e4ltlich in <strong>24\u201d und 26\u201d Rahmengr\u00f6\u00dfen<\/strong>, Dadurch ist er f\u00fcr verschiedene Fahrer geeignet. Sein <strong>mechanisches Scheibenbremssystem<\/strong> bietet eine solide Bremsleistung bei allen Wetterbedingungen, w\u00e4hrend die <strong>SEYOUN-Reifen<\/strong> bieten hervorragenden Grip und Haltbarkeit. Von Freizeitfahrten bis hin zu Abenteuern im Gel\u00e4nde - das Galaxy T5 ist Ihr zuverl\u00e4ssiger Begleiter auf jeder Reise.<\/p>\n<h3>Warum sollten Sie sich f\u00fcr das Galaxy T5 entscheiden?<\/h3>\n<ul>\n<li><strong>Starker Stahlrahmen:<\/strong> Sie sind langlebig und halten dem t\u00e4glichen Gebrauch stand.<\/li>\n<li><strong>21-Gang-Getriebe:<\/strong> Sanftes Schalten sowohl bei Steigungen als auch bei flachen Fahrten.<\/li>\n<li><strong>Federgabel:<\/strong> Reduziert St\u00f6\u00dfe und verbessert den Komfort in unwegsamem Gel\u00e4nde.<\/li>\n<li><strong>Mechanische Scheibenbremsen:<\/strong> Zuverl\u00e4ssige Bremsleistung bei trockenen und nassen Bedingungen.<\/li>\n<li><strong>Langlebige Reifen:<\/strong> SEYOUN-Reifen sorgen f\u00fcr Grip und Stabilit\u00e4t auf Stra\u00dfen und Trails.<\/li>\n<\/ul>\n<h3>Spezifikationen<\/h3>\n<table border=\"1\" cellspacing=\"0\" cellpadding=\"6\">\n<tbody>\n<tr>\n<th>Merkmal<\/th>\n<th>Einzelheiten<\/th>\n<\/tr>\n<tr>\n<td>Geschwindigkeit<\/td>\n<td>21 Geschwindigkeit<\/td>\n<\/tr>\n<tr>\n<td>Rahmen<\/td>\n<td>24\u2033*13\u2033 \/ 26\u2033*17\u2033 Stahlrahmen<\/td>\n<\/tr>\n<tr>\n<td>Gabel<\/td>\n<td>Stahlkronen-Federgabel<\/td>\n<\/tr>\n<tr>\n<td>Getriebe<\/td>\n<td>Chinesisches Schaltwerk \/ Shimano EF41 Shift<\/td>\n<\/tr>\n<tr>\n<td>Bremssystem<\/td>\n<td>Mechanische Scheibenbremse<\/td>\n<\/tr>\n<tr>\n<td>Reifen<\/td>\n<td>SEYOUN 24\u2033*2.125 \/ 26\u2033*2.125<\/td>\n<\/tr>\n<tr>\n<td>Drehkreuze<\/td>\n<td>Kassette Stahlscheibe Nabe<\/td>\n<\/tr>\n<tr>\n<td>Kettenrad<\/td>\n<td>Chinesische 24\/34\/42T(ED)*170L Stahlkurbel<\/td>\n<\/tr>\n<tr>\n<td>B.B Satz<\/td>\n<td>Lager B.B Satz<\/td>\n<\/tr>\n<\/tbody>\n<\/table>","protected":false},"excerpt":{"rendered":"<p>Das Galaxy T5 Fahrrad f\u00fcr Erwachsene ist f\u00fcr Abenteuer und Alltag gebaut. Ausgestattet mit einem stabilen Stahlrahmen, einer 21-Gang-Schaltung, zuverl\u00e4ssigen Scheibenbremsen und langlebigen Reifen ist dieses Fahrrad perfekt f\u00fcr Bergpfade und Stra\u00dfen in der Stadt.<\/p>","protected":false},"featured_media":2697,"comment_status":"open","ping_status":"closed","template":"","meta":[],"product_brand":[34],"product_cat":[15],"product_tag":[],"class_list":{"0":"post-2696","1":"product","2":"type-product","3":"status-publish","4":"has-post-thumbnail","6":"product_brand-galaxy","7":"product_cat-galaxybicycle","9":"first","10":"instock","11":"shipping-taxable","12":"product-type-simple"},"_links":{"self":[{"href":"https:\/\/galaxybicycle.com\/de\/wp-json\/wp\/v2\/product\/2696","targetHints":{"allow":["GET"]}}],"collection":[{"href":"https:\/\/galaxybicycle.com\/de\/wp-json\/wp\/v2\/product"}],"about":[{"href":"https:\/\/galaxybicycle.com\/de\/wp-json\/wp\/v2\/types\/product"}],"replies":[{"embeddable":true,"href":"https:\/\/galaxybicycle.com\/de\/wp-json\/wp\/v2\/comments?post=2696"}],"wp:featuredmedia":[{"embeddable":true,"href":"https:\/\/galaxybicycle.com\/de\/wp-json\/wp\/v2\/media\/2697"}],"wp:attachment":[{"href":"https:\/\/galaxybicycle.com\/de\/wp-json\/wp\/v2\/media?parent=2696"}],"wp:term":[{"taxonomy":"product_brand","embeddable":true,"href":"https:\/\/galaxybicycle.com\/de\/wp-json\/wp\/v2\/product_brand?post=2696"},{"taxonomy":"product_cat","embeddable":true,"href":"https:\/\/galaxybicycle.com\/de\/wp-json\/wp\/v2\/product_cat?post=2696"},{"taxonomy":"product_tag","embeddable":true,"href":"https:\/\/galaxybicycle.com\/de\/wp-json\/wp\/v2\/product_tag?post=2696"}],"curies":[{"name":"wp","href":"https:\/\/api.w.org\/{rel}","templated":true}]}}