{"id":2690,"date":"2025-08-18T03:49:54","date_gmt":"2025-08-18T03:49:54","guid":{"rendered":"http:\/\/galaxybicycle.com\/?post_type=product&#038;p=2690"},"modified":"2025-09-02T09:55:21","modified_gmt":"2025-09-02T09:55:21","slug":"tl650","status":"publish","type":"product","link":"https:\/\/galaxybicycle.com\/de\/product\/tl650\/","title":{"rendered":"Galaxy TL650 Adult Touring Bicycle | 26-Zoll-Aluminiumrahmen, 24-Gang-Shimano-Gangschaltung"},"content":{"rendered":"<p><strong>Galaxy TL650 Erwachsenen-Tourenfahrrad<\/strong> wurde f\u00fcr Fahrer entwickelt, die ein ausgewogenes Verh\u00e4ltnis von Leistung, Komfort und Zuverl\u00e4ssigkeit suchen. Egal, ob Sie zur Arbeit pendeln, durch die Stadt radeln oder auf Langstreckentouren gehen, dieses Rad ist f\u00fcr Sie da. Sein <strong>26-Zoll-Legierungsrahmen<\/strong> sorgt f\u00fcr leichtes Handling und lange Haltbarkeit, w\u00e4hrend die <strong>Shimano 24-Gang-Schaltung<\/strong> sorgt f\u00fcr sanftes und pr\u00e4zises Schalten in jedem Terrain.<\/p>\n<p>Mit einer <strong>Federgabel mit Aluminiumkrone und MLO (Mechanical Lockout)<\/strong>, Der TL650 passt sich sowohl an befestigte als auch an unbefestigte Wege an und bietet Ihnen so mehr Kontrolle und Komfort. Die <strong>mechanische Scheibenbremsen<\/strong> bieten eine zuverl\u00e4ssige Bremsleistung, selbst bei N\u00e4sse oder Schlamm, und sorgen f\u00fcr Sicherheit, wo immer Sie fahren. Ausgestattet mit <strong>Kenda K935 Touring-Reifen<\/strong>, Das Fahrrad rollt sanft und effizient und ist damit ideal f\u00fcr den t\u00e4glichen Pendlerverkehr und lange Fahrten.<\/p>\n<p>Das Galaxy TL650 vereint Funktionalit\u00e4t, Leistung und Stil und ist damit eine gute Wahl f\u00fcr Anf\u00e4nger, Enthusiasten und alle, die einen zuverl\u00e4ssigen Reisebegleiter suchen.<\/p>\n<h3>Spezifikationen<\/h3>\n<table border=\"1\" cellspacing=\"0\" cellpadding=\"8\">\n<tbody>\n<tr>\n<th>Merkmal<\/th>\n<th>Einzelheiten<\/th>\n<\/tr>\n<tr>\n<td>Rahmen<\/td>\n<td>26\u2033 x 17\u2033 Leichtmetallrahmen<\/td>\n<\/tr>\n<tr>\n<td>Geschwindigkeiten<\/td>\n<td>24 Geschwindigkeit<\/td>\n<\/tr>\n<tr>\n<td>Gabel<\/td>\n<td>Alloy Crown Federgabel mit MLO<\/td>\n<\/tr>\n<tr>\n<td>Getriebe<\/td>\n<td>Shimano STEF500 Schalthebel, FDTY500 Umwerfer, RDTY300 Schaltwerk<\/td>\n<\/tr>\n<tr>\n<td>Bremsen<\/td>\n<td>Mechanische Scheibenbremse<\/td>\n<\/tr>\n<tr>\n<td>Reifen<\/td>\n<td>Kenda K935 26\u2033 x 1.5\u2033<\/td>\n<\/tr>\n<tr>\n<td>Drehkreuze<\/td>\n<td>Stahl-Lagernabe<\/td>\n<\/tr>\n<tr>\n<td>Kettenrad<\/td>\n<td>Prowheel 24\/34\/42T Legierung Kurbel<\/td>\n<\/tr>\n<tr>\n<td>B.B Satz<\/td>\n<td>Lager B.B Satz<\/td>\n<\/tr>\n<\/tbody>\n<\/table>","protected":false},"excerpt":{"rendered":"<p>Das Galaxy TL650 ist ein leichtes Tourenrad mit Leichtmetallrahmen f\u00fcr Erwachsene, das f\u00fcr reibungslose Fahrten, Haltbarkeit und Vielseitigkeit gebaut wurde. Ausgestattet mit einer 24-Gang-Shimano-Schaltung, Federgabel und zuverl\u00e4ssigen Scheibenbremsen ist es die perfekte Wahl f\u00fcr den t\u00e4glichen Pendlerverkehr, Wochenendabenteuer und Langstreckentouren.<\/p>","protected":false},"featured_media":2691,"comment_status":"open","ping_status":"closed","template":"","meta":[],"product_brand":[34],"product_cat":[15],"product_tag":[],"class_list":{"0":"post-2690","1":"product","2":"type-product","3":"status-publish","4":"has-post-thumbnail","6":"product_brand-galaxy","7":"product_cat-galaxybicycle","9":"first","10":"instock","11":"shipping-taxable","12":"product-type-simple"},"_links":{"self":[{"href":"https:\/\/galaxybicycle.com\/de\/wp-json\/wp\/v2\/product\/2690","targetHints":{"allow":["GET"]}}],"collection":[{"href":"https:\/\/galaxybicycle.com\/de\/wp-json\/wp\/v2\/product"}],"about":[{"href":"https:\/\/galaxybicycle.com\/de\/wp-json\/wp\/v2\/types\/product"}],"replies":[{"embeddable":true,"href":"https:\/\/galaxybicycle.com\/de\/wp-json\/wp\/v2\/comments?post=2690"}],"wp:featuredmedia":[{"embeddable":true,"href":"https:\/\/galaxybicycle.com\/de\/wp-json\/wp\/v2\/media\/2691"}],"wp:attachment":[{"href":"https:\/\/galaxybicycle.com\/de\/wp-json\/wp\/v2\/media?parent=2690"}],"wp:term":[{"taxonomy":"product_brand","embeddable":true,"href":"https:\/\/galaxybicycle.com\/de\/wp-json\/wp\/v2\/product_brand?post=2690"},{"taxonomy":"product_cat","embeddable":true,"href":"https:\/\/galaxybicycle.com\/de\/wp-json\/wp\/v2\/product_cat?post=2690"},{"taxonomy":"product_tag","embeddable":true,"href":"https:\/\/galaxybicycle.com\/de\/wp-json\/wp\/v2\/product_tag?post=2690"}],"curies":[{"name":"wp","href":"https:\/\/api.w.org\/{rel}","templated":true}]}}