{"id":2685,"date":"2025-08-18T03:49:22","date_gmt":"2025-08-18T03:49:22","guid":{"rendered":"http:\/\/galaxybicycle.com\/?post_type=product&#038;p=2685"},"modified":"2025-09-02T09:56:02","modified_gmt":"2025-09-02T09:56:02","slug":"tl850-2","status":"publish","type":"product","link":"https:\/\/galaxybicycle.com\/de\/product\/tl850-2\/","title":{"rendered":"Galaxy TL850 Tourenrad | 27-Gang Alurahmen mit Shimano &amp; hydraulischen Scheibenbremsen"},"content":{"rendered":"<p><strong>Galaxy TL850 Reiserad<\/strong> ist Ihr perfekter Begleiter f\u00fcr Pendlerfahrten in der Stadt, Wochenendausfl\u00fcge und Langstreckentouren. Gefertigt aus einem langlebigen <strong>Rahmen aus 700C-Legierung<\/strong> und ausgestattet mit einem <strong>Zoom Vollmetall-Federgabel mit MLO<\/strong>, Er bietet Stabilit\u00e4t und Komfort auf unterschiedlichen Stra\u00dfenbel\u00e4gen.<br \/>\nMit seinem <strong>27-Gang-Shimano-Schaltung<\/strong>, Die TL850 sorgt f\u00fcr sanfte Schaltvorg\u00e4nge und vielseitige Leistung, egal ob Sie H\u00fcgel hinauffahren, auf flachen Stra\u00dfen cruisen oder Abfahrten hinunter rasen. Die <strong>Hydraulische Scheibenbremsen Shimano MT200<\/strong> bieten eine pr\u00e4zise Bremsleistung bei allen Wetterbedingungen und sorgen daf\u00fcr, dass Sie sicher sind und die Kontrolle behalten.<br \/>\nAusgestattet mit <strong>CST 700C Touring-Reifen<\/strong> und <strong>Joytech Leichtmetallnaben<\/strong>, Das Galaxy TL850 ist auf Langlebigkeit, Geschwindigkeit und Effizienz ausgelegt und damit eine ausgezeichnete Wahl f\u00fcr Fahrer, die ein ausgewogenes Verh\u00e4ltnis von Leistung und Komfort w\u00fcnschen. Egal, ob Sie ein Anf\u00e4nger oder ein erfahrener Radfahrer sind, das Galaxy TL850 ist ein Tourenrad, das Sie mit Zuversicht \u00fcberall hinbringt.<\/p>\n<h3>Warum sollten Sie sich f\u00fcr das Galaxy TL850 entscheiden?<\/h3>\n<ul>\n<li><strong>Leichter Rahmen aus Aluminium<\/strong> f\u00fcr Geschwindigkeit und Haltbarkeit<\/li>\n<li><strong>Shimano 27-Gang-Antriebssystem<\/strong> f\u00fcr reibungsloses und vielseitiges Fahren<\/li>\n<li><strong>Hydraulische Scheibenbremsen<\/strong> gew\u00e4hrleisten ein kraftvolles und sicheres Bremsen<\/li>\n<li><strong>Federgabel mit MLO<\/strong> f\u00fcr zus\u00e4tzlichen Komfort und Stabilit\u00e4t<\/li>\n<li><strong>Breite 700C Touring-Reifen<\/strong> f\u00fcr Grip und Kontrolle auf unterschiedlichem Terrain<\/li>\n<li>Perfekt f\u00fcr <em>Touring, Pendeln und Langstreckenabenteuer<\/em><\/li>\n<\/ul>\n<h3>Spezifikationen<\/h3>\n<table border=\"1\" cellspacing=\"0\" cellpadding=\"6\">\n<tbody>\n<tr>\n<th>Merkmal<\/th>\n<th>Einzelheiten<\/th>\n<\/tr>\n<tr>\n<td>Rahmen<\/td>\n<td>700C x 16\u2033 Legierung Rahmen<\/td>\n<\/tr>\n<tr>\n<td>Gabel<\/td>\n<td>Zoom Vollaluminium-Federgabel mit MLO<\/td>\n<\/tr>\n<tr>\n<td>Geschwindigkeiten<\/td>\n<td>27-Gang<\/td>\n<\/tr>\n<tr>\n<td>Getriebe<\/td>\n<td>Shimano SLM2000 Schalthebel \/ FDTY500 Umwerfer \/ RDM370 Schaltwerk \/ CSHG2009 Freilauf<\/td>\n<\/tr>\n<tr>\n<td>Bremssystem<\/td>\n<td>Shimano MT200 Hydraulische Scheibenbremse<\/td>\n<\/tr>\n<tr>\n<td>Reifen<\/td>\n<td>CST C-1446 700C x 40C<\/td>\n<\/tr>\n<tr>\n<td>Drehkreuze<\/td>\n<td>Joytech Legierungsscheiben-Nabe<\/td>\n<\/tr>\n<tr>\n<td>Kettenrad<\/td>\n<td>Shimano 24\/34\/42T Alu-Kurbel<\/td>\n<\/tr>\n<tr>\n<td>Tretlager<\/td>\n<td>Lager B.B Satz<\/td>\n<\/tr>\n<\/tbody>\n<\/table>","protected":false},"excerpt":{"rendered":"<p>Fahren Sie weiter, schneller und ruhiger mit dem Galaxy TL850 Touring Bike f\u00fcr Erwachsene. Mit seinem leichten Leichtmetallrahmen, der 27-Gang-Schaltung von Shimano und den leistungsstarken hydraulischen Scheibenbremsen wurde es f\u00fcr abenteuerlustige Fahrer entwickelt, die Leistung, Komfort und Zuverl\u00e4ssigkeit auf langen Strecken lieben.<\/p>","protected":false},"featured_media":2686,"comment_status":"open","ping_status":"closed","template":"","meta":[],"product_brand":[34],"product_cat":[15],"product_tag":[],"class_list":{"0":"post-2685","1":"product","2":"type-product","3":"status-publish","4":"has-post-thumbnail","6":"product_brand-galaxy","7":"product_cat-galaxybicycle","9":"first","10":"instock","11":"shipping-taxable","12":"product-type-simple"},"_links":{"self":[{"href":"https:\/\/galaxybicycle.com\/de\/wp-json\/wp\/v2\/product\/2685","targetHints":{"allow":["GET"]}}],"collection":[{"href":"https:\/\/galaxybicycle.com\/de\/wp-json\/wp\/v2\/product"}],"about":[{"href":"https:\/\/galaxybicycle.com\/de\/wp-json\/wp\/v2\/types\/product"}],"replies":[{"embeddable":true,"href":"https:\/\/galaxybicycle.com\/de\/wp-json\/wp\/v2\/comments?post=2685"}],"wp:featuredmedia":[{"embeddable":true,"href":"https:\/\/galaxybicycle.com\/de\/wp-json\/wp\/v2\/media\/2686"}],"wp:attachment":[{"href":"https:\/\/galaxybicycle.com\/de\/wp-json\/wp\/v2\/media?parent=2685"}],"wp:term":[{"taxonomy":"product_brand","embeddable":true,"href":"https:\/\/galaxybicycle.com\/de\/wp-json\/wp\/v2\/product_brand?post=2685"},{"taxonomy":"product_cat","embeddable":true,"href":"https:\/\/galaxybicycle.com\/de\/wp-json\/wp\/v2\/product_cat?post=2685"},{"taxonomy":"product_tag","embeddable":true,"href":"https:\/\/galaxybicycle.com\/de\/wp-json\/wp\/v2\/product_tag?post=2685"}],"curies":[{"name":"wp","href":"https:\/\/api.w.org\/{rel}","templated":true}]}}