{"id":2679,"date":"2025-08-18T03:48:20","date_gmt":"2025-08-18T03:48:20","guid":{"rendered":"http:\/\/galaxybicycle.com\/?post_type=product&#038;p=2679"},"modified":"2025-09-02T09:57:48","modified_gmt":"2025-09-02T09:57:48","slug":"ml150t","status":"publish","type":"product","link":"https:\/\/galaxybicycle.com\/de\/product\/ml150t\/","title":{"rendered":"Galaxy ML150T 21-Gang Mountainbike f\u00fcr Erwachsene | 26\u2033 Alurahmen, Shimano Schaltung"},"content":{"rendered":"<p><strong>Galaxy ML150T Mountainbike<\/strong> ist f\u00fcr Fahrer konzipiert, die eine Mischung aus St\u00e4rke, Stil und Vielseitigkeit suchen. Egal, ob Sie \u00fcber Bergpfade fahren, durch die Nachbarschaft cruisen oder pendeln, dieses Fahrrad bietet konstante Leistung und Komfort.<\/p>\n<p>Ausgestattet mit einem <strong>26\u2033\u00d717\u2033 Rahmen aus Aluminium<\/strong>, Er ist stabil und dennoch leicht und gibt Ihnen die n\u00f6tige Stabilit\u00e4t auf unterschiedlichem Terrain. Die <strong>Shimano 21-Gang-Schaltung<\/strong> macht es leicht, sanft zu schalten und hilft Ihnen, mit Leichtigkeit bergauf zu fahren oder auf flachen Stra\u00dfen zu beschleunigen.<\/p>\n<p>Seine <strong>Federgabel mit Stahlkrone<\/strong> absorbiert St\u00f6\u00dfe und sorgt so f\u00fcr eine sanftere Fahrt, w\u00e4hrend die <strong>mechanische Scheibenbremsen<\/strong> bieten zuverl\u00e4ssige Bremskraft bei allen Wetterbedingungen. Langlebig <strong>Kenda 26\u2033\u00d71.95\u2033-Reifen<\/strong> sorgen f\u00fcr hervorragende Traktion und Kontrolle, und die soliden Stahlnaben garantieren eine lange Lebensdauer.<\/p>\n<p>Das Galaxy ML150T ist sowohl f\u00fcr Anf\u00e4nger als auch f\u00fcr erfahrene Fahrer geeignet und vereint Funktionalit\u00e4t, Sicherheit und Spa\u00df in einem eleganten Paket.<\/p>\n<h3>Spezifikationen<\/h3>\n<table border=\"1\" cellspacing=\"0\" cellpadding=\"6\">\n<tbody>\n<tr>\n<th>Merkmal<\/th>\n<th>Einzelheiten<\/th>\n<\/tr>\n<tr>\n<td>Rahmen<\/td>\n<td>26\u2033\u00d717\u2033-Legierungsrahmen<\/td>\n<\/tr>\n<tr>\n<td>Geschwindigkeiten<\/td>\n<td>21 Geschwindigkeit<\/td>\n<\/tr>\n<tr>\n<td>Gabel<\/td>\n<td>Stahlkronen-Federgabel<\/td>\n<\/tr>\n<tr>\n<td>Getriebe<\/td>\n<td>Shimano STEF500 Schalthebel \/ RDTZ500 Schaltwerk \/ Chinesischer Umwerfer<\/td>\n<\/tr>\n<tr>\n<td>Bremssystem<\/td>\n<td>Mechanische Scheibenbremse<\/td>\n<\/tr>\n<tr>\n<td>Reifen<\/td>\n<td>Kenda K1187 26\u2033\u00d71.95\u2033-Reifen<\/td>\n<\/tr>\n<tr>\n<td>Drehkreuze<\/td>\n<td>Stahlscheibennabe<\/td>\n<\/tr>\n<tr>\n<td>Kettenrad<\/td>\n<td>HDL 24\/34\/42T Stahlkurbel<\/td>\n<\/tr>\n<tr>\n<td>B.B. Satz<\/td>\n<td>Lager B.B. Satz<\/td>\n<\/tr>\n<\/tbody>\n<\/table>\n<p><em>Erobern Sie Trails und Stra\u00dfen mit dem Galaxy ML150T - Ihrem zuverl\u00e4ssigen, stylischen und erschwinglichen Mountainbike der Wahl.<\/em><\/p>","protected":false},"excerpt":{"rendered":"<p>Das Galaxy ML150T Mountainbike f\u00fcr Erwachsene ist f\u00fcr Abenteuer und Alltag gebaut. Mit einem leichten 26\u2033-Legierungsrahmen, einer zuverl\u00e4ssigen Shimano 21-Gang-Schaltung und langlebigen Kenda-Reifen bietet es reibungslose Kontrolle und Leistung auf Trails, Stadtstra\u00dfen und dar\u00fcber hinaus.<\/p>","protected":false},"featured_media":2680,"comment_status":"open","ping_status":"closed","template":"","meta":[],"product_brand":[34],"product_cat":[15],"product_tag":[],"class_list":{"0":"post-2679","1":"product","2":"type-product","3":"status-publish","4":"has-post-thumbnail","6":"product_brand-galaxy","7":"product_cat-galaxybicycle","9":"first","10":"instock","11":"shipping-taxable","12":"product-type-simple"},"_links":{"self":[{"href":"https:\/\/galaxybicycle.com\/de\/wp-json\/wp\/v2\/product\/2679","targetHints":{"allow":["GET"]}}],"collection":[{"href":"https:\/\/galaxybicycle.com\/de\/wp-json\/wp\/v2\/product"}],"about":[{"href":"https:\/\/galaxybicycle.com\/de\/wp-json\/wp\/v2\/types\/product"}],"replies":[{"embeddable":true,"href":"https:\/\/galaxybicycle.com\/de\/wp-json\/wp\/v2\/comments?post=2679"}],"wp:featuredmedia":[{"embeddable":true,"href":"https:\/\/galaxybicycle.com\/de\/wp-json\/wp\/v2\/media\/2680"}],"wp:attachment":[{"href":"https:\/\/galaxybicycle.com\/de\/wp-json\/wp\/v2\/media?parent=2679"}],"wp:term":[{"taxonomy":"product_brand","embeddable":true,"href":"https:\/\/galaxybicycle.com\/de\/wp-json\/wp\/v2\/product_brand?post=2679"},{"taxonomy":"product_cat","embeddable":true,"href":"https:\/\/galaxybicycle.com\/de\/wp-json\/wp\/v2\/product_cat?post=2679"},{"taxonomy":"product_tag","embeddable":true,"href":"https:\/\/galaxybicycle.com\/de\/wp-json\/wp\/v2\/product_tag?post=2679"}],"curies":[{"name":"wp","href":"https:\/\/api.w.org\/{rel}","templated":true}]}}