{"id":2677,"date":"2025-08-18T03:48:00","date_gmt":"2025-08-18T03:48:00","guid":{"rendered":"http:\/\/galaxybicycle.com\/?post_type=product&#038;p=2677"},"modified":"2025-09-02T09:58:05","modified_gmt":"2025-09-02T09:58:05","slug":"ml150-2","status":"publish","type":"product","link":"https:\/\/galaxybicycle.com\/de\/product\/ml150-2\/","title":{"rendered":"Galaxy ML150 Mountainbike f\u00fcr Erwachsene | 21-Gang Shimano Alloy Rahmen Fahrrad"},"content":{"rendered":"<p><strong>Galaxy ML150 Erwachsenenfahrrad<\/strong> ist Ihr Tor zu Abenteuer, Fitness und allt\u00e4glichem Radfahrspa\u00df. Egal, ob Sie auf den Stra\u00dfen der Stadt, auf Wald- oder Bergpfaden unterwegs sind, dieses Fahrrad kombiniert <em>Kraft, Geschwindigkeit und Stabilit\u00e4t<\/em> um Ihnen ein sicheres Fahrgef\u00fchl zu vermitteln.<\/p>\n<p>Mit einem leichten und dennoch robusten <strong>Legierungsrahmen<\/strong> Der ML150 ist in mehreren Gr\u00f6\u00dfenoptionen (26\u2033\u00d717\u2033, 24\u2033\u00d713\u2033 und 22\u2033\u00d712\u2033) erh\u00e4ltlich und ist so konzipiert, dass er verschiedenen Fahrern bequem passt. Die <strong>21-Gang-Shimano-Schaltung<\/strong> erm\u00f6glicht ein sanftes Schalten, so dass sowohl Steigungen als auch flache Stra\u00dfen leicht zu bew\u00e4ltigen sind. Sein <strong>mechanische Scheibenbremsen<\/strong> sorgen f\u00fcr zuverl\u00e4ssige Bremskraft bei jedem Wetter, w\u00e4hrend die <strong>Federgabel mit Stahlkrone<\/strong> absorbiert St\u00f6\u00dfe und sorgt so f\u00fcr eine sanftere Fahrt. Ausgestattet mit <strong>Kenda- und CST-Reifen<\/strong>, Dieses Mountainbike greift mit Leichtigkeit auf der Stra\u00dfe und dem Trail und gibt Ihnen die Traktion und Stabilit\u00e4t, die Sie brauchen.<\/p>\n<p>Egal, ob Sie ein Anf\u00e4nger sind, der das Radfahren zum ersten Mal ausprobiert, oder ein erfahrener Fahrer, der ein kosteng\u00fcnstiges und vielseitiges Fahrrad sucht, das Galaxy ML150 bietet die richtige Balance aus Leistung, Haltbarkeit und Komfort.<\/p>\n<h3>Spezifikationen<\/h3>\n<table border=\"1\" cellspacing=\"0\" cellpadding=\"6\">\n<tbody>\n<tr>\n<th>Merkmal<\/th>\n<th>Einzelheiten<\/th>\n<\/tr>\n<tr>\n<td>Geschwindigkeiten<\/td>\n<td>21-Gang<\/td>\n<\/tr>\n<tr>\n<td>Rahmen<\/td>\n<td>26\u2033\u00d717\u2033 \/ 24\u2033\u00d713\u2033 \/ 22\u2033\u00d712\u2033 Leichtmetallrahmen<\/td>\n<\/tr>\n<tr>\n<td>Gabel<\/td>\n<td>Stahlkronen-Federgabel<\/td>\n<\/tr>\n<tr>\n<td>Getriebe<\/td>\n<td>Shimano STEF500-Schalthebel, RDTZ500-Schaltwerk, chinesischer Umwerfer<\/td>\n<\/tr>\n<tr>\n<td>Bremssystem<\/td>\n<td>Mechanische Scheibenbremse<\/td>\n<\/tr>\n<tr>\n<td>Reifen<\/td>\n<td>Kenda 26\u2033\/24\u2033\u00d71.95\u2033, CST 22\u2033\u00d71.95\u2033<\/td>\n<\/tr>\n<tr>\n<td>Drehkreuze<\/td>\n<td>Stahlscheibennabe<\/td>\n<\/tr>\n<tr>\n<td>Kettenrad<\/td>\n<td>HDL 24\/34\/42T Stahlkurbel<\/td>\n<\/tr>\n<tr>\n<td>Tretlager<\/td>\n<td>Lager B.B Satz<\/td>\n<\/tr>\n<\/tbody>\n<\/table>","protected":false},"excerpt":{"rendered":"<p>Das Galaxy ML150 ist ein zuverl\u00e4ssiges 21-Gang-Mountainbike f\u00fcr Erwachsene, das sowohl f\u00fcr Alltagsfahrer als auch f\u00fcr Outdoor-Enthusiasten entwickelt wurde. Mit einem robusten Leichtmetallrahmen, einer Shimano-Schaltung und reaktionsschnellen mechanischen Scheibenbremsen bietet es eine reibungslose Leistung und Kontrolle auf unterschiedlichem Terrain.<\/p>","protected":false},"featured_media":2678,"comment_status":"open","ping_status":"closed","template":"","meta":[],"product_brand":[34],"product_cat":[15],"product_tag":[],"class_list":{"0":"post-2677","1":"product","2":"type-product","3":"status-publish","4":"has-post-thumbnail","6":"product_brand-galaxy","7":"product_cat-galaxybicycle","9":"first","10":"instock","11":"shipping-taxable","12":"product-type-simple"},"_links":{"self":[{"href":"https:\/\/galaxybicycle.com\/de\/wp-json\/wp\/v2\/product\/2677","targetHints":{"allow":["GET"]}}],"collection":[{"href":"https:\/\/galaxybicycle.com\/de\/wp-json\/wp\/v2\/product"}],"about":[{"href":"https:\/\/galaxybicycle.com\/de\/wp-json\/wp\/v2\/types\/product"}],"replies":[{"embeddable":true,"href":"https:\/\/galaxybicycle.com\/de\/wp-json\/wp\/v2\/comments?post=2677"}],"wp:featuredmedia":[{"embeddable":true,"href":"https:\/\/galaxybicycle.com\/de\/wp-json\/wp\/v2\/media\/2678"}],"wp:attachment":[{"href":"https:\/\/galaxybicycle.com\/de\/wp-json\/wp\/v2\/media?parent=2677"}],"wp:term":[{"taxonomy":"product_brand","embeddable":true,"href":"https:\/\/galaxybicycle.com\/de\/wp-json\/wp\/v2\/product_brand?post=2677"},{"taxonomy":"product_cat","embeddable":true,"href":"https:\/\/galaxybicycle.com\/de\/wp-json\/wp\/v2\/product_cat?post=2677"},{"taxonomy":"product_tag","embeddable":true,"href":"https:\/\/galaxybicycle.com\/de\/wp-json\/wp\/v2\/product_tag?post=2677"}],"curies":[{"name":"wp","href":"https:\/\/api.w.org\/{rel}","templated":true}]}}