{"id":2667,"date":"2025-08-18T03:46:24","date_gmt":"2025-08-18T03:46:24","guid":{"rendered":"http:\/\/galaxybicycle.com\/?post_type=product&#038;p=2667"},"modified":"2025-09-02T10:00:10","modified_gmt":"2025-09-02T10:00:10","slug":"m35","status":"publish","type":"product","link":"https:\/\/galaxybicycle.com\/de\/product\/m35\/","title":{"rendered":"Galaxy M35 27.5\u2033 Mountainbike | 27 Gang Shimano mit hydraulischen Scheibenbremsen"},"content":{"rendered":"<p><strong>Galaxy M35 Mountainbike<\/strong> wurde f\u00fcr Erwachsene entwickelt, die sich bei jeder Fahrt Kraft, Pr\u00e4zision und Haltbarkeit w\u00fcnschen. Ausgestattet mit einem starken <em>27,5\u2033\u00d717\u2033 Rahmen aus Aluminium<\/em>, Er bietet ein perfektes Gleichgewicht zwischen Agilit\u00e4t und St\u00e4rke f\u00fcr Bergpfade und urbane Abenteuer gleicherma\u00dfen. Der <strong>27-Gang Shimano-Antriebssystem<\/strong> sorgt f\u00fcr reibungslose und effiziente Schaltvorg\u00e4nge, sodass Sie Anstiege, Abfahrten und flaches Gel\u00e4nde mit Leichtigkeit bew\u00e4ltigen k\u00f6nnen.<\/p>\n<p>Ausgestattet mit <strong>Logan hydraulische Scheibenbremsen<\/strong>, Der Galaxy M35 bietet eine au\u00dfergew\u00f6hnliche Bremskraft und Kontrolle, selbst bei nassen oder schlammigen Bedingungen. Der <em>Federgabel mit Alu-Krone und RL<\/em> absorbiert St\u00f6\u00dfe und sorgt so f\u00fcr eine sanftere Fahrt, w\u00e4hrend die <em>Kenda 27,5\u2033-Reifen<\/em> geben Ihnen den n\u00f6tigen Grip und das Vertrauen, um auf abwechslungsreichem Terrain zu fahren. Kombiniert mit Leichtmetallnaben und einer Prowheel Leichtmetallkurbel ist dieses Mountainbike f\u00fcr anspruchsvolle Fahrten gebaut und bleibt dabei leicht und langlebig.<\/p>\n<h3>Warum das Galaxy M35?<\/h3>\n<ul>\n<li><strong>27-Gang-System von Shimano<\/strong> - Sanfte Gangwechsel f\u00fcr jedes Gel\u00e4nde.<\/li>\n<li><strong>Hydraulische Scheibenbremsen<\/strong> - Zuverl\u00e4ssige Bremsleistung bei allen Wetterbedingungen.<\/li>\n<li><strong>27.5\u2033 Legierung Rahmen<\/strong> - Leicht und dennoch stabil, f\u00fcr lange Haltbarkeit gebaut.<\/li>\n<li><strong>Federgabel mit RL<\/strong> - Absorbiert St\u00f6\u00dfe f\u00fcr mehr Fahrkomfort.<\/li>\n<li><strong>Vertrauensw\u00fcrdige Komponenten<\/strong> - Kenda-Reifen, Prowheel-Kurbel und Leichtmetallnaben f\u00fcr Leistung und Langlebigkeit.<\/li>\n<\/ul>\n<h3>Spezifikationen<\/h3>\n<table border=\"1\" cellspacing=\"0\" cellpadding=\"6\">\n<tbody>\n<tr>\n<th>Merkmal<\/th>\n<th>Einzelheiten<\/th>\n<\/tr>\n<tr>\n<td>Geschwindigkeiten<\/td>\n<td>27 Geschwindigkeit<\/td>\n<\/tr>\n<tr>\n<td>Rahmen<\/td>\n<td>27,5\u2033\u00d717\u2033 Legierungsrahmen<\/td>\n<\/tr>\n<tr>\n<td>Gabel<\/td>\n<td>Alloy Crown Federgabel mit RL<\/td>\n<\/tr>\n<tr>\n<td>Getriebe<\/td>\n<td>Shimano FDTY500 Umwerfer \/ RDM370 Schaltwerk \/ LTWOO Shift<\/td>\n<\/tr>\n<tr>\n<td>Bremssystem<\/td>\n<td>Logan Hydraulische Scheibenbremsen<\/td>\n<\/tr>\n<tr>\n<td>Reifen<\/td>\n<td>Kenda K1187 27,5\u2033\u00d71,95\u2033-Reifen<\/td>\n<\/tr>\n<tr>\n<td>Drehkreuze<\/td>\n<td>Kassettennabe aus Aluminium<\/td>\n<\/tr>\n<tr>\n<td>Kettenrad<\/td>\n<td>Prowheel 22\/32\/42T Legierung Kurbel<\/td>\n<\/tr>\n<tr>\n<td>B.B. Satz<\/td>\n<td>Lager B.B. Satz<\/td>\n<\/tr>\n<\/tbody>\n<\/table>","protected":false},"excerpt":{"rendered":"<p>Erobern Sie Trails und Stadtstra\u00dfen mit dem Galaxy M35 Mountainbike f\u00fcr Erwachsene. Mit seinem leichten 27,5\u2033-Legierungsrahmen, der 27-Gang-Shimano-Schaltung und den zuverl\u00e4ssigen hydraulischen Scheibenbremsen ist dieses Bike perfekt f\u00fcr Fahrer, die sowohl Leistung als auch Komfort verlangen.<\/p>","protected":false},"featured_media":2668,"comment_status":"open","ping_status":"closed","template":"","meta":[],"product_brand":[34],"product_cat":[15],"product_tag":[],"class_list":{"0":"post-2667","1":"product","2":"type-product","3":"status-publish","4":"has-post-thumbnail","6":"product_brand-galaxy","7":"product_cat-galaxybicycle","9":"first","10":"instock","11":"shipping-taxable","12":"product-type-simple"},"_links":{"self":[{"href":"https:\/\/galaxybicycle.com\/de\/wp-json\/wp\/v2\/product\/2667","targetHints":{"allow":["GET"]}}],"collection":[{"href":"https:\/\/galaxybicycle.com\/de\/wp-json\/wp\/v2\/product"}],"about":[{"href":"https:\/\/galaxybicycle.com\/de\/wp-json\/wp\/v2\/types\/product"}],"replies":[{"embeddable":true,"href":"https:\/\/galaxybicycle.com\/de\/wp-json\/wp\/v2\/comments?post=2667"}],"wp:featuredmedia":[{"embeddable":true,"href":"https:\/\/galaxybicycle.com\/de\/wp-json\/wp\/v2\/media\/2668"}],"wp:attachment":[{"href":"https:\/\/galaxybicycle.com\/de\/wp-json\/wp\/v2\/media?parent=2667"}],"wp:term":[{"taxonomy":"product_brand","embeddable":true,"href":"https:\/\/galaxybicycle.com\/de\/wp-json\/wp\/v2\/product_brand?post=2667"},{"taxonomy":"product_cat","embeddable":true,"href":"https:\/\/galaxybicycle.com\/de\/wp-json\/wp\/v2\/product_cat?post=2667"},{"taxonomy":"product_tag","embeddable":true,"href":"https:\/\/galaxybicycle.com\/de\/wp-json\/wp\/v2\/product_tag?post=2667"}],"curies":[{"name":"wp","href":"https:\/\/api.w.org\/{rel}","templated":true}]}}