{"id":2657,"date":"2025-08-18T03:45:04","date_gmt":"2025-08-18T03:45:04","guid":{"rendered":"http:\/\/galaxybicycle.com\/?post_type=product&#038;p=2657"},"modified":"2025-09-02T10:03:13","modified_gmt":"2025-09-02T10:03:13","slug":"ms3","status":"publish","type":"product","link":"https:\/\/galaxybicycle.com\/de\/product\/ms3\/","title":{"rendered":"Galaxy MS3 Mountainbike f\u00fcr Erwachsene | 27 Gang Shimano mit hydraulischen Scheibenbremsen"},"content":{"rendered":"<p>Die <strong>Galaxy MS3 Erwachsenenfahrrad<\/strong> ist die perfekte Wahl f\u00fcr Fahrer, die sowohl Trails als auch Stadtstra\u00dfen mit Leichtigkeit erobern wollen. Mit seinem leichten und dennoch stabilen Leichtmetallrahmen bietet dieses Mountainbike Haltbarkeit, ohne Sie zu beschweren. Seine fortschrittliche <strong>Shimano 27-Gang-Schaltung<\/strong> erm\u00f6glicht ein sanftes Schalten auf unterschiedlichstem Terrain, egal ob Sie steile H\u00fcgel erklimmen oder auf flachen Wegen schnell unterwegs sind.<\/p>\n<p>Ausgestattet mit einem <strong>Federgabel mit HLO (Hydraulic Lockout)<\/strong>, Der MS3 bietet eine hervorragende Sto\u00dfd\u00e4mpfung auf rauen Trails und gleichzeitig die M\u00f6glichkeit, ihn f\u00fcr glattere Stra\u00dfen zu sperren. Sicherheit und Pr\u00e4zision sind garantiert mit <strong>Hydraulische Scheibenbremsen Shimano MT200<\/strong>, und bietet zuverl\u00e4ssige Bremskraft bei allen Wetterbedingungen. Die <strong>CST C-1747 26\u2033\u00d72.10\u2033-Reifen<\/strong> bieten exzellenten Grip und Stabilit\u00e4t, w\u00e4hrend die Joytech-Legierungsscheiben-Naben das Fahrverhalten insgesamt verbessern.<\/p>\n<p>Das elegante, komfortable und auf Leistung ausgelegte Galaxy MS3 ist ideal f\u00fcr Erwachsene, die gerne Outdoor-Abenteuer erleben, t\u00e4glich pendeln oder am Wochenende unterwegs sind. Mit Komponenten in Profiqualit\u00e4t und einem schlanken Design bietet dieses Fahrrad die perfekte Balance aus Zuverl\u00e4ssigkeit und Spa\u00df.<\/p>\n<h3>Spezifikationen:<\/h3>\n<table border=\"1\" cellspacing=\"0\" cellpadding=\"8\">\n<tbody>\n<tr>\n<th>Merkmal<\/th>\n<th>Einzelheiten<\/th>\n<\/tr>\n<tr>\n<td>Geschwindigkeiten<\/td>\n<td>27 Geschwindigkeit<\/td>\n<\/tr>\n<tr>\n<td>Rahmen<\/td>\n<td>26\u2033\u00d717\u2033-Legierungsrahmen<\/td>\n<\/tr>\n<tr>\n<td>Gabel<\/td>\n<td>Alloy Crown Federgabel mit HLO<\/td>\n<\/tr>\n<tr>\n<td>Getriebe<\/td>\n<td>Shimano SLM2000-Schalthebel \/ FDTY500-Umwerfer \/ RDM370-Schaltwerk<\/td>\n<\/tr>\n<tr>\n<td>Bremssystem<\/td>\n<td>Shimano MT200 Hydraulische Scheibenbremsen<\/td>\n<\/tr>\n<tr>\n<td>Reifen<\/td>\n<td>CST C-1747 26\u2033\u00d72.10\u2033-Reifen<\/td>\n<\/tr>\n<tr>\n<td>Drehkreuze<\/td>\n<td>Joytech Legierungsscheiben-Nabe<\/td>\n<\/tr>\n<tr>\n<td>Kettenrad<\/td>\n<td>Shimano 24\/34\/42T Alu-Kurbel<\/td>\n<\/tr>\n<tr>\n<td>B.B Satz<\/td>\n<td>Lager B.B Satz<\/td>\n<\/tr>\n<\/tbody>\n<\/table>","protected":false},"excerpt":{"rendered":"<p>Bringen Sie Ihre Fahrten auf die n\u00e4chste Stufe mit dem <em>Galaxy MS3 Mountainbike f\u00fcr Erwachsene<\/em>. Mit einem robusten 26\u2033\u00d717\u2033-Legierungsrahmen, einer leichtg\u00e4ngigen 27-Gang-Shimano-Schaltung und leistungsstarken hydraulischen Scheibenbremsen ist dieses Fahrrad f\u00fcr Abenteurer konzipiert, die Komfort, Kontrolle und Leistung verlangen.<\/p>","protected":false},"featured_media":2658,"comment_status":"open","ping_status":"closed","template":"","meta":[],"product_brand":[34],"product_cat":[15],"product_tag":[],"class_list":{"0":"post-2657","1":"product","2":"type-product","3":"status-publish","4":"has-post-thumbnail","6":"product_brand-galaxy","7":"product_cat-galaxybicycle","9":"first","10":"instock","11":"shipping-taxable","12":"product-type-simple"},"_links":{"self":[{"href":"https:\/\/galaxybicycle.com\/de\/wp-json\/wp\/v2\/product\/2657","targetHints":{"allow":["GET"]}}],"collection":[{"href":"https:\/\/galaxybicycle.com\/de\/wp-json\/wp\/v2\/product"}],"about":[{"href":"https:\/\/galaxybicycle.com\/de\/wp-json\/wp\/v2\/types\/product"}],"replies":[{"embeddable":true,"href":"https:\/\/galaxybicycle.com\/de\/wp-json\/wp\/v2\/comments?post=2657"}],"wp:featuredmedia":[{"embeddable":true,"href":"https:\/\/galaxybicycle.com\/de\/wp-json\/wp\/v2\/media\/2658"}],"wp:attachment":[{"href":"https:\/\/galaxybicycle.com\/de\/wp-json\/wp\/v2\/media?parent=2657"}],"wp:term":[{"taxonomy":"product_brand","embeddable":true,"href":"https:\/\/galaxybicycle.com\/de\/wp-json\/wp\/v2\/product_brand?post=2657"},{"taxonomy":"product_cat","embeddable":true,"href":"https:\/\/galaxybicycle.com\/de\/wp-json\/wp\/v2\/product_cat?post=2657"},{"taxonomy":"product_tag","embeddable":true,"href":"https:\/\/galaxybicycle.com\/de\/wp-json\/wp\/v2\/product_tag?post=2657"}],"curies":[{"name":"wp","href":"https:\/\/api.w.org\/{rel}","templated":true}]}}